{"id":14506,"date":"2021-10-26T18:30:02","date_gmt":"2021-10-26T16:30:02","guid":{"rendered":"https:\/\/www.bertoli.fr\/?post_type=product&#038;p=14506"},"modified":"2026-04-13T12:01:15","modified_gmt":"2026-04-13T10:01:15","slug":"filomuro-noir-mat","status":"publish","type":"product","link":"https:\/\/www.bertoli.fr\/en\/portes\/filomuro-noir-mat\/","title":{"rendered":"FILOMURO \u00e0 laquer"},"content":{"rendered":"[vc_row et_column_align=&#8221;align-center&#8221; css=&#8221;.vc_custom_1579132110345{padding-top: 30px !important;padding-bottom: 60px !important;}&#8221;][vc_column][vc_row_inner content_placement=&#8221;middle&#8221;][vc_column_inner offset=&#8221;vc_col-lg-4&#8243;][vc_column_text]\n<h5 class=\"fancy-title accent-color postline-large\">Design<\/h5>\n<h3>Au fil du mur &#8230;<\/h3>\n<p>cache-cache &#8230;<br \/>\nLa porte FILOMURO c&#8217;est la tendance ! \u00e0 voir sans \u00eatre vue &#8230;[\/vc_column_text][\/vc_column_inner][vc_column_inner offset=&#8221;vc_col-lg-offset-1 vc_col-lg-7&#8243;]\t<div class=\"et-image-151 et-image     et_image_link\">\n\t\t<div class=\"et-image-inner \">\n\t\t\t\t\t\t\t<div class=\"et-image-thumb \">\n\t\t\t\t\t<img loading=\"lazy\" decoding=\"async\" width=\"300\" height=\"367\" src=\"https:\/\/www.bertoli.fr\/wp-content\/uploads\/2022\/04\/filomuro-004-1-e1657038122104.jpg\" class=\"attachment-full\" alt=\"porte garofoli blanche sur mesure vu apr\u00e8s la pose\" title=\"Filomuro \u00e0 peindre\" srcset=\"https:\/\/www.bertoli.fr\/wp-content\/uploads\/2022\/04\/filomuro-004-1-e1657038122104.jpg 300w, https:\/\/www.bertoli.fr\/wp-content\/uploads\/2022\/04\/filomuro-004-1-e1657038122104-245x300.jpg 245w, https:\/\/www.bertoli.fr\/wp-content\/uploads\/2022\/04\/filomuro-004-1-e1657038122104-123x150.jpg 123w\" sizes=\"auto, (max-width: 300px) 100vw, 300px\" \/>\t\t\t\t<\/div>\n\t\t\t\t\t\t\t\t\t\t\t<\/div>\n\t<\/div>\n  [\/vc_column_inner][\/vc_row_inner][\/vc_column][\/vc_row][vc_row et_column_align=&#8221;align-center&#8221; css=&#8221;.vc_custom_1579132139891{padding-bottom: 60px !important;}&#8221;][vc_column][vc_row_inner content_placement=&#8221;middle&#8221;][vc_column_inner offset=&#8221;vc_col-lg-7&#8243;]\t<div class=\"et-image-283 et-image     et_image_link\">\n\t\t<div class=\"et-image-inner \">\n\t\t\t\t\t\t\t<div class=\"et-image-thumb \">\n\t\t\t\t\t<img loading=\"lazy\" decoding=\"async\" class=\"\" src=\"https:\/\/www.bertoli.fr\/wp-content\/uploads\/2022\/04\/filomuro-intonacata.png\" width=\"960\" height=\"600\" alt=\"porte filomuro intonacata\" title=\"porte filomuro\" \/>\t\t\t\t<\/div>\n\t\t\t\t\t\t\t\t\t\t\t<\/div>\n\t<\/div>\n  [\/vc_column_inner][vc_column_inner offset=&#8221;vc_col-lg-offset-1 vc_col-lg-4&#8243;][vc_column_text]\n<h5 class=\"fancy-title accent-color postline-large\">FILOMURO<\/h5>\n<h3>Large choix de mod\u00e8les et finitions<\/h3>\n<p>A peindre, \u00e0 tapisser, en massif, en verre, en finition laqu\u00e9e, m\u00e9lamin\u00e9e&#8230;<br \/>\nEpaisseur du vantail de 45 \u00e0 103mm..<br \/>\nJusqu&#8217;\u00e0 3500mm de hauteur !<br \/>\nSur charni\u00e8res invisibles ou pivots<br \/>\nCadre avec ou sans traverse haute pour des portes toute hauteur &#8230;[\/vc_column_text][\/vc_column_inner][\/vc_row_inner][\/vc_column][\/vc_row][vc_row][vc_column][vc_separator][\/vc_column][\/vc_row][vc_row et_column_align=&#8221;align-center&#8221; css=&#8221;.vc_custom_1579131817775{padding-top: 60px !important;padding-bottom: 60px !important;}&#8221;][vc_column][vc_row_inner et_column_align=&#8221;align-center&#8221;][vc_column_inner width=&#8221;2\/3&#8243; offset=&#8221;vc_col-lg-6&#8243;][vc_column_text]\n<h5 class=\"fancy-title accent-color postline-large\">Plinthe FILOMURO<\/h5>\n<h3>Indispensable pour parfaire votre d\u00e9coration design !<\/h3>\n<p>Une porte \u00e0 ras de mur, OUI ! mais les plinthes &#8230; ?<br \/>\nNous avons la solution adapt\u00e9e! <strong>la plinthe FILOMURO<\/strong>.<\/p>\n<p>Comme pour les cadres en aluminium des portes Filomuro \u00e0 faire poser lors du montage de vos cloisons, un support, devra \u00eatre fix\u00e9 dessous afin de recevoir, au moment des finitions int\u00e9rieures la plinthe FILOMURO.<\/p>\n<p>Align\u00e9e \u00e0 la porte, \u00e0 peindre ou en Ch\u00eane, avec ou sans LED&#8230;[\/vc_column_text]\t\t<div id=\"et-button-69f74336799eb\" class=\"et_btn_align_full \">\n\t\t\t<a href=\"https:\/\/www.bertoli.fr\/wp-content\/uploads\/2022\/07\/Garofoli-Plinthes-Filomuro.pdf\" class=\" et_btn button et_btn_md solid rounded color-  arrow-enabled \" target=\"_blank\" role=\"button\" title=\"\" ><span>Catalogue Plinthes FILOMURO<\/span><svg xmlns=\"http:\/\/www.w3.org\/2000\/svg\" xmlns:xlink=\"http:\/\/www.w3.org\/1999\/xlink\" x=\"0px\" y=\"0px\"\r\n\t width=\"30px\" height=\"18px\" viewBox=\"0 0 30 18\" enable-background=\"new 0 0 30 18\" xml:space=\"preserve\">\r\n<path class=\"handle\" d=\"M20.305,16.212c-0.407,0.409-0.407,1.071,0,1.479s1.068,0.408,1.476,0l7.914-7.952c0.408-0.409,0.408-1.071,0-1.481\r\n\tl-7.914-7.952c-0.407-0.409-1.068-0.409-1.476,0s-0.407,1.071,0,1.48l7.185,7.221L20.305,16.212z\"\/>\r\n<path class=\"bar\" fill-rule=\"evenodd\" clip-rule=\"evenodd\" d=\"M1,8h28.001c0.551,0,1,0.448,1,1c0,0.553-0.449,1-1,1H1c-0.553,0-1-0.447-1-1\r\n\tC0,8.448,0.447,8,1,8z\"\/>\r\n<\/svg>\r\n<\/a>\n\t\t<\/div>\n\t\t\n\t[\/vc_column_inner][vc_column_inner width=&#8221;1\/3&#8243;]\t<div class=\"et-image-244 et-image     et_image_link\">\n\t\t<div class=\"et-image-inner \">\n\t\t\t\t\t\t\t<div class=\"et-image-thumb \">\n\t\t\t\t\t<img loading=\"lazy\" decoding=\"async\" width=\"480\" height=\"300\" src=\"https:\/\/www.bertoli.fr\/wp-content\/uploads\/2021\/10\/Garofoli-plinthe-filomuro.jpg\" class=\"attachment-full\" alt=\"Garofoli plinthe filomuro mise en situation int\u00e9rieur\" title=\"Garofoli plinthe filomuro\" srcset=\"https:\/\/www.bertoli.fr\/wp-content\/uploads\/2021\/10\/Garofoli-plinthe-filomuro.jpg 480w, https:\/\/www.bertoli.fr\/wp-content\/uploads\/2021\/10\/Garofoli-plinthe-filomuro-300x188.jpg 300w, https:\/\/www.bertoli.fr\/wp-content\/uploads\/2021\/10\/Garofoli-plinthe-filomuro-150x94.jpg 150w\" sizes=\"auto, (max-width: 480px) 100vw, 480px\" \/>\t\t\t\t<\/div>\n\t\t\t\t\t\t\t\t\t\t\t<\/div>\n\t<\/div>\n  [\/vc_column_inner][\/vc_row_inner][\/vc_column][\/vc_row][vc_row][vc_column][vc_separator][\/vc_column][\/vc_row]\n","protected":false},"excerpt":{"rendered":"<p>Finition : laqu\u00e9e noir mat (porte vendue pr\u00eate \u00e0 peindre)<\/p>\n<p>Dimensions : jusqu&#8217;\u00e0 3500mm de hauteur, 1000mm de largeur en porte battante, 1200mm en porte coulissante.<br \/>\n<em>En version coulissante, nous pouvons vous proposez une offre compl\u00e8te avec le ch\u00e2ssis \u00e0 galandage, de fabrication Italienne \u00e9galement.<\/em><\/p>\n<p>&nbsp;<\/p>\n<p>&nbsp;<\/p>\n","protected":false},"featured_media":20160,"template":"","meta":[],"product_brand":[],"product_cat":[149,177],"product_tag":[],"class_list":{"0":"post-14506","1":"product","2":"type-product","3":"status-publish","4":"has-post-thumbnail","6":"product_cat-garofoli","7":"product_cat-portes-dinterieur","9":"first","10":"instock","11":"shipping-taxable","12":"purchasable","13":"product-type-simple"},"_links":{"self":[{"href":"https:\/\/www.bertoli.fr\/en\/wp-json\/wp\/v2\/product\/14506","targetHints":{"allow":["GET"]}}],"collection":[{"href":"https:\/\/www.bertoli.fr\/en\/wp-json\/wp\/v2\/product"}],"about":[{"href":"https:\/\/www.bertoli.fr\/en\/wp-json\/wp\/v2\/types\/product"}],"wp:featuredmedia":[{"embeddable":true,"href":"https:\/\/www.bertoli.fr\/en\/wp-json\/wp\/v2\/media\/20160"}],"wp:attachment":[{"href":"https:\/\/www.bertoli.fr\/en\/wp-json\/wp\/v2\/media?parent=14506"}],"wp:term":[{"taxonomy":"product_brand","embeddable":true,"href":"https:\/\/www.bertoli.fr\/en\/wp-json\/wp\/v2\/product_brand?post=14506"},{"taxonomy":"product_cat","embeddable":true,"href":"https:\/\/www.bertoli.fr\/en\/wp-json\/wp\/v2\/product_cat?post=14506"},{"taxonomy":"product_tag","embeddable":true,"href":"https:\/\/www.bertoli.fr\/en\/wp-json\/wp\/v2\/product_tag?post=14506"}],"curies":[{"name":"wp","href":"https:\/\/api.w.org\/{rel}","templated":true}]}}