{"id":14513,"date":"2021-10-26T19:13:00","date_gmt":"2021-10-26T17:13:00","guid":{"rendered":"https:\/\/www.bertoli.fr\/?post_type=product&#038;p=14513"},"modified":"2026-04-13T12:01:11","modified_gmt":"2026-04-13T10:01:11","slug":"porte-contemporaine-noa1l","status":"publish","type":"product","link":"https:\/\/www.bertoli.fr\/en\/portes\/porte-contemporaine-noa1l\/","title":{"rendered":"NOA 1L"},"content":{"rendered":"[vc_row et_column_align=&#8221;align-center&#8221; css=&#8221;.vc_custom_1579132110345{padding-top: 30px !important;padding-bottom: 60px !important;}&#8221;][vc_column][vc_row_inner content_placement=&#8221;middle&#8221;][vc_column_inner offset=&#8221;vc_col-lg-4&#8243;][vc_column_text]\n<h5 class=\"fancy-title accent-color postline-large\">Nouvelle Collection CLIMB<\/h5>\n<p><strong>Des mod\u00e8les actuels \u00e0 d\u00e9couvrir sans attendre !<\/strong><br \/>\n<em>Depuis 1968, GAROFOLI, fabricant de portes Italiennes, con\u00e7oit et fabrique des portes d&#8217;int\u00e9rieur Contemporaines de qualit\u00e9.<\/em>[\/vc_column_text][\/vc_column_inner][vc_column_inner offset=&#8221;vc_col-lg-offset-1 vc_col-lg-7&#8243;]\t<div class=\"et-image-350 et-image     et_image_link\">\n\t\t<div class=\"et-image-inner \">\n\t\t\t\t\t\t\t<div class=\"et-image-thumb \">\n\t\t\t\t\t<img loading=\"lazy\" decoding=\"async\" class=\"\" src=\"https:\/\/www.bertoli.fr\/wp-content\/uploads\/2021\/10\/porteNOA1Lclimbbertoligarofolinoyertactile-copie-238x238.jpg\" width=\"238\" height=\"238\" alt=\"porte NOA 1L climb bertoli garofoli noyer tactile\" title=\"\" \/>\t\t\t\t<\/div>\n\t\t\t\t\t\t\t\t\t\t\t<\/div>\n\t<\/div>\n  [\/vc_column_inner][\/vc_row_inner][\/vc_column][\/vc_row][vc_row et_column_align=&#8221;align-center&#8221; css=&#8221;.vc_custom_1579132139891{padding-bottom: 60px !important;}&#8221;][vc_column][vc_row_inner content_placement=&#8221;middle&#8221;][vc_column_inner offset=&#8221;vc_col-lg-7&#8243;]\t<div class=\"et-image-974 et-image     et_image_link\">\n\t\t<div class=\"et-image-inner \">\n\t\t\t\t\t\t\t<div class=\"et-image-thumb \">\n\t\t\t\t\t<img loading=\"lazy\" decoding=\"async\" class=\"\" src=\"https:\/\/www.bertoli.fr\/wp-content\/uploads\/2021\/10\/finitionsclimb1-copie.jpg\" width=\"983\" height=\"600\" alt=\"finitions climb\" title=\"\" \/>\t\t\t\t<\/div>\n\t\t\t\t\t\t\t\t\t\t\t<\/div>\n\t<\/div>\n  [\/vc_column_inner][vc_column_inner offset=&#8221;vc_col-lg-offset-1 vc_col-lg-4&#8243;][vc_column_text]\n<h5 class=\"fancy-title accent-color postline-large\">Choix des finitions<\/h5>\n<p>Des couleurs tendances pour une int\u00e9rieur pas comme les autres &#8230;[\/vc_column_text][\/vc_column_inner][\/vc_row_inner][\/vc_column][\/vc_row][vc_row][vc_column][vc_empty_space][\/vc_column][\/vc_row][vc_row et_column_align=&#8221;align-center&#8221; css=&#8221;.vc_custom_1579131817775{padding-top: 60px !important;padding-bottom: 60px !important;}&#8221;][vc_column][vc_row_inner et_column_align=&#8221;align-center&#8221;][vc_column_inner offset=&#8221;vc_col-lg-6&#8243;][vc_column_text]\n<h5 class=\"fancy-title accent-color postline-large\">CLIMB<\/h5>\n<p>La collection CLIMB de la gamme GIDEA, s&#8217;inscrit dans la tendance en vous proposant des mod\u00e8les simples, des finitions actuelles avec l&#8217;effet &#8220;Claustra&#8221; &#8230;<br \/>\nun large choix de mod\u00e8les pour vous s\u00e9duire ![\/vc_column_text]\t\t<div id=\"et-button-69ddfa5a4d86b\" class=\"et_btn_align_center \">\n\t\t\t<a href=\"https:\/\/www.bertoli.fr\/wp-content\/uploads\/2025\/10\/GIDEA-Collection-CLIMB-2.pdf\" class=\" et_btn button et_btn_md solid color-  arrow-enabled \" target=\"_blank\" role=\"button\" title=\"\" ><span>D\u00e9couvrez la collection CLIMB<\/span><svg xmlns=\"http:\/\/www.w3.org\/2000\/svg\" xmlns:xlink=\"http:\/\/www.w3.org\/1999\/xlink\" x=\"0px\" y=\"0px\"\r\n\t width=\"30px\" height=\"18px\" viewBox=\"0 0 30 18\" enable-background=\"new 0 0 30 18\" xml:space=\"preserve\">\r\n<path class=\"handle\" d=\"M20.305,16.212c-0.407,0.409-0.407,1.071,0,1.479s1.068,0.408,1.476,0l7.914-7.952c0.408-0.409,0.408-1.071,0-1.481\r\n\tl-7.914-7.952c-0.407-0.409-1.068-0.409-1.476,0s-0.407,1.071,0,1.48l7.185,7.221L20.305,16.212z\"\/>\r\n<path class=\"bar\" fill-rule=\"evenodd\" clip-rule=\"evenodd\" d=\"M1,8h28.001c0.551,0,1,0.448,1,1c0,0.553-0.449,1-1,1H1c-0.553,0-1-0.447-1-1\r\n\tC0,8.448,0.447,8,1,8z\"\/>\r\n<\/svg>\r\n<\/a>\n\t\t<\/div>\n\t\t\n\t[\/vc_column_inner][\/vc_row_inner][\/vc_column][\/vc_row][vc_row][vc_column][vc_empty_space][vc_separator][\/vc_column][\/vc_row]\n","protected":false},"excerpt":{"rendered":"<p>Porte d&#8217;int\u00e9rieur battante ou coulissante<\/p>\n<p>Finition NOYER TACTILE,\u00a0 Cadre, chambranles et contre-chambranles en Noir Profond<\/p>\n<h5 class=\"fancy-title accent-color postline-large\">Mod\u00e8le visible dans notre show-room<\/h5>\n","protected":false},"featured_media":20180,"template":"","meta":[],"product_brand":[],"product_cat":[149,177],"product_tag":[],"class_list":{"0":"post-14513","1":"product","2":"type-product","3":"status-publish","4":"has-post-thumbnail","6":"product_cat-garofoli","7":"product_cat-portes-dinterieur","9":"first","10":"instock","11":"shipping-taxable","12":"purchasable","13":"product-type-simple"},"_links":{"self":[{"href":"https:\/\/www.bertoli.fr\/en\/wp-json\/wp\/v2\/product\/14513","targetHints":{"allow":["GET"]}}],"collection":[{"href":"https:\/\/www.bertoli.fr\/en\/wp-json\/wp\/v2\/product"}],"about":[{"href":"https:\/\/www.bertoli.fr\/en\/wp-json\/wp\/v2\/types\/product"}],"wp:featuredmedia":[{"embeddable":true,"href":"https:\/\/www.bertoli.fr\/en\/wp-json\/wp\/v2\/media\/20180"}],"wp:attachment":[{"href":"https:\/\/www.bertoli.fr\/en\/wp-json\/wp\/v2\/media?parent=14513"}],"wp:term":[{"taxonomy":"product_brand","embeddable":true,"href":"https:\/\/www.bertoli.fr\/en\/wp-json\/wp\/v2\/product_brand?post=14513"},{"taxonomy":"product_cat","embeddable":true,"href":"https:\/\/www.bertoli.fr\/en\/wp-json\/wp\/v2\/product_cat?post=14513"},{"taxonomy":"product_tag","embeddable":true,"href":"https:\/\/www.bertoli.fr\/en\/wp-json\/wp\/v2\/product_tag?post=14513"}],"curies":[{"name":"wp","href":"https:\/\/api.w.org\/{rel}","templated":true}]}}