{"id":18279,"date":"2022-07-12T16:31:21","date_gmt":"2022-07-12T14:31:21","guid":{"rendered":"https:\/\/www.bertoli.fr\/?post_type=product&#038;p=18279"},"modified":"2026-04-13T11:58:28","modified_gmt":"2026-04-13T09:58:28","slug":"juno","status":"publish","type":"product","link":"https:\/\/www.bertoli.fr\/en\/portes\/juno\/","title":{"rendered":"JUNO"},"content":{"rendered":"[vc_row et_column_align=&#8221;align-center&#8221; css=&#8221;.vc_custom_1579132110345{padding-top: 30px !important;padding-bottom: 60px !important;}&#8221;][vc_column][vc_row_inner content_placement=&#8221;middle&#8221;][vc_column_inner offset=&#8221;vc_col-lg-4&#8243;][vc_column_text]\n<h5 class=\"fancy-title accent-color postline-large\">Design<\/h5>\n<h3>by Alessandro Dubini<\/h3>\n<p><strong>Un concept n\u00e9 de la volont\u00e9 d\u2019utiliser un mat\u00e9riel non conventionnel : le b\u00e9ton.<\/strong><br \/>\nLa production presque ancestrale rappelle la technique de forgeage avec des moules et de coulage d\u2019un corps solide. Le r\u00e9sultat esth\u00e9tique final est \u00ab Junon \u00bb, c\u2019est le nom choisi pour la nouvelle poign\u00e9e, elle a un grand impact visuel, mais en m\u00eame temps le design est tr\u00e8s \u00e9pur\u00e9 et minimaliste.<br \/>\n<strong>PRIX du GOOD DESIGN AWARD<\/strong>[\/vc_column_text][\/vc_column_inner][vc_column_inner offset=&#8221;vc_col-lg-offset-1 vc_col-lg-7&#8243;]\t<div class=\"et-image-428 et-image  full   et_image_link\">\n\t\t<div class=\"et-image-inner \">\n\t\t\t\t\t\t\t<div class=\"et-image-thumb \">\n\t\t\t\t\t<img loading=\"lazy\" decoding=\"async\" width=\"470\" height=\"113\" src=\"https:\/\/www.bertoli.fr\/wp-content\/uploads\/2022\/07\/mandelliLogo-e1657787481311.png\" class=\"attachment-full\" alt=\"mandelliLogo\" title=\"mandelliLogo\" \/>\t\t\t\t<\/div>\n\t\t\t\t\t\t\t\t\t\t\t<\/div>\n\t<\/div>\n  \t<div class=\"et-image-51 et-image  full   et_image_link\">\n\t\t<div class=\"et-image-inner \">\n\t\t\t\t\t\t\t<div class=\"et-image-thumb \">\n\t\t\t\t\t<img loading=\"lazy\" decoding=\"async\" width=\"1024\" height=\"1024\" src=\"https:\/\/www.bertoli.fr\/wp-content\/uploads\/2022\/07\/M_atelier_cemento-1024x1024-2-e1657786064504.jpg\" class=\"attachment-full\" alt=\"atelier_cemento\" title=\"M_atelier_cemento-1024x1024\" \/>\t\t\t\t<\/div>\n\t\t\t\t\t\t\t\t\t\t\t<\/div>\n\t<\/div>\n  [\/vc_column_inner][\/vc_row_inner][\/vc_column][\/vc_row][vc_row][vc_column]\t<div class=\"et-image-424 et-image alignright full   et_image_link\">\n\t\t<div class=\"et-image-inner \">\n\t\t\t\t\t\t\t<div class=\"et-image-thumb \">\n\t\t\t\t\t<img loading=\"lazy\" decoding=\"async\" width=\"450\" height=\"225\" src=\"https:\/\/www.bertoli.fr\/wp-content\/uploads\/2022\/07\/mandelli_banner-1.jpg\" class=\"attachment-full\" alt=\"mandelli_banner\" title=\"mandelli_banner\" srcset=\"https:\/\/www.bertoli.fr\/wp-content\/uploads\/2022\/07\/mandelli_banner-1.jpg 450w, https:\/\/www.bertoli.fr\/wp-content\/uploads\/2022\/07\/mandelli_banner-1-300x150.jpg 300w, https:\/\/www.bertoli.fr\/wp-content\/uploads\/2022\/07\/mandelli_banner-1-150x75.jpg 150w\" sizes=\"auto, (max-width: 450px) 100vw, 450px\" \/>\t\t\t\t<\/div>\n\t\t\t\t\t\t\t\t\t\t\t<\/div>\n\t<\/div>\n  [\/vc_column][\/vc_row][vc_row][vc_column][vc_empty_space]\t\t<div id=\"et-button-69f47c3092ff0\" class=\"et_btn_align_center \">\n\t\t\t<a href=\"https:\/\/www.bertoli.fr\/wp-content\/uploads\/2025\/11\/Mandelli1953-Catalogo-2021-2022-NW.pdf\" class=\" et_btn button et_btn_md solid color-   \" target=\"_blank\" role=\"button\" title=\"\" ><span>D\u00e9couvrez la Collection MANDELLI<\/span><\/a>\n\t\t<\/div>\n\t\t\n\t[\/vc_column][\/vc_row][vc_row][vc_column][vc_empty_space][vc_separator][\/vc_column][\/vc_row]\n","protected":false},"excerpt":{"rendered":"<p>du b\u00e9ton ! &#8230;.<\/p>\n<p>5 coloris au choix\u00a0 \u00a0Blush, Dove, Sand, Graphite et Ash<br \/>\nLongueur b\u00e9quille : 140mm<br \/>\nDiam\u00e8tre rosace :\u00a0 \u00a0 \u00a0 51mm<\/p>\n","protected":false},"featured_media":12344,"template":"","meta":[],"product_brand":[],"product_cat":[178,154],"product_tag":[],"class_list":{"0":"post-18279","1":"product","2":"type-product","3":"status-publish","4":"has-post-thumbnail","6":"product_cat-accessoires","7":"product_cat-accessoires-design","9":"first","10":"instock","11":"shipping-taxable","12":"purchasable","13":"product-type-variable"},"_links":{"self":[{"href":"https:\/\/www.bertoli.fr\/en\/wp-json\/wp\/v2\/product\/18279","targetHints":{"allow":["GET"]}}],"collection":[{"href":"https:\/\/www.bertoli.fr\/en\/wp-json\/wp\/v2\/product"}],"about":[{"href":"https:\/\/www.bertoli.fr\/en\/wp-json\/wp\/v2\/types\/product"}],"wp:featuredmedia":[{"embeddable":true,"href":"https:\/\/www.bertoli.fr\/en\/wp-json\/wp\/v2\/media\/12344"}],"wp:attachment":[{"href":"https:\/\/www.bertoli.fr\/en\/wp-json\/wp\/v2\/media?parent=18279"}],"wp:term":[{"taxonomy":"product_brand","embeddable":true,"href":"https:\/\/www.bertoli.fr\/en\/wp-json\/wp\/v2\/product_brand?post=18279"},{"taxonomy":"product_cat","embeddable":true,"href":"https:\/\/www.bertoli.fr\/en\/wp-json\/wp\/v2\/product_cat?post=18279"},{"taxonomy":"product_tag","embeddable":true,"href":"https:\/\/www.bertoli.fr\/en\/wp-json\/wp\/v2\/product_tag?post=18279"}],"curies":[{"name":"wp","href":"https:\/\/api.w.org\/{rel}","templated":true}]}}