{"id":18300,"date":"2022-07-12T18:36:15","date_gmt":"2022-07-12T16:36:15","guid":{"rendered":"https:\/\/www.bertoli.fr\/?post_type=product&#038;p=18300"},"modified":"2026-04-13T11:58:28","modified_gmt":"2026-04-13T09:58:28","slug":"twee-2","status":"publish","type":"product","link":"https:\/\/www.bertoli.fr\/en\/portes\/twee-2\/","title":{"rendered":"TWEE"},"content":{"rendered":"[vc_row et_column_align=&#8221;align-center&#8221; css=&#8221;.vc_custom_1579132110345{padding-top: 30px !important;padding-bottom: 60px !important;}&#8221;][vc_column][vc_row_inner content_placement=&#8221;middle&#8221;][vc_column_inner offset=&#8221;vc_col-lg-4&#8243;][vc_column_text]\n<h5 class=\"fancy-title accent-color postline-large\">Design<\/h5>\n<h3>by Massimo Cavana<\/h3>\n<p><em>&#8220;Le design est une recherche sans fin et dynamique d&#8217;une perfection relative&#8221;.<\/em><br \/>\n<strong>TWEE LA POIGN\u00c9E QUI MARQUERA LES ESPRITS !<\/strong><\/p>\n<p>Une poign\u00e9e irr\u00e9guli\u00e8re avec diff\u00e9rents profils.<\/p>\n<p>Outre un fort caract\u00e8re, cette poign\u00e9e a une prise en main ergonomique, qui contraste avec son image angulaire et multiforme.<\/p>\n<p>TWEE est disponible en finition or satin\u00e9 ou poli et chrome satin\u00e9 ou poli.[\/vc_column_text]\t\t<div id=\"et-button-69f2a26260ee8\" class=\"et_btn_align_left \">\n\t\t\t<a href=\"https:\/\/www.bertoli.fr\/wp-content\/uploads\/2025\/11\/Mandelli1953-Catalogo-2021-2022-NW.pdf\" class=\" et_btn button et_btn_md solid color-   \" target=\"_blank\" role=\"button\" title=\"\" ><span>D\u00e9couvrez la Collection MANDELLI<\/span><\/a>\n\t\t<\/div>\n\t\t\n\t[\/vc_column_inner][vc_column_inner offset=&#8221;vc_col-lg-offset-1 vc_col-lg-7&#8243;]\t<div class=\"et-image-819 et-image     et_image_link\">\n\t\t<div class=\"et-image-inner \">\n\t\t\t\t\t\t\t<div class=\"et-image-thumb \">\n\t\t\t\t\t<img loading=\"lazy\" decoding=\"async\" width=\"470\" height=\"113\" src=\"https:\/\/www.bertoli.fr\/wp-content\/uploads\/2022\/07\/mandelliLogo-e1657787481311.png\" class=\"attachment-full\" alt=\"mandelliLogo\" title=\"mandelliLogo\" \/>\t\t\t\t<\/div>\n\t\t\t\t\t\t\t\t\t\t\t<\/div>\n\t<\/div>\n  \t<div class=\"et-image-973 et-image aligncenter full   et_image_link\">\n\t\t<div class=\"et-image-inner \">\n\t\t\t\t\t\t\t<div class=\"et-image-thumb \">\n\t\t\t\t\t<img loading=\"lazy\" decoding=\"async\" width=\"620\" height=\"390\" src=\"https:\/\/www.bertoli.fr\/wp-content\/uploads\/2022\/07\/TWEE.jpg\" class=\"attachment-full\" alt=\"poign\u00e9e TWEE\" title=\"TWEE\" srcset=\"https:\/\/www.bertoli.fr\/wp-content\/uploads\/2022\/07\/TWEE.jpg 620w, https:\/\/www.bertoli.fr\/wp-content\/uploads\/2022\/07\/TWEE-300x189.jpg 300w, https:\/\/www.bertoli.fr\/wp-content\/uploads\/2022\/07\/TWEE-150x94.jpg 150w\" sizes=\"auto, (max-width: 620px) 100vw, 620px\" \/>\t\t\t\t<\/div>\n\t\t\t\t\t\t\t\t\t\t\t<\/div>\n\t<\/div>\n  [vc_empty_space]\t<div class=\"et-image-29 et-image     et_image_link\">\n\t\t<div class=\"et-image-inner \">\n\t\t\t\t\t\t\t<div class=\"et-image-thumb \">\n\t\t\t\t\t<img loading=\"lazy\" decoding=\"async\" width=\"275\" height=\"183\" src=\"https:\/\/www.bertoli.fr\/wp-content\/uploads\/2022\/07\/TWEE.jpeg\" class=\"attachment-full\" alt=\"TWEE poign\u00e9e grise\" title=\"TWEE\" srcset=\"https:\/\/www.bertoli.fr\/wp-content\/uploads\/2022\/07\/TWEE.jpeg 275w, https:\/\/www.bertoli.fr\/wp-content\/uploads\/2022\/07\/TWEE-150x100.jpeg 150w\" sizes=\"auto, (max-width: 275px) 100vw, 275px\" \/>\t\t\t\t<\/div>\n\t\t\t\t\t\t\t\t\t\t\t<\/div>\n\t<\/div>\n  [\/vc_column_inner][\/vc_row_inner][\/vc_column][\/vc_row][vc_row][vc_column][vc_empty_space][vc_separator][\/vc_column][\/vc_row]\n","protected":false},"excerpt":{"rendered":"<p>Le design \u00e0 l&#8217;\u00e9tat pur&#8230;<\/p>\n<p>5 finitions au choix<br \/>\nLongueur b\u00e9quille : 152mm<br \/>\nDiam\u00e8tre rosace :\u00a0 \u00a0 \u00a0 50mm<\/p>\n","protected":false},"featured_media":12339,"template":"","meta":[],"product_brand":[],"product_cat":[178,154],"product_tag":[],"class_list":{"0":"post-18300","1":"product","2":"type-product","3":"status-publish","4":"has-post-thumbnail","6":"product_cat-accessoires","7":"product_cat-accessoires-design","9":"first","10":"instock","11":"shipping-taxable","12":"purchasable","13":"product-type-variable"},"_links":{"self":[{"href":"https:\/\/www.bertoli.fr\/en\/wp-json\/wp\/v2\/product\/18300","targetHints":{"allow":["GET"]}}],"collection":[{"href":"https:\/\/www.bertoli.fr\/en\/wp-json\/wp\/v2\/product"}],"about":[{"href":"https:\/\/www.bertoli.fr\/en\/wp-json\/wp\/v2\/types\/product"}],"wp:featuredmedia":[{"embeddable":true,"href":"https:\/\/www.bertoli.fr\/en\/wp-json\/wp\/v2\/media\/12339"}],"wp:attachment":[{"href":"https:\/\/www.bertoli.fr\/en\/wp-json\/wp\/v2\/media?parent=18300"}],"wp:term":[{"taxonomy":"product_brand","embeddable":true,"href":"https:\/\/www.bertoli.fr\/en\/wp-json\/wp\/v2\/product_brand?post=18300"},{"taxonomy":"product_cat","embeddable":true,"href":"https:\/\/www.bertoli.fr\/en\/wp-json\/wp\/v2\/product_cat?post=18300"},{"taxonomy":"product_tag","embeddable":true,"href":"https:\/\/www.bertoli.fr\/en\/wp-json\/wp\/v2\/product_tag?post=18300"}],"curies":[{"name":"wp","href":"https:\/\/api.w.org\/{rel}","templated":true}]}}