{"id":18442,"date":"2022-07-15T12:07:03","date_gmt":"2022-07-15T10:07:03","guid":{"rendered":"https:\/\/www.bertoli.fr\/?post_type=product&#038;p=18442"},"modified":"2026-04-13T11:58:27","modified_gmt":"2026-04-13T09:58:27","slug":"coco-poignee-portehaussmanniennebertoli","status":"publish","type":"product","link":"https:\/\/www.bertoli.fr\/en\/portes\/coco-poignee-portehaussmanniennebertoli\/","title":{"rendered":"COCO"},"content":{"rendered":"[vc_row et_column_align=&#8221;align-center&#8221; css=&#8221;.vc_custom_1579132110345{padding-top: 30px !important;padding-bottom: 60px !important;}&#8221;][vc_column][vc_row_inner content_placement=&#8221;middle&#8221;][vc_column_inner offset=&#8221;vc_col-lg-4&#8243;][vc_column_text]\n<h5 class=\"fancy-title accent-color postline-large\">Design<\/h5>\n<h3>Mod\u00e8le original con\u00e7u par MANDELLI 1953<\/h3>\n<p>Coul\u00e9, moul\u00e9 et usin\u00e9 enti\u00e8rement en Italie \u00e0 partir de lingots de laiton massif provenant de fonderies italiennes.[\/vc_column_text]\t\t<div id=\"et-button-69f75f39d1629\" class=\"et_btn_align_left \">\n\t\t\t<a href=\"https:\/\/www.bertoli.fr\/wp-content\/uploads\/2022\/07\/Mandelli1953-Catalogo-2021-2022-NW.pdf\" class=\" et_btn button et_btn_md solid color-   \" target=\"_blank\" role=\"button\" title=\"\" ><span>D\u00e9couvrez la Collection MANDELLI<\/span><\/a>\n\t\t<\/div>\n\t\t\n\t[\/vc_column_inner][vc_column_inner offset=&#8221;vc_col-lg-offset-1 vc_col-lg-7&#8243;][vc_empty_space]\t<div class=\"et-image-659 et-image aligncenter    et_image_link\">\n\t\t<div class=\"et-image-inner \">\n\t\t\t\t\t\t\t<div class=\"et-image-thumb \">\n\t\t\t\t\t<img loading=\"lazy\" decoding=\"async\" width=\"500\" height=\"500\" src=\"https:\/\/www.bertoli.fr\/wp-content\/uploads\/2022\/07\/COCO-bertoli.jpg\" class=\"attachment-full\" alt=\"COCO bertoli mis en situation\" title=\"COCO bertoli\" srcset=\"https:\/\/www.bertoli.fr\/wp-content\/uploads\/2022\/07\/COCO-bertoli.jpg 500w, https:\/\/www.bertoli.fr\/wp-content\/uploads\/2022\/07\/COCO-bertoli-300x300.jpg 300w, https:\/\/www.bertoli.fr\/wp-content\/uploads\/2022\/07\/COCO-bertoli-150x150.jpg 150w, https:\/\/www.bertoli.fr\/wp-content\/uploads\/2022\/07\/COCO-bertoli-100x100.jpg 100w, https:\/\/www.bertoli.fr\/wp-content\/uploads\/2022\/07\/COCO-bertoli-50x50.jpg 50w\" sizes=\"auto, (max-width: 500px) 100vw, 500px\" \/>\t\t\t\t<\/div>\n\t\t\t\t\t\t\t\t\t\t\t<\/div>\n\t<\/div>\n  [\/vc_column_inner][\/vc_row_inner][\/vc_column][\/vc_row][vc_row][vc_column][\/vc_column][\/vc_row][vc_row][vc_column width=&#8221;1\/2&#8243;]\t<div class=\"et-image-280 et-image     et_image_link\">\n\t\t<div class=\"et-image-inner \">\n\t\t\t\t\t\t\t<div class=\"et-image-thumb \">\n\t\t\t\t\t<img loading=\"lazy\" decoding=\"async\" width=\"650\" height=\"800\" src=\"https:\/\/www.bertoli.fr\/wp-content\/uploads\/2022\/07\/COCO-sur-porte-Haussmannienne-BERTOLI.jpg\" class=\"attachment-full\" alt=\"\" title=\"COCO sur porte Haussmannienne BERTOLI\" srcset=\"https:\/\/www.bertoli.fr\/wp-content\/uploads\/2022\/07\/COCO-sur-porte-Haussmannienne-BERTOLI.jpg 650w, https:\/\/www.bertoli.fr\/wp-content\/uploads\/2022\/07\/COCO-sur-porte-Haussmannienne-BERTOLI-244x300.jpg 244w, https:\/\/www.bertoli.fr\/wp-content\/uploads\/2022\/07\/COCO-sur-porte-Haussmannienne-BERTOLI-122x150.jpg 122w\" sizes=\"auto, (max-width: 650px) 100vw, 650px\" \/>\t\t\t\t<\/div>\n\t\t\t\t\t\t\t\t\t\t\t<\/div>\n\t<\/div>\n  [\/vc_column][vc_column width=&#8221;1\/2&#8243;]\t<div class=\"et-image-792 et-image     et_image_link\">\n\t\t<div class=\"et-image-inner \">\n\t\t\t\t\t\t\t<div class=\"et-image-thumb \">\n\t\t\t\t\t<img loading=\"lazy\" decoding=\"async\" width=\"650\" height=\"800\" src=\"https:\/\/www.bertoli.fr\/wp-content\/uploads\/2022\/07\/Poignee-COCO-sur-porte-Haussmannienne-BERTOLI.jpg\" class=\"attachment-full\" alt=\"\" title=\"Poign\u00e9e COCO sur porte Haussmannienne BERTOLI\" srcset=\"https:\/\/www.bertoli.fr\/wp-content\/uploads\/2022\/07\/Poignee-COCO-sur-porte-Haussmannienne-BERTOLI.jpg 650w, https:\/\/www.bertoli.fr\/wp-content\/uploads\/2022\/07\/Poignee-COCO-sur-porte-Haussmannienne-BERTOLI-244x300.jpg 244w, https:\/\/www.bertoli.fr\/wp-content\/uploads\/2022\/07\/Poignee-COCO-sur-porte-Haussmannienne-BERTOLI-122x150.jpg 122w\" sizes=\"auto, (max-width: 650px) 100vw, 650px\" \/>\t\t\t\t<\/div>\n\t\t\t\t\t\t\t\t\t\t\t<\/div>\n\t<\/div>\n  [\/vc_column][\/vc_row][vc_row][vc_column][\/vc_column][\/vc_row]\n","protected":false},"excerpt":{"rendered":"<p>La poign\u00e9e HAUTE couture &#8230; id\u00e9ale pour porte Haussmannienne<\/p>\n<p>4\u00a0 finitions au choix<br \/>\nLongueur b\u00e9quille : 127mm<br \/>\nDiam\u00e8tre rosace :\u00a0 \u00a0 \u00a0 50mm<\/p>\n","protected":false},"featured_media":18452,"template":"","meta":[],"product_brand":[],"product_cat":[178,155],"product_tag":[],"class_list":{"0":"post-18442","1":"product","2":"type-product","3":"status-publish","4":"has-post-thumbnail","6":"product_cat-accessoires","7":"product_cat-accessoires-de-style","9":"first","10":"instock","11":"shipping-taxable","12":"purchasable","13":"product-type-variable"},"_links":{"self":[{"href":"https:\/\/www.bertoli.fr\/en\/wp-json\/wp\/v2\/product\/18442","targetHints":{"allow":["GET"]}}],"collection":[{"href":"https:\/\/www.bertoli.fr\/en\/wp-json\/wp\/v2\/product"}],"about":[{"href":"https:\/\/www.bertoli.fr\/en\/wp-json\/wp\/v2\/types\/product"}],"wp:featuredmedia":[{"embeddable":true,"href":"https:\/\/www.bertoli.fr\/en\/wp-json\/wp\/v2\/media\/18452"}],"wp:attachment":[{"href":"https:\/\/www.bertoli.fr\/en\/wp-json\/wp\/v2\/media?parent=18442"}],"wp:term":[{"taxonomy":"product_brand","embeddable":true,"href":"https:\/\/www.bertoli.fr\/en\/wp-json\/wp\/v2\/product_brand?post=18442"},{"taxonomy":"product_cat","embeddable":true,"href":"https:\/\/www.bertoli.fr\/en\/wp-json\/wp\/v2\/product_cat?post=18442"},{"taxonomy":"product_tag","embeddable":true,"href":"https:\/\/www.bertoli.fr\/en\/wp-json\/wp\/v2\/product_tag?post=18442"}],"curies":[{"name":"wp","href":"https:\/\/api.w.org\/{rel}","templated":true}]}}