{"id":18919,"date":"2022-08-01T14:21:46","date_gmt":"2022-08-01T12:21:46","guid":{"rendered":"https:\/\/www.bertoli.fr\/?post_type=product&#038;p=18919"},"modified":"2026-04-13T12:00:45","modified_gmt":"2026-04-13T10:00:45","slug":"grandbois-copie","status":"publish","type":"product","link":"https:\/\/www.bertoli.fr\/en\/portes\/grandbois-copie\/","title":{"rendered":"GRAND&#8217;BOIS"},"content":{"rendered":"[vc_row et_column_align=\u201dalign-center\u201d css=\u201d.vc_custom_1579132110345{padding-top: 30px !important;padding-bottom: 60px !important;}\u201d][vc_column][vc_row_inner content_placement=\u201dmiddle\u201d][vc_column_inner offset=\u201dvc_col-lg-4\u2033][vc_column_text]\n<h5 class=\"fancy-title accent-color postline-large\">BERTOLI Design<\/h5>\n<p><strong>GRAND\u2019BOIS<\/strong><br \/>\nPorte d\u2019entr\u00e9e sur pivots, r\u00e9alis\u00e9e ici avec du Ch\u00eane de France noueux, bois de caract\u00e8re pour porte unique ![\/vc_column_text][\/vc_column_inner][vc_column_inner offset=\u201dvc_col-lg-offset-1 vc_col-lg-7\u2033]\t<div class=\"et-image-58 et-image     et_image_link\">\n\t\t<div class=\"et-image-inner \">\n\t\t\t\t\t\t\t<div class=\"et-image-thumb \">\n\t\t\t\t\t<img loading=\"lazy\" decoding=\"async\" width=\"535\" height=\"700\" src=\"https:\/\/www.bertoli.fr\/wp-content\/uploads\/2022\/08\/GRANDBOIS-vieux-chene.png\" class=\"attachment-full\" alt=\"d\u00e9tails porte GRANDBOIS vieux chene Bertoli\" title=\"GRANDBOIS vieux chene\" srcset=\"https:\/\/www.bertoli.fr\/wp-content\/uploads\/2022\/08\/GRANDBOIS-vieux-chene.png 535w, https:\/\/www.bertoli.fr\/wp-content\/uploads\/2022\/08\/GRANDBOIS-vieux-chene-229x300.png 229w, https:\/\/www.bertoli.fr\/wp-content\/uploads\/2022\/08\/GRANDBOIS-vieux-chene-115x150.png 115w\" sizes=\"auto, (max-width: 535px) 100vw, 535px\" \/>\t\t\t\t<\/div>\n\t\t\t\t\t\t\t\t\t\t\t<\/div>\n\t<\/div>\n  [\/vc_column_inner][\/vc_row_inner][\/vc_column][\/vc_row][vc_row et_column_align=\u201dalign-center\u201d css=\u201d.vc_custom_1579132110345{padding-top: 30px !important;padding-bottom: 60px !important;}\u201d][vc_column][\/vc_column][\/vc_row][vc_row et_column_align=\u201dalign-center\u201d full_height=\u201dyes\u201d equal_height=\u201dyes\u201d css=\u201d.vc_custom_1659032408479{padding-bottom: 60px !important;}\u201d][vc_column][vc_row_inner content_placement=\u201dmiddle\u201d][vc_column_inner offset=\u201dvc_col-lg-7\u2033]\t<div class=\"et-image-560 et-image aligncenter    et_image_link\">\n\t\t<div class=\"et-image-inner \">\n\t\t\t\t\t\t\t<div class=\"et-image-thumb \">\n\t\t\t\t\t<img loading=\"lazy\" decoding=\"async\" width=\"800\" height=\"810\" src=\"https:\/\/www.bertoli.fr\/wp-content\/uploads\/2022\/08\/GrandBois-porte-pivotante-blindee-BERTOL.jpg\" class=\"attachment-full\" alt=\"GrandBois-porte-pivotante-blindee-BERTOLI vue d&#039;ensemble\" title=\"GrandBois-porte-pivotante-blindee-BERTOL\" srcset=\"https:\/\/www.bertoli.fr\/wp-content\/uploads\/2022\/08\/GrandBois-porte-pivotante-blindee-BERTOL.jpg 800w, https:\/\/www.bertoli.fr\/wp-content\/uploads\/2022\/08\/GrandBois-porte-pivotante-blindee-BERTOL-296x300.jpg 296w, https:\/\/www.bertoli.fr\/wp-content\/uploads\/2022\/08\/GrandBois-porte-pivotante-blindee-BERTOL-768x778.jpg 768w, https:\/\/www.bertoli.fr\/wp-content\/uploads\/2022\/08\/GrandBois-porte-pivotante-blindee-BERTOL-148x150.jpg 148w, https:\/\/www.bertoli.fr\/wp-content\/uploads\/2022\/08\/GrandBois-porte-pivotante-blindee-BERTOL-100x100.jpg 100w, https:\/\/www.bertoli.fr\/wp-content\/uploads\/2022\/08\/GrandBois-porte-pivotante-blindee-BERTOL-50x50.jpg 50w\" sizes=\"auto, (max-width: 800px) 100vw, 800px\" \/>\t\t\t\t<\/div>\n\t\t\t\t\t\t\t\t\t\t\t<\/div>\n\t<\/div>\n  [\/vc_column_inner][vc_column_inner offset=\u201dvc_col-lg-offset-1 vc_col-lg-4\u2033][vc_column_text el_id=\u201dBli\u201d]\n<h5 class=\"fancy-title accent-color postline-large\">S\u00c9CURIT\u00c9 BLINDAGE SUR DEMANDE<\/h5>\n<h3>Mod\u00e8le pr\u00e9sent\u00e9 : Pivotant et Blind\u00e9<\/h3>\n<p>Tous nos mod\u00e8les sont r\u00e9alisables sur structure blind\u00e9e en partenariat avec nos confr\u00e8re Italien OIKOS, leader sur le march\u00e9 de la porte blind\u00e9e.<br \/>\nR\u00e9alisable en dimensions XXL, jusqu\u2019\u00e0 3000 x 6200mm de large, (plus grandes sur demande)<\/p>\n<p>Cadre et vantail \u00e0 rupture de pont thermique (option) Serrure \u00e9lectronique motoris\u00e9e avec syst\u00e8me int\u00e9gr\u00e9, contr\u00f4le d\u2019acc\u00e8s sur demande\u2026[\/vc_column_text][\/vc_column_inner][\/vc_row_inner][\/vc_column][\/vc_row][vc_row][vc_column][vc_separator][\/vc_column][\/vc_row][vc_row equal_height=\u201dyes\u201d css=\u201d.vc_custom_1659104334828{padding-top: 60px !important;padding-bottom: 60px !important;}\u201d][vc_column el_class=\u201dimagesdetails\u201d][vc_row_inner et_column_align=\u201dalign-center\u201d equal_height=\u201dyes\u201d][vc_column_inner width=\u201d1\/3\u2033 offset=\u201dvc_col-lg-4\u2033][vc_column_text]\n<h5 class=\"fancy-title accent-color postline-large\">Technique<\/h5>\n<h3>Fabrication sur-mesure<br \/>\nBois sec s\u00e9choir<\/h3>\n<ul>\n<li>\u00c9paisseur PORTE 85mm<\/li>\n<\/ul>\n<p>\ud83c\udf21\u00a0 Coefficient thermique Ud = 1.1 W\/(m2.K)<br \/>\n\ud83c\udf00\u00a0 Classement AIR A2 *<br \/>\n\ud83d\udca8\u00a0 Classement VENT VC3 *<br \/>\n<em>*essais r\u00e9alis\u00e9s sur porte pivotante<\/em>[\/vc_column_text][\/vc_column_inner][vc_column_inner width=\u201d1\/3\u2033][vc_column_text]\n<h5 class=\"fancy-title accent-color postline-large\">Descriptif<\/h5>\n<ul>\n<li><strong>B\u00e2ti central assembl\u00e9 \u00e0 tenons et mortaises<\/strong><\/li>\n<li>Cadre avec oreilles de finition, assembl\u00e9 \u00e0 enfourchement<\/li>\n<li style=\"text-align: left;\">Largeur du cadre suivant l\u2019\u00e9paisseur de vos cloisons et isolants<\/li>\n<li>Joint d\u2019\u00e9tanch\u00e9it\u00e9 sur les 4 c\u00f4t\u00e9s<\/li>\n<li>Avec ou sans seuil plat en inox, sur la largeur de la porte<\/li>\n<li>Pivot haut et bas marque DORMA<br \/>\n(pivot hydraulique sur demande)<\/li>\n<li>Serrure 3 points mortais\u00e9e et cylindre A2P* marque VACHETTE<\/li>\n<li>G\u00e2che longue en inox retardateur d\u2019effraction<\/li>\n<\/ul>\n[\/vc_column_text][\/vc_column_inner][vc_column_inner width=\u201d1\/3\u2033][vc_column_text]\n<h5 class=\"fancy-title accent-color postline-large\">Finition<\/h5>\n<ul>\n<li>Teinte au choix<\/li>\n<li>Lasure 3 couches\n<ul>\n<li>extra-mat, mat ou satin\u00e9e<\/li>\n<\/ul>\n<\/li>\n<\/ul>\n<h5 class=\"fancy-title accent-color postline-large\">Serrurerie d\u00e9corative<\/h5>\n<ul>\n<li>Sur la face ext\u00e9rieure :\n<ul>\n<li>Barre de tirage en inox<\/li>\n<li>Entr\u00e9e inox entaill\u00e9e \u00e0 fleur<\/li>\n<\/ul>\n<\/li>\n<li>Sur la face int\u00e9rieure :\n<ul>\n<li>Poign\u00e9e en inox, sur rosace carr\u00e9e<br \/>\n<em>Large choix de mod\u00e8les \u00e0 d\u00e9couvrir \u2026<\/em><\/li>\n<\/ul>\n<\/li>\n<\/ul>\n[\/vc_column_text][\/vc_column_inner][\/vc_row_inner][\/vc_column][\/vc_row][vc_row][vc_column][vc_separator][\/vc_column][\/vc_row][vc_row et_column_align=\u201dalign-center\u201d css=\u201d.vc_custom_1579132139891{padding-bottom: 60px !important;}\u201d][vc_column el_class=\u201dimagesdetails\u201d][vc_row_inner equal_height=\u201dyes\u201d content_placement=\u201dmiddle\u201d][vc_column_inner width=\u201d1\/4\u2033]\t<div class=\"et-image-391 et-image     et_image_link\">\n\t\t<div class=\"et-image-inner \">\n\t\t\t\t\t\t\t<div class=\"et-image-thumb \">\n\t\t\t\t\t<img loading=\"lazy\" decoding=\"async\" width=\"333\" height=\"500\" src=\"https:\/\/www.bertoli.fr\/wp-content\/uploads\/2021\/07\/seuilinox.jpg\" class=\"attachment-full\" alt=\"seuil inox\" title=\"seuilinox\" srcset=\"https:\/\/www.bertoli.fr\/wp-content\/uploads\/2021\/07\/seuilinox.jpg 333w, https:\/\/www.bertoli.fr\/wp-content\/uploads\/2021\/07\/seuilinox-200x300.jpg 200w, https:\/\/www.bertoli.fr\/wp-content\/uploads\/2021\/07\/seuilinox-100x150.jpg 100w\" sizes=\"auto, (max-width: 333px) 100vw, 333px\" \/>\t\t\t\t<\/div>\n\t\t\t\t\t\t\t\t\t\t\t\t\t<div class=\"et-image-content\">\n\t\t\t\t\t<p style=\"text-align: center;\"><strong>Seuil plat en INOX<\/strong><\/p>\n\t\t\t\t<\/div>\n\t\t\t\t\t<\/div>\n\t<\/div>\n  [\/vc_column_inner][vc_column_inner width=\u201d1\/4\u2033]\t<div class=\"et-image-278 et-image     et_image_link\">\n\t\t<div class=\"et-image-inner \">\n\t\t\t\t\t\t\t<div class=\"et-image-thumb \">\n\t\t\t\t\t<img loading=\"lazy\" decoding=\"async\" width=\"333\" height=\"500\" src=\"https:\/\/www.bertoli.fr\/wp-content\/uploads\/2021\/07\/gacheuniquerenforceeatelierbertoli-1.jpg\" class=\"attachment-full\" alt=\"gache unique renforcee atelier bertoli\" title=\"gacheuniquerenforceeatelierbertoli\" srcset=\"https:\/\/www.bertoli.fr\/wp-content\/uploads\/2021\/07\/gacheuniquerenforceeatelierbertoli-1.jpg 333w, https:\/\/www.bertoli.fr\/wp-content\/uploads\/2021\/07\/gacheuniquerenforceeatelierbertoli-1-200x300.jpg 200w, https:\/\/www.bertoli.fr\/wp-content\/uploads\/2021\/07\/gacheuniquerenforceeatelierbertoli-1-100x150.jpg 100w\" sizes=\"auto, (max-width: 333px) 100vw, 333px\" \/>\t\t\t\t<\/div>\n\t\t\t\t\t\t\t\t\t\t\t\t\t<div class=\"et-image-content\">\n\t\t\t\t\t<p style=\"text-align: center;\"><strong>G\u00e2che longue en inox retardateur d\u2019effraction<br \/>\nCadre assembl\u00e9 \u00e0 enfourchement<br \/>\n<\/strong><\/p>\n\t\t\t\t<\/div>\n\t\t\t\t\t<\/div>\n\t<\/div>\n  [\/vc_column_inner][vc_column_inner width=\u201d1\/4\u2033]\t<div class=\"et-image-251 et-image     et_image_link\">\n\t\t<div class=\"et-image-inner \">\n\t\t\t\t\t\t\t<div class=\"et-image-thumb \">\n\t\t\t\t\t<img loading=\"lazy\" decoding=\"async\" width=\"333\" height=\"500\" src=\"https:\/\/www.bertoli.fr\/wp-content\/uploads\/2021\/07\/ekey-1.jpg\" class=\"attachment-full\" alt=\"ekey poign\u00e9e vue d\u00e9taill\u00e9\" title=\"ekey\" srcset=\"https:\/\/www.bertoli.fr\/wp-content\/uploads\/2021\/07\/ekey-1.jpg 333w, https:\/\/www.bertoli.fr\/wp-content\/uploads\/2021\/07\/ekey-1-200x300.jpg 200w, https:\/\/www.bertoli.fr\/wp-content\/uploads\/2021\/07\/ekey-1-100x150.jpg 100w\" sizes=\"auto, (max-width: 333px) 100vw, 333px\" \/>\t\t\t\t<\/div>\n\t\t\t\t\t\t\t\t\t\t\t\t\t<div class=\"et-image-content\">\n\t\t\t\t\t<p style=\"text-align: center;\"><b>Lecteur d\u2019empreintes EKEY<br \/>\n<\/b>Syst\u00e8me de contr\u00f4le d\u2019acc\u00e8s<br \/>\nsur demande<b><\/b><\/p>\n\t\t\t\t<\/div>\n\t\t\t\t\t<\/div>\n\t<\/div>\n  [\/vc_column_inner][vc_column_inner width=\u201d1\/4\u2033]\t<div class=\"et-image-67 et-image     et_image_link\">\n\t\t<div class=\"et-image-inner \">\n\t\t\t\t\t\t\t<div class=\"et-image-thumb \">\n\t\t\t\t\t<img loading=\"lazy\" decoding=\"async\" width=\"333\" height=\"500\" src=\"https:\/\/www.bertoli.fr\/wp-content\/uploads\/2022\/08\/entreeaffleurante.jpg\" class=\"attachment-full\" alt=\"entreeaffleuranteporte et poign\u00e9e entree affleurante\" title=\"entreeaffleurante\" srcset=\"https:\/\/www.bertoli.fr\/wp-content\/uploads\/2022\/08\/entreeaffleurante.jpg 333w, https:\/\/www.bertoli.fr\/wp-content\/uploads\/2022\/08\/entreeaffleurante-200x300.jpg 200w, https:\/\/www.bertoli.fr\/wp-content\/uploads\/2022\/08\/entreeaffleurante-100x150.jpg 100w\" sizes=\"auto, (max-width: 333px) 100vw, 333px\" \/>\t\t\t\t<\/div>\n\t\t\t\t\t\t\t\t\t\t\t\t\t<div class=\"et-image-content\">\n\t\t\t\t\t<p style=\"text-align: center;\"><strong>Entr\u00e9e affleurante en INOX<\/strong><\/p>\n<p>\u00a0<\/p>\n\t\t\t\t<\/div>\n\t\t\t\t\t<\/div>\n\t<\/div>\n  [\/vc_column_inner][\/vc_row_inner][\/vc_column][\/vc_row][vc_row][vc_column][vc_separator][\/vc_column][\/vc_row][vc_row et_column_align=\u201dalign-center\u201d css=\u201d.vc_custom_1579132110345{padding-top: 30px !important;padding-bottom: 60px !important;}\u201d][vc_column][vc_row_inner content_placement=\u201dmiddle\u201d][vc_column_inner offset=\u201dvc_col-lg-4\u2033][vc_column_text]\n<h5 class=\"fancy-title accent-color postline-large\">FINITION<\/h5>\n<p>BROSS\u00c9E, tr\u00e8s tendance, elle est r\u00e9alisable sur le Ch\u00eane, sur une ou deux faces de votre porte, au choix.<\/p>\n<p>Sur le Ch\u00eane, Nous proposons aussi\u00a0 :<\/p>\n<ul>\n<li>LE SCIAGE, fa\u00e7on scieurs de long<\/li>\n<li>LE RABOT rond<\/li>\n<\/ul>\n[\/vc_column_text][\/vc_column_inner][vc_column_inner offset=\u201dvc_col-lg-offset-1 vc_col-lg-7\u2033]\t<div class=\"et-image-686 et-image     et_image_link\">\n\t\t<div class=\"et-image-inner \">\n\t\t\t\t\t\t\t<div class=\"et-image-thumb \">\n\t\t\t\t\t<img loading=\"lazy\" decoding=\"async\" width=\"1500\" height=\"1000\" src=\"https:\/\/www.bertoli.fr\/wp-content\/uploads\/2022\/07\/grandboisportepivotantebertolichenenoueux.jpg\" class=\"attachment-full\" alt=\"grand bois porte pivotante bertoli chene noueux\" title=\"grandboisportepivotantebertolichenenoueux\" srcset=\"https:\/\/www.bertoli.fr\/wp-content\/uploads\/2022\/07\/grandboisportepivotantebertolichenenoueux.jpg 1500w, https:\/\/www.bertoli.fr\/wp-content\/uploads\/2022\/07\/grandboisportepivotantebertolichenenoueux-300x200.jpg 300w, https:\/\/www.bertoli.fr\/wp-content\/uploads\/2022\/07\/grandboisportepivotantebertolichenenoueux-1024x683.jpg 1024w, https:\/\/www.bertoli.fr\/wp-content\/uploads\/2022\/07\/grandboisportepivotantebertolichenenoueux-768x512.jpg 768w, https:\/\/www.bertoli.fr\/wp-content\/uploads\/2022\/07\/grandboisportepivotantebertolichenenoueux-150x100.jpg 150w, https:\/\/www.bertoli.fr\/wp-content\/uploads\/2022\/07\/grandboisportepivotantebertolichenenoueux-1000x667.jpg 1000w\" sizes=\"auto, (max-width: 1500px) 100vw, 1500px\" \/>\t\t\t\t<\/div>\n\t\t\t\t\t\t\t\t\t\t\t<\/div>\n\t<\/div>\n  [\/vc_column_inner][\/vc_row_inner][\/vc_column][\/vc_row][vc_row][vc_column][vc_separator][\/vc_column][\/vc_row][vc_row et_column_align=\u201dalign-center\u201d css=\u201d.vc_custom_1579132110345{padding-top: 30px !important;padding-bottom: 60px !important;}\u201d][vc_column][vc_row_inner content_placement=\u201dmiddle\u201d][vc_column_inner offset=\u201dvc_col-lg-4\u2033][vc_column_text]\n<h5 class=\"fancy-title accent-color postline-large\">Personnalisation<\/h5>\n<h4>Assortie \u00e0 vos menuiseries, votre poign\u00e9e sera thermolaqu\u00e9e du m\u00eame RAL\u2026<\/h4>\n[\/vc_column_text][\/vc_column_inner][vc_column_inner offset=\u201dvc_col-lg-offset-1 vc_col-lg-7\u2033]\t<div class=\"et-image-727 et-image     et_image_link\">\n\t\t<div class=\"et-image-inner \">\n\t\t\t\t\t\t\t<div class=\"et-image-thumb \">\n\t\t\t\t\t<img loading=\"lazy\" decoding=\"async\" width=\"467\" height=\"700\" src=\"https:\/\/www.bertoli.fr\/wp-content\/uploads\/2022\/07\/poigneegrandboischene-3.png\" class=\"attachment-full\" alt=\"poignee grand bois chene\" title=\"poigneegrandboischene\" srcset=\"https:\/\/www.bertoli.fr\/wp-content\/uploads\/2022\/07\/poigneegrandboischene-3.png 467w, https:\/\/www.bertoli.fr\/wp-content\/uploads\/2022\/07\/poigneegrandboischene-3-200x300.png 200w, https:\/\/www.bertoli.fr\/wp-content\/uploads\/2022\/07\/poigneegrandboischene-3-100x150.png 100w\" sizes=\"auto, (max-width: 467px) 100vw, 467px\" \/>\t\t\t\t<\/div>\n\t\t\t\t\t\t\t\t\t\t\t<\/div>\n\t<\/div>\n  [\/vc_column_inner][\/vc_row_inner][\/vc_column][\/vc_row][vc_row][vc_column][vc_separator][\/vc_column][\/vc_row]\n","protected":false},"excerpt":{"rendered":"<p><strong>\u00ab L\u2019intemporelle aux lignes simples et naturelles, \u00e9voquant les sous-bois o\u00f9 r\u00e8gnent en ma\u00eetre le Ch\u00eane Roi. \u00bb<\/strong><\/p>\n<p><em>mod\u00e8le d\u00e9pos\u00e9 \u00e0 l\u2019INPI<\/em><\/p>\n<p>Ch\u00eane de France noueux<br \/>\nFinition bross\u00e9e<br \/>\nDimensions 2300 x 1500mm<br \/>\n(autres dimensions sur demande)<\/p>\n<h5 class=\"fancy-title accent-color postline-large\">Mod\u00e8le visible dans notre show-room<\/h5>\n<p>&nbsp;<\/p>\n","protected":false},"featured_media":23330,"template":"","meta":[],"product_brand":[],"product_cat":[145,176],"product_tag":[],"class_list":{"0":"post-18919","1":"product","2":"type-product","3":"status-publish","4":"has-post-thumbnail","6":"product_cat-design","7":"product_cat-portes-dentree","9":"first","10":"instock","11":"shipping-taxable","12":"purchasable","13":"product-type-variable"},"_links":{"self":[{"href":"https:\/\/www.bertoli.fr\/en\/wp-json\/wp\/v2\/product\/18919","targetHints":{"allow":["GET"]}}],"collection":[{"href":"https:\/\/www.bertoli.fr\/en\/wp-json\/wp\/v2\/product"}],"about":[{"href":"https:\/\/www.bertoli.fr\/en\/wp-json\/wp\/v2\/types\/product"}],"wp:featuredmedia":[{"embeddable":true,"href":"https:\/\/www.bertoli.fr\/en\/wp-json\/wp\/v2\/media\/23330"}],"wp:attachment":[{"href":"https:\/\/www.bertoli.fr\/en\/wp-json\/wp\/v2\/media?parent=18919"}],"wp:term":[{"taxonomy":"product_brand","embeddable":true,"href":"https:\/\/www.bertoli.fr\/en\/wp-json\/wp\/v2\/product_brand?post=18919"},{"taxonomy":"product_cat","embeddable":true,"href":"https:\/\/www.bertoli.fr\/en\/wp-json\/wp\/v2\/product_cat?post=18919"},{"taxonomy":"product_tag","embeddable":true,"href":"https:\/\/www.bertoli.fr\/en\/wp-json\/wp\/v2\/product_tag?post=18919"}],"curies":[{"name":"wp","href":"https:\/\/api.w.org\/{rel}","templated":true}]}}