{"id":18949,"date":"2022-08-01T17:27:59","date_gmt":"2022-08-01T15:27:59","guid":{"rendered":"https:\/\/www.bertoli.fr\/?post_type=product&#038;p=18949"},"modified":"2026-04-13T12:00:44","modified_gmt":"2026-04-13T10:00:44","slug":"portedesaxeemomento","status":"publish","type":"product","link":"https:\/\/www.bertoli.fr\/en\/portes\/portedesaxeemomento\/","title":{"rendered":"MOMENTO"},"content":{"rendered":"[vc_row et_column_align=&#8221;align-center&#8221; css=&#8221;.vc_custom_1579132110345{padding-top: 30px !important;padding-bottom: 60px !important;}&#8221;][vc_column][vc_row_inner content_placement=&#8221;middle&#8221;][vc_column_inner offset=&#8221;vc_col-lg-4&#8243;][vc_column_text]\n<h5 class=\"fancy-title accent-color postline-large\">BERTOLI Design<\/h5>\n<p><strong>MOMENTO<br \/>\nC&#8217;est l&#8217;histoire d&#8217;une rencontre &#8230;. entre le Ch\u00eane et le Noyer ..<br \/>\nc&#8217;est aussi l&#8217;histoire d&#8217;une famille, la mienne, que mon oncle Bruno Bertoli a choisi d&#8217;immortaliser sur sa derni\u00e8re cr\u00e9ation.<\/strong><br \/>\nChaque projet de porte MOMENTO est \u00e9tudi\u00e9 pour vous, le nombre de personnages \u00e9volue en fonction de votre demande et de la largeur de votre porte.[\/vc_column_text][\/vc_column_inner][vc_column_inner offset=&#8221;vc_col-lg-offset-1 vc_col-lg-7&#8243;]\t<div class=\"et-image-768 et-image     et_image_link\">\n\t\t<div class=\"et-image-inner \">\n\t\t\t\t\t\t\t<div class=\"et-image-thumb \">\n\t\t\t\t\t<img loading=\"lazy\" decoding=\"async\" width=\"753\" height=\"1000\" src=\"https:\/\/www.bertoli.fr\/wp-content\/uploads\/2022\/08\/momentocaro2.png\" class=\"attachment-large\" alt=\"momento porte\" title=\"momentocaro2\" srcset=\"https:\/\/www.bertoli.fr\/wp-content\/uploads\/2022\/08\/momentocaro2.png 753w, https:\/\/www.bertoli.fr\/wp-content\/uploads\/2022\/08\/momentocaro2-226x300.png 226w, https:\/\/www.bertoli.fr\/wp-content\/uploads\/2022\/08\/momentocaro2-113x150.png 113w\" sizes=\"auto, (max-width: 753px) 100vw, 753px\" \/>\t\t\t\t<\/div>\n\t\t\t\t\t\t\t\t\t\t\t<\/div>\n\t<\/div>\n  [\/vc_column_inner][\/vc_row_inner][\/vc_column][\/vc_row][vc_row et_column_align=&#8221;align-center&#8221; css=&#8221;.vc_custom_1579132110345{padding-top: 30px !important;padding-bottom: 60px !important;}&#8221;][vc_column el_class=&#8221;imagesdetails&#8221;][vc_row_inner content_placement=&#8221;middle&#8221;][vc_column_inner width=&#8221;2\/5&#8243; offset=&#8221;vc_col-lg-2\/5&#8243;]\t<div class=\"et-image-232 et-image     et_image_link\">\n\t\t<div class=\"et-image-inner \">\n\t\t\t\t\t\t\t<div class=\"et-image-thumb \">\n\t\t\t\t\t<img loading=\"lazy\" decoding=\"async\" width=\"2046\" height=\"2046\" src=\"https:\/\/www.bertoli.fr\/wp-content\/uploads\/2022\/08\/momentobertoli.jpg\" class=\"attachment-full\" alt=\"momento bertoli\" title=\"momentobertoli\" srcset=\"https:\/\/www.bertoli.fr\/wp-content\/uploads\/2022\/08\/momentobertoli.jpg 2046w, https:\/\/www.bertoli.fr\/wp-content\/uploads\/2022\/08\/momentobertoli-300x300.jpg 300w, https:\/\/www.bertoli.fr\/wp-content\/uploads\/2022\/08\/momentobertoli-1024x1024.jpg 1024w, https:\/\/www.bertoli.fr\/wp-content\/uploads\/2022\/08\/momentobertoli-150x150.jpg 150w, https:\/\/www.bertoli.fr\/wp-content\/uploads\/2022\/08\/momentobertoli-768x768.jpg 768w, https:\/\/www.bertoli.fr\/wp-content\/uploads\/2022\/08\/momentobertoli-1536x1536.jpg 1536w, https:\/\/www.bertoli.fr\/wp-content\/uploads\/2022\/08\/momentobertoli-1000x1000.jpg 1000w, https:\/\/www.bertoli.fr\/wp-content\/uploads\/2022\/08\/momentobertoli-100x100.jpg 100w, https:\/\/www.bertoli.fr\/wp-content\/uploads\/2022\/08\/momentobertoli-50x50.jpg 50w\" sizes=\"auto, (max-width: 2046px) 100vw, 2046px\" \/>\t\t\t\t<\/div>\n\t\t\t\t\t\t\t\t\t\t\t<\/div>\n\t<\/div>\n  [\/vc_column_inner][vc_column_inner width=&#8221;1\/3&#8243; offset=&#8221;vc_col-lg-offset-1 vc_col-lg-4&#8243;][vc_column_text]\n<h5 class=\"fancy-title accent-color postline-large\">\u00a0<i>La<\/i><i>\u00a0MOMENTO\u00a0est comme<\/i><\/h5>\n<h3><i>un chant, un hymne, un concerto<br \/>\nEn hommage \u00e0 la nature et \u00e0 l\u2019Art de vivre !<\/i><\/h3>\n[\/vc_column_text][\/vc_column_inner][\/vc_row_inner][\/vc_column][\/vc_row][vc_row equal_height=&#8221;yes&#8221; css=&#8221;.vc_custom_1659104334828{padding-top: 60px !important;padding-bottom: 60px !important;}&#8221;][vc_column el_class=&#8221;imagesdetails&#8221;][vc_row_inner et_column_align=&#8221;align-center&#8221; equal_height=&#8221;yes&#8221;][vc_column_inner width=&#8221;1\/3&#8243; offset=&#8221;vc_col-lg-4&#8243;][vc_column_text]\n<h5 class=\"fancy-title accent-color postline-large\">Technique<\/h5>\n<h3>Fabrication sur-mesure<br \/>\nBois sec s\u00e9choir<\/h3>\n<ul>\n<li>\u00c9paisseur PORTE 85mm<\/li>\n<\/ul>\n<p>\ud83c\udf21\u00a0 Coefficient thermique Ud = 1.1 W\/(m2.K)<br \/>\n\ud83c\udf00\u00a0 Classement AIR A2 *<br \/>\n\ud83d\udca8\u00a0 Classement VENT VC3 *<br \/>\n<em>*essais r\u00e9alis\u00e9s sur porte pivotante<\/em>[\/vc_column_text][\/vc_column_inner][vc_column_inner width=&#8221;1\/3&#8243;][vc_column_text]\n<h5 class=\"fancy-title accent-color postline-large\">Descriptif<\/h5>\n<ul>\n<li><strong>B\u00e2ti central assembl\u00e9 \u00e0 tenons et mortaises<\/strong><\/li>\n<li>Face int\u00e9rieure \u00e0 lames verticales bouvet\u00e9es<\/li>\n<li>Cadre avec oreilles de finition, assembl\u00e9 \u00e0 enfourchement<\/li>\n<li style=\"text-align: left;\">Largeur du cadre suivant l\u2019\u00e9paisseur de vos cloisons et isolants<\/li>\n<li>Joint d&#8217;\u00e9tanch\u00e9it\u00e9 sur les 4 c\u00f4t\u00e9s<\/li>\n<li>Avec ou sans seuil plat en inox, sur la largeur de la porte<\/li>\n<li>Pivot haut et bas marque DORMA<br \/>\n(pivot hydraulique sur demande)<\/li>\n<li>Serrure 3 points mortais\u00e9e et cylindre A2P* marque VACHETTE<\/li>\n<li>G\u00e2che longue en inox retardateur d&#8217;effraction<\/li>\n<\/ul>\n[\/vc_column_text][\/vc_column_inner][vc_column_inner width=&#8221;1\/3&#8243;][vc_column_text]\n<h5 class=\"fancy-title accent-color postline-large\">Finition<\/h5>\n<ul>\n<li>Teinte au choix<\/li>\n<li>Lasure 3 couches\n<ul>\n<li>extra-mat, mat ou satin\u00e9e<\/li>\n<\/ul>\n<\/li>\n<\/ul>\n<h5 class=\"fancy-title accent-color postline-large\">Serrurerie d\u00e9corative<\/h5>\n<ul>\n<li>Sur la face ext\u00e9rieure :\n<ul>\n<li>Poign\u00e9e forg\u00e9e main sur demande<\/li>\n<li>Entr\u00e9e inox entaill\u00e9e \u00e0 fleur<\/li>\n<\/ul>\n<\/li>\n<li>Sur la face int\u00e9rieure :\n<ul>\n<li>Poign\u00e9e en inox, sur rosace carr\u00e9e<br \/>\n<em>Large choix de mod\u00e8les \u00e0 d\u00e9couvrir &#8230;<\/em><\/li>\n<\/ul>\n<\/li>\n<\/ul>\n[\/vc_column_text][\/vc_column_inner][\/vc_row_inner][\/vc_column][\/vc_row][vc_row][vc_column][vc_separator][\/vc_column][\/vc_row][vc_row et_column_align=&#8221;align-center&#8221; css=&#8221;.vc_custom_1579132139891{padding-bottom: 60px !important;}&#8221;][vc_column el_class=&#8221;imagesdetails&#8221;][vc_row_inner equal_height=&#8221;yes&#8221; content_placement=&#8221;middle&#8221;][vc_column_inner width=&#8221;1\/4&#8243;]\t<div class=\"et-image-406 et-image     et_image_link\">\n\t\t<div class=\"et-image-inner \">\n\t\t\t\t\t\t\t<div class=\"et-image-thumb \">\n\t\t\t\t\t<img loading=\"lazy\" decoding=\"async\" width=\"333\" height=\"500\" src=\"https:\/\/www.bertoli.fr\/wp-content\/uploads\/2021\/07\/seuilinox.jpg\" class=\"attachment-full\" alt=\"seuil inox\" title=\"seuilinox\" srcset=\"https:\/\/www.bertoli.fr\/wp-content\/uploads\/2021\/07\/seuilinox.jpg 333w, https:\/\/www.bertoli.fr\/wp-content\/uploads\/2021\/07\/seuilinox-200x300.jpg 200w, https:\/\/www.bertoli.fr\/wp-content\/uploads\/2021\/07\/seuilinox-100x150.jpg 100w\" sizes=\"auto, (max-width: 333px) 100vw, 333px\" \/>\t\t\t\t<\/div>\n\t\t\t\t\t\t\t\t\t\t\t\t\t<div class=\"et-image-content\">\n\t\t\t\t\t<p style=\"text-align: center;\"><strong>Seuil plat en INOX<\/strong><\/p>\n\t\t\t\t<\/div>\n\t\t\t\t\t<\/div>\n\t<\/div>\n  [\/vc_column_inner][vc_column_inner width=&#8221;1\/4&#8243;]\t<div class=\"et-image-880 et-image     et_image_link\">\n\t\t<div class=\"et-image-inner \">\n\t\t\t\t\t\t\t<div class=\"et-image-thumb \">\n\t\t\t\t\t<img loading=\"lazy\" decoding=\"async\" width=\"333\" height=\"500\" src=\"https:\/\/www.bertoli.fr\/wp-content\/uploads\/2021\/07\/gacheuniquerenforceeatelierbertoli-1.jpg\" class=\"attachment-full\" alt=\"gache unique renforcee atelier bertoli\" title=\"gacheuniquerenforceeatelierbertoli\" srcset=\"https:\/\/www.bertoli.fr\/wp-content\/uploads\/2021\/07\/gacheuniquerenforceeatelierbertoli-1.jpg 333w, https:\/\/www.bertoli.fr\/wp-content\/uploads\/2021\/07\/gacheuniquerenforceeatelierbertoli-1-200x300.jpg 200w, https:\/\/www.bertoli.fr\/wp-content\/uploads\/2021\/07\/gacheuniquerenforceeatelierbertoli-1-100x150.jpg 100w\" sizes=\"auto, (max-width: 333px) 100vw, 333px\" \/>\t\t\t\t<\/div>\n\t\t\t\t\t\t\t\t\t\t\t\t\t<div class=\"et-image-content\">\n\t\t\t\t\t<p style=\"text-align: center;\"><strong>G\u00e2che longue en inox retardateur d&#8217;effraction<br \/>\nCadre assembl\u00e9 \u00e0 enfourchement<br \/>\n<\/strong><\/p>\n\t\t\t\t<\/div>\n\t\t\t\t\t<\/div>\n\t<\/div>\n  [\/vc_column_inner][vc_column_inner width=&#8221;1\/4&#8243;]\t<div class=\"et-image-115 et-image     et_image_link\">\n\t\t<div class=\"et-image-inner \">\n\t\t\t\t\t\t\t<div class=\"et-image-thumb \">\n\t\t\t\t\t<img loading=\"lazy\" decoding=\"async\" width=\"333\" height=\"500\" src=\"https:\/\/www.bertoli.fr\/wp-content\/uploads\/2021\/07\/ekey-1.jpg\" class=\"attachment-full\" alt=\"ekey poign\u00e9e vue d\u00e9taill\u00e9\" title=\"ekey\" srcset=\"https:\/\/www.bertoli.fr\/wp-content\/uploads\/2021\/07\/ekey-1.jpg 333w, https:\/\/www.bertoli.fr\/wp-content\/uploads\/2021\/07\/ekey-1-200x300.jpg 200w, https:\/\/www.bertoli.fr\/wp-content\/uploads\/2021\/07\/ekey-1-100x150.jpg 100w\" sizes=\"auto, (max-width: 333px) 100vw, 333px\" \/>\t\t\t\t<\/div>\n\t\t\t\t\t\t\t\t\t\t\t\t\t<div class=\"et-image-content\">\n\t\t\t\t\t<p style=\"text-align: center;\"><b>Lecteur d&#8217;empreintes EKEY<br \/>\n<\/b>Syst\u00e8me de contr\u00f4le d&#8217;acc\u00e8s<br \/>\nsur demande<b><\/b><\/p>\n\t\t\t\t<\/div>\n\t\t\t\t\t<\/div>\n\t<\/div>\n  [\/vc_column_inner][vc_column_inner width=&#8221;1\/4&#8243;]\t<div class=\"et-image-872 et-image     et_image_link\">\n\t\t<div class=\"et-image-inner \">\n\t\t\t\t\t\t\t<div class=\"et-image-thumb \">\n\t\t\t\t\t<img loading=\"lazy\" decoding=\"async\" width=\"333\" height=\"500\" src=\"https:\/\/www.bertoli.fr\/wp-content\/uploads\/2022\/08\/poigneemomentobertoli.png\" class=\"attachment-full\" alt=\"poignee momento bertoli\" title=\"poigneemomentobertoli\" srcset=\"https:\/\/www.bertoli.fr\/wp-content\/uploads\/2022\/08\/poigneemomentobertoli.png 333w, https:\/\/www.bertoli.fr\/wp-content\/uploads\/2022\/08\/poigneemomentobertoli-200x300.png 200w, https:\/\/www.bertoli.fr\/wp-content\/uploads\/2022\/08\/poigneemomentobertoli-100x150.png 100w\" sizes=\"auto, (max-width: 333px) 100vw, 333px\" \/>\t\t\t\t<\/div>\n\t\t\t\t\t\t\t\t\t\t\t\t\t<div class=\"et-image-content\">\n\t\t\t\t\t<p style=\"text-align: center;\"><strong>Poign\u00e9e forg\u00e9e \u00e0 la main<\/strong><\/p>\n\t\t\t\t<\/div>\n\t\t\t\t\t<\/div>\n\t<\/div>\n  [\/vc_column_inner][\/vc_row_inner][\/vc_column][\/vc_row][vc_row][vc_column][vc_separator][\/vc_column][\/vc_row][vc_row et_column_align=&#8221;align-center&#8221; css=&#8221;.vc_custom_1579132110345{padding-top: 30px !important;padding-bottom: 60px !important;}&#8221;][vc_column][vc_row_inner content_placement=&#8221;middle&#8221;][vc_column_inner offset=&#8221;vc_col-lg-4&#8243;][vc_column_text]\n<h5 class=\"fancy-title accent-color postline-large\">Finition<\/h5>\n<h3>SCI\u00c9E\u00a0 \u00a0L&#8217;EFFET MATI\u00c8RE RECHERCH\u00c9<\/h3>\n<p>En hommage aux scieurs de long[\/vc_column_text][\/vc_column_inner][vc_column_inner offset=&#8221;vc_col-lg-offset-1 vc_col-lg-7&#8243;]\t<div class=\"et-image-74 et-image     et_image_link\">\n\t\t<div class=\"et-image-inner \">\n\t\t\t\t\t\t\t<div class=\"et-image-thumb \">\n\t\t\t\t\t<img loading=\"lazy\" decoding=\"async\" width=\"700\" height=\"460\" src=\"https:\/\/www.bertoli.fr\/wp-content\/uploads\/2022\/08\/CHENESCIE.png\" class=\"attachment-full\" alt=\"MOMENTO\" title=\"CHENESCIE\" srcset=\"https:\/\/www.bertoli.fr\/wp-content\/uploads\/2022\/08\/CHENESCIE.png 700w, https:\/\/www.bertoli.fr\/wp-content\/uploads\/2022\/08\/CHENESCIE-300x197.png 300w, https:\/\/www.bertoli.fr\/wp-content\/uploads\/2022\/08\/CHENESCIE-150x99.png 150w\" sizes=\"auto, (max-width: 700px) 100vw, 700px\" \/>\t\t\t\t<\/div>\n\t\t\t\t\t\t\t\t\t\t\t<\/div>\n\t<\/div>\n  [\/vc_column_inner][\/vc_row_inner][\/vc_column][\/vc_row][vc_row][vc_column][vc_separator][\/vc_column][\/vc_row][vc_row et_column_align=&#8221;align-center&#8221; css=&#8221;.vc_custom_1579132110345{padding-top: 30px !important;padding-bottom: 60px !important;}&#8221;][vc_column][vc_row_inner content_placement=&#8221;middle&#8221;][vc_column_inner offset=&#8221;vc_col-lg-4&#8243;][vc_column_text]\n<h5 class=\"fancy-title accent-color postline-large\">Poign\u00e9e<\/h5>\n<p>Mod\u00e8le unique forg\u00e9e \u00e0 la main<\/p>\n<h4><\/h4>\n[\/vc_column_text][\/vc_column_inner][vc_column_inner offset=&#8221;vc_col-lg-offset-1 vc_col-lg-7&#8243;]\t<div class=\"et-image-267 et-image     et_image_link\">\n\t\t<div class=\"et-image-inner \">\n\t\t\t\t\t\t\t<div class=\"et-image-thumb \">\n\t\t\t\t\t<img loading=\"lazy\" decoding=\"async\" width=\"333\" height=\"500\" src=\"https:\/\/www.bertoli.fr\/wp-content\/uploads\/2022\/08\/poigneemomentobertoli.png\" class=\"attachment-full\" alt=\"poignee momento bertoli\" title=\"poigneemomentobertoli\" srcset=\"https:\/\/www.bertoli.fr\/wp-content\/uploads\/2022\/08\/poigneemomentobertoli.png 333w, https:\/\/www.bertoli.fr\/wp-content\/uploads\/2022\/08\/poigneemomentobertoli-200x300.png 200w, https:\/\/www.bertoli.fr\/wp-content\/uploads\/2022\/08\/poigneemomentobertoli-100x150.png 100w\" sizes=\"auto, (max-width: 333px) 100vw, 333px\" \/>\t\t\t\t<\/div>\n\t\t\t\t\t\t\t\t\t\t\t<\/div>\n\t<\/div>\n  [\/vc_column_inner][\/vc_row_inner][\/vc_column][\/vc_row][vc_row][vc_column][vc_separator][\/vc_column][\/vc_row][vc_row][vc_column]\t<div class=\"et-image-645 et-image aligncenter    et_image_link\">\n\t\t<div class=\"et-image-inner \">\n\t\t\t\t\t\t\t<div class=\"et-image-thumb \">\n\t\t\t\t\t<img loading=\"lazy\" decoding=\"async\" width=\"618\" height=\"800\" src=\"https:\/\/www.bertoli.fr\/wp-content\/uploads\/2022\/08\/Porte-Capri-et-Momento-BERTOLI.jpg\" class=\"attachment-full\" alt=\"Porte Capri et Momento BERTOLI\" title=\"Porte Capri et Momento BERTOLI\" srcset=\"https:\/\/www.bertoli.fr\/wp-content\/uploads\/2022\/08\/Porte-Capri-et-Momento-BERTOLI.jpg 618w, https:\/\/www.bertoli.fr\/wp-content\/uploads\/2022\/08\/Porte-Capri-et-Momento-BERTOLI-232x300.jpg 232w, https:\/\/www.bertoli.fr\/wp-content\/uploads\/2022\/08\/Porte-Capri-et-Momento-BERTOLI-116x150.jpg 116w\" sizes=\"auto, (max-width: 618px) 100vw, 618px\" \/>\t\t\t\t<\/div>\n\t\t\t\t\t\t\t\t\t\t\t<\/div>\n\t<\/div>\n  [\/vc_column][\/vc_row]\n","protected":false},"excerpt":{"rendered":"<p><strong>VOLUME ET MATI\u00c8RES<br \/>\nFAITE DE BOIS DE NOYER ET DE CH\u00caNE TRAVAILL\u00c9S \u00c0 L\u2019HERMINETTE<br \/>\nET \u00c0 SCIE DE LONG, DE SES LIGNES PURES TRANSCENDE LA MATI\u00c8RE ET ACCROCHE LA LUMI\u00c8RE\u2026<br \/>\n<\/strong><\/p>\n<p>Ch\u00eane de France noueux, bross\u00e9 et sci\u00e9<br \/>\nNoyer de France noueux rabot\u00e9<\/p>\n<p>Dimensions 2250 x 1450mm<br \/>\n(autres dimensions sur demande)<\/p>\n","protected":false},"featured_media":20421,"template":"","meta":[],"product_brand":[],"product_cat":[145,176],"product_tag":[],"class_list":{"0":"post-18949","1":"product","2":"type-product","3":"status-publish","4":"has-post-thumbnail","6":"product_cat-design","7":"product_cat-portes-dentree","9":"first","10":"instock","11":"shipping-taxable","12":"purchasable","13":"product-type-variable"},"_links":{"self":[{"href":"https:\/\/www.bertoli.fr\/en\/wp-json\/wp\/v2\/product\/18949","targetHints":{"allow":["GET"]}}],"collection":[{"href":"https:\/\/www.bertoli.fr\/en\/wp-json\/wp\/v2\/product"}],"about":[{"href":"https:\/\/www.bertoli.fr\/en\/wp-json\/wp\/v2\/types\/product"}],"wp:featuredmedia":[{"embeddable":true,"href":"https:\/\/www.bertoli.fr\/en\/wp-json\/wp\/v2\/media\/20421"}],"wp:attachment":[{"href":"https:\/\/www.bertoli.fr\/en\/wp-json\/wp\/v2\/media?parent=18949"}],"wp:term":[{"taxonomy":"product_brand","embeddable":true,"href":"https:\/\/www.bertoli.fr\/en\/wp-json\/wp\/v2\/product_brand?post=18949"},{"taxonomy":"product_cat","embeddable":true,"href":"https:\/\/www.bertoli.fr\/en\/wp-json\/wp\/v2\/product_cat?post=18949"},{"taxonomy":"product_tag","embeddable":true,"href":"https:\/\/www.bertoli.fr\/en\/wp-json\/wp\/v2\/product_tag?post=18949"}],"curies":[{"name":"wp","href":"https:\/\/api.w.org\/{rel}","templated":true}]}}