{"id":19136,"date":"2022-08-03T18:13:52","date_gmt":"2022-08-03T16:13:52","guid":{"rendered":"https:\/\/www.bertoli.fr\/?post_type=product&#038;p=19136"},"modified":"2026-04-13T12:00:46","modified_gmt":"2026-04-13T10:00:46","slug":"porte-panic-room-chambre-forte","status":"publish","type":"product","link":"https:\/\/www.bertoli.fr\/en\/portes\/porte-panic-room-chambre-forte\/","title":{"rendered":"VELA"},"content":{"rendered":"[vc_row et_column_align=\u201dalign-center\u201d css=\u201d.vc_custom_1579132110345{padding-top: 30px !important;padding-bottom: 60px !important;}\u201d][vc_column][vc_row_inner content_placement=\u201dmiddle\u201d][vc_column_inner offset=\u201dvc_col-lg-4\u2033][vc_column_text]\n<h5 class=\"fancy-title accent-color postline-large\">OIKOS Design<\/h5>\n<p><strong>VELA<\/strong><br \/>\nLa porte blind\u00e9e coulissante id\u00e9ale pour s\u00e9curiser une maison, une pi\u00e8ce \u201cpanic-room\u201d avec gain de place.[\/vc_column_text][\/vc_column_inner][vc_column_inner offset=\u201dvc_col-lg-offset-1 vc_col-lg-7\u2033]\t<div class=\"et-image-285 et-image     et_image_link\">\n\t\t<div class=\"et-image-inner \">\n\t\t\t\t\t\t\t<div class=\"et-image-thumb \">\n\t\t\t\t\t<img loading=\"lazy\" decoding=\"async\" width=\"995\" height=\"1024\" src=\"https:\/\/www.bertoli.fr\/wp-content\/uploads\/2022\/08\/VELA-NOYER-OIKOS-ATELIER-BERTOLI-995x1024.png\" class=\"attachment-large\" alt=\"\" title=\"VELA NOYER OIKOS ATELIER BERTOLI\" srcset=\"https:\/\/www.bertoli.fr\/wp-content\/uploads\/2022\/08\/VELA-NOYER-OIKOS-ATELIER-BERTOLI-995x1024.png 995w, https:\/\/www.bertoli.fr\/wp-content\/uploads\/2022\/08\/VELA-NOYER-OIKOS-ATELIER-BERTOLI-292x300.png 292w, https:\/\/www.bertoli.fr\/wp-content\/uploads\/2022\/08\/VELA-NOYER-OIKOS-ATELIER-BERTOLI-768x790.png 768w, https:\/\/www.bertoli.fr\/wp-content\/uploads\/2022\/08\/VELA-NOYER-OIKOS-ATELIER-BERTOLI-146x150.png 146w, https:\/\/www.bertoli.fr\/wp-content\/uploads\/2022\/08\/VELA-NOYER-OIKOS-ATELIER-BERTOLI-1000x1029.png 1000w, https:\/\/www.bertoli.fr\/wp-content\/uploads\/2022\/08\/VELA-NOYER-OIKOS-ATELIER-BERTOLI-50x50.png 50w, https:\/\/www.bertoli.fr\/wp-content\/uploads\/2022\/08\/VELA-NOYER-OIKOS-ATELIER-BERTOLI.png 1318w\" sizes=\"auto, (max-width: 995px) 100vw, 995px\" \/>\t\t\t\t<\/div>\n\t\t\t\t\t\t\t\t\t\t\t<\/div>\n\t<\/div>\n  [\/vc_column_inner][\/vc_row_inner][\/vc_column][\/vc_row][vc_row et_column_align=\u201dalign-center\u201d css=\u201d.vc_custom_1579132110345{padding-top: 30px !important;padding-bottom: 60px !important;}\u201d][vc_column]\t\t<div id=\"et-button-69fcc451406b9\" class=\"et_btn_align_center animation bottom-to-top\">\n\t\t\t<a href=\"https:\/\/www.bertoli.fr\/wp-content\/uploads\/2025\/10\/Collection-VELA-OIKOS-BERTOLI.pdf\" class=\" et_btn button et_btn_md solid color-   \" target=\"_blank\" role=\"button\" title=\"\" ><span>Catalogue VELA OIKOS<\/span><\/a>\n\t\t<\/div>\n\t\t\n\t[\/vc_column][\/vc_row][vc_row][vc_column][vc_separator][\/vc_column][\/vc_row][vc_row][vc_column]\t<div class=\"et-image-500 et-image aligncenter    et_image_link\">\n\t\t<div class=\"et-image-inner \">\n\t\t\t\t\t\t\t<div class=\"et-image-thumb \">\n\t\t\t\t\t<img loading=\"lazy\" decoding=\"async\" width=\"2560\" height=\"1378\" src=\"https:\/\/www.bertoli.fr\/wp-content\/uploads\/2022\/08\/VELA-NOYER-Canaletto-Tavolato-OIKOS-ATELIER-BERTOLI-scaled.png\" class=\"attachment-full\" alt=\"\" title=\"VELA NOYER Canaletto Tavolato OIKOS ATELIER BERTOLI\" srcset=\"https:\/\/www.bertoli.fr\/wp-content\/uploads\/2022\/08\/VELA-NOYER-Canaletto-Tavolato-OIKOS-ATELIER-BERTOLI-scaled.png 2560w, https:\/\/www.bertoli.fr\/wp-content\/uploads\/2022\/08\/VELA-NOYER-Canaletto-Tavolato-OIKOS-ATELIER-BERTOLI-300x161.png 300w, https:\/\/www.bertoli.fr\/wp-content\/uploads\/2022\/08\/VELA-NOYER-Canaletto-Tavolato-OIKOS-ATELIER-BERTOLI-1024x551.png 1024w, https:\/\/www.bertoli.fr\/wp-content\/uploads\/2022\/08\/VELA-NOYER-Canaletto-Tavolato-OIKOS-ATELIER-BERTOLI-768x413.png 768w, https:\/\/www.bertoli.fr\/wp-content\/uploads\/2022\/08\/VELA-NOYER-Canaletto-Tavolato-OIKOS-ATELIER-BERTOLI-1536x827.png 1536w, https:\/\/www.bertoli.fr\/wp-content\/uploads\/2022\/08\/VELA-NOYER-Canaletto-Tavolato-OIKOS-ATELIER-BERTOLI-2048x1102.png 2048w, https:\/\/www.bertoli.fr\/wp-content\/uploads\/2022\/08\/VELA-NOYER-Canaletto-Tavolato-OIKOS-ATELIER-BERTOLI-150x81.png 150w, https:\/\/www.bertoli.fr\/wp-content\/uploads\/2022\/08\/VELA-NOYER-Canaletto-Tavolato-OIKOS-ATELIER-BERTOLI-1000x538.png 1000w\" sizes=\"auto, (max-width: 2560px) 100vw, 2560px\" \/>\t\t\t\t<\/div>\n\t\t\t\t\t\t\t\t\t\t\t<\/div>\n\t<\/div>\n  [vc_separator][\/vc_column][\/vc_row][vc_row equal_height=\u201dyes\u201d css=\u201d.vc_custom_1659104334828{padding-top: 60px !important;padding-bottom: 60px !important;}\u201d][vc_column el_class=\u201dimagesdetails\u201d][vc_row_inner et_column_align=\u201dalign-center\u201d equal_height=\u201dyes\u201d][vc_column_inner width=\u201d1\/3\u2033 offset=\u201dvc_col-lg-4\u2033][vc_column_text]\n<h5 class=\"fancy-title accent-color postline-large\">Technique<\/h5>\n<p>\ud83c\udf1f Anti-Effraction\u00a0 CLASSE 4<br \/>\n\u266a\u00a0 \u00a0 Classement ACOUSTIQUE\u00a0 42dB<br \/>\n<strong>Air 3 \/ Eau 7A \/ Vent C5 \/ Ud 1.3<\/strong>[\/vc_column_text][\/vc_column_inner][vc_column_inner width=\u201d1\/3\u2033][vc_column_text]\n<h5 class=\"fancy-title accent-color postline-large\">Descriptif<\/h5>\n<ul>\n<li>Dimensions maximales : 5000 de haut x 3750mm de large<\/li>\n<li>Ouverture et fermeture avec rail manuel ou motoris\u00e9 sur demande<\/li>\n<li>Serrure avec syst\u00e8me Archey sur demande<\/li>\n<\/ul>\n[\/vc_column_text][\/vc_column_inner][vc_column_inner width=\u201d1\/3\u2033][vc_column_text]\n<h5 class=\"fancy-title accent-color postline-large\">Mati\u00e8res et Finitions<\/h5>\n<ul>\n<li style=\"list-style-type: none;\">\n<ul>\n<li>Bois teint\u00e9, laqu\u00e9<\/li>\n<li>Corten<\/li>\n<li>Verre<\/li>\n<li>Aluminium<\/li>\n<li>Cuir<\/li>\n<li>Marbre<\/li>\n<\/ul>\n<\/li>\n<\/ul>\n<p>large choix \u00e0 d\u00e9couvrir dans notre show-room[\/vc_column_text][\/vc_column_inner][\/vc_row_inner][\/vc_column][\/vc_row][vc_row][vc_column][vc_separator][\/vc_column][\/vc_row][vc_row et_column_align=\u201dalign-center\u201d css=\u201d.vc_custom_1579132110345{padding-top: 30px !important;padding-bottom: 60px !important;}\u201d][vc_column][vc_row_inner content_placement=\u201dmiddle\u201d][vc_column_inner et_column_overlap=\u201doverlap-right\u201d offset=\u201dvc_col-lg-4\u2033][vc_column_text]\n<h5 class=\"fancy-title accent-color postline-large\">Contr\u00f4le d\u2019acc\u00e8s<\/h5>\n<p><strong>ARCHEY\u00a0 \u00a0La Solution compl\u00e8te OIKOS<\/strong><\/p>\n<ul>\n<li>reconnaissance biom\u00e9trique<\/li>\n<li>lecteur de badge<\/li>\n<li>digicode<\/li>\n<\/ul>\n[\/vc_column_text][\/vc_column_inner][vc_column_inner offset=\u201dvc_col-lg-offset-1 vc_col-lg-7\u2033]\t<div class=\"et-image-762 et-image     et_image_link\">\n\t\t<div class=\"et-image-inner \">\n\t\t\t\t\t\t\t<div class=\"et-image-thumb \">\n\t\t\t\t\t<img loading=\"lazy\" decoding=\"async\" width=\"540\" height=\"360\" src=\"https:\/\/www.bertoli.fr\/wp-content\/uploads\/2022\/08\/ArckeyOikosBertoli.jpg\" class=\"attachment-full\" alt=\"ArckeyOikosBertoli logo\" title=\"ArckeyOikosBertoli\" srcset=\"https:\/\/www.bertoli.fr\/wp-content\/uploads\/2022\/08\/ArckeyOikosBertoli.jpg 540w, https:\/\/www.bertoli.fr\/wp-content\/uploads\/2022\/08\/ArckeyOikosBertoli-300x200.jpg 300w, https:\/\/www.bertoli.fr\/wp-content\/uploads\/2022\/08\/ArckeyOikosBertoli-150x100.jpg 150w\" sizes=\"auto, (max-width: 540px) 100vw, 540px\" \/>\t\t\t\t<\/div>\n\t\t\t\t\t\t\t\t\t\t\t<\/div>\n\t<\/div>\n  [\/vc_column_inner][\/vc_row_inner][\/vc_column][\/vc_row][vc_row et_column_align=\u201dalign-center\u201d css=\u201d.vc_custom_1579132110345{padding-top: 30px !important;padding-bottom: 60px !important;}\u201d][vc_column][vc_row_inner content_placement=\u201dmiddle\u201d][vc_column_inner et_column_overlap=\u201doverlap-right\u201d offset=\u201dvc_col-lg-4\u2033][vc_column_text]\n<h5 class=\"fancy-title accent-color postline-large\">Poign\u00e9e Ext\u00e9rieure<\/h5>\n<p><strong>MINIMALISTE <\/strong><\/p>\n<ul>\n<li>Digicode & lecteur de badge int\u00e9gr\u00e9s<\/li>\n<\/ul>\n[\/vc_column_text][\/vc_column_inner][vc_column_inner offset=\u201dvc_col-lg-offset-1 vc_col-lg-7\u2033]\t<div class=\"et-image-595 et-image     et_image_link\">\n\t\t<div class=\"et-image-inner \">\n\t\t\t\t\t\t\t<div class=\"et-image-thumb \">\n\t\t\t\t\t<img loading=\"lazy\" decoding=\"async\" width=\"1024\" height=\"994\" src=\"https:\/\/www.bertoli.fr\/wp-content\/uploads\/2022\/08\/poignee-exterieure-VELA-OIKOS-1-1024x994.png\" class=\"attachment-large\" alt=\"\" title=\"poign\u00e9e ext\u00e9rieure VELA OIKOS\" srcset=\"https:\/\/www.bertoli.fr\/wp-content\/uploads\/2022\/08\/poignee-exterieure-VELA-OIKOS-1-1024x994.png 1024w, https:\/\/www.bertoli.fr\/wp-content\/uploads\/2022\/08\/poignee-exterieure-VELA-OIKOS-1-300x291.png 300w, https:\/\/www.bertoli.fr\/wp-content\/uploads\/2022\/08\/poignee-exterieure-VELA-OIKOS-1-768x746.png 768w, https:\/\/www.bertoli.fr\/wp-content\/uploads\/2022\/08\/poignee-exterieure-VELA-OIKOS-1-150x146.png 150w, https:\/\/www.bertoli.fr\/wp-content\/uploads\/2022\/08\/poignee-exterieure-VELA-OIKOS-1-1000x971.png 1000w, https:\/\/www.bertoli.fr\/wp-content\/uploads\/2022\/08\/poignee-exterieure-VELA-OIKOS-1-50x50.png 50w, https:\/\/www.bertoli.fr\/wp-content\/uploads\/2022\/08\/poignee-exterieure-VELA-OIKOS-1.png 1030w\" sizes=\"auto, (max-width: 1024px) 100vw, 1024px\" \/>\t\t\t\t<\/div>\n\t\t\t\t\t\t\t\t\t\t\t<\/div>\n\t<\/div>\n  [\/vc_column_inner][\/vc_row_inner][\/vc_column][\/vc_row][vc_row][vc_column][vc_separator][\/vc_column][\/vc_row][vc_row][vc_column][vc_separator][\/vc_column][\/vc_row][vc_row][vc_column width=\u201d1\/2\u2033]\t<div class=\"et-image-837 et-image     et_image_link\">\n\t\t<div class=\"et-image-inner \">\n\t\t\t\t\t\t\t<div class=\"et-image-thumb \">\n\t\t\t\t\t<img loading=\"lazy\" decoding=\"async\" width=\"1487\" height=\"1000\" src=\"https:\/\/www.bertoli.fr\/wp-content\/uploads\/2022\/08\/poignee-interieure-VELA-OIKOS.png\" class=\"attachment-full\" alt=\"\" title=\"poign\u00e9e int\u00e9rieure VELA OIKOS\" srcset=\"https:\/\/www.bertoli.fr\/wp-content\/uploads\/2022\/08\/poignee-interieure-VELA-OIKOS.png 1487w, https:\/\/www.bertoli.fr\/wp-content\/uploads\/2022\/08\/poignee-interieure-VELA-OIKOS-300x202.png 300w, https:\/\/www.bertoli.fr\/wp-content\/uploads\/2022\/08\/poignee-interieure-VELA-OIKOS-1024x689.png 1024w, https:\/\/www.bertoli.fr\/wp-content\/uploads\/2022\/08\/poignee-interieure-VELA-OIKOS-768x516.png 768w, https:\/\/www.bertoli.fr\/wp-content\/uploads\/2022\/08\/poignee-interieure-VELA-OIKOS-150x101.png 150w, https:\/\/www.bertoli.fr\/wp-content\/uploads\/2022\/08\/poignee-interieure-VELA-OIKOS-1000x672.png 1000w\" sizes=\"auto, (max-width: 1487px) 100vw, 1487px\" \/>\t\t\t\t<\/div>\n\t\t\t\t\t\t\t\t\t\t\t\t\t<div class=\"et-image-content\">\n\t\t\t\t\t<div class=\"title size-h4\">\n<div class=\"title size-h4\"><b>Poign\u00e9e int\u00e9rieure<\/b><\/div>\n<\/div>\n\t\t\t\t<\/div>\n\t\t\t\t\t<\/div>\n\t<\/div>\n  [\/vc_column][vc_column width=\u201d1\/2\u2033]\t<div class=\"et-image-116 et-image     et_image_link\">\n\t\t<div class=\"et-image-inner \">\n\t\t\t\t\t\t\t<div class=\"et-image-thumb \">\n\t\t\t\t\t<img loading=\"lazy\" decoding=\"async\" width=\"1487\" height=\"1000\" src=\"https:\/\/www.bertoli.fr\/wp-content\/uploads\/2022\/08\/poignee-exterieure-VELA-OIKOS.png\" class=\"attachment-full\" alt=\"\" title=\"poign\u00e9e ext\u00e9rieure VELA OIKOS\" srcset=\"https:\/\/www.bertoli.fr\/wp-content\/uploads\/2022\/08\/poignee-exterieure-VELA-OIKOS.png 1487w, https:\/\/www.bertoli.fr\/wp-content\/uploads\/2022\/08\/poignee-exterieure-VELA-OIKOS-300x202.png 300w, https:\/\/www.bertoli.fr\/wp-content\/uploads\/2022\/08\/poignee-exterieure-VELA-OIKOS-1024x689.png 1024w, https:\/\/www.bertoli.fr\/wp-content\/uploads\/2022\/08\/poignee-exterieure-VELA-OIKOS-768x516.png 768w, https:\/\/www.bertoli.fr\/wp-content\/uploads\/2022\/08\/poignee-exterieure-VELA-OIKOS-150x101.png 150w, https:\/\/www.bertoli.fr\/wp-content\/uploads\/2022\/08\/poignee-exterieure-VELA-OIKOS-1000x672.png 1000w\" sizes=\"auto, (max-width: 1487px) 100vw, 1487px\" \/>\t\t\t\t<\/div>\n\t\t\t\t\t\t\t\t\t\t\t\t\t<div class=\"et-image-content\">\n\t\t\t\t\t<p><b>Poign\u00e9e int\u00e9rieure<\/b><\/p>\n\t\t\t\t<\/div>\n\t\t\t\t\t<\/div>\n\t<\/div>\n  [\/vc_column][\/vc_row][vc_row][vc_column][vc_separator][\/vc_column][\/vc_row]\n","protected":false},"excerpt":{"rendered":"<div class=\"wpb_text_column wpb_content_element \">\n<div class=\"wpb_wrapper\">\n<p>Porte de panic-room ou porte pali\u00e8re, cette porte coulissante blind\u00e9e Design embellira et s\u00e9curisera votre espace \u00e0 la perfection !<\/p>\n<p><em>Peut-\u00eatre utilis\u00e9e en porte d&#8217;entr\u00e9e, suivant l&#8217;exposition<\/em><\/p>\n<\/div>\n<\/div>\n","protected":false},"featured_media":19150,"template":"","meta":[],"product_brand":[],"product_cat":[147],"product_tag":[],"class_list":{"0":"post-19136","1":"product","2":"type-product","3":"status-publish","4":"has-post-thumbnail","6":"product_cat-blindeesetcoupe-feu","8":"first","9":"instock","10":"shipping-taxable","11":"product-type-simple"},"_links":{"self":[{"href":"https:\/\/www.bertoli.fr\/en\/wp-json\/wp\/v2\/product\/19136","targetHints":{"allow":["GET"]}}],"collection":[{"href":"https:\/\/www.bertoli.fr\/en\/wp-json\/wp\/v2\/product"}],"about":[{"href":"https:\/\/www.bertoli.fr\/en\/wp-json\/wp\/v2\/types\/product"}],"wp:featuredmedia":[{"embeddable":true,"href":"https:\/\/www.bertoli.fr\/en\/wp-json\/wp\/v2\/media\/19150"}],"wp:attachment":[{"href":"https:\/\/www.bertoli.fr\/en\/wp-json\/wp\/v2\/media?parent=19136"}],"wp:term":[{"taxonomy":"product_brand","embeddable":true,"href":"https:\/\/www.bertoli.fr\/en\/wp-json\/wp\/v2\/product_brand?post=19136"},{"taxonomy":"product_cat","embeddable":true,"href":"https:\/\/www.bertoli.fr\/en\/wp-json\/wp\/v2\/product_cat?post=19136"},{"taxonomy":"product_tag","embeddable":true,"href":"https:\/\/www.bertoli.fr\/en\/wp-json\/wp\/v2\/product_tag?post=19136"}],"curies":[{"name":"wp","href":"https:\/\/api.w.org\/{rel}","templated":true}]}}