{"id":19180,"date":"2022-08-04T12:05:59","date_gmt":"2022-08-04T10:05:59","guid":{"rendered":"https:\/\/www.bertoli.fr\/?post_type=product&#038;p=19180"},"modified":"2026-04-13T12:01:13","modified_gmt":"2026-04-13T10:01:13","slug":"vert","status":"publish","type":"product","link":"https:\/\/www.bertoli.fr\/en\/portes\/vert\/","title":{"rendered":"VERT"},"content":{"rendered":"[vc_row][vc_column][vc_column_text]<span style=\"vertical-align: inherit;\"><span style=\"vertical-align: inherit;\">[\/vc_column_text][\/vc_column][\/vc_row][vc_row css=&#8221;.vc_custom_1659617692709{padding-top : 30px !important;padding-bottom : 60px !important;}&#8221;][vc_column][vc_row_inner content_placement=&#8221;middle&#8221;][vc_column_inner offset=&#8221;vc_col-lg-4&#8243;][vc_column_text]\u00a0<\/span><\/span><\/p>\n<h5 class=\"fancy-title accent-color postline-large\"><span style=\"vertical-align: inherit;\"><span style=\"vertical-align: inherit;\">Nouveaut\u00e9<\/span><\/span><\/h5>\n<p><strong>VERT\u00a0<\/strong><br \/>\nTr\u00e8s tendance, lignes simples<br \/>\nverticales, existe en profils horizontaux[\/vc_column_text][\/vc_column_inner][vc_column_inner offset=&#8221;vc_col-lg-offset-1 vc_col-lg-7&#8243;]\t<div class=\"et-image-176 et-image     et_image_link\">\n\t\t<div class=\"et-image-inner \">\n\t\t\t\t\t\t\t<div class=\"et-image-thumb \">\n\t\t\t\t\t<img loading=\"lazy\" decoding=\"async\" width=\"560\" height=\"700\" src=\"https:\/\/www.bertoli.fr\/wp-content\/uploads\/2022\/08\/G-LIKE-VERT-Collection-5.jpg\" class=\"attachment-full\" alt=\"G LIKE VERT Collection par atelier Bertoli avec lame m\u00e9tal verticale\" title=\"G LIKE VERT Collection (5)\" srcset=\"https:\/\/www.bertoli.fr\/wp-content\/uploads\/2022\/08\/G-LIKE-VERT-Collection-5.jpg 560w, https:\/\/www.bertoli.fr\/wp-content\/uploads\/2022\/08\/G-LIKE-VERT-Collection-5-240x300.jpg 240w, https:\/\/www.bertoli.fr\/wp-content\/uploads\/2022\/08\/G-LIKE-VERT-Collection-5-120x150.jpg 120w\" sizes=\"auto, (max-width: 560px) 100vw, 560px\" \/>\t\t\t\t<\/div>\n\t\t\t\t\t\t\t\t\t\t\t<\/div>\n\t<\/div>\n  [\/vc_column_inner][\/vc_row_inner][\/vc_column][\/vc_row][vc_row et_column_align=&#8221;align-center&#8221; css=&#8221;.vc_custom_1579132139891{padding-bottom: 60px !important;}&#8221;][vc_column width=&#8221;1\/4&#8243;][vc_row_inner content_placement=&#8221;middle&#8221;][vc_column_inner et_column_overlap=&#8221;overlap-right&#8221; offset=&#8221;vc_col-lg-7&#8243;]\t\t<div id=\"et-button-69f75d643cb69\" class=\"et_btn_align_left \">\n\t\t\t<a href=\"https:\/\/www.bertoli.fr\/wp-content\/uploads\/2024\/10\/Collection-GLIKE-BERTOLI-GIDEA.pdf\" class=\" et_btn button et_btn_md solid color-   \" target=\"_blank\" role=\"button\" title=\"\" ><span>Catalogue G-Like<\/span><\/a>\n\t\t<\/div>\n\t\t\n\t[\/vc_column_inner][\/vc_row_inner][\/vc_column][vc_column width=&#8221;3\/4&#8243;][vc_column_text]\n<h5 class=\"fancy-title accent-color postline-large\">Collection<\/h5>\n<p><strong><span style=\"vertical-align: inherit;\"><span style=\"vertical-align: inherit;\">la Collection G-Like<\/span><\/span><\/strong><br \/>\n<span style=\"vertical-align: inherit;\"><span style=\"vertical-align: inherit;\"> offre un large choix de mod\u00e8les vitr\u00e9s aux lignes \u00e9pur\u00e9es[\/vc_column_text][\/vc_column][\/vc_row][vc_row][vc_column][vc_separator][\/vc_column][\/vc_row][vc_row][vc_column][vc_column_text]<\/span><\/span>[\/vc_column_text][\/vc_column][\/vc_row]\n","protected":false},"excerpt":{"rendered":"<p><span style=\"vertical-align: inherit;\"><span style=\"vertical-align: inherit;\">En porte battante, avec cadre invisible, coulissant, ce mod\u00e8le tr\u00e8s \u00e9l\u00e9gant et design \u00e0 tout pour vous plaire ! <\/span><\/span><br \/>\n<span style=\"vertical-align: inherit;\"><span style=\"vertical-align: inherit;\">mod\u00e8le pr\u00e9sent\u00e9 avec profils en aluminium finition Bronze\u00a0 &amp; verre clair<br \/>\nToutes dimensions<\/span><\/span><\/p>\n","protected":false},"featured_media":20184,"template":"","meta":[],"product_brand":[],"product_cat":[149,177],"product_tag":[],"class_list":{"0":"post-19180","1":"product","2":"type-product","3":"status-publish","4":"has-post-thumbnail","6":"product_cat-garofoli","7":"product_cat-portes-dinterieur","9":"first","10":"instock","11":"shipping-taxable","12":"purchasable","13":"product-type-variable"},"_links":{"self":[{"href":"https:\/\/www.bertoli.fr\/en\/wp-json\/wp\/v2\/product\/19180","targetHints":{"allow":["GET"]}}],"collection":[{"href":"https:\/\/www.bertoli.fr\/en\/wp-json\/wp\/v2\/product"}],"about":[{"href":"https:\/\/www.bertoli.fr\/en\/wp-json\/wp\/v2\/types\/product"}],"wp:featuredmedia":[{"embeddable":true,"href":"https:\/\/www.bertoli.fr\/en\/wp-json\/wp\/v2\/media\/20184"}],"wp:attachment":[{"href":"https:\/\/www.bertoli.fr\/en\/wp-json\/wp\/v2\/media?parent=19180"}],"wp:term":[{"taxonomy":"product_brand","embeddable":true,"href":"https:\/\/www.bertoli.fr\/en\/wp-json\/wp\/v2\/product_brand?post=19180"},{"taxonomy":"product_cat","embeddable":true,"href":"https:\/\/www.bertoli.fr\/en\/wp-json\/wp\/v2\/product_cat?post=19180"},{"taxonomy":"product_tag","embeddable":true,"href":"https:\/\/www.bertoli.fr\/en\/wp-json\/wp\/v2\/product_tag?post=19180"}],"curies":[{"name":"wp","href":"https:\/\/api.w.org\/{rel}","templated":true}]}}