{"id":19230,"date":"2022-08-04T16:23:47","date_gmt":"2022-08-04T14:23:47","guid":{"rendered":"https:\/\/www.bertoli.fr\/?post_type=product&#038;p=19230"},"modified":"2026-04-13T12:01:15","modified_gmt":"2026-04-13T10:01:15","slug":"vintage","status":"publish","type":"product","link":"https:\/\/www.bertoli.fr\/en\/portes\/vintage\/","title":{"rendered":"VINTAGE"},"content":{"rendered":"[vc_row css=&#8221;.vc_custom_1659617692709{padding-top: 30px !important;padding-bottom: 60px !important;}&#8221;][vc_column][vc_row_inner content_placement=&#8221;middle&#8221;][vc_column_inner offset=&#8221;vc_col-lg-4&#8243;][vc_column_text]\n<h5 class=\"fancy-title accent-color postline-large\">Collection 50\u00a0 PATIO<\/h5>\n<h5 class=\"fancy-title accent-color postline-large\">UNE TOUCHE &#8220;BRUTE&#8221; POUR UNE AMBIANCE CHALEUREUSE ET NATURELLE<\/h5>\n<p><strong>Patio mod\u00e8le Vintage 1LVIN, finition ch\u00eane chaud.<\/strong>[\/vc_column_text][\/vc_column_inner][vc_column_inner offset=&#8221;vc_col-lg-offset-1 vc_col-lg-7&#8243;]\t<div class=\"et-image-242 et-image     et_image_link\">\n\t\t<div class=\"et-image-inner \">\n\t\t\t\t\t\t\t<div class=\"et-image-thumb \">\n\t\t\t\t\t<img loading=\"lazy\" decoding=\"async\" width=\"640\" height=\"800\" src=\"https:\/\/www.bertoli.fr\/wp-content\/uploads\/2022\/08\/porte-vintage50.jpg\" class=\"attachment-full\" alt=\"porte vintage50 bois claire par l&#039;atelier Bertoli\" title=\"porte vintage50\" srcset=\"https:\/\/www.bertoli.fr\/wp-content\/uploads\/2022\/08\/porte-vintage50.jpg 640w, https:\/\/www.bertoli.fr\/wp-content\/uploads\/2022\/08\/porte-vintage50-240x300.jpg 240w, https:\/\/www.bertoli.fr\/wp-content\/uploads\/2022\/08\/porte-vintage50-120x150.jpg 120w\" sizes=\"auto, (max-width: 640px) 100vw, 640px\" \/>\t\t\t\t<\/div>\n\t\t\t\t\t\t\t\t\t\t\t<\/div>\n\t<\/div>\n  [\/vc_column_inner][\/vc_row_inner][\/vc_column][\/vc_row][vc_row][vc_column][vc_separator][\/vc_column][\/vc_row][vc_row et_column_align=&#8221;align-center&#8221; css=&#8221;.vc_custom_1579132139891{padding-bottom: 60px !important;}&#8221;][vc_column width=&#8221;1\/4&#8243;][vc_empty_space][vc_row_inner content_placement=&#8221;middle&#8221;][vc_column_inner et_column_overlap=&#8221;overlap-right&#8221; offset=&#8221;vc_col-lg-7&#8243;]\t\t<div id=\"et-button-69f24193ca9e9\" class=\"et_btn_align_left \">\n\t\t\t<a href=\"https:\/\/new.bertoli.fr\/portes\/pivia\/\" class=\" et_btn button et_btn_md solid color-   \" target=\"_blank\" role=\"button\" title=\"PIVIA\" ><span>Catalogue 50<\/span><\/a>\n\t\t<\/div>\n\t\t\n\t[\/vc_column_inner][\/vc_row_inner][\/vc_column][vc_column width=&#8221;3\/4&#8243;][vc_column_text]\n<h5 class=\"fancy-title accent-color postline-large\">Descriptif<\/h5>\n<ul>\n<li>Battante ou coulissante (pr\u00e9-cadre et ch\u00e2ssis sur demande)<\/li>\n<li>Dimensions au choix : 1950\/2000\/2040\/2050\/2100\u00a0 x\u00a0 600\/650\/700\/750\/800\/900mm\u00a0 (autres sur demande)<\/li>\n<li>Charni\u00e8res invisibles<\/li>\n<li>Serrure magn\u00e9tique<\/li>\n<li>Joint p\u00e9riph\u00e9rique<\/li>\n<li>Chambranles et contre-chambranles<\/li>\n<li>Ensemble poign\u00e9es AERA<\/li>\n<\/ul>\n[\/vc_column_text][\/vc_column][\/vc_row][vc_row][vc_column][vc_separator][vc_empty_space][\/vc_column][\/vc_row][vc_row][vc_column offset=&#8221;vc_col-lg-7&#8243;][vc_column_text]\n<h5 class=\"fancy-title accent-color postline-large\">D\u00e9tail<\/h5>\n<p>D\u00e9tail des n\u0153uds de ch\u00eane torr\u00e9fi\u00e9 qui caract\u00e9risent la surface de la porte Patio mod\u00e8le Vintage 1LVIN.[\/vc_column_text][\/vc_column][vc_column offset=&#8221;vc_col-lg-4&#8243;]\t<div class=\"et-image-414 et-image     et_image_link\">\n\t\t<div class=\"et-image-inner \">\n\t\t\t\t\t\t\t<div class=\"et-image-thumb \">\n\t\t\t\t\t<img loading=\"lazy\" decoding=\"async\" width=\"224\" height=\"104\" src=\"https:\/\/www.bertoli.fr\/wp-content\/uploads\/2022\/08\/chenechaudgarofolibertoli.png\" class=\"attachment-large\" alt=\"chene chaud garofoli bertoli\" title=\"chenechaudgarofolibertoli\" srcset=\"https:\/\/www.bertoli.fr\/wp-content\/uploads\/2022\/08\/chenechaudgarofolibertoli.png 224w, https:\/\/www.bertoli.fr\/wp-content\/uploads\/2022\/08\/chenechaudgarofolibertoli-150x70.png 150w\" sizes=\"auto, (max-width: 224px) 100vw, 224px\" \/>\t\t\t\t<\/div>\n\t\t\t\t\t\t\t\t\t\t\t<\/div>\n\t<\/div>\n  [\/vc_column][\/vc_row][vc_row][vc_column][vc_separator][\/vc_column][\/vc_row]\n","protected":false},"excerpt":{"rendered":"<p>Finition tr\u00e8s tendance, l\u00e9g\u00e8rement bross\u00e9e<br \/>\nCh\u00eane noueux, vernis naturel<\/p>\n<h5 class=\"fancy-title accent-color postline-large\">Mod\u00e8le visible dans notre show-room<\/h5>\n","protected":false},"featured_media":20188,"template":"","meta":[],"product_brand":[],"product_cat":[149,177],"product_tag":[],"class_list":{"0":"post-19230","1":"product","2":"type-product","3":"status-publish","4":"has-post-thumbnail","6":"product_cat-garofoli","7":"product_cat-portes-dinterieur","9":"first","10":"instock","11":"shipping-taxable","12":"purchasable","13":"product-type-variable"},"_links":{"self":[{"href":"https:\/\/www.bertoli.fr\/en\/wp-json\/wp\/v2\/product\/19230","targetHints":{"allow":["GET"]}}],"collection":[{"href":"https:\/\/www.bertoli.fr\/en\/wp-json\/wp\/v2\/product"}],"about":[{"href":"https:\/\/www.bertoli.fr\/en\/wp-json\/wp\/v2\/types\/product"}],"wp:featuredmedia":[{"embeddable":true,"href":"https:\/\/www.bertoli.fr\/en\/wp-json\/wp\/v2\/media\/20188"}],"wp:attachment":[{"href":"https:\/\/www.bertoli.fr\/en\/wp-json\/wp\/v2\/media?parent=19230"}],"wp:term":[{"taxonomy":"product_brand","embeddable":true,"href":"https:\/\/www.bertoli.fr\/en\/wp-json\/wp\/v2\/product_brand?post=19230"},{"taxonomy":"product_cat","embeddable":true,"href":"https:\/\/www.bertoli.fr\/en\/wp-json\/wp\/v2\/product_cat?post=19230"},{"taxonomy":"product_tag","embeddable":true,"href":"https:\/\/www.bertoli.fr\/en\/wp-json\/wp\/v2\/product_tag?post=19230"}],"curies":[{"name":"wp","href":"https:\/\/api.w.org\/{rel}","templated":true}]}}