{"id":19246,"date":"2022-08-04T17:03:26","date_gmt":"2022-08-04T15:03:26","guid":{"rendered":"https:\/\/www.bertoli.fr\/?post_type=product&#038;p=19246"},"modified":"2026-04-13T12:01:15","modified_gmt":"2026-04-13T10:01:15","slug":"noli-rotative","status":"publish","type":"product","link":"https:\/\/www.bertoli.fr\/en\/portes\/noli-rotative\/","title":{"rendered":"NOLI Rotative"},"content":{"rendered":"[vc_row css=&#8221;.vc_custom_1659617692709{padding-top: 30px !important;padding-bottom: 60px !important;}&#8221;][vc_column width=&#8221;1\/2&#8243;][vc_column_text]\n<h5 class=\"fancy-title accent-color postline-large\">UNE PORTE ROTATIVE<\/h5>\n<p><b>Si vous disposez d\u2019une salle de bain de petite superficie par exemple n\u00e9cessitant une porte \u00e0 ouverture intelligente et gain de place, pensez au choix des portes rotatives.<\/b><\/p>\n<p>Il s\u2019agit en effet de portes o\u00f9 le battant tourne sur lui-m\u00eame, en parvenant \u00e0 se d\u00e9placer en pouss\u00e9e sur les deux faces, gr\u00e2ce \u00e0 un axe. Ainsi, en coulissant vers le bord de l\u2019ouverture, l\u2019encombrement se r\u00e9duit consid\u00e9rablement par rapport \u00e0 une porte battante, avec un gain de surface non n\u00e9gligeable !<\/p>\n<ul>\n<li>R\u00e9duction de l\u2019encombrement de 50 %<\/li>\n<li>Aucun travail de ma\u00e7onnerie n\u00e9cessaire<\/li>\n<li><i class=\"icon-advantage\"><\/i>Acc\u00e8s facilit\u00e9 pour les personnes \u00e0 mobilit\u00e9 r\u00e9duite<\/li>\n<li><i class=\"icon-advantage\"><\/i>Aspect esth\u00e9tique identique aux portes battantes<\/li>\n<\/ul>\n[\/vc_column_text][\/vc_column][vc_column width=&#8221;1\/2&#8243;]\t<div class=\"et-image-292 et-image     et_image_link\">\n\t\t<div class=\"et-image-inner \">\n\t\t\t\t\t\t\t<div class=\"et-image-thumb \">\n\t\t\t\t\t<img loading=\"lazy\" decoding=\"async\" width=\"1400\" height=\"1050\" src=\"https:\/\/www.bertoli.fr\/wp-content\/uploads\/2022\/08\/portestiliarotativegideabertoli-1.jpg\" class=\"attachment-full\" alt=\"porte stilia rotative gidea par l&#039;atelier Bertoli\" title=\"portestiliarotativegideabertoli (1)\" srcset=\"https:\/\/www.bertoli.fr\/wp-content\/uploads\/2022\/08\/portestiliarotativegideabertoli-1.jpg 1400w, https:\/\/www.bertoli.fr\/wp-content\/uploads\/2022\/08\/portestiliarotativegideabertoli-1-300x225.jpg 300w, https:\/\/www.bertoli.fr\/wp-content\/uploads\/2022\/08\/portestiliarotativegideabertoli-1-1024x768.jpg 1024w, https:\/\/www.bertoli.fr\/wp-content\/uploads\/2022\/08\/portestiliarotativegideabertoli-1-768x576.jpg 768w, https:\/\/www.bertoli.fr\/wp-content\/uploads\/2022\/08\/portestiliarotativegideabertoli-1-150x113.jpg 150w, https:\/\/www.bertoli.fr\/wp-content\/uploads\/2022\/08\/portestiliarotativegideabertoli-1-1000x750.jpg 1000w\" sizes=\"auto, (max-width: 1400px) 100vw, 1400px\" \/>\t\t\t\t<\/div>\n\t\t\t\t\t\t\t\t\t\t\t<\/div>\n\t<\/div>\n  [\/vc_column][\/vc_row][vc_row et_column_align=&#8221;align-center&#8221; css=&#8221;.vc_custom_1579132139891{padding-bottom: 60px !important;}&#8221;][vc_column width=&#8221;1\/3&#8243;]\t<div class=\"et-image-267 et-image     et_image_link\">\n\t\t<div class=\"et-image-inner \">\n\t\t\t\t\t\t\t<div class=\"et-image-thumb \">\n\t\t\t\t\t<img loading=\"lazy\" decoding=\"async\" width=\"1100\" height=\"1467\" src=\"https:\/\/www.bertoli.fr\/wp-content\/uploads\/2022\/08\/portestiliarotativegideabertoli-2.jpg\" class=\"attachment-full\" alt=\"porte stilia rotative gidea par l&#039;atelier Bertoli\" title=\"portestiliarotativegideabertoli (2)\" srcset=\"https:\/\/www.bertoli.fr\/wp-content\/uploads\/2022\/08\/portestiliarotativegideabertoli-2.jpg 1100w, https:\/\/www.bertoli.fr\/wp-content\/uploads\/2022\/08\/portestiliarotativegideabertoli-2-225x300.jpg 225w, https:\/\/www.bertoli.fr\/wp-content\/uploads\/2022\/08\/portestiliarotativegideabertoli-2-768x1024.jpg 768w, https:\/\/www.bertoli.fr\/wp-content\/uploads\/2022\/08\/portestiliarotativegideabertoli-2-112x150.jpg 112w, https:\/\/www.bertoli.fr\/wp-content\/uploads\/2022\/08\/portestiliarotativegideabertoli-2-1000x1334.jpg 1000w\" sizes=\"auto, (max-width: 1100px) 100vw, 1100px\" \/>\t\t\t\t<\/div>\n\t\t\t\t\t\t\t\t\t\t\t<\/div>\n\t<\/div>\n  [\/vc_column][vc_column width=&#8221;1\/3&#8243;]\t<div class=\"et-image-807 et-image     et_image_link\">\n\t\t<div class=\"et-image-inner \">\n\t\t\t\t\t\t\t<div class=\"et-image-thumb \">\n\t\t\t\t\t<img loading=\"lazy\" decoding=\"async\" width=\"1200\" height=\"1600\" src=\"https:\/\/www.bertoli.fr\/wp-content\/uploads\/2022\/08\/portestiliarotativegideabertoli-3.jpg\" class=\"attachment-full\" alt=\"porte stilia rotative gidea par l&#039;atelier Bertoli\" title=\"portestiliarotativegideabertoli (3)\" srcset=\"https:\/\/www.bertoli.fr\/wp-content\/uploads\/2022\/08\/portestiliarotativegideabertoli-3.jpg 1200w, https:\/\/www.bertoli.fr\/wp-content\/uploads\/2022\/08\/portestiliarotativegideabertoli-3-225x300.jpg 225w, https:\/\/www.bertoli.fr\/wp-content\/uploads\/2022\/08\/portestiliarotativegideabertoli-3-768x1024.jpg 768w, https:\/\/www.bertoli.fr\/wp-content\/uploads\/2022\/08\/portestiliarotativegideabertoli-3-1152x1536.jpg 1152w, https:\/\/www.bertoli.fr\/wp-content\/uploads\/2022\/08\/portestiliarotativegideabertoli-3-113x150.jpg 113w, https:\/\/www.bertoli.fr\/wp-content\/uploads\/2022\/08\/portestiliarotativegideabertoli-3-1000x1333.jpg 1000w\" sizes=\"auto, (max-width: 1200px) 100vw, 1200px\" \/>\t\t\t\t<\/div>\n\t\t\t\t\t\t\t\t\t\t\t<\/div>\n\t<\/div>\n  [\/vc_column][vc_column width=&#8221;1\/3&#8243;]\t<div class=\"et-image-554 et-image     et_image_link\">\n\t\t<div class=\"et-image-inner \">\n\t\t\t\t\t\t\t<div class=\"et-image-thumb \">\n\t\t\t\t\t<img loading=\"lazy\" decoding=\"async\" width=\"1200\" height=\"1600\" src=\"https:\/\/www.bertoli.fr\/wp-content\/uploads\/2022\/08\/portestiliarotativegideabertoli-4.jpg\" class=\"attachment-full\" alt=\"porte stilia rotative gidea bertoli NOLI Rotative\" title=\"portestiliarotativegideabertoli (4)\" srcset=\"https:\/\/www.bertoli.fr\/wp-content\/uploads\/2022\/08\/portestiliarotativegideabertoli-4.jpg 1200w, https:\/\/www.bertoli.fr\/wp-content\/uploads\/2022\/08\/portestiliarotativegideabertoli-4-225x300.jpg 225w, https:\/\/www.bertoli.fr\/wp-content\/uploads\/2022\/08\/portestiliarotativegideabertoli-4-768x1024.jpg 768w, https:\/\/www.bertoli.fr\/wp-content\/uploads\/2022\/08\/portestiliarotativegideabertoli-4-1152x1536.jpg 1152w, https:\/\/www.bertoli.fr\/wp-content\/uploads\/2022\/08\/portestiliarotativegideabertoli-4-113x150.jpg 113w, https:\/\/www.bertoli.fr\/wp-content\/uploads\/2022\/08\/portestiliarotativegideabertoli-4-1000x1333.jpg 1000w\" sizes=\"auto, (max-width: 1200px) 100vw, 1200px\" \/>\t\t\t\t<\/div>\n\t\t\t\t\t\t\t\t\t\t\t<\/div>\n\t<\/div>\n  [\/vc_column][\/vc_row][vc_row][vc_column][vc_separator][vc_empty_space][vc_row_inner content_placement=&#8221;middle&#8221;][vc_column_inner offset=&#8221;vc_col-lg-4&#8243;][vc_column_text]\n<h5 class=\"fancy-title accent-color postline-large\">AUTRE SYST\u00c8ME<\/h5>\n<p>Nous proposons un autre syst\u00e8me pour le gain de place, la porte pliante<\/p>\n<h5 class=\"fancy-title accent-color postline-large\"><\/h5>\n<h3><\/h3>\n<h3><\/h3>\n[\/vc_column_text][\/vc_column_inner][vc_column_inner offset=&#8221;vc_col-lg-offset-1 vc_col-lg-7&#8243;]\t<div class=\"et-image-672 et-image     et_image_link\">\n\t\t<div class=\"et-image-inner \">\n\t\t\t\t\t\t\t<div class=\"et-image-thumb \">\n\t\t\t\t\t<img loading=\"lazy\" decoding=\"async\" width=\"800\" height=\"1000\" src=\"https:\/\/www.bertoli.fr\/wp-content\/uploads\/2022\/08\/miraquadrapliantebertoli.jpg\" class=\"attachment-full\" alt=\"miraquadra pliante bertoli rotative NOLI\" title=\"miraquadrapliantebertoli\" srcset=\"https:\/\/www.bertoli.fr\/wp-content\/uploads\/2022\/08\/miraquadrapliantebertoli.jpg 800w, https:\/\/www.bertoli.fr\/wp-content\/uploads\/2022\/08\/miraquadrapliantebertoli-240x300.jpg 240w, https:\/\/www.bertoli.fr\/wp-content\/uploads\/2022\/08\/miraquadrapliantebertoli-768x960.jpg 768w, https:\/\/www.bertoli.fr\/wp-content\/uploads\/2022\/08\/miraquadrapliantebertoli-120x150.jpg 120w\" sizes=\"auto, (max-width: 800px) 100vw, 800px\" \/>\t\t\t\t<\/div>\n\t\t\t\t\t\t\t\t\t\t\t<\/div>\n\t<\/div>\n  [\/vc_column_inner][\/vc_row_inner][\/vc_column][\/vc_row][vc_row][vc_column][vc_empty_space][vc_separator][\/vc_column][\/vc_row]\n","protected":false},"excerpt":{"rendered":"<p>pr\u00e9sent\u00e9e avec le syst\u00e8me d\u2019ouverture innovant \u00ab Rotatif par pouss\u00e9e dans les deux sens \u00bb,<br \/>\npermettant de gagner de la place et ouverture ais\u00e9e pour les personnes \u00e0 mobilit\u00e9 r\u00e9duite.<\/p>\n<p>Cette option est propos\u00e9e sur de nombreux mod\u00e8les GAROFOLI<\/p>\n","protected":false},"featured_media":20174,"template":"","meta":[],"product_brand":[],"product_cat":[149,177],"product_tag":[],"class_list":{"0":"post-19246","1":"product","2":"type-product","3":"status-publish","4":"has-post-thumbnail","6":"product_cat-garofoli","7":"product_cat-portes-dinterieur","9":"first","10":"instock","11":"shipping-taxable","12":"purchasable","13":"product-type-simple"},"_links":{"self":[{"href":"https:\/\/www.bertoli.fr\/en\/wp-json\/wp\/v2\/product\/19246","targetHints":{"allow":["GET"]}}],"collection":[{"href":"https:\/\/www.bertoli.fr\/en\/wp-json\/wp\/v2\/product"}],"about":[{"href":"https:\/\/www.bertoli.fr\/en\/wp-json\/wp\/v2\/types\/product"}],"wp:featuredmedia":[{"embeddable":true,"href":"https:\/\/www.bertoli.fr\/en\/wp-json\/wp\/v2\/media\/20174"}],"wp:attachment":[{"href":"https:\/\/www.bertoli.fr\/en\/wp-json\/wp\/v2\/media?parent=19246"}],"wp:term":[{"taxonomy":"product_brand","embeddable":true,"href":"https:\/\/www.bertoli.fr\/en\/wp-json\/wp\/v2\/product_brand?post=19246"},{"taxonomy":"product_cat","embeddable":true,"href":"https:\/\/www.bertoli.fr\/en\/wp-json\/wp\/v2\/product_cat?post=19246"},{"taxonomy":"product_tag","embeddable":true,"href":"https:\/\/www.bertoli.fr\/en\/wp-json\/wp\/v2\/product_tag?post=19246"}],"curies":[{"name":"wp","href":"https:\/\/api.w.org\/{rel}","templated":true}]}}