{"id":19268,"date":"2022-08-04T17:49:46","date_gmt":"2022-08-04T15:49:46","guid":{"rendered":"https:\/\/www.bertoli.fr\/?post_type=product&#038;p=19268"},"modified":"2026-04-13T12:01:15","modified_gmt":"2026-04-13T10:01:15","slug":"bilato","status":"publish","type":"product","link":"https:\/\/www.bertoli.fr\/en\/portes\/bilato\/","title":{"rendered":"FILOMURO BILATO"},"content":{"rendered":"[vc_row et_column_align=&#8221;align-center&#8221; css=&#8221;.vc_custom_1579132110345{padding-top: 30px !important;padding-bottom: 60px !important;}&#8221;][vc_column][vc_row_inner content_placement=&#8221;middle&#8221;][vc_column_inner offset=&#8221;vc_col-lg-4&#8243;][vc_column_text]\n<h5 class=\"fancy-title accent-color postline-large\">Incroyable !<\/h5>\n<h3>Au fil du mur des deux c\u00f4t\u00e9s &#8230;<\/h3>\n<p>BILATO d&#8217;une \u00e9paisseur de 103mm \u00e9pousera votre cloison dans sa largeur totale<br \/>\nSur pivots ou sur charni\u00e8res invisibles elle se confondra \u00e0 vos murs[\/vc_column_text][\/vc_column_inner][vc_column_inner offset=&#8221;vc_col-lg-offset-1 vc_col-lg-7&#8243;]\t<div class=\"et-image-611 et-image     et_image_link\">\n\t\t<div class=\"et-image-inner \">\n\t\t\t\t\t\t\t<div class=\"et-image-thumb \">\n\t\t\t\t\t<img loading=\"lazy\" decoding=\"async\" width=\"480\" height=\"600\" src=\"https:\/\/www.bertoli.fr\/wp-content\/uploads\/2022\/08\/filomuro-parete-in-legno-PARTICOLARE.png\" class=\"attachment-full\" alt=\"filomuro-parete-in-legno-PARTICOLARE\" title=\"filomuro-parete-in-legno-PARTICOLARE\" srcset=\"https:\/\/www.bertoli.fr\/wp-content\/uploads\/2022\/08\/filomuro-parete-in-legno-PARTICOLARE.png 480w, https:\/\/www.bertoli.fr\/wp-content\/uploads\/2022\/08\/filomuro-parete-in-legno-PARTICOLARE-240x300.png 240w, https:\/\/www.bertoli.fr\/wp-content\/uploads\/2022\/08\/filomuro-parete-in-legno-PARTICOLARE-120x150.png 120w\" sizes=\"auto, (max-width: 480px) 100vw, 480px\" \/>\t\t\t\t<\/div>\n\t\t\t\t\t\t\t\t\t\t\t<\/div>\n\t<\/div>\n  [\/vc_column_inner][\/vc_row_inner][\/vc_column][\/vc_row][vc_row et_column_align=&#8221;align-center&#8221; css=&#8221;.vc_custom_1579132139891{padding-bottom: 60px !important;}&#8221;][vc_column][vc_row_inner content_placement=&#8221;middle&#8221;][vc_column_inner width=&#8221;1\/3&#8243; offset=&#8221;vc_col-lg-6&#8243;]\t<div class=\"et-image-363 et-image     et_image_link\">\n\t\t<div class=\"et-image-inner \">\n\t\t\t\t\t\t\t<div class=\"et-image-thumb \">\n\t\t\t\t\t<img loading=\"lazy\" decoding=\"async\" width=\"960\" height=\"600\" src=\"https:\/\/www.bertoli.fr\/wp-content\/uploads\/2022\/04\/filomuro-intonacata.png\" class=\"attachment-full\" alt=\"porte filomuro intonacata\" title=\"porte filomuro\" srcset=\"https:\/\/www.bertoli.fr\/wp-content\/uploads\/2022\/04\/filomuro-intonacata.png 960w, https:\/\/www.bertoli.fr\/wp-content\/uploads\/2022\/04\/filomuro-intonacata-300x188.png 300w, https:\/\/www.bertoli.fr\/wp-content\/uploads\/2022\/04\/filomuro-intonacata-768x480.png 768w, https:\/\/www.bertoli.fr\/wp-content\/uploads\/2022\/04\/filomuro-intonacata-150x94.png 150w\" sizes=\"auto, (max-width: 960px) 100vw, 960px\" \/>\t\t\t\t<\/div>\n\t\t\t\t\t\t\t\t\t\t\t<\/div>\n\t<\/div>\n  [\/vc_column_inner][vc_column_inner width=&#8221;2\/3&#8243; offset=&#8221;vc_col-lg-offset-1 vc_col-lg-3&#8243;][vc_column_text]\n<h5 class=\"fancy-title accent-color postline-large\">FILOMURO<\/h5>\n<h3>Large choix de mod\u00e8les et finitions<\/h3>\n<p>A peindre, \u00e0 tapisser, en massif, en verre, en finition laqu\u00e9e, m\u00e9lamin\u00e9e&#8230;<br \/>\nEpaisseur du vantail de 45 \u00e0 103mm..<br \/>\nJusqu&#8217;\u00e0 3500mm de hauteur !<br \/>\nSur charni\u00e8res invisibles ou pivots<br \/>\nCadre avec ou sans traverse haute pour des portes toute hauteur &#8230;[\/vc_column_text][\/vc_column_inner][vc_column_inner width=&#8221;1\/4&#8243;]\t\t<div id=\"et-button-69f415076375d\" class=\"et_btn_align_full \">\n\t\t\t<a href=\"\" class=\" et_btn button et_btn_md solid color-   \"  role=\"button\" title=\"\" ><span>Catalogue FILOMURO<\/span><\/a>\n\t\t<\/div>\n\t\t\n\t[\/vc_column_inner][\/vc_row_inner][\/vc_column][\/vc_row][vc_row][vc_column][vc_separator][\/vc_column][\/vc_row][vc_row et_column_align=&#8221;align-center&#8221; css=&#8221;.vc_custom_1579131817775{padding-top: 60px !important;padding-bottom: 60px !important;}&#8221;][vc_column][vc_row_inner et_column_align=&#8221;align-center&#8221;][vc_column_inner width=&#8221;2\/3&#8243; offset=&#8221;vc_col-lg-6&#8243;][vc_column_text]\n<h5 class=\"fancy-title accent-color postline-large\">Plinthe FILOMURO<\/h5>\n<h3>Indispensable pour parfaire votre d\u00e9coration design !<\/h3>\n<p>Une porte \u00e0 ras de mur, OUI ! mais les plinthes &#8230; ?<br \/>\nNous avons la solution adapt\u00e9e! <strong>la plinthe FILOMURO<\/strong>.<\/p>\n<p>Comme pour les cadres en aluminium des portes Filomuro \u00e0 faire poser lors du montage de vos cloisons, un support, devra \u00eatre fix\u00e9 dessous afin de recevoir, au moment des finitions int\u00e9rieures la plinthe FILOMURO.<\/p>\n<p>Align\u00e9e \u00e0 la porte, \u00e0 peindre ou en Ch\u00eane, avec ou sans LED&#8230;[\/vc_column_text]\t\t<div id=\"et-button-69f4150763773\" class=\"et_btn_align_full \">\n\t\t\t<a href=\"https:\/\/new.bertoli.fr\/wp-content\/uploads\/2022\/07\/Garofoli-Plinthes-Filomuro.pdf\" class=\" et_btn button et_btn_md solid color-  arrow-enabled \" target=\"_blank\" role=\"button\" title=\"\" ><span>Catalogue Plinthes FILOMURO<\/span><svg xmlns=\"http:\/\/www.w3.org\/2000\/svg\" xmlns:xlink=\"http:\/\/www.w3.org\/1999\/xlink\" x=\"0px\" y=\"0px\"\r\n\t width=\"30px\" height=\"18px\" viewBox=\"0 0 30 18\" enable-background=\"new 0 0 30 18\" xml:space=\"preserve\">\r\n<path class=\"handle\" d=\"M20.305,16.212c-0.407,0.409-0.407,1.071,0,1.479s1.068,0.408,1.476,0l7.914-7.952c0.408-0.409,0.408-1.071,0-1.481\r\n\tl-7.914-7.952c-0.407-0.409-1.068-0.409-1.476,0s-0.407,1.071,0,1.48l7.185,7.221L20.305,16.212z\"\/>\r\n<path class=\"bar\" fill-rule=\"evenodd\" clip-rule=\"evenodd\" d=\"M1,8h28.001c0.551,0,1,0.448,1,1c0,0.553-0.449,1-1,1H1c-0.553,0-1-0.447-1-1\r\n\tC0,8.448,0.447,8,1,8z\"\/>\r\n<\/svg>\r\n<\/a>\n\t\t<\/div>\n\t\t\n\t[\/vc_column_inner][vc_column_inner width=&#8221;1\/3&#8243;]\t<div class=\"et-image-546 et-image     et_image_link\">\n\t\t<div class=\"et-image-inner \">\n\t\t\t\t\t\t\t<div class=\"et-image-thumb \">\n\t\t\t\t\t<img loading=\"lazy\" decoding=\"async\" width=\"480\" height=\"300\" src=\"https:\/\/www.bertoli.fr\/wp-content\/uploads\/2021\/10\/Garofoli-plinthe-filomuro.jpg\" class=\"attachment-full\" alt=\"Garofoli plinthe filomuro mise en situation int\u00e9rieur\" title=\"Garofoli plinthe filomuro\" srcset=\"https:\/\/www.bertoli.fr\/wp-content\/uploads\/2021\/10\/Garofoli-plinthe-filomuro.jpg 480w, https:\/\/www.bertoli.fr\/wp-content\/uploads\/2021\/10\/Garofoli-plinthe-filomuro-300x188.jpg 300w, https:\/\/www.bertoli.fr\/wp-content\/uploads\/2021\/10\/Garofoli-plinthe-filomuro-150x94.jpg 150w\" sizes=\"auto, (max-width: 480px) 100vw, 480px\" \/>\t\t\t\t<\/div>\n\t\t\t\t\t\t\t\t\t\t\t<\/div>\n\t<\/div>\n  [\/vc_column_inner][\/vc_row_inner][\/vc_column][\/vc_row][vc_row][vc_column][vc_separator][\/vc_column][\/vc_row]\n","protected":false},"excerpt":{"rendered":"<p>Dimensions : jusqu&#8217;\u00e0 3500mm de hauteur, 1000mm de largeur en porte battante, 1200mm en porte coulissante.<br \/>\n<em>En version coulissante, nous pouvons vous proposez une offre compl\u00e8te avec le ch\u00e2ssis \u00e0 galandage, de fabrication Italienne \u00e9galement.<\/em><\/p>\n<p>&nbsp;<\/p>\n<h4>Mod\u00e8le visible dans notre show-room&#8230;<\/h4>\n<p>&nbsp;<\/p>\n<p>&nbsp;<\/p>\n","protected":false},"featured_media":20147,"template":"","meta":[],"product_brand":[],"product_cat":[149,177],"product_tag":[],"class_list":{"0":"post-19268","1":"product","2":"type-product","3":"status-publish","4":"has-post-thumbnail","6":"product_cat-garofoli","7":"product_cat-portes-dinterieur","9":"first","10":"instock","11":"shipping-taxable","12":"purchasable","13":"product-type-simple"},"_links":{"self":[{"href":"https:\/\/www.bertoli.fr\/en\/wp-json\/wp\/v2\/product\/19268","targetHints":{"allow":["GET"]}}],"collection":[{"href":"https:\/\/www.bertoli.fr\/en\/wp-json\/wp\/v2\/product"}],"about":[{"href":"https:\/\/www.bertoli.fr\/en\/wp-json\/wp\/v2\/types\/product"}],"wp:featuredmedia":[{"embeddable":true,"href":"https:\/\/www.bertoli.fr\/en\/wp-json\/wp\/v2\/media\/20147"}],"wp:attachment":[{"href":"https:\/\/www.bertoli.fr\/en\/wp-json\/wp\/v2\/media?parent=19268"}],"wp:term":[{"taxonomy":"product_brand","embeddable":true,"href":"https:\/\/www.bertoli.fr\/en\/wp-json\/wp\/v2\/product_brand?post=19268"},{"taxonomy":"product_cat","embeddable":true,"href":"https:\/\/www.bertoli.fr\/en\/wp-json\/wp\/v2\/product_cat?post=19268"},{"taxonomy":"product_tag","embeddable":true,"href":"https:\/\/www.bertoli.fr\/en\/wp-json\/wp\/v2\/product_tag?post=19268"}],"curies":[{"name":"wp","href":"https:\/\/api.w.org\/{rel}","templated":true}]}}