{"id":19309,"date":"2022-08-05T16:07:32","date_gmt":"2022-08-05T14:07:32","guid":{"rendered":"https:\/\/www.bertoli.fr\/?post_type=product&#038;p=19309"},"modified":"2026-04-13T12:01:12","modified_gmt":"2026-04-13T10:01:12","slug":"haussmannienne","status":"publish","type":"product","link":"https:\/\/www.bertoli.fr\/en\/portes\/haussmannienne\/","title":{"rendered":"Porte HAUSSMANNIENNE avec cymaise et plinthe"},"content":{"rendered":"[vc_row et_column_align=&#8221;align-center&#8221; css=&#8221;.vc_custom_1579132110345{padding-top: 30px !important;padding-bottom: 60px !important;}&#8221;][vc_column][vc_row_inner content_placement=&#8221;middle&#8221;][vc_column_inner offset=&#8221;vc_col-lg-4&#8243;][vc_column_text]\n<h5 class=\"fancy-title accent-color postline-large\">STYLE HAUSSMANNIEN<\/h5>\n<p>Des proportions, des moulures, du style&#8230;[\/vc_column_text][\/vc_column_inner][vc_column_inner offset=&#8221;vc_col-lg-offset-1 vc_col-lg-7&#8243;]\t<div class=\"et-image-726 et-image     et_image_link\">\n\t\t<div class=\"et-image-inner \">\n\t\t\t\t\t\t\t<div class=\"et-image-thumb \">\n\t\t\t\t\t<img loading=\"lazy\" decoding=\"async\" width=\"1198\" height=\"800\" src=\"https:\/\/www.bertoli.fr\/wp-content\/uploads\/2022\/08\/porte-haussmannienne-avec-jet-deau-et-plinthe-bertoli-3.jpg\" class=\"attachment-full\" alt=\"porte haussmannienne avec jet d&#039;eau et plinthe bertoli\" title=\"porte haussmannienne avec jet d&#039;eau et plinthe bertoli (3)\" srcset=\"https:\/\/www.bertoli.fr\/wp-content\/uploads\/2022\/08\/porte-haussmannienne-avec-jet-deau-et-plinthe-bertoli-3.jpg 1198w, https:\/\/www.bertoli.fr\/wp-content\/uploads\/2022\/08\/porte-haussmannienne-avec-jet-deau-et-plinthe-bertoli-3-300x200.jpg 300w, https:\/\/www.bertoli.fr\/wp-content\/uploads\/2022\/08\/porte-haussmannienne-avec-jet-deau-et-plinthe-bertoli-3-1024x684.jpg 1024w, https:\/\/www.bertoli.fr\/wp-content\/uploads\/2022\/08\/porte-haussmannienne-avec-jet-deau-et-plinthe-bertoli-3-768x513.jpg 768w, https:\/\/www.bertoli.fr\/wp-content\/uploads\/2022\/08\/porte-haussmannienne-avec-jet-deau-et-plinthe-bertoli-3-150x100.jpg 150w, https:\/\/www.bertoli.fr\/wp-content\/uploads\/2022\/08\/porte-haussmannienne-avec-jet-deau-et-plinthe-bertoli-3-1000x668.jpg 1000w\" sizes=\"auto, (max-width: 1198px) 100vw, 1198px\" \/>\t\t\t\t<\/div>\n\t\t\t\t\t\t\t\t\t\t\t<\/div>\n\t<\/div>\n  [\/vc_column_inner][\/vc_row_inner][\/vc_column][\/vc_row][vc_row et_column_align=&#8221;align-center&#8221; css=&#8221;.vc_custom_1579132139891{padding-bottom: 60px !important;}&#8221;][vc_column][vc_row_inner content_placement=&#8221;middle&#8221;][vc_column_inner offset=&#8221;vc_col-lg-7&#8243;]\t<div class=\"et-image-929 et-image     et_image_link\">\n\t\t<div class=\"et-image-inner \">\n\t\t\t\t\t\t\t<div class=\"et-image-thumb \">\n\t\t\t\t\t<img loading=\"lazy\" decoding=\"async\" width=\"534\" height=\"800\" src=\"https:\/\/www.bertoli.fr\/wp-content\/uploads\/2022\/08\/porte-haussmannienne-avec-jet-deau-et-plinthe-bertoli-1.jpg\" class=\"attachment-full\" alt=\"porte haussmannienne avec jet d&#039;eau et plinthe bertoli\" title=\"porte haussmannienne avec jet d&#039;eau et plinthe bertoli (1)\" srcset=\"https:\/\/www.bertoli.fr\/wp-content\/uploads\/2022\/08\/porte-haussmannienne-avec-jet-deau-et-plinthe-bertoli-1.jpg 534w, https:\/\/www.bertoli.fr\/wp-content\/uploads\/2022\/08\/porte-haussmannienne-avec-jet-deau-et-plinthe-bertoli-1-200x300.jpg 200w, https:\/\/www.bertoli.fr\/wp-content\/uploads\/2022\/08\/porte-haussmannienne-avec-jet-deau-et-plinthe-bertoli-1-100x150.jpg 100w\" sizes=\"auto, (max-width: 534px) 100vw, 534px\" \/>\t\t\t\t<\/div>\n\t\t\t\t\t\t\t\t\t\t\t<\/div>\n\t<\/div>\n  [\/vc_column_inner][vc_column_inner offset=&#8221;vc_col-lg-offset-1 vc_col-lg-4&#8243;][vc_column_text]\n<h5 class=\"fancy-title accent-color postline-large\">Serrurerie d\u00e9corative<\/h5>\n<h3>TAMARA by Enrico Cassina<\/h3>\n<p>Fabrication Italienne en laiton massif[\/vc_column_text][\/vc_column_inner][\/vc_row_inner][\/vc_column][\/vc_row][vc_row][vc_column][vc_separator][\/vc_column][\/vc_row][vc_row et_column_align=&#8221;align-center&#8221; css=&#8221;.vc_custom_1579131817775{padding-top: 60px !important;padding-bottom: 60px !important;}&#8221;][vc_column][vc_row_inner et_column_align=&#8221;align-center&#8221;][vc_column_inner offset=&#8221;vc_col-lg-6&#8243;][vc_column_text]\n<h5 class=\"fancy-title accent-color postline-large\">La Collection<\/h5>\n<h3>HAUSSMANNIENNE<\/h3>\n<p>Fabriqu\u00e9es dans les r\u00e8gles de l&#8217;Art, les mod\u00e8les HAUSSMANNIENS sont moulur\u00e9s \u00e0 Grand Cadre se d\u00e9clinent en deux ou trois panneaux, avec cymaise et plinthe.<\/p>\n<p>Assemblages \u00e0 tenons et mortaises, coll\u00e9s et chevill\u00e9s.<br \/>\nMoulures de 55mm \u00e0 coupes d&#8217;onglet<br \/>\nPlates-bandes, double face identiques.<\/p>\n<p>R\u00e9alisables toutes dimensions, \u00e0 panneaux ou vitr\u00e9s, en porte battante, coulissante, placard, boiserie assortie.<\/p>\n<p>Nous proposons un large choix de paumelles, serrures, poign\u00e9es &#8230;[\/vc_column_text][vc_column_text]\n<blockquote>\n<h4>&#8220;Voyez vos portes en Grand &#8230;&#8221;<\/h4>\n<\/blockquote>\n[\/vc_column_text][\/vc_column_inner][\/vc_row_inner][\/vc_column][\/vc_row][vc_row][vc_column]\t<div class=\"et-image-777 et-image aligncenter    et_image_link\">\n\t\t<div class=\"et-image-inner \">\n\t\t\t\t\t\t\t<div class=\"et-image-thumb \">\n\t\t\t\t\t<img loading=\"lazy\" decoding=\"async\" width=\"1200\" height=\"800\" src=\"https:\/\/www.bertoli.fr\/wp-content\/uploads\/2022\/08\/porte-haussmannienne-cymaise-et-plinthe-BERTOLI-copie.jpg\" class=\"attachment-full\" alt=\"porte haussmannienne bertoli\" title=\"Blanket on bed with wooden tray in spacious bright bedroom inter\" srcset=\"https:\/\/www.bertoli.fr\/wp-content\/uploads\/2022\/08\/porte-haussmannienne-cymaise-et-plinthe-BERTOLI-copie.jpg 1200w, https:\/\/www.bertoli.fr\/wp-content\/uploads\/2022\/08\/porte-haussmannienne-cymaise-et-plinthe-BERTOLI-copie-300x200.jpg 300w, https:\/\/www.bertoli.fr\/wp-content\/uploads\/2022\/08\/porte-haussmannienne-cymaise-et-plinthe-BERTOLI-copie-1024x683.jpg 1024w, https:\/\/www.bertoli.fr\/wp-content\/uploads\/2022\/08\/porte-haussmannienne-cymaise-et-plinthe-BERTOLI-copie-768x512.jpg 768w, https:\/\/www.bertoli.fr\/wp-content\/uploads\/2022\/08\/porte-haussmannienne-cymaise-et-plinthe-BERTOLI-copie-150x100.jpg 150w, https:\/\/www.bertoli.fr\/wp-content\/uploads\/2022\/08\/porte-haussmannienne-cymaise-et-plinthe-BERTOLI-copie-1000x667.jpg 1000w\" sizes=\"auto, (max-width: 1200px) 100vw, 1200px\" \/>\t\t\t\t<\/div>\n\t\t\t\t\t\t\t\t\t\t\t<\/div>\n\t<\/div>\n  [\/vc_column][\/vc_row][vc_row][vc_column][vc_empty_space][vc_separator][\/vc_column][\/vc_row][vc_row][vc_column width=&#8221;1\/3&#8243;][vc_column_text]\n<h5 class=\"fancy-title accent-color postline-large\" style=\"text-align: center;\"><span style=\"vertical-align: inherit;\">ASSEMBLAGES \u00c0 TENONS ET MORTAISES COLL\u00c9S ET CHEVILL\u00c9S BOIS<\/span><\/h5>\n<h5><span style=\"vertical-align: inherit;\">MOULURATION \u00c0 GRAND CADRE A COUPES D&#8217;ONGLET 55mm <\/span><br \/>\n<em><span style=\"vertical-align: inherit;\">DOUBLE-FACES IDENTIQUES<\/span><\/em><\/h5>\n<h5><span style=\"vertical-align: inherit;\">PANNEAUX \u00c0 PLATES-BANDES <\/span><br \/>\n<em><span style=\"vertical-align: inherit;\">DOUBLE-FACES IDENTIQUES<\/span><\/em><\/h5>\n<h4 style=\"text-align: center;\"><strong><span style=\"vertical-align: inherit;\">Toutes nos portes sont fabriqu\u00e9es dans des essences de bois s\u00e9ch\u00e9es dans nos ateliers <\/span><br \/>\n<span style=\"vertical-align: inherit;\">(10 \u00e0 12% d&#8217;hygrom\u00e9trie)<\/span><\/strong><\/h4>\n[\/vc_column_text][\/vc_column][vc_column width=&#8221;1\/3&#8243;][vc_empty_space height=&#8221;100px&#8221;][vc_column_text]<span style=\"vertical-align: inherit;\">Nous vous proposons de fabriquer vos portes d&#8217;int\u00e9rieur dans diff\u00e9rentes essences\u00a0: bois \u00e0 peindre, Tilleul, Ch\u00e2taignier de France, Ch\u00eane de France, Merisier de France, Noyer de France. (autres sur demande)<\/span><\/p>\n<p><span style=\"vertical-align: inherit;\">La porte d&#8217;int\u00e9rieur Haussmannienne avec cymaise et plinthe sur les deux faces est r\u00e9alisable :<\/span><\/p>\n<ul>\n<li><span style=\"vertical-align: inherit;\">dans toutes les dimensions<\/span><\/li>\n<li><span style=\"vertical-align: inherit;\">\u00e0 panneaux ou vitr\u00e9es<\/span><\/li>\n<li><span style=\"vertical-align: inherit;\">en deux ou trois panneaux<\/span><\/li>\n<li><span style=\"vertical-align: inherit;\">en simple vantail, deux vantaux, en tierc\u00e9e&#8230;<\/span><\/li>\n<li><span style=\"vertical-align: inherit;\">battante, coulissante \u00e0 galandage ou en applique (fourniture des ch\u00e2ssis ou rail)<\/span><\/li>\n<li><span style=\"vertical-align: inherit;\">en EI30, EI60, acoustique, blind\u00e9e, pare-balles &#8230;<\/span><\/li>\n<li><span style=\"vertical-align: inherit;\">en placard, boiseries murales assorties<\/span><\/li>\n<\/ul>\n[\/vc_column_text][\/vc_column][vc_column width=&#8221;1\/3&#8243;][vc_empty_space height=&#8221;100px&#8221;][vc_column_text]<span style=\"vertical-align: inherit;\">Les cadres sont fabriqu\u00e9s de l&#8217;\u00e9paisseur de vos cloisons afin de permettre une pose parfaite des couvre-joints sur les deux faces. <\/span><br \/>\n<span style=\"vertical-align: inherit;\">Toutes nos portes sont \u00e9quip\u00e9es de paumelles entaill\u00e9es et d&#8217;une serrure \u00e0 larder NF, sur demande nous vous proposons :<\/span><\/p>\n<ul>\n<li><span style=\"vertical-align: inherit;\">des charni\u00e8res invisibles, serrure magn\u00e9tique<\/span><\/li>\n<li><span style=\"vertical-align: inherit;\">joint phonique, plinthe automatique en partie basse<\/span><\/li>\n<li><span style=\"vertical-align: inherit;\">Large choix de finitions, poign\u00e9es \u00e0 d\u00e9couvrir&#8230;<\/span><\/li>\n<\/ul>\n[\/vc_column_text][\/vc_column][\/vc_row][vc_row][vc_column][vc_empty_space][vc_separator][\/vc_column][\/vc_row][vc_row][vc_column]\t<div class=\"et-image-497 et-image aligncenter    et_image_link\">\n\t\t<div class=\"et-image-inner \">\n\t\t\t\t\t\t\t<div class=\"et-image-thumb \">\n\t\t\t\t\t<img loading=\"lazy\" decoding=\"async\" width=\"600\" height=\"800\" src=\"https:\/\/www.bertoli.fr\/wp-content\/uploads\/2025\/03\/porte-haussmannienne-sculptee-lambris-BERTOLI.jpg\" class=\"attachment-full\" alt=\"\" title=\"porte haussmannienne sculpt\u00e9e lambris BERTOLI\" srcset=\"https:\/\/www.bertoli.fr\/wp-content\/uploads\/2025\/03\/porte-haussmannienne-sculptee-lambris-BERTOLI.jpg 600w, https:\/\/www.bertoli.fr\/wp-content\/uploads\/2025\/03\/porte-haussmannienne-sculptee-lambris-BERTOLI-225x300.jpg 225w, https:\/\/www.bertoli.fr\/wp-content\/uploads\/2025\/03\/porte-haussmannienne-sculptee-lambris-BERTOLI-113x150.jpg 113w\" sizes=\"auto, (max-width: 600px) 100vw, 600px\" \/>\t\t\t\t<\/div>\n\t\t\t\t\t\t\t\t\t\t\t<\/div>\n\t<\/div>\n  [\/vc_column][\/vc_row]\n","protected":false},"excerpt":{"rendered":"<p>Deux panneaux avec cymaise et plinthe<br \/>\nCouvre-joints 80mm<br \/>\nPoign\u00e9e TAMARA, cache-paumelles\u00a0 Enrico Cassina<br \/>\nFinition laqu\u00e9e RAL au choix<\/p>\n<h5 class=\"fancy-title accent-color postline-large\"><span style=\"vertical-align: inherit;\">Mod\u00e8le visible dans notre show-room<\/span><\/h5>\n","protected":false},"featured_media":19320,"template":"","meta":[],"product_brand":[],"product_cat":[151,177],"product_tag":[],"class_list":{"0":"post-19309","1":"product","2":"type-product","3":"status-publish","4":"has-post-thumbnail","6":"product_cat-haussmanniennes","7":"product_cat-portes-dinterieur","9":"first","10":"instock","11":"shipping-taxable","12":"purchasable","13":"product-type-variable"},"_links":{"self":[{"href":"https:\/\/www.bertoli.fr\/en\/wp-json\/wp\/v2\/product\/19309","targetHints":{"allow":["GET"]}}],"collection":[{"href":"https:\/\/www.bertoli.fr\/en\/wp-json\/wp\/v2\/product"}],"about":[{"href":"https:\/\/www.bertoli.fr\/en\/wp-json\/wp\/v2\/types\/product"}],"wp:featuredmedia":[{"embeddable":true,"href":"https:\/\/www.bertoli.fr\/en\/wp-json\/wp\/v2\/media\/19320"}],"wp:attachment":[{"href":"https:\/\/www.bertoli.fr\/en\/wp-json\/wp\/v2\/media?parent=19309"}],"wp:term":[{"taxonomy":"product_brand","embeddable":true,"href":"https:\/\/www.bertoli.fr\/en\/wp-json\/wp\/v2\/product_brand?post=19309"},{"taxonomy":"product_cat","embeddable":true,"href":"https:\/\/www.bertoli.fr\/en\/wp-json\/wp\/v2\/product_cat?post=19309"},{"taxonomy":"product_tag","embeddable":true,"href":"https:\/\/www.bertoli.fr\/en\/wp-json\/wp\/v2\/product_tag?post=19309"}],"curies":[{"name":"wp","href":"https:\/\/api.w.org\/{rel}","templated":true}]}}