{"id":19343,"date":"2022-08-30T14:57:57","date_gmt":"2022-08-30T12:57:57","guid":{"rendered":"https:\/\/www.bertoli.fr\/?post_type=product&#038;p=19343"},"modified":"2026-04-13T12:01:14","modified_gmt":"2026-04-13T10:01:14","slug":"haussmannienne-a-carreaux-dangle","status":"publish","type":"product","link":"https:\/\/www.bertoli.fr\/en\/portes\/haussmannienne-a-carreaux-dangle\/","title":{"rendered":"Porte HAUSSMANNIENNE \u00e0 carreaux d&#8217;angle"},"content":{"rendered":"[vc_row et_column_align=&#8221;align-center&#8221; css=&#8221;.vc_custom_1579132110345{padding-top: 30px !important;padding-bottom: 60px !important;}&#8221;][vc_column][vc_row_inner content_placement=&#8221;middle&#8221;][vc_column_inner offset=&#8221;vc_col-lg-4&#8243;][vc_column_text]\n<h5 class=\"fancy-title accent-color postline-large\">ALLIANCE<\/h5>\n<p>La proportion des volumes de verre apporte de la modernit\u00e9 au style HAUSSMANNIEN ![\/vc_column_text][\/vc_column_inner][vc_column_inner offset=&#8221;vc_col-lg-offset-1 vc_col-lg-7&#8243;]\t<div class=\"et-image-233 et-image     et_image_link\">\n\t\t<div class=\"et-image-inner \">\n\t\t\t\t\t\t\t<div class=\"et-image-thumb \">\n\t\t\t\t\t<img loading=\"lazy\" decoding=\"async\" width=\"1198\" height=\"800\" src=\"https:\/\/www.bertoli.fr\/wp-content\/uploads\/2022\/08\/porte-haussmannienne-vitree-grands-angles-bertoli-3-2.jpg\" class=\"attachment-full\" alt=\"porte haussmannienne vitr\u00e9e grands angles bertoli\" title=\"porte haussmannienne vitree grands angles bertoli (3)\" srcset=\"https:\/\/www.bertoli.fr\/wp-content\/uploads\/2022\/08\/porte-haussmannienne-vitree-grands-angles-bertoli-3-2.jpg 1198w, https:\/\/www.bertoli.fr\/wp-content\/uploads\/2022\/08\/porte-haussmannienne-vitree-grands-angles-bertoli-3-2-300x200.jpg 300w, https:\/\/www.bertoli.fr\/wp-content\/uploads\/2022\/08\/porte-haussmannienne-vitree-grands-angles-bertoli-3-2-1024x684.jpg 1024w, https:\/\/www.bertoli.fr\/wp-content\/uploads\/2022\/08\/porte-haussmannienne-vitree-grands-angles-bertoli-3-2-768x513.jpg 768w, https:\/\/www.bertoli.fr\/wp-content\/uploads\/2022\/08\/porte-haussmannienne-vitree-grands-angles-bertoli-3-2-150x100.jpg 150w, https:\/\/www.bertoli.fr\/wp-content\/uploads\/2022\/08\/porte-haussmannienne-vitree-grands-angles-bertoli-3-2-1000x668.jpg 1000w\" sizes=\"auto, (max-width: 1198px) 100vw, 1198px\" \/>\t\t\t\t<\/div>\n\t\t\t\t\t\t\t\t\t\t\t<\/div>\n\t<\/div>\n  [\/vc_column_inner][\/vc_row_inner][\/vc_column][\/vc_row][vc_row et_column_align=&#8221;align-center&#8221; css=&#8221;.vc_custom_1579132139891{padding-bottom: 60px !important;}&#8221;][vc_column][vc_row_inner content_placement=&#8221;middle&#8221;][vc_column_inner offset=&#8221;vc_col-lg-7&#8243;]\t<div class=\"et-image-759 et-image     et_image_link\">\n\t\t<div class=\"et-image-inner \">\n\t\t\t\t\t\t\t<div class=\"et-image-thumb \">\n\t\t\t\t\t<img loading=\"lazy\" decoding=\"async\" width=\"1198\" height=\"800\" src=\"https:\/\/www.bertoli.fr\/wp-content\/uploads\/2022\/08\/porte-haussmannienne-vitree-grands-angles-bertoli-2.jpg\" class=\"attachment-full\" alt=\"porte haussmannienne vitree grands angles bertoli zoom sur poign\u00e9e deisgn dor\u00e9e\" title=\"porte haussmannienne vitree grands angles bertoli (2)\" srcset=\"https:\/\/www.bertoli.fr\/wp-content\/uploads\/2022\/08\/porte-haussmannienne-vitree-grands-angles-bertoli-2.jpg 1198w, https:\/\/www.bertoli.fr\/wp-content\/uploads\/2022\/08\/porte-haussmannienne-vitree-grands-angles-bertoli-2-300x200.jpg 300w, https:\/\/www.bertoli.fr\/wp-content\/uploads\/2022\/08\/porte-haussmannienne-vitree-grands-angles-bertoli-2-1024x684.jpg 1024w, https:\/\/www.bertoli.fr\/wp-content\/uploads\/2022\/08\/porte-haussmannienne-vitree-grands-angles-bertoli-2-768x513.jpg 768w, https:\/\/www.bertoli.fr\/wp-content\/uploads\/2022\/08\/porte-haussmannienne-vitree-grands-angles-bertoli-2-150x100.jpg 150w, https:\/\/www.bertoli.fr\/wp-content\/uploads\/2022\/08\/porte-haussmannienne-vitree-grands-angles-bertoli-2-1000x668.jpg 1000w\" sizes=\"auto, (max-width: 1198px) 100vw, 1198px\" \/>\t\t\t\t<\/div>\n\t\t\t\t\t\t\t\t\t\t\t<\/div>\n\t<\/div>\n  [\/vc_column_inner][vc_column_inner offset=&#8221;vc_col-lg-offset-1 vc_col-lg-4&#8243;][vc_column_text]\n<h5 class=\"fancy-title accent-color postline-large\">Serrurerie d\u00e9corative<\/h5>\n<h3>LIISI by Enrico Cassina<\/h3>\n<p>Fabrication Italienne en laiton massif<br \/>\nfinition or satin\u00e9[\/vc_column_text][\/vc_column_inner][\/vc_row_inner][\/vc_column][\/vc_row][vc_row][vc_column][vc_separator][\/vc_column][\/vc_row][vc_row][vc_column][vc_column_text]\n<h5 class=\"fancy-title accent-color postline-large\">LA COLLECTION<\/h5>\n<h3>HAUSSMANNIENNE VITR\u00c9E<\/h3>\n<p>Fabriqu\u00e9e sur-mesure, le nombre de carreaux est d\u00e9fini suivant la hauteur de votre porte.<br \/>\nLes petits bois sont assembl\u00e9s \u00e0 croisillon, moulur\u00e9s \u00e0 petit cadre ou \u00e0 grand cadre sur demande.<br \/>\nAvec ou sans vitrage, nous vous proposons un large choix, verre clair, miroir \u2026<\/p>\n<p>L\u2019ensemble de nos mod\u00e8les sont r\u00e9alisables toutes dimensions en porte battante, coulissante, placard &amp; boiserie assortie\u2026<br \/>\nLarge choix de verres, paumelles, serrures, poign\u00e9es \u2026[\/vc_column_text][\/vc_column][\/vc_row][vc_row][vc_column]\t<div class=\"et-image-516 et-image     et_image_link\">\n\t\t<div class=\"et-image-inner \">\n\t\t\t\t\t\t\t<div class=\"et-image-thumb \">\n\t\t\t\t\t<img loading=\"lazy\" decoding=\"async\" width=\"1024\" height=\"684\" src=\"https:\/\/www.bertoli.fr\/wp-content\/uploads\/2022\/08\/porte-haussmannienne-vitree-grands-angles-bertoli-6-1024x684.jpg\" class=\"attachment-large\" alt=\"porte haussmannienne vitree grands angles bertoli\" title=\"porte haussmannienne vitree grands angles bertoli (6)\" srcset=\"https:\/\/www.bertoli.fr\/wp-content\/uploads\/2022\/08\/porte-haussmannienne-vitree-grands-angles-bertoli-6-1024x684.jpg 1024w, https:\/\/www.bertoli.fr\/wp-content\/uploads\/2022\/08\/porte-haussmannienne-vitree-grands-angles-bertoli-6-300x200.jpg 300w, https:\/\/www.bertoli.fr\/wp-content\/uploads\/2022\/08\/porte-haussmannienne-vitree-grands-angles-bertoli-6-768x513.jpg 768w, https:\/\/www.bertoli.fr\/wp-content\/uploads\/2022\/08\/porte-haussmannienne-vitree-grands-angles-bertoli-6-150x100.jpg 150w, https:\/\/www.bertoli.fr\/wp-content\/uploads\/2022\/08\/porte-haussmannienne-vitree-grands-angles-bertoli-6-1000x668.jpg 1000w, https:\/\/www.bertoli.fr\/wp-content\/uploads\/2022\/08\/porte-haussmannienne-vitree-grands-angles-bertoli-6.jpg 1198w\" sizes=\"auto, (max-width: 1024px) 100vw, 1024px\" \/>\t\t\t\t<\/div>\n\t\t\t\t\t\t\t\t\t\t\t<\/div>\n\t<\/div>\n  [\/vc_column][\/vc_row][vc_row][vc_column][vc_empty_space][vc_separator][vc_empty_space][\/vc_column][\/vc_row][vc_row][vc_column width=&#8221;1\/3&#8243;][vc_column_text]\n<h5 class=\"fancy-title accent-color postline-large\" style=\"text-align: center;\"><span style=\"vertical-align: inherit;\">ASSEMBLAGES \u00c0 TENONS ET MORTAISES COLL\u00c9S ET CHEVILL\u00c9S BOIS<\/span><\/h5>\n<h5><span style=\"vertical-align: inherit;\">MOULURATION \u00c0 GRAND CADRE A COUPES D&#8217;ONGLET 55mm<\/span><br \/>\n<em><span style=\"vertical-align: inherit;\">DOUBLES FACES IDENTIQUES<\/span><\/em><\/h5>\n<h5><span style=\"vertical-align: inherit;\">PANNEAUX \u00c0 PLATES-BANDES<\/span><br \/>\n<em><span style=\"vertical-align: inherit;\">DOUBLES FACES IDENTIQUES<\/span><\/em><\/h5>\n<h5>Petits bois moulur\u00e9s \u00e0 petit cadre (\u00e0 Grand Cadre, sur demande)<br \/>\n<em>DOUBLE FACE IDENTIQUE<\/em><\/h5>\n<h4 style=\"text-align: center;\"><strong><span style=\"vertical-align: inherit;\">Toutes nos portes sont fabriqu\u00e9es dans des essences de bois s\u00e9ch\u00e9es dans nos ateliers <\/span><br \/>\n<span style=\"vertical-align: inherit;\">(10 \u00e0 12% d&#8217;hygrom\u00e9trie)<\/span><\/strong><\/h4>\n[\/vc_column_text][\/vc_column][vc_column width=&#8221;1\/3&#8243;][vc_empty_space height=&#8221;120px&#8221;][vc_column_text]<span style=\"vertical-align: inherit;\">Nous vous proposons de fabriquer vos portes d&#8217;int\u00e9rieur dans diff\u00e9rentes essences\u00a0: bois \u00e0 peindre, Tilleul, Ch\u00e2taignier de France, Ch\u00eane de France, Merisier de France, Noyer de France. (autres sur demande)<\/span><\/p>\n<p><span style=\"vertical-align: inherit;\">Les mod\u00e8les de portes style Haussmann sont r\u00e9alisables :<\/span><\/p>\n<ul>\n<li><span style=\"vertical-align: inherit;\">dans toutes les dimensions<\/span><\/li>\n<li><span style=\"vertical-align: inherit;\">\u00e0 panneaux ou vitr\u00e9es<\/span><\/li>\n<li><span style=\"vertical-align: inherit;\">en deux ou trois panneaux<\/span><\/li>\n<li><span style=\"vertical-align: inherit;\">en simple vantail, deux vantaux, en tierc\u00e9e&#8230;<\/span><\/li>\n<li><span style=\"vertical-align: inherit;\">battante, coulissante \u00e0 galandage ou en applique (fourniture des ch\u00e2ssis ou rail)<\/span><\/li>\n<li><span style=\"vertical-align: inherit;\">en EI30, EI60, acoustique, blind\u00e9e, pare-balles &#8230;<\/span><\/li>\n<li>en placard, boiseries murales assortis<\/li>\n<\/ul>\n[\/vc_column_text][\/vc_column][vc_column width=&#8221;1\/3&#8243;][vc_empty_space height=&#8221;120px&#8221;][vc_column_text]\n<ul>\n<li><span style=\"vertical-align: inherit;\">Les cadres sont fabriqu\u00e9s de l&#8217;\u00e9paisseur de vos cloisons afin de permettre une pose parfaite des couvre-joints sur les deux faces. <\/span><br \/>\n<span style=\"vertical-align: inherit;\">Toutes nos portes sont \u00e9quip\u00e9es de paumelles entaill\u00e9es et d&#8217;une serrure \u00e0 larder NF, sur demande nous vous proposons :<\/span><\/p>\n<ul>\n<li><span style=\"vertical-align: inherit;\">des charni\u00e8res invisibles, serrure magn\u00e9tique<\/span><\/li>\n<li><span style=\"vertical-align: inherit;\">joint phonique, plinthe automatique en partie basse<\/span><\/li>\n<li><span style=\"vertical-align: inherit;\">Large choix de finitions, poign\u00e9es \u00e0 d\u00e9couvrir&#8230;<\/span><\/li>\n<\/ul>\n<p><span style=\"vertical-align: inherit;\">Afin que vous puissiez faire poser vos portes d&#8217;int\u00e9rieur HAUSSMANNIENNE dans les meilleures conditions \u00e0 la fin de votre chantier, nous vous d\u00e9vions de fabriquer des pr\u00e9-cadres.<\/span><\/p>\n<ul>\n<li><strong><span style=\"vertical-align: inherit;\">Les avantages du pr\u00e9cadre<\/span><\/strong><span style=\"vertical-align: inherit;\"> :<\/span>\n<ul>\n<li><span style=\"vertical-align: inherit;\">d\u00e9lai de fabrication 1 \u00e0 2 semaines<\/span><\/li>\n<li><span style=\"vertical-align: inherit;\">pas d&#8217;erreur de dimensions, ils sont mont\u00e9s et \u00e9charp\u00e9s<\/span><\/li>\n<li><span style=\"vertical-align: inherit;\">nous contr\u00f4lons la r\u00e9servation pour les couvre-joints<\/span><\/li>\n<li><span style=\"vertical-align: inherit;\">les blocs portes ne sont pas expos\u00e9s aux travaux<\/span><\/li>\n<li><span style=\"vertical-align: inherit;\">fixation du bloc porte plus robuste<\/span><\/li>\n<\/ul>\n<\/li>\n<\/ul>\n<\/li>\n<\/ul>\n[\/vc_column_text][\/vc_column][\/vc_row][vc_row][vc_column][vc_separator][\/vc_column][\/vc_row]\n","protected":false},"excerpt":{"rendered":"<p>Couvre-joints 65mm<br \/>\nPoign\u00e9e LIISI, cache-paumelles\u00a0 Enrico Cassina<br \/>\nFinition laqu\u00e9e RAL au choix<\/p>\n<h5 class=\"fancy-title accent-color postline-large\"><span style=\"vertical-align: inherit;\">Mod\u00e8le visible dans notre show-room<\/span><\/h5>\n","protected":false},"featured_media":19349,"template":"","meta":[],"product_brand":[],"product_cat":[151,177],"product_tag":[],"class_list":{"0":"post-19343","1":"product","2":"type-product","3":"status-publish","4":"has-post-thumbnail","6":"product_cat-haussmanniennes","7":"product_cat-portes-dinterieur","9":"first","10":"instock","11":"shipping-taxable","12":"purchasable","13":"product-type-variable"},"_links":{"self":[{"href":"https:\/\/www.bertoli.fr\/en\/wp-json\/wp\/v2\/product\/19343","targetHints":{"allow":["GET"]}}],"collection":[{"href":"https:\/\/www.bertoli.fr\/en\/wp-json\/wp\/v2\/product"}],"about":[{"href":"https:\/\/www.bertoli.fr\/en\/wp-json\/wp\/v2\/types\/product"}],"wp:featuredmedia":[{"embeddable":true,"href":"https:\/\/www.bertoli.fr\/en\/wp-json\/wp\/v2\/media\/19349"}],"wp:attachment":[{"href":"https:\/\/www.bertoli.fr\/en\/wp-json\/wp\/v2\/media?parent=19343"}],"wp:term":[{"taxonomy":"product_brand","embeddable":true,"href":"https:\/\/www.bertoli.fr\/en\/wp-json\/wp\/v2\/product_brand?post=19343"},{"taxonomy":"product_cat","embeddable":true,"href":"https:\/\/www.bertoli.fr\/en\/wp-json\/wp\/v2\/product_cat?post=19343"},{"taxonomy":"product_tag","embeddable":true,"href":"https:\/\/www.bertoli.fr\/en\/wp-json\/wp\/v2\/product_tag?post=19343"}],"curies":[{"name":"wp","href":"https:\/\/api.w.org\/{rel}","templated":true}]}}