{"id":19344,"date":"2022-08-30T14:57:59","date_gmt":"2022-08-30T12:57:59","guid":{"rendered":"https:\/\/www.bertoli.fr\/?post_type=product&#038;p=19344"},"modified":"2026-04-13T12:01:14","modified_gmt":"2026-04-13T10:01:14","slug":"haussmannienne-vitre","status":"publish","type":"product","link":"https:\/\/www.bertoli.fr\/en\/portes\/haussmannienne-vitre\/","title":{"rendered":"Porte HAUSSMANNIENNE vitr\u00e9e"},"content":{"rendered":"[vc_row et_column_align=&#8221;align-center&#8221; css=&#8221;.vc_custom_1579132110345{padding-top: 30px !important;padding-bottom: 60px !important;}&#8221;][vc_column][vc_row_inner content_placement=&#8221;middle&#8221;][vc_column_inner offset=&#8221;vc_col-lg-4&#8243;][vc_column_text]\n<h5 class=\"fancy-title accent-color postline-large\">LA MOULURE HAUSSMANNIENNE<\/h5>\n<p>Par amour du travail bien fait, chez Bertoli, les Moulures\u00a0 et les plates bandes sont identiques sur les deux c\u00f4t\u00e9s de votre porte &#8230;[\/vc_column_text][\/vc_column_inner][vc_column_inner offset=&#8221;vc_col-lg-offset-1 vc_col-lg-7&#8243;]\t<div class=\"et-image-476 et-image     et_image_link\">\n\t\t<div class=\"et-image-inner \">\n\t\t\t\t\t\t\t<div class=\"et-image-thumb \">\n\t\t\t\t\t<img loading=\"lazy\" decoding=\"async\" width=\"1536\" height=\"1024\" src=\"https:\/\/www.bertoli.fr\/wp-content\/uploads\/2022\/08\/detail-porte-haussmannienne-BERTOLI.png\" class=\"attachment-full\" alt=\"\" title=\"d\u00e9tail porte haussmannienne BERTOLI\" srcset=\"https:\/\/www.bertoli.fr\/wp-content\/uploads\/2022\/08\/detail-porte-haussmannienne-BERTOLI.png 1536w, https:\/\/www.bertoli.fr\/wp-content\/uploads\/2022\/08\/detail-porte-haussmannienne-BERTOLI-300x200.png 300w, https:\/\/www.bertoli.fr\/wp-content\/uploads\/2022\/08\/detail-porte-haussmannienne-BERTOLI-1024x683.png 1024w, https:\/\/www.bertoli.fr\/wp-content\/uploads\/2022\/08\/detail-porte-haussmannienne-BERTOLI-768x512.png 768w, https:\/\/www.bertoli.fr\/wp-content\/uploads\/2022\/08\/detail-porte-haussmannienne-BERTOLI-150x100.png 150w, https:\/\/www.bertoli.fr\/wp-content\/uploads\/2022\/08\/detail-porte-haussmannienne-BERTOLI-1000x667.png 1000w\" sizes=\"auto, (max-width: 1536px) 100vw, 1536px\" \/>\t\t\t\t<\/div>\n\t\t\t\t\t\t\t\t\t\t\t<\/div>\n\t<\/div>\n  [\/vc_column_inner][\/vc_row_inner][\/vc_column][\/vc_row][vc_row et_column_align=&#8221;align-center&#8221; css=&#8221;.vc_custom_1579132139891{padding-bottom: 60px !important;}&#8221;][vc_column][\/vc_column][\/vc_row][vc_row et_column_align=&#8221;align-center&#8221; css=&#8221;.vc_custom_1579131817775{padding-top: 60px !important;padding-bottom: 60px !important;}&#8221;][vc_column][vc_column_text]\n<h5 class=\"fancy-title accent-color postline-large\">LA COLLECTION<\/h5>\n<h3>Porte de communication HAUSSMANNIENNE \u00e0 petits carreaux<\/h3>\n<p>Fabriqu\u00e9e sur-mesure, le nombre de carreaux est d\u00e9fini suivant la hauteur de votre porte.<br \/>\nLes petits bois sont assembl\u00e9s \u00e0 croisillon, moulur\u00e9s \u00e0 petit cadre ou \u00e0 grand cadre sur demande.<br \/>\nAvec ou sans vitrage, nous vous proposons un large choix, verre clair, miroir \u2026<\/p>\n<p>L\u2019ensemble de nos mod\u00e8les sont r\u00e9alisables toutes dimensions en porte battante, coulissante, placard &amp; boiserie assortie\u2026<br \/>\nLarge choix de verres, paumelles, serrures, poign\u00e9es \u2026[\/vc_column_text][\/vc_column][\/vc_row][vc_row][vc_column][vc_separator][vc_empty_space][\/vc_column][\/vc_row][vc_row][vc_column width=&#8221;1\/3&#8243;][vc_column_text]\n<h5 class=\"fancy-title accent-color postline-large\" style=\"text-align: center;\"><span style=\"vertical-align: inherit;\">ASSEMBLAGES \u00c0 TENONS ET MORTAISES COLL\u00c9S ET CHEVILL\u00c9S BOIS<\/span><\/h5>\n<h5><span style=\"vertical-align: inherit;\">MOULURATION \u00c0 GRAND CADRE A COUPES D&#8217;ONGLET 55mm<\/span><br \/>\n<em><span style=\"vertical-align: inherit;\">DOUBLES-FACES IDENTIQUES<\/span><\/em><\/h5>\n<h5><span style=\"vertical-align: inherit;\">PANNEAUX \u00c0 PLATES-BANDES<\/span><br \/>\n<em><span style=\"vertical-align: inherit;\">DOUBLES-FACES IDENTIQUES<\/span><\/em><\/h5>\n<h4 style=\"text-align: center;\"><strong><span style=\"vertical-align: inherit;\">Toutes nos portes sont fabriqu\u00e9es dans des essences de bois s\u00e9ch\u00e9es dans nos ateliers <\/span><br \/>\n<span style=\"vertical-align: inherit;\">(10 \u00e0 12% d&#8217;hygrom\u00e9trie)<\/span><\/strong><\/h4>\n[\/vc_column_text][\/vc_column][vc_column width=&#8221;1\/3&#8243;][vc_empty_space height=&#8221;120px&#8221;][vc_column_text]<span style=\"vertical-align: inherit;\">Nous vous proposons de fabriquer vos portes d&#8217;int\u00e9rieur dans diff\u00e9rentes essences\u00a0: bois \u00e0 peindre, Tilleul, Ch\u00e2taignier de France, Ch\u00eane de France, Merisier de France, Noyer de France. (autres sur demande)<\/span><\/p>\n<p><span style=\"vertical-align: inherit;\">La porte d&#8217;int\u00e9rieur Haussmannienne vitr\u00e9e est r\u00e9alisable :<\/span><\/p>\n<ul>\n<li><span style=\"vertical-align: inherit;\">dans toutes les dimensions<\/span><\/li>\n<li><span style=\"vertical-align: inherit;\">\u00e0 panneaux ou vitr\u00e9es<\/span><\/li>\n<li><span style=\"vertical-align: inherit;\">en deux ou trois panneaux<\/span><\/li>\n<li><span style=\"vertical-align: inherit;\">en simple vantail, deux vantaux, en tierc\u00e9e&#8230;<\/span><\/li>\n<li><span style=\"vertical-align: inherit;\">battante, coulissante \u00e0 galandage ou en applique (fourniture des ch\u00e2ssis ou rail)<\/span><\/li>\n<li><span style=\"vertical-align: inherit;\">en EI30, EI60, acoustique, blind\u00e9e, pare-balles &#8230;<\/span><\/li>\n<li>en placard, boiseries murales assortis<\/li>\n<\/ul>\n[\/vc_column_text][\/vc_column][vc_column width=&#8221;1\/3&#8243;][vc_empty_space height=&#8221;120px&#8221;][vc_column_text]\n<ul>\n<li><span style=\"vertical-align: inherit;\">Les cadres sont fabriqu\u00e9s de l&#8217;\u00e9paisseur de vos cloisons afin de permettre une pose parfaite des couvre-joints sur les deux faces. <\/span><br \/>\n<span style=\"vertical-align: inherit;\">Toutes nos portes sont \u00e9quip\u00e9es de paumelles entaill\u00e9es et d&#8217;une serrure \u00e0 larder NF, sur demande nous vous proposons :<\/span><\/p>\n<ul>\n<li><span style=\"vertical-align: inherit;\">des charni\u00e8res invisibles, serrure magn\u00e9tique<\/span><\/li>\n<li><span style=\"vertical-align: inherit;\">joint phonique, plinthe automatique en partie basse<\/span><\/li>\n<li><span style=\"vertical-align: inherit;\">Large choix de finitions, poign\u00e9es \u00e0 d\u00e9couvrir&#8230;<\/span><\/li>\n<\/ul>\n<\/li>\n<\/ul>\n[\/vc_column_text][\/vc_column][\/vc_row][vc_row][vc_column][vc_separator][\/vc_column][\/vc_row][vc_row][vc_column width=&#8221;1\/3&#8243;]\t<div class=\"et-image-99 et-image aligncenter    et_image_link\">\n\t\t<div class=\"et-image-inner \">\n\t\t\t\t\t\t\t<div class=\"et-image-thumb \">\n\t\t\t\t\t<img loading=\"lazy\" decoding=\"async\" width=\"650\" height=\"800\" src=\"https:\/\/www.bertoli.fr\/wp-content\/uploads\/2023\/02\/porte-haussmannienne-vitree-grand-angle-bertoli-1-1.png\" class=\"attachment-full\" alt=\"porte haussmannienne vitree grand angle bertoli\" title=\"porte haussmannienne vitree grand angle bertoli (1)\" srcset=\"https:\/\/www.bertoli.fr\/wp-content\/uploads\/2023\/02\/porte-haussmannienne-vitree-grand-angle-bertoli-1-1.png 650w, https:\/\/www.bertoli.fr\/wp-content\/uploads\/2023\/02\/porte-haussmannienne-vitree-grand-angle-bertoli-1-1-244x300.png 244w, https:\/\/www.bertoli.fr\/wp-content\/uploads\/2023\/02\/porte-haussmannienne-vitree-grand-angle-bertoli-1-1-122x150.png 122w\" sizes=\"auto, (max-width: 650px) 100vw, 650px\" \/>\t\t\t\t<\/div>\n\t\t\t\t\t\t\t\t\t\t\t<\/div>\n\t<\/div>\n  [\/vc_column][vc_column width=&#8221;1\/3&#8243;]\t<div class=\"et-image-99 et-image aligncenter    et_image_link\">\n\t\t<div class=\"et-image-inner \">\n\t\t\t\t\t\t\t<div class=\"et-image-thumb \">\n\t\t\t\t\t<img loading=\"lazy\" decoding=\"async\" width=\"650\" height=\"800\" src=\"https:\/\/www.bertoli.fr\/wp-content\/uploads\/2023\/02\/porte-haussmannienne-vitree-8-carreaux-ATELIER-BERTOLI.png\" class=\"attachment-full\" alt=\"porte haussmannienne vitree  8 carreaux ATELIER BERTOLI\" title=\"porte haussmannienne vitree 8 carreaux ATELIER BERTOLI\" srcset=\"https:\/\/www.bertoli.fr\/wp-content\/uploads\/2023\/02\/porte-haussmannienne-vitree-8-carreaux-ATELIER-BERTOLI.png 650w, https:\/\/www.bertoli.fr\/wp-content\/uploads\/2023\/02\/porte-haussmannienne-vitree-8-carreaux-ATELIER-BERTOLI-244x300.png 244w, https:\/\/www.bertoli.fr\/wp-content\/uploads\/2023\/02\/porte-haussmannienne-vitree-8-carreaux-ATELIER-BERTOLI-122x150.png 122w\" sizes=\"auto, (max-width: 650px) 100vw, 650px\" \/>\t\t\t\t<\/div>\n\t\t\t\t\t\t\t\t\t\t\t<\/div>\n\t<\/div>\n  [\/vc_column][vc_column width=&#8221;1\/3&#8243;]\t<div class=\"et-image-718 et-image aligncenter    et_image_link\">\n\t\t<div class=\"et-image-inner \">\n\t\t\t\t\t\t\t<div class=\"et-image-thumb \">\n\t\t\t\t\t<img loading=\"lazy\" decoding=\"async\" width=\"650\" height=\"800\" src=\"https:\/\/www.bertoli.fr\/wp-content\/uploads\/2023\/02\/porte-haussmannienne-Grand-cadre-ATELIER-BERTOLI.png\" class=\"attachment-full\" alt=\"porte haussmannienne Grand cadre ATELIER BERTOLI\" title=\"porte haussmannienne Grand cadre ATELIER BERTOLI\" srcset=\"https:\/\/www.bertoli.fr\/wp-content\/uploads\/2023\/02\/porte-haussmannienne-Grand-cadre-ATELIER-BERTOLI.png 650w, https:\/\/www.bertoli.fr\/wp-content\/uploads\/2023\/02\/porte-haussmannienne-Grand-cadre-ATELIER-BERTOLI-244x300.png 244w, https:\/\/www.bertoli.fr\/wp-content\/uploads\/2023\/02\/porte-haussmannienne-Grand-cadre-ATELIER-BERTOLI-122x150.png 122w\" sizes=\"auto, (max-width: 650px) 100vw, 650px\" \/>\t\t\t\t<\/div>\n\t\t\t\t\t\t\t\t\t\t\t<\/div>\n\t<\/div>\n  [\/vc_column][\/vc_row][vc_row][vc_column][vc_separator][\/vc_column][\/vc_row]\n","protected":false},"excerpt":{"rendered":"<p>8 carreaux, verre clair<br \/>\nCouvre-joints 65mm<br \/>\nPoign\u00e9e ALEKSANDRA, cache-paumelles\u00a0 Enrico Cassina<br \/>\nFinition laqu\u00e9e, RAL ay choix<\/p>\n<h5 class=\"fancy-title accent-color postline-large\">Mod\u00e8le visible dans notre show-room<\/h5>\n","protected":false},"featured_media":25350,"template":"","meta":[],"product_brand":[],"product_cat":[151,177],"product_tag":[],"class_list":{"0":"post-19344","1":"product","2":"type-product","3":"status-publish","4":"has-post-thumbnail","6":"product_cat-haussmanniennes","7":"product_cat-portes-dinterieur","9":"first","10":"instock","11":"shipping-taxable","12":"purchasable","13":"product-type-variable"},"_links":{"self":[{"href":"https:\/\/www.bertoli.fr\/en\/wp-json\/wp\/v2\/product\/19344","targetHints":{"allow":["GET"]}}],"collection":[{"href":"https:\/\/www.bertoli.fr\/en\/wp-json\/wp\/v2\/product"}],"about":[{"href":"https:\/\/www.bertoli.fr\/en\/wp-json\/wp\/v2\/types\/product"}],"wp:featuredmedia":[{"embeddable":true,"href":"https:\/\/www.bertoli.fr\/en\/wp-json\/wp\/v2\/media\/25350"}],"wp:attachment":[{"href":"https:\/\/www.bertoli.fr\/en\/wp-json\/wp\/v2\/media?parent=19344"}],"wp:term":[{"taxonomy":"product_brand","embeddable":true,"href":"https:\/\/www.bertoli.fr\/en\/wp-json\/wp\/v2\/product_brand?post=19344"},{"taxonomy":"product_cat","embeddable":true,"href":"https:\/\/www.bertoli.fr\/en\/wp-json\/wp\/v2\/product_cat?post=19344"},{"taxonomy":"product_tag","embeddable":true,"href":"https:\/\/www.bertoli.fr\/en\/wp-json\/wp\/v2\/product_tag?post=19344"}],"curies":[{"name":"wp","href":"https:\/\/api.w.org\/{rel}","templated":true}]}}