{"id":19442,"date":"2022-09-05T16:04:25","date_gmt":"2022-09-05T14:04:25","guid":{"rendered":"https:\/\/www.bertoli.fr\/?post_type=product&#038;p=19442"},"modified":"2026-04-13T12:00:44","modified_gmt":"2026-04-13T10:00:44","slug":"montfort","status":"publish","type":"product","link":"https:\/\/www.bertoli.fr\/en\/portes\/montfort\/","title":{"rendered":"Montfort III"},"content":{"rendered":"[vc_row et_column_align=\u201dalign-center\u201d css=\u201d.vc_custom_1579132110345{padding-top: 30px !important;padding-bottom: 60px !important;}\u201d][vc_column][vc_row_inner content_placement=\u201dmiddle\u201d][vc_column_inner offset=\u201dvc_col-lg-4\u2033][vc_column_text]\n<h5 class=\"fancy-title accent-color postline-large\">Dans les R\u00e8gles de l\u2019Art<\/h5>\n<h3>Porte Coch\u00e8re<\/h3>\n<p>A deux vantaux de style R\u00e9gence, le pilastre central \u00e0 cartouches est sculpt\u00e9 \u00e0 la main.<br \/>\nLes ouvrants sont moulur\u00e9s \u00e0 grand cadre sur la face ext\u00e9rieure, \u00e0 petit cadre sur la face int\u00e9rieure.[\/vc_column_text][\/vc_column_inner][vc_column_inner offset=\u201dvc_col-lg-offset-1 vc_col-lg-7\u2033]\t<div class=\"et-image-102 et-image aligncenter    et_image_link\">\n\t\t<div class=\"et-image-inner \">\n\t\t\t\t\t\t\t<div class=\"et-image-thumb \">\n\t\t\t\t\t<img loading=\"lazy\" decoding=\"async\" width=\"1000\" height=\"1000\" src=\"https:\/\/www.bertoli.fr\/wp-content\/uploads\/2019\/08\/imageVedetteMontfort.jpg\" class=\"attachment-full\" alt=\"Porte d\u00e9tail montfort\" title=\"imageVedetteMontfort\" srcset=\"https:\/\/www.bertoli.fr\/wp-content\/uploads\/2019\/08\/imageVedetteMontfort.jpg 1000w, https:\/\/www.bertoli.fr\/wp-content\/uploads\/2019\/08\/imageVedetteMontfort-300x300.jpg 300w, https:\/\/www.bertoli.fr\/wp-content\/uploads\/2019\/08\/imageVedetteMontfort-150x150.jpg 150w, https:\/\/www.bertoli.fr\/wp-content\/uploads\/2019\/08\/imageVedetteMontfort-768x768.jpg 768w, https:\/\/www.bertoli.fr\/wp-content\/uploads\/2019\/08\/imageVedetteMontfort-100x100.jpg 100w\" sizes=\"auto, (max-width: 1000px) 100vw, 1000px\" \/>\t\t\t\t<\/div>\n\t\t\t\t\t\t\t\t\t\t\t<\/div>\n\t<\/div>\n  [\/vc_column_inner][\/vc_row_inner][\/vc_column][\/vc_row][vc_row et_column_align=\u201dalign-center\u201d css=\u201d.vc_custom_1579132139891{padding-bottom: 60px !important;}\u201d][vc_column][vc_row_inner content_placement=\u201dmiddle\u201d][vc_column_inner offset=\u201dvc_col-lg-7\u2033]\t<div class=\"et-image-394 et-image     et_image_link\">\n\t\t<div class=\"et-image-inner \">\n\t\t\t\t\t\t\t<div class=\"et-image-thumb \">\n\t\t\t\t\t<img loading=\"lazy\" decoding=\"async\" width=\"1024\" height=\"1024\" src=\"https:\/\/www.bertoli.fr\/wp-content\/uploads\/2019\/08\/Montfort2.jpg\" class=\"attachment-full\" alt=\"Porte d\u00e9tail montfort\" title=\"Montfort2\" srcset=\"https:\/\/www.bertoli.fr\/wp-content\/uploads\/2019\/08\/Montfort2.jpg 1024w, https:\/\/www.bertoli.fr\/wp-content\/uploads\/2019\/08\/Montfort2-300x300.jpg 300w, https:\/\/www.bertoli.fr\/wp-content\/uploads\/2019\/08\/Montfort2-150x150.jpg 150w, https:\/\/www.bertoli.fr\/wp-content\/uploads\/2019\/08\/Montfort2-768x768.jpg 768w, https:\/\/www.bertoli.fr\/wp-content\/uploads\/2019\/08\/Montfort2-1000x1000.jpg 1000w, https:\/\/www.bertoli.fr\/wp-content\/uploads\/2019\/08\/Montfort2-100x100.jpg 100w\" sizes=\"auto, (max-width: 1024px) 100vw, 1024px\" \/>\t\t\t\t<\/div>\n\t\t\t\t\t\t\t\t\t\t\t<\/div>\n\t<\/div>\n  [\/vc_column_inner][vc_column_inner offset=\u201dvc_col-lg-offset-1 vc_col-lg-4\u2033][vc_column_text]\n<h5 class=\"fancy-title accent-color postline-large\">D\u00e9tail de fabrication<\/h5>\n<h3>L\u2019imposte est moulur\u00e9e dans la masse<\/h3>\n<p>Grille en fer forg\u00e9 fixe, motif au choix<br \/>\nCorniche \u00e0 ressaut<\/p>\n[\/vc_column_text][\/vc_column_inner][\/vc_row_inner][\/vc_column][\/vc_row][vc_row][vc_column][vc_separator][\/vc_column][\/vc_row][vc_row et_column_align=\u201dalign-center\u201d css=\u201d.vc_custom_1579131817775{padding-top: 60px !important;padding-bottom: 60px !important;}\u201d][vc_column][vc_row_inner et_column_align=\u201dalign-center\u201d][vc_column_inner offset=\u201dvc_col-lg-6\u2033][vc_column_text]\n<h5 class=\"fancy-title accent-color postline-large\">Par passion<\/h5>\n<h3>Moulures & \u00c9quilibre<\/h3>\n<p>Comme le faisaient les Grands Ma\u00eetres \u00c9b\u00e9nistes des si\u00e8cles pass\u00e9s, nous nous \u00e9vertuons \u00e0 fabriquer vos portes dans les r\u00e8gles de l\u2019art.<\/p>\n<p>Chaque proportion est \u00e9tudi\u00e9e en fonction des dimensions de l\u2019ensemble et de son style.<\/p>\n<p>Nous assemblons nos portes \u00e0 tenons et mortaises coll\u00e9s et chevill\u00e9s bois, les jets d\u2019eau sont entaill\u00e9s[\/vc_column_text][vc_column_text]\n<blockquote>\n<h4>\u201cUne porte Bertoli marque les Esprits \u2026\u201d<\/h4>\n<\/blockquote>\n[\/vc_column_text][\/vc_column_inner][\/vc_row_inner][\/vc_column][\/vc_row][vc_row][vc_column animation=\u201danimation bottom-to-top\u201d][vc_separator][vc_empty_space][vc_column_text]<strong>Toutes nos portes sont fabriqu\u00e9es dans des essences de bois s\u00e9ch\u00e9es dans nos ateliers (10 \u00e0 12% d\u2019hygrom\u00e9trie).<\/strong><\/p>\n<p>Les mod\u00e8les de porte d\u2019entr\u00e9e que nous vous proposons peuvent \u00eatre fabriqu\u00e9s en Ch\u00eane de France et en Noyer de France. (autre essence sur-demande)<\/p>\n<ul>\n<li>Pour ferrer nos portes nous utilisons des\u00a0<strong>paumelles picardes<\/strong>\u00a0de la marque Cl\u00e9menson, les meilleures du march\u00e9.<\/li>\n<li>Elles sont munies d\u2019une<strong>\u00a0g\u00e2che renforc\u00e9e<\/strong>, d\u2019une\u00a0<strong>serrure 3 points encastr\u00e9e marque Vachette<\/strong>\u00a0avec cylindre s\u00e9curit\u00e9 et carte de reproduction . (<em>sur demande , g\u00e2che \u00e9lectrique, bo\u00eetier \u00e0 reconnaissance digitale\u2026)<\/em><\/li>\n<li>Pour l\u2019isolation nous les \u00e9quipons d\u2019un\u00a0<strong>joint p\u00e9riph\u00e9rique<\/strong>\u00a0de la marque Dual et d\u2019une\u00a0<strong>barre de seuil en aluminium \u00e0 encastrer<\/strong>\u00a0ou r\u00e9novation, ou d\u2019une plinthe automatique appel\u00e9e \u00ab closnet \u00bbou \u00ab klomatic \u00bb.<\/li>\n<\/ul>\n<p><strong>E<\/strong>nfin, c\u2019est avec soin et attention que notre vernisseur leur donne la touche finale:\u00a0 teinte choisie par vos soins, trois couches de lasure sur la face ext\u00e9rieure, & Teinte, vernis polyur\u00e9thane et cire sur la face int\u00e9rieure. Si vous souhaitez une porte avec un aspect ancien, nous vous proposons diff\u00e9rentes techniques de finition :\u00a0 patine antiquaire, brossage, rabot rond, sciage \u2026<br \/>\nUn large choix pour parfaire votre porte d\u2019entr\u00e9e Unique \u2026<\/p>\n<p><em>Notre Recommandation : Nous vous conseillons de prot\u00e9ger votre porte d\u2019entr\u00e9e des intemp\u00e9ries en la pla\u00e7ant sous abris (porche, marquise, avanc\u00e9e de toit..)<\/em>[\/vc_column_text][\/vc_column][\/vc_row][vc_row][vc_column][vc_separator][\/vc_column][\/vc_row]\n","protected":false},"excerpt":{"rendered":"<p>en Noyer de France lasur\u00e9<\/p>\n<p>Dimensions : 2600 x 1350mm<br \/>\nFabrication sur-mesure \u00e0 la demande avec ou sans imposte<\/p>\n<p><em>Mod\u00e8le pr\u00e9sent\u00e9 dans notre show-room<\/em><\/p>\n","protected":false},"featured_media":19444,"template":"","meta":[],"product_brand":[],"product_cat":[146,176],"product_tag":[],"class_list":{"0":"post-19442","1":"product","2":"type-product","3":"status-publish","4":"has-post-thumbnail","6":"product_cat-de-style","7":"product_cat-portes-dentree","9":"first","10":"instock","11":"shipping-taxable","12":"purchasable","13":"product-type-variable"},"_links":{"self":[{"href":"https:\/\/www.bertoli.fr\/en\/wp-json\/wp\/v2\/product\/19442","targetHints":{"allow":["GET"]}}],"collection":[{"href":"https:\/\/www.bertoli.fr\/en\/wp-json\/wp\/v2\/product"}],"about":[{"href":"https:\/\/www.bertoli.fr\/en\/wp-json\/wp\/v2\/types\/product"}],"wp:featuredmedia":[{"embeddable":true,"href":"https:\/\/www.bertoli.fr\/en\/wp-json\/wp\/v2\/media\/19444"}],"wp:attachment":[{"href":"https:\/\/www.bertoli.fr\/en\/wp-json\/wp\/v2\/media?parent=19442"}],"wp:term":[{"taxonomy":"product_brand","embeddable":true,"href":"https:\/\/www.bertoli.fr\/en\/wp-json\/wp\/v2\/product_brand?post=19442"},{"taxonomy":"product_cat","embeddable":true,"href":"https:\/\/www.bertoli.fr\/en\/wp-json\/wp\/v2\/product_cat?post=19442"},{"taxonomy":"product_tag","embeddable":true,"href":"https:\/\/www.bertoli.fr\/en\/wp-json\/wp\/v2\/product_tag?post=19442"}],"curies":[{"name":"wp","href":"https:\/\/api.w.org\/{rel}","templated":true}]}}