{"id":19552,"date":"2022-09-07T18:25:01","date_gmt":"2022-09-07T16:25:01","guid":{"rendered":"https:\/\/www.bertoli.fr\/?post_type=product&#038;p=19552"},"modified":"2026-04-13T12:01:14","modified_gmt":"2026-04-13T10:01:14","slug":"tiberiade","status":"publish","type":"product","link":"https:\/\/www.bertoli.fr\/en\/portes\/tiberiade\/","title":{"rendered":"Tib\u00e9riade"},"content":{"rendered":"[vc_row][vc_column][vc_separator][\/vc_column][\/vc_row][vc_row et_column_align=\u201dalign-center\u201d css=\u201d.vc_custom_1579132139891{padding-bottom: 60px !important;}\u201d][vc_column width=\u201d1\/3\u2033][vc_column_text]\n<h5 class=\"fancy-title accent-color postline-large\" style=\"text-align: center;\">ASSEMBLAGES \u00c0 TENONS ET MORTAISES COLL\u00c9S ET CHEVILL\u00c9S BOIS<\/h5>\n<h5>MOULURATION \u00c0 COUPES D\u2019ONGLET 33mm DOUBLE FACE IDENTIQUE<\/h5>\n<h5>PANNEAUX A PLATE BANDE<br \/>\nDOUBLE FACE IDENTIQUE<\/h5>\n<h4 style=\"text-align: center;\"><strong><br \/>\n<\/strong><strong>Toutes nos portes sont fabriqu\u00e9es dans des essences de bois s\u00e9ch\u00e9es dans nos ateliers<br \/>\n(10 \u00e0 12% d\u2019hygrom\u00e9trie)<\/strong><\/h4>\n[\/vc_column_text][\/vc_column][vc_column width=\u201d1\/3\u2033][vc_empty_space height=\u201d120px\u201d][vc_column_text]<span style=\"vertical-align: inherit;\">Nous vous proposons de fabriquer vos portes d\u2019int\u00e9rieur dans diff\u00e9rentes essences\u00a0: bois \u00e0 peindre, Tilleul, Ch\u00e2taignier de France, Ch\u00eane de France, Merisier de France, Noyer de France. (autres sur demande)<\/span><\/p>\n<p><span style=\"vertical-align: inherit;\">La porte d\u2019int\u00e9rieur Tib\u00e9riade est r\u00e9alisable :<\/span><\/p>\n<ul>\n<li><span style=\"vertical-align: inherit;\">dans toutes les dimensions<\/span><\/li>\n<li><span style=\"vertical-align: inherit;\">\u00e0 panneaux ou vitr\u00e9es<\/span><\/li>\n<li><span style=\"vertical-align: inherit;\">en deux ou trois panneaux<\/span><\/li>\n<li><span style=\"vertical-align: inherit;\">en simple vantail, deux vantaux, en tierc\u00e9e\u2026<\/span><\/li>\n<li><span style=\"vertical-align: inherit;\">battante, coulissante \u00e0 galandage ou en applique (fourniture des ch\u00e2ssis ou rail)<\/span><\/li>\n<li><span style=\"vertical-align: inherit;\">en EI30, EI60, acoustique, blind\u00e9e, pare-balles \u2026<\/span><\/li>\n<li>en placard assorti<\/li>\n<\/ul>\n<p>ts.[\/vc_column_text][\/vc_column][vc_column width=\u201d1\/3\u2033][vc_empty_space height=\u201d120px\u201d][vc_column_text]\n<ul>\n<li>Toutes nos portes d\u2019int\u00e9rieur en bois massif peuvent \u00eatre fabriqu\u00e9es :<\/li>\n<li>\u00a0A encadrement droit,<\/li>\n<li>\u00a0En cintre surbaiss\u00e9, fl\u00e8che de 10 cm (ou autre)<\/li>\n<li>En anse de panier<\/li>\n<li>Plein cintre<\/li>\n<\/ul>\n<p><span style=\"vertical-align: inherit;\">Les cadres sont fabriqu\u00e9s de l\u2019\u00e9paisseur de vos cloisons afin de permettre une pose parfaite des couvre-joints sur les deux faces. <\/span><br \/>\n<span style=\"vertical-align: inherit;\">Toutes nos portes sont \u00e9quip\u00e9es de paumelles entaill\u00e9es et d\u2019une serrure \u00e0 larder NF, sur demande nous vous proposons :<\/span><\/p>\n<ul>\n<li><span style=\"vertical-align: inherit;\">des charni\u00e8res invisibles, serrure magn\u00e9tique<\/span><\/li>\n<li><span style=\"vertical-align: inherit;\">joint phonique, plinthe automatique en partie basse<\/span><\/li>\n<li><span style=\"vertical-align: inherit;\">Large choix de finitions, poign\u00e9es \u00e0 d\u00e9couvrir\u2026<\/span><\/li>\n<\/ul>\n<p>En Brut ou patin\u00e9e par nos soins :<br \/>\n\u2022 Finition Classique : repon\u00e7age fin, teinte choisie par vos soins, fond dur, \u00e9grenage et cire<br \/>\n\u2022 Patine Antiquaire : coups, trous de vers, encrassement des moulures[\/vc_column_text][\/vc_column][\/vc_row][vc_row][vc_column][vc_separator][\/vc_column][\/vc_row]\n","protected":false},"excerpt":{"rendered":"<p>Noyer de France patin\u00e9<br \/>\nCintre surbaiss\u00e9, fl\u00e8che de 15cm<br \/>\nChambranles et contre-chambranles, moulure de 95mm<\/p>\n<p>Dimensions : 2150 x 830 mm<br \/>\nFabrication sur-mesure \u00e0 la demande<\/p>\n<h5 class=\"fancy-title accent-color postline-large\">Mod\u00e8le visible dans notre show-room<\/h5>\n","protected":false},"featured_media":19730,"template":"","meta":[],"product_brand":[],"product_cat":[153,177],"product_tag":[],"class_list":{"0":"post-19552","1":"product","2":"type-product","3":"status-publish","4":"has-post-thumbnail","6":"product_cat-de-style-regional","7":"product_cat-portes-dinterieur","9":"first","10":"instock","11":"shipping-taxable","12":"purchasable","13":"product-type-variable"},"_links":{"self":[{"href":"https:\/\/www.bertoli.fr\/en\/wp-json\/wp\/v2\/product\/19552","targetHints":{"allow":["GET"]}}],"collection":[{"href":"https:\/\/www.bertoli.fr\/en\/wp-json\/wp\/v2\/product"}],"about":[{"href":"https:\/\/www.bertoli.fr\/en\/wp-json\/wp\/v2\/types\/product"}],"wp:featuredmedia":[{"embeddable":true,"href":"https:\/\/www.bertoli.fr\/en\/wp-json\/wp\/v2\/media\/19730"}],"wp:attachment":[{"href":"https:\/\/www.bertoli.fr\/en\/wp-json\/wp\/v2\/media?parent=19552"}],"wp:term":[{"taxonomy":"product_brand","embeddable":true,"href":"https:\/\/www.bertoli.fr\/en\/wp-json\/wp\/v2\/product_brand?post=19552"},{"taxonomy":"product_cat","embeddable":true,"href":"https:\/\/www.bertoli.fr\/en\/wp-json\/wp\/v2\/product_cat?post=19552"},{"taxonomy":"product_tag","embeddable":true,"href":"https:\/\/www.bertoli.fr\/en\/wp-json\/wp\/v2\/product_tag?post=19552"}],"curies":[{"name":"wp","href":"https:\/\/api.w.org\/{rel}","templated":true}]}}