{"id":19734,"date":"2022-09-12T14:01:05","date_gmt":"2022-09-12T12:01:05","guid":{"rendered":"https:\/\/www.bertoli.fr\/?post_type=product&#038;p=19734"},"modified":"2026-04-13T12:01:14","modified_gmt":"2026-04-13T10:01:14","slug":"provence","status":"publish","type":"product","link":"https:\/\/www.bertoli.fr\/en\/portes\/provence\/","title":{"rendered":"Provence"},"content":{"rendered":"[vc_row et_column_align=&#8221;align-center&#8221; css=&#8221;.vc_custom_1579132139891{padding-bottom: 60px !important;}&#8221;][vc_column width=&#8221;1\/3&#8243;][vc_column_text]\n<h5 class=\"fancy-title accent-color postline-large\" style=\"text-align: center;\">ASSEMBLAGES \u00c0 TENONS ET MORTAISES COLL\u00c9S ET CHEVILL\u00c9S BOIS<\/h5>\n<h5>MOULURATION \u00c0 COUPES D&#8217;ONGLET 33mm DOUBLE FACE IDENTIQUE<\/h5>\n<h5>PANNEAUX A PLATE BANDE<br \/>\nDOUBLE FACE IDENTIQUE<\/h5>\n<h4 style=\"text-align: center;\"><strong><br \/>\n<\/strong><strong>Toutes nos portes sont fabriqu\u00e9es dans des essences de bois s\u00e9ch\u00e9es dans nos ateliers<br \/>\n(10 \u00e0 12% d\u2019hygrom\u00e9trie)<\/strong><\/h4>\n[\/vc_column_text][\/vc_column][vc_column width=&#8221;1\/3&#8243;][vc_empty_space height=&#8221;120px&#8221;][vc_column_text]Nous vous proposons de fabriquer vos portes d&#8217;int\u00e9rieur dans diff\u00e9rentes essences : bois \u00e0 peindre, Tilleul,\u00a0 Ch\u00e2taignier de France, Ch\u00eane de France,\u00a0 Merisier de France, Noyer de France. (autres sur demande)<\/p>\n<p>Elles sont \u00e9quip\u00e9es de trois Paumelles fer bross\u00e9 140mm \u00e0 turlupet ou \u00e0 boules entaill\u00e9es et d\u2019une serrure fer \u00e0 larder NF<\/p>\n<p><em>Verrous encastr\u00e9s ou en applique sur les ensembles \u00e0 deux vantaux<\/em><\/p>\n<p><em>En option nous vous proposons d\u2019\u00e9quiper vos portes de\u00a0 charni\u00e8res invisibles, serrure magn\u00e9tique..<\/em><\/p>\n<p>Tous les mod\u00e8les que nous fabriquons peuvent \u00eatre livr\u00e9s \u00e0 vitrer ou vitr\u00e9s, en bloc porte ou en porte coulissante*. (*en applique ou \u00e0 poser dans un ch\u00e2ssis \u00e0 galandage que nous pouvons fournir).<br \/>\nNous fabriquons \u00e9galement des portes nues \u00e0 poser sur cadres existants.[\/vc_column_text][\/vc_column][vc_column width=&#8221;1\/3&#8243;][vc_empty_space height=&#8221;120px&#8221;][vc_column_text]\n<ul>\n<li>Toutes nos portes d\u2019int\u00e9rieur peuvent \u00eatre fabriqu\u00e9es dans les dimensions de vos choix,<\/li>\n<li>\u00a0A encadrement droit,<\/li>\n<li>\u00a0En cintre surbaiss\u00e9, fl\u00e8che de 10 cm (ou autre)<\/li>\n<li>En anse de panier<\/li>\n<li>Plein cintre<\/li>\n<\/ul>\n<p>En Brut ou patin\u00e9e par nos soins :<br \/>\n\u2022 Finition Classique : repon\u00e7age fin, teinte choisie par vos soins, fond dur, \u00e9grenage et cire<br \/>\n\u2022 Patine Antiquaire : coups, trous de vers, encrassement des moulures<\/p>\n<p>Autres finitions : bross\u00e9e,\u00a0 au rabot rond, Sci\u00e9e Fa\u00e7on Scieur de long &#8230;<\/p>\n<p>Enfin pour magnifier nos ouvrages &#8230; nous vous proposons un large choix de belles poign\u00e9es &#8230;[\/vc_column_text][\/vc_column][\/vc_row][vc_row][vc_column][vc_separator][\/vc_column][\/vc_row]\n","protected":false},"excerpt":{"rendered":"<p>Porte \u00e0 deux vantaux ou Portes de Placard<br \/>\nMerisier de France patin\u00e9, finition au rabot rond<br \/>\nCintre surbaiss\u00e9, fl\u00e8che de 15cm<br \/>\nCouvre-joints, moulure de 60mm<br \/>\nVerrous &amp; Poign\u00e9e l\u00e8ve clenche Les Forges de Signa<\/p>\n<p>Dimensions : 2250 x 1460 mm<br \/>\nFabrication sur-mesure \u00e0 la demande<\/p>\n","protected":false},"featured_media":19755,"template":"","meta":[],"product_brand":[],"product_cat":[153,177],"product_tag":[],"class_list":{"0":"post-19734","1":"product","2":"type-product","3":"status-publish","4":"has-post-thumbnail","6":"product_cat-de-style-regional","7":"product_cat-portes-dinterieur","9":"first","10":"instock","11":"shipping-taxable","12":"purchasable","13":"product-type-variable"},"_links":{"self":[{"href":"https:\/\/www.bertoli.fr\/en\/wp-json\/wp\/v2\/product\/19734","targetHints":{"allow":["GET"]}}],"collection":[{"href":"https:\/\/www.bertoli.fr\/en\/wp-json\/wp\/v2\/product"}],"about":[{"href":"https:\/\/www.bertoli.fr\/en\/wp-json\/wp\/v2\/types\/product"}],"wp:featuredmedia":[{"embeddable":true,"href":"https:\/\/www.bertoli.fr\/en\/wp-json\/wp\/v2\/media\/19755"}],"wp:attachment":[{"href":"https:\/\/www.bertoli.fr\/en\/wp-json\/wp\/v2\/media?parent=19734"}],"wp:term":[{"taxonomy":"product_brand","embeddable":true,"href":"https:\/\/www.bertoli.fr\/en\/wp-json\/wp\/v2\/product_brand?post=19734"},{"taxonomy":"product_cat","embeddable":true,"href":"https:\/\/www.bertoli.fr\/en\/wp-json\/wp\/v2\/product_cat?post=19734"},{"taxonomy":"product_tag","embeddable":true,"href":"https:\/\/www.bertoli.fr\/en\/wp-json\/wp\/v2\/product_tag?post=19734"}],"curies":[{"name":"wp","href":"https:\/\/api.w.org\/{rel}","templated":true}]}}