{"id":19812,"date":"2022-09-13T14:30:50","date_gmt":"2022-09-13T12:30:50","guid":{"rendered":"https:\/\/www.bertoli.fr\/?post_type=product&#038;p=19812"},"modified":"2026-04-13T11:59:34","modified_gmt":"2026-04-13T09:59:34","slug":"boiserie-tete-de-lit","status":"publish","type":"product","link":"https:\/\/www.bertoli.fr\/en\/portes\/boiserie-tete-de-lit\/","title":{"rendered":"Boiserie sculpt\u00e9e T\u00eate de lit"},"content":{"rendered":"[vc_row et_column_align=&#8221;align-center&#8221; css=&#8221;.vc_custom_1579132110345{padding-top: 30px !important;padding-bottom: 60px !important;}&#8221;][vc_column][vc_row_inner content_placement=&#8221;middle&#8221;][vc_column_inner offset=&#8221;vc_col-lg-4&#8243;][vc_column_text]\n<h5 class=\"fancy-title accent-color postline-large\">BOISERIE SCULPT\u00c9E<\/h5>\n<h3>El\u00e9gance, raffinement sont les ma\u00eetres mots de cette r\u00e9alisation Haussmannienne<\/h3>\n<p>Fabrication sur-mesure[\/vc_column_text][\/vc_column_inner][vc_column_inner offset=&#8221;vc_col-lg-offset-1 vc_col-lg-7&#8243;]\t<div class=\"et-image-608 et-image     et_image_link\">\n\t\t<div class=\"et-image-inner \">\n\t\t\t\t\t\t\t<div class=\"et-image-thumb \">\n\t\t\t\t\t<img loading=\"lazy\" decoding=\"async\" width=\"650\" height=\"800\" src=\"https:\/\/www.bertoli.fr\/wp-content\/uploads\/2022\/09\/boiseriehaussmaniennetetedelitbertolisculptures-1.png\" class=\"attachment-full\" alt=\"boiserie tete de lit sculptures haussmanniens par l&#039;atelier Bertoli\" title=\"boiseriehaussmaniennetetedelitbertolisculptures\" srcset=\"https:\/\/www.bertoli.fr\/wp-content\/uploads\/2022\/09\/boiseriehaussmaniennetetedelitbertolisculptures-1.png 650w, https:\/\/www.bertoli.fr\/wp-content\/uploads\/2022\/09\/boiseriehaussmaniennetetedelitbertolisculptures-1-244x300.png 244w, https:\/\/www.bertoli.fr\/wp-content\/uploads\/2022\/09\/boiseriehaussmaniennetetedelitbertolisculptures-1-122x150.png 122w\" sizes=\"auto, (max-width: 650px) 100vw, 650px\" \/>\t\t\t\t<\/div>\n\t\t\t\t\t\t\t\t\t\t\t<\/div>\n\t<\/div>\n  [\/vc_column_inner][\/vc_row_inner][\/vc_column][\/vc_row][vc_row et_column_align=&#8221;align-center&#8221; css=&#8221;.vc_custom_1579132139891{padding-bottom: 60px !important;}&#8221;][vc_column][vc_row_inner content_placement=&#8221;middle&#8221;][vc_column_inner offset=&#8221;vc_col-lg-7&#8243;]\t<div class=\"et-image-753 et-image     et_image_link\">\n\t\t<div class=\"et-image-inner \">\n\t\t\t\t\t\t\t<div class=\"et-image-thumb \">\n\t\t\t\t\t<img loading=\"lazy\" decoding=\"async\" width=\"600\" height=\"899\" src=\"https:\/\/www.bertoli.fr\/wp-content\/uploads\/2022\/09\/tetedelitboiserietetedelithaussmannienne.jpg\" class=\"attachment-full\" alt=\"boiserie tete de lit sculptures table de chevet haussmanniens par l&#039;atelier Bertoli\" title=\"tetedelitboiserietetedelithaussmannienne\" srcset=\"https:\/\/www.bertoli.fr\/wp-content\/uploads\/2022\/09\/tetedelitboiserietetedelithaussmannienne.jpg 600w, https:\/\/www.bertoli.fr\/wp-content\/uploads\/2022\/09\/tetedelitboiserietetedelithaussmannienne-200x300.jpg 200w, https:\/\/www.bertoli.fr\/wp-content\/uploads\/2022\/09\/tetedelitboiserietetedelithaussmannienne-100x150.jpg 100w\" sizes=\"auto, (max-width: 600px) 100vw, 600px\" \/>\t\t\t\t<\/div>\n\t\t\t\t\t\t\t\t\t\t\t<\/div>\n\t<\/div>\n  [\/vc_column_inner][vc_column_inner offset=&#8221;vc_col-lg-offset-1 vc_col-lg-4&#8243;][vc_column_text]\n<h5 class=\"fancy-title accent-color postline-large\">Agencement<\/h5>\n<h3>Chevets assortis<\/h3>\n<p>La d\u00e9coration c&#8217;est essentiel ! les rangements assortis c&#8217;est le summum &#8230;[\/vc_column_text][\/vc_column_inner][\/vc_row_inner][\/vc_column][\/vc_row][vc_row][vc_column][vc_separator][\/vc_column][\/vc_row][vc_row et_column_align=&#8221;align-center&#8221; css=&#8221;.vc_custom_1579131817775{padding-top: 60px !important;padding-bottom: 60px !important;}&#8221;][vc_column][vc_row_inner et_column_align=&#8221;align-center&#8221;][vc_column_inner width=&#8221;1\/2&#8243; offset=&#8221;vc_col-lg-6&#8243;][vc_column_text]\n<h5 class=\"fancy-title accent-color postline-large\">Sur-mesure<\/h5>\n<h3>D\u00e9coration murale, boiserie T\u00eate de Lit, chevets assortis<\/h3>\n<p>Chaque fabrication est unique, fabriqu\u00e9e pour vous &#8230;[\/vc_column_text][vc_column_text]\n<blockquote>\n<h4>&#8220;de l&#8217;Art et du Style&#8221;<\/h4>\n<\/blockquote>\n[\/vc_column_text][\/vc_column_inner][vc_column_inner width=&#8221;1\/2&#8243;]\t<div class=\"et-image-392 et-image     et_image_link\">\n\t\t<div class=\"et-image-inner \">\n\t\t\t\t\t\t\t<div class=\"et-image-thumb \">\n\t\t\t\t\t<img loading=\"lazy\" decoding=\"async\" width=\"534\" height=\"800\" src=\"https:\/\/www.bertoli.fr\/wp-content\/uploads\/2022\/09\/boiserietetedelitchevethaussmanniennebertoli.jpg\" class=\"attachment-full\" alt=\"boiserie tete de lit chevets haussmanniens par l&#039;atelier Bertoli\" title=\"boiserietetedelitchevethaussmanniennebertoli\" srcset=\"https:\/\/www.bertoli.fr\/wp-content\/uploads\/2022\/09\/boiserietetedelitchevethaussmanniennebertoli.jpg 534w, https:\/\/www.bertoli.fr\/wp-content\/uploads\/2022\/09\/boiserietetedelitchevethaussmanniennebertoli-200x300.jpg 200w, https:\/\/www.bertoli.fr\/wp-content\/uploads\/2022\/09\/boiserietetedelitchevethaussmanniennebertoli-100x150.jpg 100w\" sizes=\"auto, (max-width: 534px) 100vw, 534px\" \/>\t\t\t\t<\/div>\n\t\t\t\t\t\t\t\t\t\t\t<\/div>\n\t<\/div>\n  [\/vc_column_inner][\/vc_row_inner][vc_row_inner et_column_align=&#8221;align-center&#8221; css=&#8221;.vc_custom_1579132052355{padding-top: 40px !important;}&#8221;][vc_column_inner][vc_single_image image=&#8221;19829&#8243; img_size=&#8221;full&#8221; alignment=&#8221;center&#8221;][\/vc_column_inner][\/vc_row_inner][\/vc_column][\/vc_row][vc_row][vc_column][vc_separator][\/vc_column][\/vc_row][vc_row][vc_column][vc_column_text]Nous fabriquons sur-mesure des portes et boiseries moulur\u00e9es, sculpt\u00e9es ou non ;\u00a0 principalement de style Haussmannien ou Art D\u00e9co, mais aussi dans les styles XVIe au XVIIIe si\u00e8cle.<\/p>\n<p>Si vous d\u00e9sirez un ensemble en proportion, en harmonie avec les volumes existants, seule la fabrication sur-mesure pourra vous donnez satisfaction. En effet, les murs ou les cloisons \u00e9tant de diff\u00e9rentes longueurs, les intervalles entre les panneaux moulur\u00e9s seront tous de la m\u00eame largeur.<br \/>\nLa fabrication sur-mesure permet \u00e9galement une mise en proportion dimensionnelle des lambris ou boiseries sur la hauteur ce qui ne permet pas d&#8217;autres types d&#8217;habillages muraux aux dimensions standardis\u00e9es.<\/p>\n<h4>Nous avons deux types de fabrication et mise en oeuvre \u00e0 vous proposer :<\/h4>\n<ul>\n<li>BOISERIES &amp; LAMBRIS \u00e0 peindre\n<ul>\n<li>Les panneaux d\u00e9coratifs sont fabriqu\u00e9s en \u00e9l\u00e9ments s\u00e9par\u00e9s, ainsi que les plinthes, cimaises, corniches assorties. L&#8217;ensemble est pr\u00e9vu pour \u00eatre fix\u00e9 sur les murs et cloisons correspondants, de plan\u00e9it\u00e9 correcte.<\/li>\n<li>La peinture est appliqu\u00e9e apr\u00e8s la pose. Le m\u00eame type de fabrication mais sur b\u00e2ti \u00e0 peindre ou en bois massif de diff\u00e9rentes essences.<\/li>\n<\/ul>\n<\/li>\n<\/ul>\n[\/vc_column_text][\/vc_column][\/vc_row][vc_row][vc_column][vc_separator][\/vc_column][\/vc_row]\n","protected":false},"excerpt":{"rendered":"<p>Boiserie murale sculpt\u00e9e Moulur\u00e9e \u00e0 Grand Cadre, panneaux \u00e0 plates-bandes,<br \/>\nCorniche, Cymaises et Plinthes assortis<\/p>\n<p>Dimensions de l\u2019ensemble : 2595 x 3040mm<\/p>\n","protected":false},"featured_media":19814,"template":"","meta":[],"product_brand":[],"product_cat":[179,217],"product_tag":[],"class_list":{"0":"post-19812","1":"product","2":"type-product","3":"status-publish","4":"has-post-thumbnail","6":"product_cat-boiseries-et-lambris","7":"product_cat-boiseries-de-style","9":"first","10":"instock","11":"shipping-taxable","12":"purchasable","13":"product-type-variable"},"_links":{"self":[{"href":"https:\/\/www.bertoli.fr\/en\/wp-json\/wp\/v2\/product\/19812","targetHints":{"allow":["GET"]}}],"collection":[{"href":"https:\/\/www.bertoli.fr\/en\/wp-json\/wp\/v2\/product"}],"about":[{"href":"https:\/\/www.bertoli.fr\/en\/wp-json\/wp\/v2\/types\/product"}],"wp:featuredmedia":[{"embeddable":true,"href":"https:\/\/www.bertoli.fr\/en\/wp-json\/wp\/v2\/media\/19814"}],"wp:attachment":[{"href":"https:\/\/www.bertoli.fr\/en\/wp-json\/wp\/v2\/media?parent=19812"}],"wp:term":[{"taxonomy":"product_brand","embeddable":true,"href":"https:\/\/www.bertoli.fr\/en\/wp-json\/wp\/v2\/product_brand?post=19812"},{"taxonomy":"product_cat","embeddable":true,"href":"https:\/\/www.bertoli.fr\/en\/wp-json\/wp\/v2\/product_cat?post=19812"},{"taxonomy":"product_tag","embeddable":true,"href":"https:\/\/www.bertoli.fr\/en\/wp-json\/wp\/v2\/product_tag?post=19812"}],"curies":[{"name":"wp","href":"https:\/\/api.w.org\/{rel}","templated":true}]}}