{"id":19873,"date":"2022-09-13T17:12:44","date_gmt":"2022-09-13T15:12:44","guid":{"rendered":"https:\/\/www.bertoli.fr\/?post_type=product&#038;p=19873"},"modified":"2026-04-13T12:00:44","modified_gmt":"2026-04-13T10:00:44","slug":"calade","status":"publish","type":"product","link":"https:\/\/www.bertoli.fr\/en\/portes\/calade\/","title":{"rendered":"Calade"},"content":{"rendered":"[vc_row et_column_align=&#8221;align-center&#8221; css=&#8221;.vc_custom_1579132110345{padding-top: 30px !important;padding-bottom: 60px !important;}&#8221;][vc_column][vc_row_inner content_placement=&#8221;middle&#8221;][vc_column_inner offset=&#8221;vc_col-lg-7&#8243;][vc_column_text]\n<h5 class=\"fancy-title accent-color postline-large\">D\u00e9tail de Fabrication BERTOLI<\/h5>\n<h4>Porte d\u2019entr\u00e9e sur-moulur\u00e9e avec b\u00e2ti \u00e0 lames verticales in\u00e9gales bouvet\u00e9es, assembl\u00e9es \u00e0 TENONS PRISONNIERS chevill\u00e9s bois, clous forg\u00e9s<\/h4>\n<p>Toutes nos portes d\u2019entr\u00e9e sur-moulur\u00e9es sont doubl\u00e9es sur la face int\u00e9rieure, afin de garantir une bonne isolation &amp; une solidit\u00e9 incomparables<strong><em>.<\/em><\/strong><\/p>\n<p>Fausses pentures sur demande[\/vc_column_text][\/vc_column_inner][vc_column_inner offset=&#8221;vc_col-lg-offset-1 vc_col-lg-4&#8243;]\t<div class=\"et-image-219 et-image     et_image_link\">\n\t\t<div class=\"et-image-inner \">\n\t\t\t\t\t\t\t<div class=\"et-image-thumb \">\n\t\t\t\t\t<img loading=\"lazy\" decoding=\"async\" width=\"243\" height=\"500\" src=\"https:\/\/www.bertoli.fr\/wp-content\/uploads\/2022\/09\/doublage-lames-noyer-avec-fausses-pentures-et-cl-bertoli.png\" class=\"attachment-full\" alt=\"doublage lames noyer avec fausses pentures et cl bertoli\" title=\"doublage lames noyer avec fausses pentures et cl bertoli\" srcset=\"https:\/\/www.bertoli.fr\/wp-content\/uploads\/2022\/09\/doublage-lames-noyer-avec-fausses-pentures-et-cl-bertoli.png 243w, https:\/\/www.bertoli.fr\/wp-content\/uploads\/2022\/09\/doublage-lames-noyer-avec-fausses-pentures-et-cl-bertoli-146x300.png 146w, https:\/\/www.bertoli.fr\/wp-content\/uploads\/2022\/09\/doublage-lames-noyer-avec-fausses-pentures-et-cl-bertoli-73x150.png 73w\" sizes=\"auto, (max-width: 243px) 100vw, 243px\" \/>\t\t\t\t<\/div>\n\t\t\t\t\t\t\t\t\t\t\t<\/div>\n\t<\/div>\n  [\/vc_column_inner][\/vc_row_inner][\/vc_column][\/vc_row][vc_row][vc_column][vc_separator][\/vc_column][\/vc_row][vc_row][vc_column animation=&#8221;animation bottom-to-top&#8221;][vc_empty_space][vc_column_text]<strong>Toutes nos portes sont fabriqu\u00e9es dans des essences de bois s\u00e9ch\u00e9es dans nos ateliers<br \/>\n(10 \u00e0 12% d\u2019hygrom\u00e9trie)<\/strong><\/p>\n<p>Les mod\u00e8les de porte d\u2019entr\u00e9e que nous vous proposons peuvent \u00eatre fabriqu\u00e9s en Ch\u00eane de France et en Noyer de France. (autre essence sur-demande)<\/p>\n<ul>\n<li>Pour ferrer nos portes nous utilisons des <strong>paumelles picardes<\/strong> de la marque Cl\u00e9menson, les meilleures du march\u00e9.<\/li>\n<li>Elles sont munies d\u2019une<strong>\u00a0g\u00e2che renforc\u00e9e<\/strong>, d&#8217;une <strong>serrure 3 points encastr\u00e9e marque Vachette<\/strong> avec cylindre s\u00e9curit\u00e9 et carte de reproduction . (<em>sur demande , g\u00e2che \u00e9lectrique, bo\u00eetier \u00e0 reconnaissance digitale\u2026)<\/em><\/li>\n<li>Pour l\u2019isolation nous les \u00e9quipons d\u2019un <strong>joint p\u00e9riph\u00e9rique<\/strong> de la marque Dual et d\u2019une <strong>barre de seuil en aluminium \u00e0 encastrer<\/strong> ou r\u00e9novation, ou d\u2019une plinthe automatique appel\u00e9e \u00ab closnet \u00bbou \u00ab klomatic \u00bb.<\/li>\n<\/ul>\n<p><strong>E<\/strong>nfin, c\u2019est avec soin et attention que notre vernisseur leur donne la touche finale:\u00a0 teinte choisie par vos soins, trois couches de lasure sur la face ext\u00e9rieure, &amp; Teinte, vernis polyur\u00e9thane et cire sur la face int\u00e9rieure. Si vous souhaitez une porte avec un aspect ancien, nous vous proposons diff\u00e9rentes techniques de finition :\u00a0 patine antiquaire, brossage, rabot rond, sciage &#8230;<br \/>\nUn large choix pour parfaire votre porte d&#8217;entr\u00e9e Unique &#8230;<\/p>\n<p><em>Notre Recommandation : Nous vous conseillons de prot\u00e9ger votre porte d\u2019entr\u00e9e des intemp\u00e9ries en la pla\u00e7ant sous abris (porche, marquise, avanc\u00e9e de toit..)<br \/>\n<\/em>[\/vc_column_text][\/vc_column][\/vc_row][vc_row][vc_column][vc_separator][\/vc_column][\/vc_row][vc_row][vc_column]\t<div class=\"et-image-393 et-image aligncenter    et_image_link\">\n\t\t<div class=\"et-image-inner \">\n\t\t\t\t\t\t\t<div class=\"et-image-thumb \">\n\t\t\t\t\t<img loading=\"lazy\" decoding=\"async\" width=\"650\" height=\"800\" src=\"https:\/\/www.bertoli.fr\/wp-content\/uploads\/2022\/09\/caladeensituationbertoli.png\" class=\"attachment-full\" alt=\"calade en situation Bertoli\" title=\"caladeensituationbertoli\" srcset=\"https:\/\/www.bertoli.fr\/wp-content\/uploads\/2022\/09\/caladeensituationbertoli.png 650w, https:\/\/www.bertoli.fr\/wp-content\/uploads\/2022\/09\/caladeensituationbertoli-244x300.png 244w, https:\/\/www.bertoli.fr\/wp-content\/uploads\/2022\/09\/caladeensituationbertoli-122x150.png 122w\" sizes=\"auto, (max-width: 650px) 100vw, 650px\" \/>\t\t\t\t<\/div>\n\t\t\t\t\t\t\t\t\t\t\t\t\t<div class=\"et-image-content\">\n\t\t\t\t\t<p>CALADE II<\/p>\n\t\t\t\t<\/div>\n\t\t\t\t\t<\/div>\n\t<\/div>\n  [\/vc_column][\/vc_row]\n","protected":false},"excerpt":{"rendered":"<p>Noyer de France lasur\u00e9<br \/>\nPoign\u00e9es Genifer fabrication Fran\u00e7aise<\/p>\n<p>Dimensions : 2150\/2050 x 1000 mm<br \/>\nFabrication sur-mesure \u00e0 la demande<\/p>\n<h5 class=\"fancy-title accent-color postline-large\">Mod\u00e8le visible dans notre show-room<\/h5>\n","protected":false},"featured_media":20516,"template":"","meta":[],"product_brand":[],"product_cat":[146,176],"product_tag":[],"class_list":{"0":"post-19873","1":"product","2":"type-product","3":"status-publish","4":"has-post-thumbnail","6":"product_cat-de-style","7":"product_cat-portes-dentree","9":"first","10":"instock","11":"shipping-taxable","12":"purchasable","13":"product-type-variable"},"_links":{"self":[{"href":"https:\/\/www.bertoli.fr\/en\/wp-json\/wp\/v2\/product\/19873","targetHints":{"allow":["GET"]}}],"collection":[{"href":"https:\/\/www.bertoli.fr\/en\/wp-json\/wp\/v2\/product"}],"about":[{"href":"https:\/\/www.bertoli.fr\/en\/wp-json\/wp\/v2\/types\/product"}],"wp:featuredmedia":[{"embeddable":true,"href":"https:\/\/www.bertoli.fr\/en\/wp-json\/wp\/v2\/media\/20516"}],"wp:attachment":[{"href":"https:\/\/www.bertoli.fr\/en\/wp-json\/wp\/v2\/media?parent=19873"}],"wp:term":[{"taxonomy":"product_brand","embeddable":true,"href":"https:\/\/www.bertoli.fr\/en\/wp-json\/wp\/v2\/product_brand?post=19873"},{"taxonomy":"product_cat","embeddable":true,"href":"https:\/\/www.bertoli.fr\/en\/wp-json\/wp\/v2\/product_cat?post=19873"},{"taxonomy":"product_tag","embeddable":true,"href":"https:\/\/www.bertoli.fr\/en\/wp-json\/wp\/v2\/product_tag?post=19873"}],"curies":[{"name":"wp","href":"https:\/\/api.w.org\/{rel}","templated":true}]}}