{"id":19884,"date":"2022-09-13T17:39:35","date_gmt":"2022-09-13T15:39:35","guid":{"rendered":"https:\/\/www.bertoli.fr\/?post_type=product&#038;p=19884"},"modified":"2026-04-13T12:01:13","modified_gmt":"2026-04-13T10:01:13","slug":"haussmanienne","status":"publish","type":"product","link":"https:\/\/www.bertoli.fr\/en\/portes\/haussmanienne\/","title":{"rendered":"Porte HAUSSMANNIENNE \u00e0 3 panneaux"},"content":{"rendered":"[vc_row][vc_column][vc_separator][\/vc_column][\/vc_row][vc_row][vc_column width=&#8221;1\/3&#8243;][vc_column_text]\n<h5 class=\"fancy-title accent-color postline-large\" style=\"text-align: center;\"><span style=\"vertical-align: inherit;\">ASSEMBLAGES \u00c0 TENONS ET MORTAISES COLL\u00c9S ET CHEVILL\u00c9S BOIS<\/span><\/h5>\n<h5><span style=\"vertical-align: inherit;\">MOULURATION \u00c0 GRAND CADRE A COUPES D&#8217;ONGLET 55mm<\/span><br \/>\n<em><span style=\"vertical-align: inherit;\">DOUBLES FACES IDENTIQUES<\/span><\/em><\/h5>\n<h5><span style=\"vertical-align: inherit;\">PANNEAUX \u00c0 PLATES-BANDES<\/span><br \/>\n<em><span style=\"vertical-align: inherit;\">DOUBLES FACES IDENTIQUES<\/span><\/em><\/h5>\n<h4 style=\"text-align: center;\"><strong><span style=\"vertical-align: inherit;\">Toutes nos portes sont fabriqu\u00e9es dans des essences de bois s\u00e9ch\u00e9es dans nos ateliers <\/span><br \/>\n<span style=\"vertical-align: inherit;\">(10 \u00e0 12% d&#8217;hygrom\u00e9trie)<\/span><\/strong><\/h4>\n[\/vc_column_text][\/vc_column][vc_column width=&#8221;1\/3&#8243;][vc_empty_space height=&#8221;100px&#8221;][vc_column_text]<span style=\"vertical-align: inherit;\">Nous vous proposons de fabriquer vos portes d&#8217;int\u00e9rieur dans diff\u00e9rentes essences\u00a0: bois \u00e0 peindre, Tilleul, Ch\u00e2taignier de France, Ch\u00eane de France, Merisier de France, Noyer de France. (autres sur demande)<\/span><\/p>\n<p><span style=\"vertical-align: inherit;\">Les mod\u00e8les de portes style Haussmann sont r\u00e9alisables :<\/span><\/p>\n<ul>\n<li><span style=\"vertical-align: inherit;\">dans toutes les dimensions<\/span><\/li>\n<li><span style=\"vertical-align: inherit;\">\u00e0 panneaux ou vitr\u00e9es<\/span><\/li>\n<li><span style=\"vertical-align: inherit;\">en deux ou trois panneaux<\/span><\/li>\n<li><span style=\"vertical-align: inherit;\">en simple vantail, deux vantaux, en tierc\u00e9e&#8230;<\/span><\/li>\n<li><span style=\"vertical-align: inherit;\">battante, coulissante \u00e0 galandage ou en applique (fourniture des ch\u00e2ssis ou rail)<\/span><\/li>\n<li><span style=\"vertical-align: inherit;\">en EI30, EI60, acoustique, blind\u00e9e, pare-balles &#8230;<\/span><\/li>\n<li>en placard, boiseries murales assortis<\/li>\n<\/ul>\n[\/vc_column_text][\/vc_column][vc_column width=&#8221;1\/3&#8243;][vc_empty_space height=&#8221;100px&#8221;][vc_column_text]<span style=\"vertical-align: inherit;\">Les cadres sont fabriqu\u00e9s de l&#8217;\u00e9paisseur de vos cloisons afin de permettre une pose parfaite des couvre-joints sur les deux faces. <\/span><br \/>\n<span style=\"vertical-align: inherit;\">Toutes nos portes sont \u00e9quip\u00e9es de paumelles entaill\u00e9es et d&#8217;une serrure \u00e0 larder NF, sur demande nous vous proposons :<\/span><\/p>\n<ul>\n<li><span style=\"vertical-align: inherit;\">des charni\u00e8res invisibles, serrure magn\u00e9tique<\/span><\/li>\n<li><span style=\"vertical-align: inherit;\">joint phonique, plinthe automatique en partie basse<\/span><\/li>\n<li><span style=\"vertical-align: inherit;\">Large choix de finitions, poign\u00e9es \u00e0 d\u00e9couvrir&#8230;<\/span><\/li>\n<\/ul>\n<ul>\n<li style=\"list-style-type: none;\"><\/li>\n<\/ul>\n[\/vc_column_text][\/vc_column][\/vc_row][vc_row][vc_column][vc_separator][\/vc_column][\/vc_row][vc_row][vc_column width=&#8221;1\/3&#8243;]\t<div class=\"et-image-446 et-image     et_image_link\">\n\t\t<div class=\"et-image-inner \">\n\t\t\t\t\t\t\t<div class=\"et-image-thumb \">\n\t\t\t\t\t<img loading=\"lazy\" decoding=\"async\" width=\"467\" height=\"700\" src=\"https:\/\/www.bertoli.fr\/wp-content\/uploads\/2022\/09\/porteinterieurehaussmannblanchebertoli2.jpg\" class=\"attachment-full\" alt=\"porte interieure haussmann blanche bertoli\" title=\"porteinterieurehaussmannblanchebertoli2\" srcset=\"https:\/\/www.bertoli.fr\/wp-content\/uploads\/2022\/09\/porteinterieurehaussmannblanchebertoli2.jpg 467w, https:\/\/www.bertoli.fr\/wp-content\/uploads\/2022\/09\/porteinterieurehaussmannblanchebertoli2-200x300.jpg 200w, https:\/\/www.bertoli.fr\/wp-content\/uploads\/2022\/09\/porteinterieurehaussmannblanchebertoli2-100x150.jpg 100w\" sizes=\"auto, (max-width: 467px) 100vw, 467px\" \/>\t\t\t\t<\/div>\n\t\t\t\t\t\t\t\t\t\t\t<\/div>\n\t<\/div>\n  [\/vc_column][vc_column width=&#8221;1\/3&#8243;]\t<div class=\"et-image-802 et-image     et_image_link\">\n\t\t<div class=\"et-image-inner \">\n\t\t\t\t\t\t\t<div class=\"et-image-thumb \">\n\t\t\t\t\t<img loading=\"lazy\" decoding=\"async\" width=\"1049\" height=\"700\" src=\"https:\/\/www.bertoli.fr\/wp-content\/uploads\/2022\/09\/porteinterieurehaussmannblanchebertoli10.jpg\" class=\"attachment-full\" alt=\"porte interieure haussmann blanche bertoli\" title=\"porteinterieurehaussmannblanchebertoli10\" srcset=\"https:\/\/www.bertoli.fr\/wp-content\/uploads\/2022\/09\/porteinterieurehaussmannblanchebertoli10.jpg 1049w, https:\/\/www.bertoli.fr\/wp-content\/uploads\/2022\/09\/porteinterieurehaussmannblanchebertoli10-300x200.jpg 300w, https:\/\/www.bertoli.fr\/wp-content\/uploads\/2022\/09\/porteinterieurehaussmannblanchebertoli10-1024x683.jpg 1024w, https:\/\/www.bertoli.fr\/wp-content\/uploads\/2022\/09\/porteinterieurehaussmannblanchebertoli10-768x512.jpg 768w, https:\/\/www.bertoli.fr\/wp-content\/uploads\/2022\/09\/porteinterieurehaussmannblanchebertoli10-150x100.jpg 150w, https:\/\/www.bertoli.fr\/wp-content\/uploads\/2022\/09\/porteinterieurehaussmannblanchebertoli10-1000x667.jpg 1000w\" sizes=\"auto, (max-width: 1049px) 100vw, 1049px\" \/>\t\t\t\t<\/div>\n\t\t\t\t\t\t\t\t\t\t\t<\/div>\n\t<\/div>\n  [\/vc_column][vc_column width=&#8221;1\/3&#8243;]\t<div class=\"et-image-999 et-image     et_image_link\">\n\t\t<div class=\"et-image-inner \">\n\t\t\t\t\t\t\t<div class=\"et-image-thumb \">\n\t\t\t\t\t<img loading=\"lazy\" decoding=\"async\" width=\"467\" height=\"700\" src=\"https:\/\/www.bertoli.fr\/wp-content\/uploads\/2022\/09\/porteinterieurehaussmannblanchebertoli7.jpg\" class=\"attachment-full\" alt=\"porte interieure haussmann blanche bertoli\" title=\"porteinterieurehaussmannblanchebertoli7\" srcset=\"https:\/\/www.bertoli.fr\/wp-content\/uploads\/2022\/09\/porteinterieurehaussmannblanchebertoli7.jpg 467w, https:\/\/www.bertoli.fr\/wp-content\/uploads\/2022\/09\/porteinterieurehaussmannblanchebertoli7-200x300.jpg 200w, https:\/\/www.bertoli.fr\/wp-content\/uploads\/2022\/09\/porteinterieurehaussmannblanchebertoli7-100x150.jpg 100w\" sizes=\"auto, (max-width: 467px) 100vw, 467px\" \/>\t\t\t\t<\/div>\n\t\t\t\t\t\t\t\t\t\t\t<\/div>\n\t<\/div>\n  [\/vc_column][\/vc_row][vc_row][vc_column][vc_empty_space][vc_separator][vc_row_inner et_column_align=&#8221;align-center&#8221; css=&#8221;.vc_custom_1579132052355{padding-top: 40px !important;}&#8221;][vc_column_inner][vc_single_image image=&#8221;19833&#8243; img_size=&#8221;full&#8221; alignment=&#8221;center&#8221;][\/vc_column_inner][\/vc_row_inner][\/vc_column][\/vc_row][vc_row][vc_column][vc_separator][\/vc_column][\/vc_row]\n","protected":false},"excerpt":{"rendered":"<p>Porte style Haussmann \u00e0 3 panneaux<br \/>\nFinition laqu\u00e9e RAL 9016 satin\u00e9<br \/>\nCouvre-joints, 65mm<br \/>\nSerrure &amp; Paumelles laiton<br \/>\nPoign\u00e9e AURORA by Mandelli<\/p>\n<p>Pr\u00e9sent\u00e9 en 2100 x 830mm<br \/>\n<em>*autres sur demande<\/em><\/p>\n<h4><\/h4>\n","protected":false},"featured_media":19916,"template":"","meta":[],"product_brand":[],"product_cat":[151,177],"product_tag":[],"class_list":{"0":"post-19884","1":"product","2":"type-product","3":"status-publish","4":"has-post-thumbnail","6":"product_cat-haussmanniennes","7":"product_cat-portes-dinterieur","9":"first","10":"instock","11":"shipping-taxable","12":"purchasable","13":"product-type-variable"},"_links":{"self":[{"href":"https:\/\/www.bertoli.fr\/en\/wp-json\/wp\/v2\/product\/19884","targetHints":{"allow":["GET"]}}],"collection":[{"href":"https:\/\/www.bertoli.fr\/en\/wp-json\/wp\/v2\/product"}],"about":[{"href":"https:\/\/www.bertoli.fr\/en\/wp-json\/wp\/v2\/types\/product"}],"wp:featuredmedia":[{"embeddable":true,"href":"https:\/\/www.bertoli.fr\/en\/wp-json\/wp\/v2\/media\/19916"}],"wp:attachment":[{"href":"https:\/\/www.bertoli.fr\/en\/wp-json\/wp\/v2\/media?parent=19884"}],"wp:term":[{"taxonomy":"product_brand","embeddable":true,"href":"https:\/\/www.bertoli.fr\/en\/wp-json\/wp\/v2\/product_brand?post=19884"},{"taxonomy":"product_cat","embeddable":true,"href":"https:\/\/www.bertoli.fr\/en\/wp-json\/wp\/v2\/product_cat?post=19884"},{"taxonomy":"product_tag","embeddable":true,"href":"https:\/\/www.bertoli.fr\/en\/wp-json\/wp\/v2\/product_tag?post=19884"}],"curies":[{"name":"wp","href":"https:\/\/api.w.org\/{rel}","templated":true}]}}