{"id":20022,"date":"2022-11-04T12:25:22","date_gmt":"2022-11-04T11:25:22","guid":{"rendered":"https:\/\/www.bertoli.fr\/?post_type=product&#038;p=20022"},"modified":"2026-04-13T12:01:13","modified_gmt":"2026-04-13T10:01:13","slug":"scieur-de-long","status":"publish","type":"product","link":"https:\/\/www.bertoli.fr\/en\/portes\/scieur-de-long\/","title":{"rendered":"SCIEUR DE LONG"},"content":{"rendered":"[vc_row][vc_column][vc_column_text]<span style=\"vertical-align: inherit;\"><span style=\"vertical-align: inherit;\">[\/vc_column_text][\/vc_column][\/vc_row][vc_row et_column_align=&#8221;align-center&#8221; css=&#8221;.vc_custom_1579132110345{padding-top : 30px !important;padding-bottom : 60px !important;}&#8221;][vc_column][vc_row_inner content_placement=&#8221;middle&#8221;][vc_column_inner offset=&#8221;vc_col-lg-4&#8243;][vc_column_text]\u00a0<\/span><\/span><\/p>\n<h5 class=\"fancy-title accent-color postline-large\"><span style=\"vertical-align: inherit;\"><span style=\"vertical-align: inherit;\">UNE PORTE DE CARACT\u00c8RE<\/span><\/span><\/h5>\n<p><strong>&#8220;Entrez dans la mati\u00e8re &#8230;&#8221;<br \/>\nPourquoi ne pas l&#8217;assortir \u00e0 votre parquet sci\u00e9 ?<\/strong>[\/vc_column_text][\/vc_column_inner][vc_column_inner offset=&#8221;vc_col-lg-offset-1 vc_col-lg-7&#8243;]\t<div class=\"et-image-40 et-image     et_image_link\">\n\t\t<div class=\"et-image-inner \">\n\t\t\t\t\t\t\t<div class=\"et-image-thumb \">\n\t\t\t\t\t<img loading=\"lazy\" decoding=\"async\" width=\"1198\" height=\"800\" src=\"https:\/\/www.bertoli.fr\/wp-content\/uploads\/2022\/09\/Sans-titre-3.jpg\" class=\"attachment-full\" alt=\"scieur de long Atelier Bertoli\" title=\"Sans-titre-3\" srcset=\"https:\/\/www.bertoli.fr\/wp-content\/uploads\/2022\/09\/Sans-titre-3.jpg 1198w, https:\/\/www.bertoli.fr\/wp-content\/uploads\/2022\/09\/Sans-titre-3-300x200.jpg 300w, https:\/\/www.bertoli.fr\/wp-content\/uploads\/2022\/09\/Sans-titre-3-1024x684.jpg 1024w, https:\/\/www.bertoli.fr\/wp-content\/uploads\/2022\/09\/Sans-titre-3-768x513.jpg 768w, https:\/\/www.bertoli.fr\/wp-content\/uploads\/2022\/09\/Sans-titre-3-150x100.jpg 150w, https:\/\/www.bertoli.fr\/wp-content\/uploads\/2022\/09\/Sans-titre-3-1000x668.jpg 1000w\" sizes=\"auto, (max-width: 1198px) 100vw, 1198px\" \/>\t\t\t\t<\/div>\n\t\t\t\t\t\t\t\t\t\t\t<\/div>\n\t<\/div>\n  [\/vc_column_inner][\/vc_row_inner][\/vc_column][\/vc_row][vc_row et_column_align=&#8221;align-center&#8221; css=&#8221;.vc_custom_1579131817775{padding-top: 60px !important;padding-bottom: 60px !important;}&#8221;][vc_column width=&#8221;2\/3&#8243;]\t<div class=\"et-image-965 et-image aligncenter    et_image_link\">\n\t\t<div class=\"et-image-inner \">\n\t\t\t\t\t\t\t<div class=\"et-image-thumb \">\n\t\t\t\t\t<img loading=\"lazy\" decoding=\"async\" width=\"934\" height=\"800\" src=\"https:\/\/www.bertoli.fr\/wp-content\/uploads\/2022\/04\/scieur-de-longBERTOLI.jpg\" class=\"attachment-full\" alt=\"scieur de longBERTOLI\" title=\"scieur de longBERTOLI\" srcset=\"https:\/\/www.bertoli.fr\/wp-content\/uploads\/2022\/04\/scieur-de-longBERTOLI.jpg 934w, https:\/\/www.bertoli.fr\/wp-content\/uploads\/2022\/04\/scieur-de-longBERTOLI-300x257.jpg 300w, https:\/\/www.bertoli.fr\/wp-content\/uploads\/2022\/04\/scieur-de-longBERTOLI-768x658.jpg 768w, https:\/\/www.bertoli.fr\/wp-content\/uploads\/2022\/04\/scieur-de-longBERTOLI-150x128.jpg 150w\" sizes=\"auto, (max-width: 934px) 100vw, 934px\" \/>\t\t\t\t<\/div>\n\t\t\t\t\t\t\t\t\t\t\t<\/div>\n\t<\/div>\n  [\/vc_column][vc_column width=&#8221;1\/3&#8243;][vc_column_text]\n<h5 class=\"fancy-title accent-color postline-large\">EN HOMMAGE<\/h5>\n<p><strong>AUX SCIEURS DE LONG<\/strong><br \/>\n<em>capables de transformer un tronc de ch\u00eane \u00e9norme en planches \u00e0 l\u2019aide de leur scie \u00e0 cadre et \u00e0 la seule force de leurs bras.\u00a0<\/em>[\/vc_column_text][\/vc_column][\/vc_row][vc_row][vc_column][vc_separator][vc_empty_space][\/vc_column][\/vc_row][vc_row et_column_align=&#8221;align-center&#8221; css=&#8221;.vc_custom_1579132139891{padding-bottom: 60px !important;}&#8221;][vc_column][vc_row_inner content_placement=&#8221;middle&#8221;][vc_column_inner offset=&#8221;vc_col-lg-7&#8243;]\t<div class=\"et-image-321 et-image     et_image_link\">\n\t\t<div class=\"et-image-inner \">\n\t\t\t\t\t\t\t<div class=\"et-image-thumb \">\n\t\t\t\t\t<img loading=\"lazy\" decoding=\"async\" width=\"460\" height=\"307\" src=\"https:\/\/www.bertoli.fr\/wp-content\/uploads\/2022\/09\/hommage-aux-scieurs-de-log.jpg\" class=\"attachment-large\" alt=\"hommage aux scieurs porte en bois Atelier Bertoli\" title=\"hommage aux scieurs de lo,g\" srcset=\"https:\/\/www.bertoli.fr\/wp-content\/uploads\/2022\/09\/hommage-aux-scieurs-de-log.jpg 460w, https:\/\/www.bertoli.fr\/wp-content\/uploads\/2022\/09\/hommage-aux-scieurs-de-log-300x200.jpg 300w, https:\/\/www.bertoli.fr\/wp-content\/uploads\/2022\/09\/hommage-aux-scieurs-de-log-150x100.jpg 150w\" sizes=\"auto, (max-width: 460px) 100vw, 460px\" \/>\t\t\t\t<\/div>\n\t\t\t\t\t\t\t\t\t\t\t<\/div>\n\t<\/div>\n  [\/vc_column_inner][vc_column_inner offset=&#8221;vc_col-lg-offset-1 vc_col-lg-4&#8243;][vc_column_text]\n<h5 class=\"fancy-title accent-color postline-large\">POIGN\u00c9E DESIGN<\/h5>\n<h3>BLADE\u00a0 by Frascio<\/h3>\n<p>Fabrication Italienne[\/vc_column_text][\/vc_column_inner][\/vc_row_inner][\/vc_column][\/vc_row][vc_row][vc_column][vc_separator][vc_empty_space][\/vc_column][\/vc_row][vc_row][vc_column width=&#8221;1\/3&#8243;][vc_row_inner et_column_align=&#8221;align-center&#8221; css=&#8221;.vc_custom_1579132052355{padding-top: 40px !important;}&#8221;][vc_column_inner][vc_column_text]\n<h5 class=\"fancy-title accent-color postline-large\" style=\"text-align: center;\">LAMES CROIS\u00c9ES VISS\u00c9ES TAPOT\u00c9ES BOIS<\/h5>\n<h4>Une face \u00e0 lames horizontales, une face \u00e0 lames verticales<br \/>\nClous retourn\u00e9s sur demande<\/h4>\n<h4 style=\"text-align: center;\"><strong><br \/>\n<\/strong><strong>Toutes nos portes sont fabriqu\u00e9es dans des essences de bois s\u00e9ch\u00e9es dans nos ateliers<br \/>\n(10 \u00e0 12% d\u2019hygrom\u00e9trie)<\/strong><\/h4>\n[\/vc_column_text][\/vc_column_inner][\/vc_row_inner][\/vc_column][vc_column width=&#8221;1\/3&#8243;][vc_empty_space height=&#8221;120px&#8221;][vc_column_text]<span style=\"vertical-align: inherit;\">Nous vous proposons de fabriquer vos portes d&#8217;int\u00e9rieur dans diff\u00e9rentes essences\u00a0: bois \u00e0 peindre, Tilleul, Ch\u00e2taignier de France, Ch\u00eane de France, Merisier de France, Noyer de France. (autres sur demande)<\/span><\/p>\n<p><span style=\"vertical-align: inherit;\">Mod\u00e8le r\u00e9alisable :<\/span><\/p>\n<ul>\n<li><span style=\"vertical-align: inherit;\">dans toutes les dimensions<\/span><\/li>\n<li><span style=\"vertical-align: inherit;\">en simple vantail, deux vantaux, en tierc\u00e9e&#8230;<\/span><\/li>\n<li><span style=\"vertical-align: inherit;\">battante, coulissante \u00e0 galandage ou en applique (fourniture des ch\u00e2ssis ou rail)<\/span><\/li>\n<li><span style=\"vertical-align: inherit;\">en EI30, EI60, acoustique, blind\u00e9e, pare-balles &#8230;<\/span><\/li>\n<li>en placard assorti<\/li>\n<\/ul>\n[\/vc_column_text][\/vc_column][vc_column width=&#8221;1\/3&#8243;][vc_empty_space height=&#8221;120px&#8221;][vc_column_text]<span style=\"vertical-align: inherit;\">Les cadres sont fabriqu\u00e9s de l&#8217;\u00e9paisseur de vos cloisons afin de permettre une pose parfaite des couvre-joints sur les deux faces. <\/span><br \/>\n<span style=\"vertical-align: inherit;\">Toutes nos portes sont \u00e9quip\u00e9es de paumelles entaillees et d&#8217;une serrure \u00e0 larder NF, sur demande nous vous proposons :<\/span><\/p>\n<ul>\n<li><span style=\"vertical-align: inherit;\">des charni\u00e8res invisibles, serrure magn\u00e9tique<\/span><\/li>\n<li><span style=\"vertical-align: inherit;\">joint phonique, plinthe automatique en partie basse<\/span><\/li>\n<li><span style=\"vertical-align: inherit;\">Large choix de finitions, poign\u00e9es \u00e0 d\u00e9couvrir&#8230;<\/span><\/li>\n<\/ul>\n<p><span style=\"vertical-align: inherit;\">Afin que vous puissiez faire poser vos portes d&#8217;int\u00e9rieur \u00e0 lames crois\u00e9es, dans les meilleures conditions \u00e0 la fin de votre chantier, nous vous d\u00e9vions de fabriquer des pr\u00e9-cadres.<\/span><\/p>\n<p><strong><span style=\"vertical-align: inherit;\">Les avantages du pr\u00e9cadre<\/span><\/strong><span style=\"vertical-align: inherit;\"> :<\/span><\/p>\n<ul>\n<li><span style=\"vertical-align: inherit;\">d\u00e9lai de fabrication 1 \u00e0 2 semaines<\/span><\/li>\n<li><span style=\"vertical-align: inherit;\">pas d&#8217;erreur de dimensions, ils sont mont\u00e9s et \u00e9charp\u00e9s<\/span><\/li>\n<li><span style=\"vertical-align: inherit;\">nous contr\u00f4lons la r\u00e9servation pour les couvre-joints<\/span><\/li>\n<li><span style=\"vertical-align: inherit;\">fixation du bloc porte plus robuste<\/span><\/li>\n<li><span style=\"vertical-align: inherit;\">les blocs portes ne sont pas expos\u00e9s aux travaux<\/span><\/li>\n<\/ul>\n[\/vc_column_text][\/vc_column][\/vc_row][vc_row][vc_column][vc_separator][\/vc_column][\/vc_row][vc_row][vc_column][vc_column_text][\/vc_column_text][\/vc_column][\/vc_row]\n","protected":false},"excerpt":{"rendered":"<p><span style=\"vertical-align: inherit;\"><span style=\"vertical-align: inherit;\">Noyer de France noueux travaill\u00e9 \u00e0 la finition principale fa\u00e7on Scieur de Long. <\/span><\/span><br \/>\n<span style=\"vertical-align: inherit;\"><span style=\"vertical-align: inherit;\">A assortir avec votre parquet sci\u00e9\u2026<\/span><\/span><\/p>\n<p><span style=\"vertical-align: inherit;\"><span style=\"vertical-align: inherit;\">Dimensions : 2100 x 830mm <\/span><\/span><br \/>\n<span style=\"vertical-align: inherit;\"><span style=\"vertical-align: inherit;\">autres sur demande<\/span><\/span><\/p>\n<p><span style=\"vertical-align: inherit;\"><span style=\"vertical-align: inherit;\">Poign\u00e9e BLADE Frascio<\/span><\/span><\/p>\n<h5 class=\"fancy-title accent-color postline-large\">Mod\u00e8le visible dans notre show-room<\/h5>\n","protected":false},"featured_media":21087,"template":"","meta":[],"product_brand":[],"product_cat":[150,188,177],"product_tag":[],"class_list":{"0":"post-20022","1":"product","2":"type-product","3":"status-publish","4":"has-post-thumbnail","6":"product_cat-a-lames","7":"product_cat-non-classifiee","8":"product_cat-portes-dinterieur","10":"first","11":"instock","12":"shipping-taxable","13":"purchasable","14":"product-type-variable"},"_links":{"self":[{"href":"https:\/\/www.bertoli.fr\/en\/wp-json\/wp\/v2\/product\/20022","targetHints":{"allow":["GET"]}}],"collection":[{"href":"https:\/\/www.bertoli.fr\/en\/wp-json\/wp\/v2\/product"}],"about":[{"href":"https:\/\/www.bertoli.fr\/en\/wp-json\/wp\/v2\/types\/product"}],"wp:featuredmedia":[{"embeddable":true,"href":"https:\/\/www.bertoli.fr\/en\/wp-json\/wp\/v2\/media\/21087"}],"wp:attachment":[{"href":"https:\/\/www.bertoli.fr\/en\/wp-json\/wp\/v2\/media?parent=20022"}],"wp:term":[{"taxonomy":"product_brand","embeddable":true,"href":"https:\/\/www.bertoli.fr\/en\/wp-json\/wp\/v2\/product_brand?post=20022"},{"taxonomy":"product_cat","embeddable":true,"href":"https:\/\/www.bertoli.fr\/en\/wp-json\/wp\/v2\/product_cat?post=20022"},{"taxonomy":"product_tag","embeddable":true,"href":"https:\/\/www.bertoli.fr\/en\/wp-json\/wp\/v2\/product_tag?post=20022"}],"curies":[{"name":"wp","href":"https:\/\/api.w.org\/{rel}","templated":true}]}}