{"id":20499,"date":"2022-11-04T18:22:10","date_gmt":"2022-11-04T17:22:10","guid":{"rendered":"https:\/\/www.bertoli.fr\/?post_type=product&#038;p=20499"},"modified":"2026-04-13T12:01:11","modified_gmt":"2026-04-13T10:01:11","slug":"biglass-1vf-copie","status":"publish","type":"product","link":"https:\/\/www.bertoli.fr\/en\/portes\/biglass-1vf-copie\/","title":{"rendered":"RUBIA 1V"},"content":{"rendered":"[vc_row et_column_align=&#8221;align-center&#8221; css=&#8221;.vc_custom_1579132110345{padding-top: 30px !important;padding-bottom: 60px !important;}&#8221;][vc_column][vc_row_inner content_placement=&#8221;middle&#8221;][vc_column_inner offset=&#8221;vc_col-lg-4&#8243;][vc_column_text]\n<h5 class=\"fancy-title accent-color postline-large\">FILOMURO RUBIA 1V<\/h5>\n<p><strong>De l&#8217;\u00e9l\u00e9gance toute en simplicit\u00e9 &#8230;<\/strong>[\/vc_column_text][\/vc_column_inner][vc_column_inner offset=&#8221;vc_col-lg-offset-1 vc_col-lg-7&#8243;]\t<div class=\"et-image-968 et-image     et_image_link\">\n\t\t<div class=\"et-image-inner \">\n\t\t\t\t\t\t\t<div class=\"et-image-thumb \">\n\t\t\t\t\t<img loading=\"lazy\" decoding=\"async\" width=\"796\" height=\"1000\" src=\"https:\/\/www.bertoli.fr\/wp-content\/uploads\/2022\/10\/portefilomuro-rubia-gold.png\" class=\"attachment-full\" alt=\"porte filomuro rubia gold\" title=\"portefilomuro rubia gold\" srcset=\"https:\/\/www.bertoli.fr\/wp-content\/uploads\/2022\/10\/portefilomuro-rubia-gold.png 796w, https:\/\/www.bertoli.fr\/wp-content\/uploads\/2022\/10\/portefilomuro-rubia-gold-239x300.png 239w, https:\/\/www.bertoli.fr\/wp-content\/uploads\/2022\/10\/portefilomuro-rubia-gold-768x965.png 768w, https:\/\/www.bertoli.fr\/wp-content\/uploads\/2022\/10\/portefilomuro-rubia-gold-119x150.png 119w\" sizes=\"auto, (max-width: 796px) 100vw, 796px\" \/>\t\t\t\t<\/div>\n\t\t\t\t\t\t\t\t\t\t\t<\/div>\n\t<\/div>\n  [\/vc_column_inner][\/vc_row_inner][\/vc_column][\/vc_row][vc_row et_column_align=&#8221;align-center&#8221; css=&#8221;.vc_custom_1579132139891{padding-bottom: 60px !important;}&#8221;][vc_column][vc_row_inner content_placement=&#8221;middle&#8221;][vc_column_inner offset=&#8221;vc_col-lg-7&#8243;]\t<div class=\"et-image-971 et-image     et_image_link\">\n\t\t<div class=\"et-image-inner \">\n\t\t\t\t\t\t\t<div class=\"et-image-thumb \">\n\t\t\t\t\t<img loading=\"lazy\" decoding=\"async\" width=\"793\" height=\"1000\" src=\"https:\/\/www.bertoli.fr\/wp-content\/uploads\/2022\/10\/finitions.png\" class=\"attachment-full\" alt=\"\" title=\"finitions\" srcset=\"https:\/\/www.bertoli.fr\/wp-content\/uploads\/2022\/10\/finitions.png 793w, https:\/\/www.bertoli.fr\/wp-content\/uploads\/2022\/10\/finitions-238x300.png 238w, https:\/\/www.bertoli.fr\/wp-content\/uploads\/2022\/10\/finitions-768x968.png 768w, https:\/\/www.bertoli.fr\/wp-content\/uploads\/2022\/10\/finitions-119x150.png 119w\" sizes=\"auto, (max-width: 793px) 100vw, 793px\" \/>\t\t\t\t<\/div>\n\t\t\t\t\t\t\t\t\t\t\t<\/div>\n\t<\/div>\n  [\/vc_column_inner][vc_column_inner offset=&#8221;vc_col-lg-offset-1 vc_col-lg-4&#8243;][vc_column_text]\n<h5 class=\"fancy-title accent-color postline-large\">CHOIX DES FINITIONS<\/h5>\n<p><strong>CADRE ET PROFIL\u00a0 4 NOUVELLES COULEURS\u00a0<\/strong><\/p>\n<ul>\n<li>GOLD<\/li>\n<li>EVE ROSE<\/li>\n<li>BROWN<\/li>\n<li>ARDESIA<\/li>\n<\/ul>\n<p>&nbsp;<\/p>\n<p><strong>LES VERRES<br \/>\n<\/strong><span class=\"fontstyle0\">Les verres de la collection Bisystem permettent de laisser<br \/>\npasser la lumi\u00e8re si le choix est fait parmi les types suivants :<br \/>\ntransparent, satin\u00e9, r\u00e9fl\u00e9chissant-transparent, r\u00e9fl\u00e9chissant satin\u00e9 (verres avec base extra claire) et peuvent \u00eatre associ\u00e9s entre eux.<\/span><\/p>\n<p><span class=\"fontstyle0\"> Chaque type de verre est propos\u00e9 en trois tonalit\u00e9s : Neutre<br \/>\nextra clair, Fum\u00e9 et Bronze.<br \/>\n<\/span><\/p>\n[\/vc_column_text][\/vc_column_inner][\/vc_row_inner][\/vc_column][\/vc_row][vc_row][vc_column][vc_separator][\/vc_column][\/vc_row][vc_row][vc_column]\t\t<div id=\"et-button-69f75d2742ab1\" class=\"et_btn_align_center animation bottom-to-top-3d\">\n\t\t\t<a href=\"https:\/\/www.bertoli.fr\/portes\/biglass-2\/\" class=\" et_btn button et_btn_md solid color-   \" target=\"_blank\" role=\"button\" title=\"BIGLASS 1VF\" ><span>D\u00e9couvrez la nouvelle collection LES PRECIEUSES GAROFOLI<\/span><\/a>\n\t\t<\/div>\n\t\t\n\t[\/vc_column][\/vc_row][vc_row][vc_column][vc_separator][\/vc_column][\/vc_row]\n","protected":false},"excerpt":{"rendered":"<ul>\n<li>Porte FILOMURO RUBIO cadre en aluminium GOLD\n<ul>\n<li>Dimensions jusqu&#8217;\u00e0 2800x1000mm<br \/>\nVerre transparent<br \/>\nPoign\u00e9es BOLT noires<\/li>\n<\/ul>\n<\/li>\n<li>Boiserie GAROFOLI Ch\u00eane gris, fil horizontal<\/li>\n<\/ul>\n<h4><\/h4>\n","protected":false},"featured_media":20468,"template":"","meta":[],"product_brand":[],"product_cat":[149,177],"product_tag":[],"class_list":{"0":"post-20499","1":"product","2":"type-product","3":"status-publish","4":"has-post-thumbnail","6":"product_cat-garofoli","7":"product_cat-portes-dinterieur","9":"first","10":"instock","11":"shipping-taxable","12":"purchasable","13":"product-type-simple"},"_links":{"self":[{"href":"https:\/\/www.bertoli.fr\/en\/wp-json\/wp\/v2\/product\/20499","targetHints":{"allow":["GET"]}}],"collection":[{"href":"https:\/\/www.bertoli.fr\/en\/wp-json\/wp\/v2\/product"}],"about":[{"href":"https:\/\/www.bertoli.fr\/en\/wp-json\/wp\/v2\/types\/product"}],"wp:featuredmedia":[{"embeddable":true,"href":"https:\/\/www.bertoli.fr\/en\/wp-json\/wp\/v2\/media\/20468"}],"wp:attachment":[{"href":"https:\/\/www.bertoli.fr\/en\/wp-json\/wp\/v2\/media?parent=20499"}],"wp:term":[{"taxonomy":"product_brand","embeddable":true,"href":"https:\/\/www.bertoli.fr\/en\/wp-json\/wp\/v2\/product_brand?post=20499"},{"taxonomy":"product_cat","embeddable":true,"href":"https:\/\/www.bertoli.fr\/en\/wp-json\/wp\/v2\/product_cat?post=20499"},{"taxonomy":"product_tag","embeddable":true,"href":"https:\/\/www.bertoli.fr\/en\/wp-json\/wp\/v2\/product_tag?post=20499"}],"curies":[{"name":"wp","href":"https:\/\/api.w.org\/{rel}","templated":true}]}}