{"id":20518,"date":"2022-03-19T16:20:08","date_gmt":"2022-03-19T15:20:08","guid":{"rendered":"https:\/\/www.bertoli.fr\/?post_type=product&#038;p=20518"},"modified":"2026-04-13T12:00:44","modified_gmt":"2026-04-13T10:00:44","slug":"calade-medaillon-de-style","status":"publish","type":"product","link":"https:\/\/www.bertoli.fr\/en\/portes\/calade-medaillon-de-style\/","title":{"rendered":"Calade m\u00e9daillon"},"content":{"rendered":"[vc_row et_column_align=&#8221;align-center&#8221; css=&#8221;.vc_custom_1579132110345{padding-top: 30px !important;padding-bottom: 60px !important;}&#8221;][vc_column][vc_row_inner content_placement=&#8221;middle&#8221;][vc_column_inner offset=&#8221;vc_col-lg-7&#8243;][vc_column_text]\n<h5 class=\"fancy-title accent-color postline-large\">Robustesse<\/h5>\n<section class=\"l-section wpb_row height_medium\">\n<div class=\"l-section-h i-cf\">\n<div class=\"g-cols vc_row via_flex valign_top type_default stacking_default\">\n<div class=\"vc_col-sm-12 wpb_column vc_column_container\">\n<div class=\"vc_column-inner\">\n<div class=\"wpb_wrapper\">\n<div class=\"wpb_text_column\">\n<div class=\"wpb_wrapper\">\n<h4><strong>D\u00e9tail de fabrication rare, Les Lames Verticales sont bouvet\u00e9es et assembl\u00e9es \u00e0 tenons prisonniers pour \u00e9viter un affaissement de la porte dans le temps.<\/strong><\/h4>\n<\/div>\n<\/div>\n<\/div>\n<\/div>\n<\/div>\n<\/div>\n<\/div>\n<\/section>\n<h4>Le doublage int\u00e9rieur mont\u00e9 sur l\u2019ensemble de nos portes d\u2019entr\u00e9e sur-moulur\u00e9es vous garantit une isolation &amp; une solidit\u00e9 incomparables<strong>.<\/strong><\/h4>\n<p>Fausses pentures sur demande[\/vc_column_text][\/vc_column_inner][vc_column_inner offset=&#8221;vc_col-lg-offset-1 vc_col-lg-4&#8243;]\t<div class=\"et-image-227 et-image     et_image_link\">\n\t\t<div class=\"et-image-inner \">\n\t\t\t\t\t\t\t<div class=\"et-image-thumb \">\n\t\t\t\t\t<img loading=\"lazy\" decoding=\"async\" width=\"243\" height=\"500\" src=\"https:\/\/www.bertoli.fr\/wp-content\/uploads\/2022\/09\/doublage-lames-noyer-avec-fausses-pentures-et-cl-bertoli.png\" class=\"attachment-full\" alt=\"doublage lames noyer avec fausses pentures et cl bertoli\" title=\"doublage lames noyer avec fausses pentures et cl bertoli\" srcset=\"https:\/\/www.bertoli.fr\/wp-content\/uploads\/2022\/09\/doublage-lames-noyer-avec-fausses-pentures-et-cl-bertoli.png 243w, https:\/\/www.bertoli.fr\/wp-content\/uploads\/2022\/09\/doublage-lames-noyer-avec-fausses-pentures-et-cl-bertoli-146x300.png 146w, https:\/\/www.bertoli.fr\/wp-content\/uploads\/2022\/09\/doublage-lames-noyer-avec-fausses-pentures-et-cl-bertoli-73x150.png 73w\" sizes=\"auto, (max-width: 243px) 100vw, 243px\" \/>\t\t\t\t<\/div>\n\t\t\t\t\t\t\t\t\t\t\t<\/div>\n\t<\/div>\n  [\/vc_column_inner][\/vc_row_inner][\/vc_column][\/vc_row][vc_row][vc_column][vc_separator][\/vc_column][\/vc_row][vc_row][vc_column animation=&#8221;animation bottom-to-top&#8221;][vc_empty_space][vc_column_text]<strong>Toutes nos portes sont fabriqu\u00e9es dans des essences de bois s\u00e9ch\u00e9es dans nos ateliers<br \/>\n(10 \u00e0 12% d\u2019hygrom\u00e9trie)<\/strong><\/p>\n<p>Les mod\u00e8les de porte d\u2019entr\u00e9e que nous vous proposons peuvent \u00eatre fabriqu\u00e9s en Ch\u00eane de France et en Noyer de France. (autre essence sur-demande)<\/p>\n<ul>\n<li>Pour ferrer nos portes nous utilisons des <strong>paumelles picardes<\/strong> de la marque Cl\u00e9menson, les meilleures du march\u00e9.<\/li>\n<li>Elles sont munies d\u2019une<strong>\u00a0g\u00e2che renforc\u00e9e<\/strong>, d&#8217;une <strong>serrure 3 points encastr\u00e9e marque Vachette<\/strong> avec cylindre s\u00e9curit\u00e9 et carte de reproduction . (<em>sur demande , g\u00e2che \u00e9lectrique, bo\u00eetier \u00e0 reconnaissance digitale\u2026)<\/em><\/li>\n<li>Pour l\u2019isolation nous les \u00e9quipons d\u2019un <strong>joint p\u00e9riph\u00e9rique<\/strong> de la marque Dual et d\u2019une <strong>barre de seuil en aluminium \u00e0 encastrer<\/strong> ou r\u00e9novation, ou d\u2019une plinthe automatique appel\u00e9e \u00ab closnet \u00bbou \u00ab klomatic \u00bb.<\/li>\n<\/ul>\n<p><strong>E<\/strong>nfin, c\u2019est avec soin et attention que notre vernisseur leur donne la touche finale:\u00a0 teinte choisie par vos soins, trois couches de lasure sur la face ext\u00e9rieure, &amp; Teinte, vernis polyur\u00e9thane et cire sur la face int\u00e9rieure. Si vous souhaitez une porte avec un aspect ancien, nous vous proposons diff\u00e9rentes techniques de finition :\u00a0 patine antiquaire, brossage, rabot rond, sciage &#8230;<br \/>\nUn large choix pour parfaire votre porte d&#8217;entr\u00e9e Unique &#8230;<\/p>\n<p><em>Notre Recommandation : Nous vous conseillons de prot\u00e9ger votre porte d\u2019entr\u00e9e des intemp\u00e9ries en la pla\u00e7ant sous abris (porche, marquise, avanc\u00e9e de toit..)<br \/>\n<\/em>[\/vc_column_text][\/vc_column][\/vc_row][vc_row][vc_column][vc_separator][\/vc_column][\/vc_row]\n","protected":false},"excerpt":{"rendered":"<p>Noyer de France lasur\u00e9<br \/>\nPoign\u00e9es Genifer fer rouill\u00e9 martel\u00e9<\/p>\n<p>Dimensions : 2150 x 1000 mm<br \/>\nFabrication sur-mesure \u00e0 la demande<\/p>\n<p><em>Mod\u00e8le pr\u00e9sent\u00e9 dans notre show-room<\/em><\/p>\n","protected":false},"featured_media":20525,"template":"","meta":[],"product_brand":[],"product_cat":[146,176],"product_tag":[],"class_list":{"0":"post-20518","1":"product","2":"type-product","3":"status-publish","4":"has-post-thumbnail","6":"product_cat-de-style","7":"product_cat-portes-dentree","9":"first","10":"instock","11":"shipping-taxable","12":"purchasable","13":"product-type-variable"},"_links":{"self":[{"href":"https:\/\/www.bertoli.fr\/en\/wp-json\/wp\/v2\/product\/20518","targetHints":{"allow":["GET"]}}],"collection":[{"href":"https:\/\/www.bertoli.fr\/en\/wp-json\/wp\/v2\/product"}],"about":[{"href":"https:\/\/www.bertoli.fr\/en\/wp-json\/wp\/v2\/types\/product"}],"wp:featuredmedia":[{"embeddable":true,"href":"https:\/\/www.bertoli.fr\/en\/wp-json\/wp\/v2\/media\/20525"}],"wp:attachment":[{"href":"https:\/\/www.bertoli.fr\/en\/wp-json\/wp\/v2\/media?parent=20518"}],"wp:term":[{"taxonomy":"product_brand","embeddable":true,"href":"https:\/\/www.bertoli.fr\/en\/wp-json\/wp\/v2\/product_brand?post=20518"},{"taxonomy":"product_cat","embeddable":true,"href":"https:\/\/www.bertoli.fr\/en\/wp-json\/wp\/v2\/product_cat?post=20518"},{"taxonomy":"product_tag","embeddable":true,"href":"https:\/\/www.bertoli.fr\/en\/wp-json\/wp\/v2\/product_tag?post=20518"}],"curies":[{"name":"wp","href":"https:\/\/api.w.org\/{rel}","templated":true}]}}