{"id":20604,"date":"2022-05-20T15:53:59","date_gmt":"2022-05-20T13:53:59","guid":{"rendered":"https:\/\/www.bertoli.fr\/?post_type=product&#038;p=20604"},"modified":"2026-02-19T12:49:06","modified_gmt":"2026-02-19T11:49:06","slug":"dauphinoise-2","status":"publish","type":"product","link":"https:\/\/www.bertoli.fr\/en\/portes\/dauphinoise-2\/","title":{"rendered":"Dauphinoise, porte cochonni\u00e8re"},"content":{"rendered":"[vc_row et_column_align=&#8221;align-center&#8221; css=&#8221;.vc_custom_1579132139891{padding-bottom: 60px !important;}&#8221;][vc_column][vc_row_inner content_placement=&#8221;middle&#8221;][vc_column_inner offset=&#8221;vc_col-lg-7&#8243;]\t<div class=\"et-image-136 et-image     et_image_link\">\n\t\t<div class=\"et-image-inner \">\n\t\t\t\t\t\t\t<div class=\"et-image-thumb \">\n\t\t\t\t\t<img loading=\"lazy\" decoding=\"async\" width=\"360\" height=\"640\" src=\"https:\/\/www.bertoli.fr\/wp-content\/uploads\/2022\/10\/20160408_091621-Copier.jpg\" class=\"attachment-full\" alt=\"Porte en bois avec poign\u00e9e m\u00e9tal par l&#039;atelier Bertoli\" title=\"20160408_091621-Copier\" srcset=\"https:\/\/www.bertoli.fr\/wp-content\/uploads\/2022\/10\/20160408_091621-Copier.jpg 360w, https:\/\/www.bertoli.fr\/wp-content\/uploads\/2022\/10\/20160408_091621-Copier-169x300.jpg 169w, https:\/\/www.bertoli.fr\/wp-content\/uploads\/2022\/10\/20160408_091621-Copier-84x150.jpg 84w\" sizes=\"auto, (max-width: 360px) 100vw, 360px\" \/>\t\t\t\t<\/div>\n\t\t\t\t\t\t\t\t\t\t\t<\/div>\n\t<\/div>\n  [\/vc_column_inner][vc_column_inner offset=&#8221;vc_col-lg-offset-1 vc_col-lg-4&#8243;][vc_column_text]\n<h5 class=\"fancy-title accent-color postline-large\">SERRURERIE DECORATIVE<\/h5>\n<h3>Clenche fer forg\u00e9<\/h3>\n[\/vc_column_text][\/vc_column_inner][\/vc_row_inner][\/vc_column][\/vc_row][vc_row][vc_column][vc_separator][vc_empty_space][\/vc_column][\/vc_row][vc_row][vc_column width=&#8221;1\/3&#8243;][vc_row_inner et_column_align=&#8221;align-center&#8221; css=&#8221;.vc_custom_1579132052355{padding-top: 40px !important;}&#8221;][vc_column_inner][vc_column_text]\n<h4 style=\"text-align: center;\">PORTE COCHONNIERE<\/h4>\n<h4 class=\"fancy-title accent-color postline-large\" style=\"text-align: center;\">Sur-mouluration sur une ou deux faces, une face lit de planches verticales in\u00e9gales et clous forg\u00e9s retourn\u00e9s.<\/h4>\n<h4 style=\"text-align: center;\"><strong>Toutes nos portes sont fabriqu\u00e9es dans des essences de bois s\u00e9ch\u00e9es dans nos ateliers<br \/>\n(10 \u00e0 12% d\u2019hygrom\u00e9trie)<\/strong><\/h4>\n[\/vc_column_text][\/vc_column_inner][\/vc_row_inner][\/vc_column][vc_column width=&#8221;1\/3&#8243;][vc_empty_space height=&#8221;120px&#8221;][vc_column_text]Nous vous proposons de fabriquer vos portes d&#8217;int\u00e9rieur dans diff\u00e9rentes essences : bois \u00e0 peindre, Tilleul,\u00a0 Ch\u00e2taignier de France, Ch\u00eane de France,\u00a0 Merisier de France, Noyer de France. (autres sur demande)<\/p>\n<p>Elles sont \u00e9quip\u00e9es de trois paumelles \u00e0 boules entaill\u00e9es et d\u2019une serrure fer \u00e0 larder NF, sur demande\u00a0 ;<\/p>\n<ul>\n<li>charni\u00e8res invisibles, serrure magn\u00e9tique<\/li>\n<li>joint phonique, plinthe automatique<\/li>\n<\/ul>\n[\/vc_column_text][\/vc_column][vc_column width=&#8221;1\/3&#8243;][vc_empty_space height=&#8221;120px&#8221;][vc_column_text]R\u00e9alisables toutes dimensions<\/p>\n<ul>\n<li>simple vantail, deux vantaux, tierc\u00e9e &#8230;<\/li>\n<li>battante, coulissante (fourniture des ch\u00e2ssis ou rail)<\/li>\n<li>\u00e0 panneaux<\/li>\n<li>avec ou sans vitrage<\/li>\n<li>EI30, acoustique, blind\u00e9e, pare-balles &#8230;<\/li>\n<li>Fabrication des pr\u00e9-cadres, d\u00e9lai 2 semaines<\/li>\n<\/ul>\n<p>Large choix de finitions, poign\u00e9es \u00e0 d\u00e9couvrir &#8230;<\/p>\n[\/vc_column_text][\/vc_column][\/vc_row][vc_row][vc_column][vc_separator][\/vc_column][\/vc_row][vc_row et_column_align=&#8221;align-center&#8221; css=&#8221;.vc_custom_1579131817775{padding-top: 60px !important;padding-bottom: 60px !important;}&#8221;][vc_column width=&#8221;1\/4&#8243;]\t<div class=\"et-image-31 et-image aligncenter    et_image_link\">\n\t\t<div class=\"et-image-inner \">\n\t\t\t\t\t\t\t<div class=\"et-image-thumb \">\n\t\t\t\t\t<img loading=\"lazy\" decoding=\"async\" width=\"360\" height=\"640\" src=\"https:\/\/www.bertoli.fr\/wp-content\/uploads\/2022\/05\/porte-cochonniere-dauphinoise-ATELIER-BERTOLI-2.jpeg\" class=\"attachment-full\" alt=\"porte cochonniere dauphinoise ATELIER BERTOLI\" title=\"porte cochonniere dauphinoise ATELIER BERTOLI (2)\" srcset=\"https:\/\/www.bertoli.fr\/wp-content\/uploads\/2022\/05\/porte-cochonniere-dauphinoise-ATELIER-BERTOLI-2.jpeg 360w, https:\/\/www.bertoli.fr\/wp-content\/uploads\/2022\/05\/porte-cochonniere-dauphinoise-ATELIER-BERTOLI-2-169x300.jpeg 169w, https:\/\/www.bertoli.fr\/wp-content\/uploads\/2022\/05\/porte-cochonniere-dauphinoise-ATELIER-BERTOLI-2-84x150.jpeg 84w\" sizes=\"auto, (max-width: 360px) 100vw, 360px\" \/>\t\t\t\t<\/div>\n\t\t\t\t\t\t\t\t\t\t\t<\/div>\n\t<\/div>\n  [\/vc_column][vc_column width=&#8221;1\/4&#8243;]\t<div class=\"et-image-353 et-image aligncenter    et_image_link\">\n\t\t<div class=\"et-image-inner \">\n\t\t\t\t\t\t\t<div class=\"et-image-thumb \">\n\t\t\t\t\t<img loading=\"lazy\" decoding=\"async\" width=\"360\" height=\"640\" src=\"https:\/\/www.bertoli.fr\/wp-content\/uploads\/2022\/05\/porte-cochonniere-dauphinoise-ATELIER-BERTOLI-1.jpeg\" class=\"attachment-full\" alt=\"porte cochonniere dauphinoise ATELIER BERTOLI\" title=\"porte cochonniere dauphinoise ATELIER BERTOLI (1)\" srcset=\"https:\/\/www.bertoli.fr\/wp-content\/uploads\/2022\/05\/porte-cochonniere-dauphinoise-ATELIER-BERTOLI-1.jpeg 360w, https:\/\/www.bertoli.fr\/wp-content\/uploads\/2022\/05\/porte-cochonniere-dauphinoise-ATELIER-BERTOLI-1-169x300.jpeg 169w, https:\/\/www.bertoli.fr\/wp-content\/uploads\/2022\/05\/porte-cochonniere-dauphinoise-ATELIER-BERTOLI-1-84x150.jpeg 84w\" sizes=\"auto, (max-width: 360px) 100vw, 360px\" \/>\t\t\t\t<\/div>\n\t\t\t\t\t\t\t\t\t\t\t<\/div>\n\t<\/div>\n  [\/vc_column][vc_column width=&#8221;1\/4&#8243;]\t<div class=\"et-image-68 et-image     et_image_link\">\n\t\t<div class=\"et-image-inner \">\n\t\t\t\t\t\t\t<div class=\"et-image-thumb \">\n\t\t\t\t\t<img loading=\"lazy\" decoding=\"async\" width=\"360\" height=\"640\" src=\"https:\/\/www.bertoli.fr\/wp-content\/uploads\/2022\/05\/porte-cochonniere-dauphinoise-ATELIER-BERTOLI-1.jpg\" class=\"attachment-full\" alt=\"porte cochonniere dauphinoise ATELIER BERTOLI\" title=\"porte cochonniere dauphinoise ATELIER BERTOLI (1)\" srcset=\"https:\/\/www.bertoli.fr\/wp-content\/uploads\/2022\/05\/porte-cochonniere-dauphinoise-ATELIER-BERTOLI-1.jpg 360w, https:\/\/www.bertoli.fr\/wp-content\/uploads\/2022\/05\/porte-cochonniere-dauphinoise-ATELIER-BERTOLI-1-169x300.jpg 169w, https:\/\/www.bertoli.fr\/wp-content\/uploads\/2022\/05\/porte-cochonniere-dauphinoise-ATELIER-BERTOLI-1-84x150.jpg 84w\" sizes=\"auto, (max-width: 360px) 100vw, 360px\" \/>\t\t\t\t<\/div>\n\t\t\t\t\t\t\t\t\t\t\t<\/div>\n\t<\/div>\n  [\/vc_column][vc_column width=&#8221;1\/4&#8243;]\t<div class=\"et-image-783 et-image aligncenter    et_image_link\">\n\t\t<div class=\"et-image-inner \">\n\t\t\t\t\t\t\t<div class=\"et-image-thumb \">\n\t\t\t\t\t<img loading=\"lazy\" decoding=\"async\" width=\"360\" height=\"640\" src=\"https:\/\/www.bertoli.fr\/wp-content\/uploads\/2022\/05\/porte-cochonniere-dauphinoise-ATELIER-BERTOLI-2.jpg\" class=\"attachment-full\" alt=\"porte cochonniere dauphinoise ATELIER BERTOLI\" title=\"porte cochonniere dauphinoise ATELIER BERTOLI (2)\" srcset=\"https:\/\/www.bertoli.fr\/wp-content\/uploads\/2022\/05\/porte-cochonniere-dauphinoise-ATELIER-BERTOLI-2.jpg 360w, https:\/\/www.bertoli.fr\/wp-content\/uploads\/2022\/05\/porte-cochonniere-dauphinoise-ATELIER-BERTOLI-2-169x300.jpg 169w, https:\/\/www.bertoli.fr\/wp-content\/uploads\/2022\/05\/porte-cochonniere-dauphinoise-ATELIER-BERTOLI-2-84x150.jpg 84w\" sizes=\"auto, (max-width: 360px) 100vw, 360px\" \/>\t\t\t\t<\/div>\n\t\t\t\t\t\t\t\t\t\t\t<\/div>\n\t<\/div>\n  [\/vc_column][\/vc_row]\n","protected":false},"excerpt":{"rendered":"<p>Dimensions : 2100 x 830mm<br \/>\nautres sur demande<\/p>\n<p>Poign\u00e9e l\u00e8ve clenche Les Forges de Signa<br \/>\nFinition bross\u00e9e, vernis naturel satin\u00e9<\/p>\n<h4><\/h4>\n","protected":false},"featured_media":20619,"template":"","meta":[],"product_brand":[],"product_cat":[150,177],"product_tag":[],"class_list":{"0":"post-20604","1":"product","2":"type-product","3":"status-publish","4":"has-post-thumbnail","6":"product_cat-a-lames","7":"product_cat-portes-dinterieur","9":"first","10":"instock","11":"shipping-taxable","12":"purchasable","13":"product-type-variable"},"_links":{"self":[{"href":"https:\/\/www.bertoli.fr\/en\/wp-json\/wp\/v2\/product\/20604","targetHints":{"allow":["GET"]}}],"collection":[{"href":"https:\/\/www.bertoli.fr\/en\/wp-json\/wp\/v2\/product"}],"about":[{"href":"https:\/\/www.bertoli.fr\/en\/wp-json\/wp\/v2\/types\/product"}],"wp:featuredmedia":[{"embeddable":true,"href":"https:\/\/www.bertoli.fr\/en\/wp-json\/wp\/v2\/media\/20619"}],"wp:attachment":[{"href":"https:\/\/www.bertoli.fr\/en\/wp-json\/wp\/v2\/media?parent=20604"}],"wp:term":[{"taxonomy":"product_brand","embeddable":true,"href":"https:\/\/www.bertoli.fr\/en\/wp-json\/wp\/v2\/product_brand?post=20604"},{"taxonomy":"product_cat","embeddable":true,"href":"https:\/\/www.bertoli.fr\/en\/wp-json\/wp\/v2\/product_cat?post=20604"},{"taxonomy":"product_tag","embeddable":true,"href":"https:\/\/www.bertoli.fr\/en\/wp-json\/wp\/v2\/product_tag?post=20604"}],"curies":[{"name":"wp","href":"https:\/\/api.w.org\/{rel}","templated":true}]}}