{"id":20649,"date":"2022-08-24T16:45:56","date_gmt":"2022-08-24T14:45:56","guid":{"rendered":"https:\/\/www.bertoli.fr\/?post_type=product&#038;p=20649"},"modified":"2026-04-13T12:01:15","modified_gmt":"2026-04-13T10:01:15","slug":"haussmanienne-sculptee-et-cintree-en-plan","status":"publish","type":"product","link":"https:\/\/www.bertoli.fr\/en\/portes\/haussmanienne-sculptee-et-cintree-en-plan\/","title":{"rendered":"Porte HAUSSMANNIENNE Cintr\u00e9e en plan, Sculpt\u00e9e Mains"},"content":{"rendered":"[vc_row][vc_column][vc_separator][\/vc_column][\/vc_row][vc_row][vc_column width=&#8221;1\/3&#8243;]\t<div class=\"et-image-655 et-image     et_image_link\">\n\t\t<div class=\"et-image-inner \">\n\t\t\t\t\t\t\t<div class=\"et-image-thumb \">\n\t\t\t\t\t<img loading=\"lazy\" decoding=\"async\" width=\"1202\" height=\"800\" src=\"https:\/\/www.bertoli.fr\/wp-content\/uploads\/2022\/08\/porte-chene-sculptures-mains-Atelier-Bertoli.jpg\" class=\"attachment-full\" alt=\"porte chene sculptures mains Atelier Bertoli\" title=\"porte chene sculptures mains Atelier Bertoli\" srcset=\"https:\/\/www.bertoli.fr\/wp-content\/uploads\/2022\/08\/porte-chene-sculptures-mains-Atelier-Bertoli.jpg 1202w, https:\/\/www.bertoli.fr\/wp-content\/uploads\/2022\/08\/porte-chene-sculptures-mains-Atelier-Bertoli-300x200.jpg 300w, https:\/\/www.bertoli.fr\/wp-content\/uploads\/2022\/08\/porte-chene-sculptures-mains-Atelier-Bertoli-1024x682.jpg 1024w, https:\/\/www.bertoli.fr\/wp-content\/uploads\/2022\/08\/porte-chene-sculptures-mains-Atelier-Bertoli-768x511.jpg 768w, https:\/\/www.bertoli.fr\/wp-content\/uploads\/2022\/08\/porte-chene-sculptures-mains-Atelier-Bertoli-150x100.jpg 150w, https:\/\/www.bertoli.fr\/wp-content\/uploads\/2022\/08\/porte-chene-sculptures-mains-Atelier-Bertoli-1000x666.jpg 1000w\" sizes=\"auto, (max-width: 1202px) 100vw, 1202px\" \/>\t\t\t\t<\/div>\n\t\t\t\t\t\t\t\t\t\t\t<\/div>\n\t<\/div>\n  [\/vc_column][vc_column width=&#8221;1\/3&#8243;][vc_column_text]\n<h5 class=\"fancy-title accent-color postline-large\" style=\"text-align: center;\">Sculptures MAINS<\/h5>\n[\/vc_column_text][\/vc_column][vc_column width=&#8221;1\/3&#8243;]\t<div class=\"et-image-432 et-image     et_image_link\">\n\t\t<div class=\"et-image-inner \">\n\t\t\t\t\t\t\t<div class=\"et-image-thumb \">\n\t\t\t\t\t<img loading=\"lazy\" decoding=\"async\" width=\"1202\" height=\"800\" src=\"https:\/\/www.bertoli.fr\/wp-content\/uploads\/2022\/10\/porte-haussmannienne-cintree-en-plan-bertoli.jpg\" class=\"attachment-full\" alt=\"porte haussmannienne cintree en plan bertoli\" title=\"porte haussmannienne cintree en plan bertoli\" srcset=\"https:\/\/www.bertoli.fr\/wp-content\/uploads\/2022\/10\/porte-haussmannienne-cintree-en-plan-bertoli.jpg 1202w, https:\/\/www.bertoli.fr\/wp-content\/uploads\/2022\/10\/porte-haussmannienne-cintree-en-plan-bertoli-300x200.jpg 300w, https:\/\/www.bertoli.fr\/wp-content\/uploads\/2022\/10\/porte-haussmannienne-cintree-en-plan-bertoli-1024x682.jpg 1024w, https:\/\/www.bertoli.fr\/wp-content\/uploads\/2022\/10\/porte-haussmannienne-cintree-en-plan-bertoli-768x511.jpg 768w, https:\/\/www.bertoli.fr\/wp-content\/uploads\/2022\/10\/porte-haussmannienne-cintree-en-plan-bertoli-150x100.jpg 150w, https:\/\/www.bertoli.fr\/wp-content\/uploads\/2022\/10\/porte-haussmannienne-cintree-en-plan-bertoli-1000x666.jpg 1000w\" sizes=\"auto, (max-width: 1202px) 100vw, 1202px\" \/>\t\t\t\t<\/div>\n\t\t\t\t\t\t\t\t\t\t\t<\/div>\n\t<\/div>\n  [\/vc_column][\/vc_row][vc_row][vc_column][vc_empty_space][vc_separator][\/vc_column][\/vc_row][vc_row][vc_column]\t<div class=\"et-image-884 et-image aligncenter    et_image_link\">\n\t\t<div class=\"et-image-inner \">\n\t\t\t\t\t\t\t<div class=\"et-image-thumb \">\n\t\t\t\t\t<img loading=\"lazy\" decoding=\"async\" width=\"1202\" height=\"800\" src=\"https:\/\/www.bertoli.fr\/wp-content\/uploads\/2022\/08\/porte-haussmannienne-sculptee-atelier-bertoli.jpg\" class=\"attachment-full\" alt=\"porte haussmannienne sculptee atelier bertoli\" title=\"porte haussmannienne sculptee atelier bertoli\" srcset=\"https:\/\/www.bertoli.fr\/wp-content\/uploads\/2022\/08\/porte-haussmannienne-sculptee-atelier-bertoli.jpg 1202w, https:\/\/www.bertoli.fr\/wp-content\/uploads\/2022\/08\/porte-haussmannienne-sculptee-atelier-bertoli-300x200.jpg 300w, https:\/\/www.bertoli.fr\/wp-content\/uploads\/2022\/08\/porte-haussmannienne-sculptee-atelier-bertoli-1024x682.jpg 1024w, https:\/\/www.bertoli.fr\/wp-content\/uploads\/2022\/08\/porte-haussmannienne-sculptee-atelier-bertoli-768x511.jpg 768w, https:\/\/www.bertoli.fr\/wp-content\/uploads\/2022\/08\/porte-haussmannienne-sculptee-atelier-bertoli-150x100.jpg 150w, https:\/\/www.bertoli.fr\/wp-content\/uploads\/2022\/08\/porte-haussmannienne-sculptee-atelier-bertoli-1000x666.jpg 1000w\" sizes=\"auto, (max-width: 1202px) 100vw, 1202px\" \/>\t\t\t\t<\/div>\n\t\t\t\t\t\t\t\t\t\t\t<\/div>\n\t<\/div>\n  [\/vc_column][\/vc_row][vc_row][vc_column width=&#8221;1\/3&#8243;][vc_column_text]\n<h5 class=\"fancy-title accent-color postline-large\" style=\"text-align: center;\"><span style=\"vertical-align: inherit;\">ASSEMBLAGES \u00c0 TENONS ET MORTAISES COLL\u00c9S ET CHEVILL\u00c9S BOIS<\/span><\/h5>\n<h5><span style=\"vertical-align: inherit;\">MOULURATION \u00c0 GRAND CADRE A COUPES D&#8217;ONGLET 55mm <\/span><br \/>\n<em><span style=\"vertical-align: inherit;\">DOUBLE-FACES IDENTIQUES<\/span><\/em><\/h5>\n<h5><span style=\"vertical-align: inherit;\">PANNEAUX \u00c0 PLATES-BANDES <\/span><br \/>\n<em><span style=\"vertical-align: inherit;\">DOUBLE-FACES IDENTIQUES<\/span><\/em><\/h5>\n<h4 style=\"text-align: center;\"><strong><span style=\"vertical-align: inherit;\">Toutes nos portes sont fabriqu\u00e9es dans des essences de bois s\u00e9ch\u00e9es dans nos ateliers <\/span><br \/>\n<span style=\"vertical-align: inherit;\">(10 \u00e0 12% d&#8217;hygrom\u00e9trie)<\/span><\/strong><\/h4>\n[\/vc_column_text][\/vc_column][vc_column width=&#8221;1\/3&#8243;][vc_empty_space height=&#8221;100px&#8221;][vc_column_text]<span style=\"vertical-align: inherit;\">Nous vous proposons de fabriquer vos portes d&#8217;int\u00e9rieur Haussmanniennes sculpt\u00e9es dans diff\u00e9rentes essences :Ch\u00eane de France,\u00a0 Noyer de France. (autres sur demande)<\/span><\/p>\n<p>Dimensions sur demande[\/vc_column_text][\/vc_column][vc_column width=&#8221;1\/3&#8243;][vc_empty_space height=&#8221;100px&#8221;][vc_column_text]<span style=\"vertical-align: inherit;\">Les cadres sont fabriqu\u00e9s de l&#8217;\u00e9paisseur de vos cloisons afin de permettre une pose parfaite des couvre-joints sur les deux faces. <\/span><br \/>\n<span style=\"vertical-align: inherit;\">Toutes nos portes sont \u00e9quip\u00e9es de paumelles entaill\u00e9es et d&#8217;une serrure \u00e0 larder NF, sur demande nous vous proposons :<\/span><\/p>\n<ul>\n<li><span style=\"vertical-align: inherit;\">des charni\u00e8res invisibles, serrure magn\u00e9tique<\/span><\/li>\n<li><span style=\"vertical-align: inherit;\">joint phonique, plinthe automatique en partie basse<\/span><\/li>\n<li><span style=\"vertical-align: inherit;\">Large choix de finitions, poign\u00e9es \u00e0 d\u00e9couvrir&#8230;<\/span><\/li>\n<\/ul>\n[\/vc_column_text][\/vc_column][\/vc_row][vc_row][vc_column][vc_empty_space][vc_separator][\/vc_column][\/vc_row][vc_row][vc_column]\t<div class=\"et-image-446 et-image aligncenter    et_image_link\">\n\t\t<div class=\"et-image-inner \">\n\t\t\t\t\t\t\t<div class=\"et-image-thumb \">\n\t\t\t\t\t<img loading=\"lazy\" decoding=\"async\" width=\"2097\" height=\"800\" src=\"https:\/\/www.bertoli.fr\/wp-content\/uploads\/2022\/08\/porte-haussmanienne-cintree-en-plan-sculptee-main-Bertoli.jpg\" class=\"attachment-full\" alt=\"porte haussmanienne cintr\u00e9e en plan sculpt\u00e9e main Bertoli\" title=\"porte haussmanienne cintr\u00e9e en plan sculpt\u00e9e main Bertoli\" srcset=\"https:\/\/www.bertoli.fr\/wp-content\/uploads\/2022\/08\/porte-haussmanienne-cintree-en-plan-sculptee-main-Bertoli.jpg 2097w, https:\/\/www.bertoli.fr\/wp-content\/uploads\/2022\/08\/porte-haussmanienne-cintree-en-plan-sculptee-main-Bertoli-300x114.jpg 300w, https:\/\/www.bertoli.fr\/wp-content\/uploads\/2022\/08\/porte-haussmanienne-cintree-en-plan-sculptee-main-Bertoli-1024x391.jpg 1024w, https:\/\/www.bertoli.fr\/wp-content\/uploads\/2022\/08\/porte-haussmanienne-cintree-en-plan-sculptee-main-Bertoli-768x293.jpg 768w, https:\/\/www.bertoli.fr\/wp-content\/uploads\/2022\/08\/porte-haussmanienne-cintree-en-plan-sculptee-main-Bertoli-1536x586.jpg 1536w, https:\/\/www.bertoli.fr\/wp-content\/uploads\/2022\/08\/porte-haussmanienne-cintree-en-plan-sculptee-main-Bertoli-2048x781.jpg 2048w, https:\/\/www.bertoli.fr\/wp-content\/uploads\/2022\/08\/porte-haussmanienne-cintree-en-plan-sculptee-main-Bertoli-150x57.jpg 150w, https:\/\/www.bertoli.fr\/wp-content\/uploads\/2022\/08\/porte-haussmanienne-cintree-en-plan-sculptee-main-Bertoli-1000x381.jpg 1000w\" sizes=\"auto, (max-width: 2097px) 100vw, 2097px\" \/>\t\t\t\t<\/div>\n\t\t\t\t\t\t\t\t\t\t\t<\/div>\n\t<\/div>\n  [\/vc_column][\/vc_row][vc_row][vc_column][vc_empty_space][vc_separator][\/vc_column][\/vc_row][vc_row][vc_column]\t<div class=\"et-image-244 et-image aligncenter    et_image_link\">\n\t\t<div class=\"et-image-inner \">\n\t\t\t\t\t\t\t<div class=\"et-image-thumb \">\n\t\t\t\t\t<img loading=\"lazy\" decoding=\"async\" width=\"1202\" height=\"800\" src=\"https:\/\/www.bertoli.fr\/wp-content\/uploads\/2022\/08\/portes-haussmanniennes-sculptees-cintrees-en-plan-atelier-bertoli.jpg\" class=\"attachment-full\" alt=\"portes haussmanniennes sculptees cintrees en plan atelier bertoli\" title=\"portes haussmanniennes sculptees cintrees en plan atelier bertoli\" srcset=\"https:\/\/www.bertoli.fr\/wp-content\/uploads\/2022\/08\/portes-haussmanniennes-sculptees-cintrees-en-plan-atelier-bertoli.jpg 1202w, https:\/\/www.bertoli.fr\/wp-content\/uploads\/2022\/08\/portes-haussmanniennes-sculptees-cintrees-en-plan-atelier-bertoli-300x200.jpg 300w, https:\/\/www.bertoli.fr\/wp-content\/uploads\/2022\/08\/portes-haussmanniennes-sculptees-cintrees-en-plan-atelier-bertoli-1024x682.jpg 1024w, https:\/\/www.bertoli.fr\/wp-content\/uploads\/2022\/08\/portes-haussmanniennes-sculptees-cintrees-en-plan-atelier-bertoli-768x511.jpg 768w, https:\/\/www.bertoli.fr\/wp-content\/uploads\/2022\/08\/portes-haussmanniennes-sculptees-cintrees-en-plan-atelier-bertoli-150x100.jpg 150w, https:\/\/www.bertoli.fr\/wp-content\/uploads\/2022\/08\/portes-haussmanniennes-sculptees-cintrees-en-plan-atelier-bertoli-1000x666.jpg 1000w\" sizes=\"auto, (max-width: 1202px) 100vw, 1202px\" \/>\t\t\t\t<\/div>\n\t\t\t\t\t\t\t\t\t\t\t<\/div>\n\t<\/div>\n  [\/vc_column][\/vc_row][vc_row][vc_column][vc_empty_space][vc_separator][\/vc_column][\/vc_row]\n","protected":false},"excerpt":{"rendered":"<p>Porte et Cadre cintr\u00e9s en Plan<br \/>\nCh\u00eane de France peint<br \/>\nCadre et porte sculpt\u00e9s mains<\/p>\n<p>Dimensions :\u00a0 2500 x 730mm<br \/>\n<em>*autres sur demande<\/em><\/p>\n<h4><\/h4>\n","protected":false},"featured_media":21191,"template":"","meta":[],"product_brand":[],"product_cat":[151,177],"product_tag":[],"class_list":{"0":"post-20649","1":"product","2":"type-product","3":"status-publish","4":"has-post-thumbnail","6":"product_cat-haussmanniennes","7":"product_cat-portes-dinterieur","9":"first","10":"instock","11":"shipping-taxable","12":"purchasable","13":"product-type-variable"},"_links":{"self":[{"href":"https:\/\/www.bertoli.fr\/en\/wp-json\/wp\/v2\/product\/20649","targetHints":{"allow":["GET"]}}],"collection":[{"href":"https:\/\/www.bertoli.fr\/en\/wp-json\/wp\/v2\/product"}],"about":[{"href":"https:\/\/www.bertoli.fr\/en\/wp-json\/wp\/v2\/types\/product"}],"wp:featuredmedia":[{"embeddable":true,"href":"https:\/\/www.bertoli.fr\/en\/wp-json\/wp\/v2\/media\/21191"}],"wp:attachment":[{"href":"https:\/\/www.bertoli.fr\/en\/wp-json\/wp\/v2\/media?parent=20649"}],"wp:term":[{"taxonomy":"product_brand","embeddable":true,"href":"https:\/\/www.bertoli.fr\/en\/wp-json\/wp\/v2\/product_brand?post=20649"},{"taxonomy":"product_cat","embeddable":true,"href":"https:\/\/www.bertoli.fr\/en\/wp-json\/wp\/v2\/product_cat?post=20649"},{"taxonomy":"product_tag","embeddable":true,"href":"https:\/\/www.bertoli.fr\/en\/wp-json\/wp\/v2\/product_tag?post=20649"}],"curies":[{"name":"wp","href":"https:\/\/api.w.org\/{rel}","templated":true}]}}