{"id":21089,"date":"2023-01-17T15:24:43","date_gmt":"2023-01-17T14:24:43","guid":{"rendered":"https:\/\/www.bertoli.fr\/?post_type=product&#038;p=21089"},"modified":"2026-04-13T12:01:12","modified_gmt":"2026-04-13T10:01:12","slug":"flipper-2","status":"publish","type":"product","link":"https:\/\/www.bertoli.fr\/en\/portes\/flipper-2\/","title":{"rendered":"FLIPPER"},"content":{"rendered":"[vc_row][vc_column][vc_row_inner][vc_column_inner offset=\u201dvc_col-lg-4\u2033][vc_column_text]\n<h5 class=\"fancy-title accent-color postline-large\">BERTOLI DESIGN<\/h5>\n<p><strong>MOTIF PARQUET\u00c9 EN NOYER DE FRANCE<\/strong><\/p>\n[\/vc_column_text][\/vc_column_inner][vc_column_inner offset=\u201dvc_col-lg-offset-1 vc_col-lg-7\u2033]\t<div class=\"et-image-694 et-image     et_image_link\">\n\t\t<div class=\"et-image-inner \">\n\t\t\t\t\t\t\t<div class=\"et-image-thumb \">\n\t\t\t\t\t<img loading=\"lazy\" decoding=\"async\" width=\"400\" height=\"300\" src=\"https:\/\/www.bertoli.fr\/wp-content\/uploads\/2023\/01\/Fipper-porte-BERTOLI.jpg\" class=\"attachment-full\" alt=\"Fipper porte BERTOLI\" title=\"Fipper porte BERTOLI\" srcset=\"https:\/\/www.bertoli.fr\/wp-content\/uploads\/2023\/01\/Fipper-porte-BERTOLI.jpg 400w, https:\/\/www.bertoli.fr\/wp-content\/uploads\/2023\/01\/Fipper-porte-BERTOLI-300x225.jpg 300w, https:\/\/www.bertoli.fr\/wp-content\/uploads\/2023\/01\/Fipper-porte-BERTOLI-150x113.jpg 150w\" sizes=\"auto, (max-width: 400px) 100vw, 400px\" \/>\t\t\t\t<\/div>\n\t\t\t\t\t\t\t\t\t\t\t<\/div>\n\t<\/div>\n  [\/vc_column_inner][\/vc_row_inner][\/vc_column][\/vc_row][vc_row][vc_column][vc_empty_space][\/vc_column][\/vc_row][vc_row][vc_column width=\u201d1\/3\u2033][vc_column_text]\n<p style=\"text-align: center;\">Pour \u00e9viter les d\u00e9formations, nous utilisons des panneaux en<br \/>\nCh\u00eane de France 3 \u00e9paisseurs<\/p>\n<h4 style=\"text-align: center;\"><strong>Toutes nos portes sont fabriqu\u00e9es dans des essences de bois s\u00e9ch\u00e9es dans nos ateliers<br \/>\n(10 \u00e0 12% d\u2019hygrom\u00e9trie)<\/strong><\/h4>\n[\/vc_column_text][\/vc_column][vc_column width=\u201d1\/3\u2033][vc_column_text]<span style=\"vertical-align: inherit;\">Mod\u00e8le r\u00e9alisable :<\/span><\/p>\n<ul>\n<li><span style=\"vertical-align: inherit;\">dans toutes les dimensions<\/span><\/li>\n<li><span style=\"vertical-align: inherit;\">en simple vantail, deux vantaux, en tierc\u00e9e\u2026<\/span><\/li>\n<li><span style=\"vertical-align: inherit;\">battante, coulissante \u00e0 galandage ou en applique (fourniture des ch\u00e2ssis ou rail)<\/span><\/li>\n<li>en placard assorti<\/li>\n<\/ul>\n[\/vc_column_text][\/vc_column][vc_column width=\u201d1\/3\u2033][vc_column_text]<span style=\"vertical-align: inherit;\">Les cadres sont fabriqu\u00e9s de l\u2019\u00e9paisseur de vos cloisons afin de permettre une pose parfaite des couvre-joints sur les deux faces. <\/span><br \/>\n<span style=\"vertical-align: inherit;\">Toutes nos portes sont \u00e9quip\u00e9es de paumelles entaill\u00e9es et d\u2019une serrure \u00e0 larder NF, sur demande nous vous proposons :<\/span><\/p>\n<ul>\n<li><span style=\"vertical-align: inherit;\">des charni\u00e8res invisibles, serrure magn\u00e9tique<\/span><\/li>\n<li><span style=\"vertical-align: inherit;\">joint phonique, plinthe automatique en partie basse<\/span><\/li>\n<li><span style=\"vertical-align: inherit;\">Large choix de finitions, poign\u00e9es \u00e0 d\u00e9couvrir\u2026<\/span><\/li>\n<\/ul>\n<p><span style=\"vertical-align: inherit;\">Afin que vous puissiez faire poser vos portes d\u2019int\u00e9rieur design FLIPPER, dans les meilleures conditions \u00e0 la fin de votre chantier, nous vous d\u00e9vions de fabriquer des pr\u00e9-cadres.<\/span><\/p>\n<p><strong><span style=\"vertical-align: inherit;\">Les avantages du pr\u00e9cadre<\/span><\/strong><span style=\"vertical-align: inherit;\"> :<\/span><\/p>\n<ul>\n<li><span style=\"vertical-align: inherit;\">d\u00e9lai de fabrication 1 \u00e0 2 semaines<\/span><\/li>\n<li><span style=\"vertical-align: inherit;\">pas d\u2019erreur de dimensions, ils sont mont\u00e9s et \u00e9charp\u00e9s<\/span><\/li>\n<li><span style=\"vertical-align: inherit;\">nous contr\u00f4lons la r\u00e9servation pour les couvre-joints<\/span><\/li>\n<li><span style=\"vertical-align: inherit;\">fixation du bloc porte plus robuste<\/span><\/li>\n<li><span style=\"vertical-align: inherit;\">les blocs portes ne sont pas expos\u00e9s aux travaux<\/span><\/li>\n<\/ul>\n[\/vc_column_text][\/vc_column][\/vc_row][vc_row][vc_column][vc_empty_space][vc_separator][\/vc_column][\/vc_row]\n","protected":false},"excerpt":{"rendered":"<p>Ch\u00eane de France, fil vertical<br \/>\nFinition : vernis naturel mat<br \/>\nPoign\u00e9es JET chrom\u00e9es<\/p>\n<p>Dimensions du mod\u00e8le : 2040 x 730mm<br \/>\n(autres sur demande)<\/p>\n<h5>Mod\u00e8le visible dans notre show-room &#8230;<\/h5>\n<h4><\/h4>\n","protected":false},"featured_media":21091,"template":"","meta":[],"product_brand":[],"product_cat":[148,177],"product_tag":[],"class_list":{"0":"post-21089","1":"product","2":"type-product","3":"status-publish","4":"has-post-thumbnail","6":"product_cat-contemporaines","7":"product_cat-portes-dinterieur","9":"first","10":"instock","11":"shipping-taxable","12":"purchasable","13":"product-type-variable"},"_links":{"self":[{"href":"https:\/\/www.bertoli.fr\/en\/wp-json\/wp\/v2\/product\/21089","targetHints":{"allow":["GET"]}}],"collection":[{"href":"https:\/\/www.bertoli.fr\/en\/wp-json\/wp\/v2\/product"}],"about":[{"href":"https:\/\/www.bertoli.fr\/en\/wp-json\/wp\/v2\/types\/product"}],"wp:featuredmedia":[{"embeddable":true,"href":"https:\/\/www.bertoli.fr\/en\/wp-json\/wp\/v2\/media\/21091"}],"wp:attachment":[{"href":"https:\/\/www.bertoli.fr\/en\/wp-json\/wp\/v2\/media?parent=21089"}],"wp:term":[{"taxonomy":"product_brand","embeddable":true,"href":"https:\/\/www.bertoli.fr\/en\/wp-json\/wp\/v2\/product_brand?post=21089"},{"taxonomy":"product_cat","embeddable":true,"href":"https:\/\/www.bertoli.fr\/en\/wp-json\/wp\/v2\/product_cat?post=21089"},{"taxonomy":"product_tag","embeddable":true,"href":"https:\/\/www.bertoli.fr\/en\/wp-json\/wp\/v2\/product_tag?post=21089"}],"curies":[{"name":"wp","href":"https:\/\/api.w.org\/{rel}","templated":true}]}}