{"id":21170,"date":"2023-02-07T17:13:09","date_gmt":"2023-02-07T16:13:09","guid":{"rendered":"https:\/\/www.bertoli.fr\/?post_type=product&#038;p=21170"},"modified":"2026-04-13T12:01:12","modified_gmt":"2026-04-13T10:01:12","slug":"haussmanienne-sculptee-et-cintree-en-plan-2","status":"publish","type":"product","link":"https:\/\/www.bertoli.fr\/en\/portes\/haussmanienne-sculptee-et-cintree-en-plan-2\/","title":{"rendered":"Porte HAUSSMANNIENNE Cintr\u00e9e en plan, Sculpt\u00e9e Mains"},"content":{"rendered":"[vc_row][vc_column][vc_separator][\/vc_column][\/vc_row][vc_row][vc_column width=&#8221;1\/2&#8243;][vc_column_text]\n<h5 class=\"fancy-title accent-color postline-large\">Un h\u00e9ritage des Ma\u00eetres Eb\u00e9nistes des si\u00e8cles pass\u00e9s<\/h5>\n<h3>Un savoir-faire rare qui consiste \u00e0 serrer, mouiller le bois afin de lui faire \u00e9pouser une forme arrondie, on appelle cette technique Le cintrage en plan.<\/h3>\n[\/vc_column_text][\/vc_column][vc_column width=&#8221;1\/2&#8243;]\t<div class=\"et-image-137 et-image     et_image_link\">\n\t\t<div class=\"et-image-inner \">\n\t\t\t\t\t\t\t<div class=\"et-image-thumb \">\n\t\t\t\t\t<img loading=\"lazy\" decoding=\"async\" width=\"492\" height=\"337\" src=\"https:\/\/www.bertoli.fr\/wp-content\/uploads\/2023\/02\/serrageportecintree-Atelier-Bertoli.png\" class=\"attachment-full\" alt=\"serrage porte cintree Atelier Bertoli\" title=\"serrageportecintree Atelier Bertoli\" srcset=\"https:\/\/www.bertoli.fr\/wp-content\/uploads\/2023\/02\/serrageportecintree-Atelier-Bertoli.png 492w, https:\/\/www.bertoli.fr\/wp-content\/uploads\/2023\/02\/serrageportecintree-Atelier-Bertoli-300x205.png 300w, https:\/\/www.bertoli.fr\/wp-content\/uploads\/2023\/02\/serrageportecintree-Atelier-Bertoli-150x103.png 150w\" sizes=\"auto, (max-width: 492px) 100vw, 492px\" \/>\t\t\t\t<\/div>\n\t\t\t\t\t\t\t\t\t\t\t<\/div>\n\t<\/div>\n  [\/vc_column][\/vc_row][vc_row][vc_column][vc_separator][\/vc_column][\/vc_row][vc_row][vc_column width=&#8221;1\/3&#8243;][vc_column_text]\n<h5 class=\"fancy-title accent-color postline-large\" style=\"text-align: center;\"><span style=\"vertical-align: inherit;\">ASSEMBLAGES \u00c0 TENONS ET MORTAISES COLL\u00c9S ET CHEVILL\u00c9S BOIS<\/span><\/h5>\n<h5><span style=\"vertical-align: inherit;\">MOULURATION \u00c0 GRAND CADRE A COUPES D&#8217;ONGLET 55mm<\/span><br \/>\n<em><span style=\"vertical-align: inherit;\">DOUBLES FACES IDENTIQUES<\/span><\/em><\/h5>\n<h5><span style=\"vertical-align: inherit;\">PANNEAUX \u00c0 PLATES-BANDES<\/span><br \/>\n<em><span style=\"vertical-align: inherit;\">DOUBLES FACES IDENTIQUES<\/span><\/em><\/h5>\n<h4 style=\"text-align: center;\"><strong><span style=\"vertical-align: inherit;\">Toutes nos portes sont fabriqu\u00e9es dans des essences de bois s\u00e9ch\u00e9es dans nos ateliers <\/span><br \/>\n<span style=\"vertical-align: inherit;\">(10 \u00e0 12% d&#8217;hygrom\u00e9trie)<\/span><\/strong><\/h4>\n[\/vc_column_text][\/vc_column][vc_column width=&#8221;1\/3&#8243;][vc_empty_space height=&#8221;100px&#8221;][vc_column_text]<span style=\"vertical-align: inherit;\">Nous vous proposons de fabriquer vos portes d&#8217;int\u00e9rieur dans diff\u00e9rentes essences\u00a0: bois \u00e0 peindre, Tilleul, Ch\u00e2taignier de France, Ch\u00eane de France, Merisier de France, Noyer de France. (autres sur demande)<\/span><\/p>\n<p><span style=\"vertical-align: inherit;\">La porte d&#8217;int\u00e9rieur Haussmannienne est r\u00e9alisable :<\/span><\/p>\n<ul>\n<li><span style=\"vertical-align: inherit;\">dans toutes les dimensions<\/span><\/li>\n<li><span style=\"vertical-align: inherit;\">\u00e0 panneaux ou vitr\u00e9es<\/span><\/li>\n<li><span style=\"vertical-align: inherit;\">en deux ou trois panneaux<\/span><\/li>\n<li><span style=\"vertical-align: inherit;\">en simple vantail, deux vantaux, en tierc\u00e9e&#8230;<\/span><\/li>\n<li><span style=\"vertical-align: inherit;\">battante, coulissante \u00e0 galandage ou en applique (fourniture des ch\u00e2ssis ou rail)<\/span><\/li>\n<li><span style=\"vertical-align: inherit;\">en EI30, EI60, acoustique, blind\u00e9e, pare-balles &#8230;<\/span><\/li>\n<li>en placard, boiseries murales assortis<\/li>\n<\/ul>\n[\/vc_column_text][\/vc_column][vc_column width=&#8221;1\/3&#8243;][vc_empty_space height=&#8221;100px&#8221;][vc_column_text]<span style=\"vertical-align: inherit;\">Les cadres sont fabriqu\u00e9s de l&#8217;\u00e9paisseur de vos cloisons afin de permettre une pose parfaite des couvre-joints sur les deux faces. <\/span><br \/>\n<span style=\"vertical-align: inherit;\">Toutes nos portes sont \u00e9quip\u00e9es de paumelles entaill\u00e9es et d&#8217;une serrure \u00e0 larder NF, sur demande nous vous proposons :<\/span><\/p>\n<ul>\n<li><span style=\"vertical-align: inherit;\">des charni\u00e8res invisibles, serrure magn\u00e9tique<\/span><\/li>\n<li><span style=\"vertical-align: inherit;\">joint phonique, plinthe automatique en partie basse<\/span><\/li>\n<li><span style=\"vertical-align: inherit;\">Large choix de finitions, poign\u00e9es \u00e0 d\u00e9couvrir&#8230;<\/span><\/li>\n<\/ul>\n[\/vc_column_text][\/vc_column][\/vc_row][vc_row][vc_column][vc_separator][\/vc_column][\/vc_row][vc_row][vc_column]\t<div class=\"et-image-425 et-image aligncenter    et_image_link\">\n\t\t<div class=\"et-image-inner \">\n\t\t\t\t\t\t\t<div class=\"et-image-thumb \">\n\t\t\t\t\t<img loading=\"lazy\" decoding=\"async\" width=\"990\" height=\"768\" src=\"https:\/\/www.bertoli.fr\/wp-content\/uploads\/2023\/02\/portes-haussmanniennes-sculptees-cintrees-en-plan-ATELIER-BERTOLI.jpg\" class=\"attachment-full\" alt=\"portes-haussmanniennes-sculptees-cintrees-en-plan-ATELIER-BERTOLI.\" title=\"OLYMPUS DIGITAL CAMERA\" srcset=\"https:\/\/www.bertoli.fr\/wp-content\/uploads\/2023\/02\/portes-haussmanniennes-sculptees-cintrees-en-plan-ATELIER-BERTOLI.jpg 990w, https:\/\/www.bertoli.fr\/wp-content\/uploads\/2023\/02\/portes-haussmanniennes-sculptees-cintrees-en-plan-ATELIER-BERTOLI-300x233.jpg 300w, https:\/\/www.bertoli.fr\/wp-content\/uploads\/2023\/02\/portes-haussmanniennes-sculptees-cintrees-en-plan-ATELIER-BERTOLI-768x596.jpg 768w, https:\/\/www.bertoli.fr\/wp-content\/uploads\/2023\/02\/portes-haussmanniennes-sculptees-cintrees-en-plan-ATELIER-BERTOLI-150x116.jpg 150w\" sizes=\"auto, (max-width: 990px) 100vw, 990px\" \/>\t\t\t\t<\/div>\n\t\t\t\t\t\t\t\t\t\t\t<\/div>\n\t<\/div>\n  [\/vc_column][\/vc_row][vc_row][vc_column][vc_separator][\/vc_column][\/vc_row]\n","protected":false},"excerpt":{"rendered":"<p><span style=\"vertical-align: inherit;\"><span style=\"vertical-align: inherit;\">Porte et Cadre cintr\u00e9s en Plan <\/span><\/span><br \/>\n<span style=\"vertical-align: inherit;\"><span style=\"vertical-align: inherit;\">Ch\u00eane de France peint <\/span><\/span><br \/>\n<span style=\"vertical-align: inherit;\"><span style=\"vertical-align: inherit;\">Couvre-joints sculpt\u00e9s main<\/span><\/span><\/p>\n<p><span style=\"vertical-align: inherit;\"><span style=\"vertical-align: inherit;\">Dimensions : 2500 x 730mm <\/span><\/span><br \/>\n<em><span style=\"vertical-align: inherit;\"><span style=\"vertical-align: inherit;\">*autres sur demande<\/span><\/span><\/em><\/p>\n<h4><\/h4>\n","protected":false},"featured_media":21180,"template":"","meta":[],"product_brand":[],"product_cat":[151,177],"product_tag":[],"class_list":{"0":"post-21170","1":"product","2":"type-product","3":"status-publish","4":"has-post-thumbnail","6":"product_cat-haussmanniennes","7":"product_cat-portes-dinterieur","9":"first","10":"instock","11":"shipping-taxable","12":"purchasable","13":"product-type-variable"},"_links":{"self":[{"href":"https:\/\/www.bertoli.fr\/en\/wp-json\/wp\/v2\/product\/21170","targetHints":{"allow":["GET"]}}],"collection":[{"href":"https:\/\/www.bertoli.fr\/en\/wp-json\/wp\/v2\/product"}],"about":[{"href":"https:\/\/www.bertoli.fr\/en\/wp-json\/wp\/v2\/types\/product"}],"wp:featuredmedia":[{"embeddable":true,"href":"https:\/\/www.bertoli.fr\/en\/wp-json\/wp\/v2\/media\/21180"}],"wp:attachment":[{"href":"https:\/\/www.bertoli.fr\/en\/wp-json\/wp\/v2\/media?parent=21170"}],"wp:term":[{"taxonomy":"product_brand","embeddable":true,"href":"https:\/\/www.bertoli.fr\/en\/wp-json\/wp\/v2\/product_brand?post=21170"},{"taxonomy":"product_cat","embeddable":true,"href":"https:\/\/www.bertoli.fr\/en\/wp-json\/wp\/v2\/product_cat?post=21170"},{"taxonomy":"product_tag","embeddable":true,"href":"https:\/\/www.bertoli.fr\/en\/wp-json\/wp\/v2\/product_tag?post=21170"}],"curies":[{"name":"wp","href":"https:\/\/api.w.org\/{rel}","templated":true}]}}