{"id":21208,"date":"2023-04-14T10:14:56","date_gmt":"2023-04-14T08:14:56","guid":{"rendered":"https:\/\/www.bertoli.fr\/?post_type=product&#038;p=21208"},"modified":"2026-04-13T12:01:12","modified_gmt":"2026-04-13T10:01:12","slug":"piver","status":"publish","type":"product","link":"https:\/\/www.bertoli.fr\/en\/portes\/piver\/","title":{"rendered":"PIVER"},"content":{"rendered":"[vc_row css=&#8221;.vc_custom_1659617692709{padding-top: 30px !important;padding-bottom: 60px !important;}&#8221;][vc_column][vc_row_inner content_placement=&#8221;middle&#8221;][vc_column_inner offset=&#8221;vc_col-lg-4&#8243;][vc_column_text]\n<h5 class=\"fancy-title accent-color postline-large\">Collection 50\u00a0 PATIO mod\u00e8le <strong>PIVER 1LV 50<\/strong><\/h5>\n<h5 class=\"fancy-title accent-color postline-large\">FIL VERTICAL &#8230;. Sobri\u00e9t\u00e9 et \u00e9l\u00e9gance !<\/h5>\n[\/vc_column_text][\/vc_column_inner][vc_column_inner offset=&#8221;vc_col-lg-offset-1 vc_col-lg-7&#8243;]\t<div class=\"et-image-745 et-image     et_image_link\">\n\t\t<div class=\"et-image-inner \">\n\t\t\t\t\t\t\t<div class=\"et-image-thumb \">\n\t\t\t\t\t<img loading=\"lazy\" decoding=\"async\" width=\"244\" height=\"300\" src=\"https:\/\/www.bertoli.fr\/wp-content\/uploads\/2023\/02\/PIVER-1LV50-GAROFOLI-BERTOLI-244x300.jpg\" class=\"attachment-medium\" alt=\"PIVER 1LV50 GAROFOLI BERTOLI\" title=\"PIVER 1LV50 GAROFOLI BERTOLI\" srcset=\"https:\/\/www.bertoli.fr\/wp-content\/uploads\/2023\/02\/PIVER-1LV50-GAROFOLI-BERTOLI-244x300.jpg 244w, https:\/\/www.bertoli.fr\/wp-content\/uploads\/2023\/02\/PIVER-1LV50-GAROFOLI-BERTOLI-122x150.jpg 122w, https:\/\/www.bertoli.fr\/wp-content\/uploads\/2023\/02\/PIVER-1LV50-GAROFOLI-BERTOLI.jpg 650w\" sizes=\"auto, (max-width: 244px) 100vw, 244px\" \/>\t\t\t\t<\/div>\n\t\t\t\t\t\t\t\t\t\t\t<\/div>\n\t<\/div>\n  [\/vc_column_inner][\/vc_row_inner][\/vc_column][\/vc_row][vc_row][vc_column][vc_separator][\/vc_column][\/vc_row][vc_row et_column_align=&#8221;align-center&#8221; css=&#8221;.vc_custom_1579132139891{padding-bottom: 60px !important;}&#8221;][vc_column width=&#8221;1\/4&#8243;][vc_btn title=&#8221;Catalogue Collection 50&#8243; shape=&#8221;square&#8221; link=&#8221;url:https%3A%2F%2Fwww.bertoli.fr%2Fportes%2Fpiver%2F|title:PIVER|target:_blank&#8221;][\/vc_column][vc_column width=&#8221;3\/4&#8243;][vc_column_text]\n<h5 class=\"fancy-title accent-color postline-large\">Descriptif<\/h5>\n<ul>\n<li>Battante ou coulissante (pr\u00e9-cadre et ch\u00e2ssis sur demande)<\/li>\n<li>Dimensions au choix : 1950\/2000\/2040\/2050\/2100\u00a0 x\u00a0 600\/650\/700\/750\/800\/900mm\u00a0 (autres sur demande)<\/li>\n<li>Charni\u00e8res invisibles<\/li>\n<li>Serrure magn\u00e9tique<\/li>\n<li>Joint p\u00e9riph\u00e9rique<\/li>\n<li>Chambranles et contre-chambranles<\/li>\n<\/ul>\n[\/vc_column_text][\/vc_column][\/vc_row][vc_row][vc_column][vc_separator][vc_empty_space][\/vc_column][\/vc_row][vc_row][vc_column]\t<div class=\"et-image-202 et-image aligncenter    et_image_link\">\n\t\t<div class=\"et-image-inner \">\n\t\t\t\t\t\t\t<div class=\"et-image-thumb \">\n\t\t\t\t\t<img loading=\"lazy\" decoding=\"async\" width=\"150\" height=\"150\" src=\"https:\/\/www.bertoli.fr\/wp-content\/uploads\/2023\/02\/Porte-fil-vertical-chene-ice-PIVER-GAROFOLI-BERTOLI-1-150x150.jpg\" class=\"attachment-thumbnail\" alt=\"Porte fil vertical chene ice PIVER GAROFOLI BERTOLI\" title=\"Porte fil vertical chene ice PIVER GAROFOLI BERTOLI (1)\" srcset=\"https:\/\/www.bertoli.fr\/wp-content\/uploads\/2023\/02\/Porte-fil-vertical-chene-ice-PIVER-GAROFOLI-BERTOLI-1-150x150.jpg 150w, https:\/\/www.bertoli.fr\/wp-content\/uploads\/2023\/02\/Porte-fil-vertical-chene-ice-PIVER-GAROFOLI-BERTOLI-1-100x100.jpg 100w, https:\/\/www.bertoli.fr\/wp-content\/uploads\/2023\/02\/Porte-fil-vertical-chene-ice-PIVER-GAROFOLI-BERTOLI-1-50x50.jpg 50w\" sizes=\"auto, (max-width: 150px) 100vw, 150px\" \/>\t\t\t\t<\/div>\n\t\t\t\t\t\t\t\t\t\t\t<\/div>\n\t<\/div>\n  [vc_empty_space][\/vc_column][\/vc_row]\n","protected":false},"excerpt":{"rendered":"<p>CH\u00caNE FIL VERTICAL<\/p>\n<h4><\/h4>\n","protected":false},"featured_media":21212,"template":"","meta":[],"product_brand":[],"product_cat":[149,177],"product_tag":[],"class_list":{"0":"post-21208","1":"product","2":"type-product","3":"status-publish","4":"has-post-thumbnail","6":"product_cat-garofoli","7":"product_cat-portes-dinterieur","9":"first","10":"instock","11":"shipping-taxable","12":"purchasable","13":"product-type-variable"},"_links":{"self":[{"href":"https:\/\/www.bertoli.fr\/en\/wp-json\/wp\/v2\/product\/21208","targetHints":{"allow":["GET"]}}],"collection":[{"href":"https:\/\/www.bertoli.fr\/en\/wp-json\/wp\/v2\/product"}],"about":[{"href":"https:\/\/www.bertoli.fr\/en\/wp-json\/wp\/v2\/types\/product"}],"wp:featuredmedia":[{"embeddable":true,"href":"https:\/\/www.bertoli.fr\/en\/wp-json\/wp\/v2\/media\/21212"}],"wp:attachment":[{"href":"https:\/\/www.bertoli.fr\/en\/wp-json\/wp\/v2\/media?parent=21208"}],"wp:term":[{"taxonomy":"product_brand","embeddable":true,"href":"https:\/\/www.bertoli.fr\/en\/wp-json\/wp\/v2\/product_brand?post=21208"},{"taxonomy":"product_cat","embeddable":true,"href":"https:\/\/www.bertoli.fr\/en\/wp-json\/wp\/v2\/product_cat?post=21208"},{"taxonomy":"product_tag","embeddable":true,"href":"https:\/\/www.bertoli.fr\/en\/wp-json\/wp\/v2\/product_tag?post=21208"}],"curies":[{"name":"wp","href":"https:\/\/api.w.org\/{rel}","templated":true}]}}