{"id":21303,"date":"2023-03-07T08:43:25","date_gmt":"2023-03-07T07:43:25","guid":{"rendered":"https:\/\/www.bertoli.fr\/?post_type=product&#038;p=21303"},"modified":"2026-04-13T12:01:11","modified_gmt":"2026-04-13T10:01:11","slug":"porte-contemporaine-chene","status":"publish","type":"product","link":"https:\/\/www.bertoli.fr\/en\/portes\/porte-contemporaine-chene\/","title":{"rendered":"PERONDA 1D"},"content":{"rendered":"[vc_row css=&#8221;.vc_custom_1659617692709{padding-top: 30px !important;padding-bottom: 60px !important;}&#8221;][vc_column][vc_row_inner content_placement=&#8221;middle&#8221;][vc_column_inner offset=&#8221;vc_col-lg-4&#8243;][vc_column_text]\n<h5 class=\"fancy-title accent-color postline-large\">Collection IO2023<br \/>\nRenouveau d&#8217;une collection embl\u00e9matique de chez GAROFOLI<\/h5>\n<p>Des d\u00e9corations raffin\u00e9es et contemporaines qui soulignent la modernit\u00e9 de Io 2023.<\/p>\n<p>Equip\u00e9es d\u2019accessoires de derni\u00e8re g\u00e9n\u00e9ration (<strong>charni\u00e8res invisibles et serrure magn\u00e9tique<\/strong>), la collection IO est disponible\u00a0<strong>dans toutes les finitions en bois de ch\u00eane de la gamme Garofoli<\/strong>, des plus claires, comme le Ch\u00eane Ice et le Ch\u00eane Soie, aux plus sombres, comme le Ch\u00eane Noir Profond.<br \/>\nPour les amateurs de finitions laqu\u00e9es, IO est \u00e9galement disponible dans toutes <strong>les\u00a0finitions de la gamme RAL<\/strong>.[\/vc_column_text][\/vc_column_inner][vc_column_inner offset=&#8221;vc_col-lg-offset-1 vc_col-lg-7&#8243;]\t<div class=\"et-image-379 et-image     et_image_link\">\n\t\t<div class=\"et-image-inner \">\n\t\t\t\t\t\t\t<div class=\"et-image-thumb \">\n\t\t\t\t\t<img loading=\"lazy\" decoding=\"async\" width=\"1024\" height=\"640\" src=\"https:\/\/www.bertoli.fr\/wp-content\/uploads\/2023\/03\/porta_garofoli_Io_peronda_dueonda-1024x640.jpg\" class=\"attachment-large\" alt=\"porta_garofoli_Io_peronda_dueonda\" title=\"porta_garofoli_Io_peronda_dueonda\" srcset=\"https:\/\/www.bertoli.fr\/wp-content\/uploads\/2023\/03\/porta_garofoli_Io_peronda_dueonda-1024x640.jpg 1024w, https:\/\/www.bertoli.fr\/wp-content\/uploads\/2023\/03\/porta_garofoli_Io_peronda_dueonda-300x188.jpg 300w, https:\/\/www.bertoli.fr\/wp-content\/uploads\/2023\/03\/porta_garofoli_Io_peronda_dueonda-768x480.jpg 768w, https:\/\/www.bertoli.fr\/wp-content\/uploads\/2023\/03\/porta_garofoli_Io_peronda_dueonda-1536x960.jpg 1536w, https:\/\/www.bertoli.fr\/wp-content\/uploads\/2023\/03\/porta_garofoli_Io_peronda_dueonda-150x94.jpg 150w, https:\/\/www.bertoli.fr\/wp-content\/uploads\/2023\/03\/porta_garofoli_Io_peronda_dueonda-1000x625.jpg 1000w, https:\/\/www.bertoli.fr\/wp-content\/uploads\/2023\/03\/porta_garofoli_Io_peronda_dueonda.jpg 1600w\" sizes=\"auto, (max-width: 1024px) 100vw, 1024px\" \/>\t\t\t\t<\/div>\n\t\t\t\t\t\t\t\t\t\t\t<\/div>\n\t<\/div>\n  [\/vc_column_inner][\/vc_row_inner][\/vc_column][\/vc_row][vc_row][vc_column][vc_separator][\/vc_column][\/vc_row][vc_row et_column_align=&#8221;align-center&#8221; css=&#8221;.vc_custom_1579132139891{padding-bottom: 60px !important;}&#8221;][vc_column width=&#8221;1\/2&#8243;]\t<div class=\"et-image-231 et-image aligncenter    et_image_link\">\n\t\t<div class=\"et-image-inner \">\n\t\t\t\t\t\t\t<div class=\"et-image-thumb \">\n\t\t\t\t\t<img loading=\"lazy\" decoding=\"async\" width=\"819\" height=\"1024\" src=\"https:\/\/www.bertoli.fr\/wp-content\/uploads\/2023\/03\/porta_garofoli_IO_staronda-1-819x1024.jpg\" class=\"attachment-large\" alt=\"porta_garofoli_IO_staronda\" title=\"porta_garofoli_IO_staronda-1\" srcset=\"https:\/\/www.bertoli.fr\/wp-content\/uploads\/2023\/03\/porta_garofoli_IO_staronda-1-819x1024.jpg 819w, https:\/\/www.bertoli.fr\/wp-content\/uploads\/2023\/03\/porta_garofoli_IO_staronda-1-240x300.jpg 240w, https:\/\/www.bertoli.fr\/wp-content\/uploads\/2023\/03\/porta_garofoli_IO_staronda-1-768x960.jpg 768w, https:\/\/www.bertoli.fr\/wp-content\/uploads\/2023\/03\/porta_garofoli_IO_staronda-1-120x150.jpg 120w, https:\/\/www.bertoli.fr\/wp-content\/uploads\/2023\/03\/porta_garofoli_IO_staronda-1-1000x1250.jpg 1000w, https:\/\/www.bertoli.fr\/wp-content\/uploads\/2023\/03\/porta_garofoli_IO_staronda-1.jpg 1200w\" sizes=\"auto, (max-width: 819px) 100vw, 819px\" \/>\t\t\t\t<\/div>\n\t\t\t\t\t\t\t\t\t\t\t<\/div>\n\t<\/div>\n  [\/vc_column][vc_column width=&#8221;1\/2&#8243;][vc_column_text]\n<h5 class=\"fancy-title accent-color postline-large\">Descriptif<\/h5>\n<ul>\n<li>Battante ou coulissante (pr\u00e9-cadre et ch\u00e2ssis sur demande)<\/li>\n<li>Dimensions au choix : 1950\/2000\/2040\/2050\/2100\u00a0 x\u00a0 600\/650\/700\/750\/800\/900mm\u00a0 (autres sur demande)<\/li>\n<li>Charni\u00e8res invisibles<\/li>\n<li>Serrure magn\u00e9tique<\/li>\n<li>Joint p\u00e9riph\u00e9rique<\/li>\n<li>Chambranles et contre-chambranles<\/li>\n<\/ul>\n[\/vc_column_text][\/vc_column][\/vc_row][vc_row et_column_align=&#8221;align-center&#8221; css=&#8221;.vc_custom_1579132139891{padding-bottom: 60px !important;}&#8221;][vc_column width=&#8221;1\/2&#8243;][vc_column_text]\n<h5 class=\"fancy-title accent-color postline-large\">PERONDA 1D Coulissante \u00e0 Galandage<br \/>\nCHENE SETA<br \/>\nmod\u00e8le pr\u00e9sent\u00e9 dans notre show-room<\/h5>\n[\/vc_column_text][\/vc_column][vc_column width=&#8221;1\/2&#8243;]\t<div class=\"et-image-881 et-image     et_image_link\">\n\t\t<div class=\"et-image-inner \">\n\t\t\t\t\t\t\t<div class=\"et-image-thumb \">\n\t\t\t\t\t<img loading=\"lazy\" decoding=\"async\" width=\"244\" height=\"300\" src=\"https:\/\/www.bertoli.fr\/wp-content\/uploads\/2023\/03\/peronda-1d-bertoli-244x300.png\" class=\"attachment-medium\" alt=\"\" title=\"peronda 1d bertoli\" srcset=\"https:\/\/www.bertoli.fr\/wp-content\/uploads\/2023\/03\/peronda-1d-bertoli-244x300.png 244w, https:\/\/www.bertoli.fr\/wp-content\/uploads\/2023\/03\/peronda-1d-bertoli-122x150.png 122w, https:\/\/www.bertoli.fr\/wp-content\/uploads\/2023\/03\/peronda-1d-bertoli.png 650w\" sizes=\"auto, (max-width: 244px) 100vw, 244px\" \/>\t\t\t\t<\/div>\n\t\t\t\t\t\t\t\t\t\t\t<\/div>\n\t<\/div>\n  [\/vc_column][\/vc_row][vc_row][vc_column][vc_separator][vc_empty_space][\/vc_column][\/vc_row][vc_row][vc_column offset=&#8221;vc_col-lg-7&#8243;][vc_column_text]\n<h5 class=\"fancy-title accent-color postline-large\"><span class=\"underlined-title\">LA BEAUT\u00c9 DES\u00a0<span class=\"green\">D\u00c9TAILS, le raffinement des lignes &#8230;<\/span><\/span><\/h5>\n[\/vc_column_text][\/vc_column][vc_column offset=&#8221;vc_col-lg-4&#8243;]\t<div class=\"et-image-768 et-image     et_image_link\">\n\t\t<div class=\"et-image-inner \">\n\t\t\t\t\t\t\t<div class=\"et-image-thumb \">\n\t\t\t\t\t<img loading=\"lazy\" decoding=\"async\" class=\"\" src=\"https:\/\/www.bertoli.fr\/wp-content\/uploads\/2023\/03\/detail-peronda-chene-seta-bertoli-960x600.jpg\" width=\"960\" height=\"600\" alt=\"detail peronda chene seta bertoli\" title=\"detail peronda chene seta bertoli\" \/>\t\t\t\t<\/div>\n\t\t\t\t\t\t\t\t\t\t\t<\/div>\n\t<\/div>\n  [\/vc_column][\/vc_row][vc_row][vc_column][vc_separator][vc_empty_space][\/vc_column][\/vc_row][vc_row][vc_column][vc_separator][\/vc_column][\/vc_row]\n","protected":false},"excerpt":{"rendered":"<p>Porte Contemporaine en Ch\u00eane finition SOIE, vernis naturel<\/p>\n<h5 class=\"fancy-title accent-color postline-large\">Mod\u00e8le visible dans notre show-room<\/h5>\n","protected":false},"featured_media":21315,"template":"","meta":[],"product_brand":[],"product_cat":[149,177],"product_tag":[],"class_list":{"0":"post-21303","1":"product","2":"type-product","3":"status-publish","4":"has-post-thumbnail","6":"product_cat-garofoli","7":"product_cat-portes-dinterieur","9":"first","10":"instock","11":"shipping-taxable","12":"purchasable","13":"product-type-variable"},"_links":{"self":[{"href":"https:\/\/www.bertoli.fr\/en\/wp-json\/wp\/v2\/product\/21303","targetHints":{"allow":["GET"]}}],"collection":[{"href":"https:\/\/www.bertoli.fr\/en\/wp-json\/wp\/v2\/product"}],"about":[{"href":"https:\/\/www.bertoli.fr\/en\/wp-json\/wp\/v2\/types\/product"}],"wp:featuredmedia":[{"embeddable":true,"href":"https:\/\/www.bertoli.fr\/en\/wp-json\/wp\/v2\/media\/21315"}],"wp:attachment":[{"href":"https:\/\/www.bertoli.fr\/en\/wp-json\/wp\/v2\/media?parent=21303"}],"wp:term":[{"taxonomy":"product_brand","embeddable":true,"href":"https:\/\/www.bertoli.fr\/en\/wp-json\/wp\/v2\/product_brand?post=21303"},{"taxonomy":"product_cat","embeddable":true,"href":"https:\/\/www.bertoli.fr\/en\/wp-json\/wp\/v2\/product_cat?post=21303"},{"taxonomy":"product_tag","embeddable":true,"href":"https:\/\/www.bertoli.fr\/en\/wp-json\/wp\/v2\/product_tag?post=21303"}],"curies":[{"name":"wp","href":"https:\/\/api.w.org\/{rel}","templated":true}]}}