{"id":21359,"date":"2023-03-22T18:16:36","date_gmt":"2023-03-22T17:16:36","guid":{"rendered":"https:\/\/www.bertoli.fr\/?post_type=product&#038;p=21359"},"modified":"2026-04-13T12:01:12","modified_gmt":"2026-04-13T10:01:12","slug":"porte-paliere-porte-ei30-haussmanienne","status":"publish","type":"product","link":"https:\/\/www.bertoli.fr\/en\/portes\/porte-paliere-porte-ei30-haussmanienne\/","title":{"rendered":"Porte pali\u00e8re, porte EI30 HAUSSMANIENNE"},"content":{"rendered":"[vc_row][vc_column][vc_separator][\/vc_column][\/vc_row][vc_row][vc_column width=&#8221;1\/2&#8243;][vc_column_text]\n<p>&nbsp;<\/p>\n<p>Nous vous proposons de fabriquer votre porte pali\u00e8re dans diff\u00e9rentes essences : bois \u00e0 peindre,\u00a0 Ch\u00eane de France, Noyer de France. (autres sur demande)<\/p>\n<p><span style=\"vertical-align: inherit;\">La porte pali\u00e8re Haussmannienne est r\u00e9alisable :<\/span><\/p>\n<ul>\n<li><span style=\"vertical-align: inherit;\">dans toutes les dimensions<\/span><\/li>\n<li><span style=\"vertical-align: inherit;\">en deux ou trois panneaux<\/span><\/li>\n<li><span style=\"vertical-align: inherit;\">en simple vantail, deux vantaux, en tierc\u00e9e&#8230;<\/span><\/li>\n<li><span style=\"vertical-align: inherit;\">en EI30, EI60, DAS, acoustique, blind\u00e9e, pare-balles &#8230;<\/span><\/li>\n<li>en portes d&#8217;int\u00e9rieur, placard, boiseries murales assortis<\/li>\n<\/ul>\n[\/vc_column_text][\/vc_column][vc_column width=&#8221;1\/2&#8243;]\t<div class=\"et-image-169 et-image aligncenter    et_image_link\">\n\t\t<div class=\"et-image-inner \">\n\t\t\t\t\t\t\t<div class=\"et-image-thumb \">\n\t\t\t\t\t<img loading=\"lazy\" decoding=\"async\" width=\"650\" height=\"800\" src=\"https:\/\/www.bertoli.fr\/wp-content\/uploads\/2023\/03\/porte-paliere-tiercee-EI30-haussmannienne-BERTOLI.jpg\" class=\"attachment-full\" alt=\"porte pali\u00e8re tiercee EI30 haussmannienne BERTOLI\" title=\"porte pali\u00e8re tiercee EI30 haussmannienne BERTOLI\" srcset=\"https:\/\/www.bertoli.fr\/wp-content\/uploads\/2023\/03\/porte-paliere-tiercee-EI30-haussmannienne-BERTOLI.jpg 650w, https:\/\/www.bertoli.fr\/wp-content\/uploads\/2023\/03\/porte-paliere-tiercee-EI30-haussmannienne-BERTOLI-244x300.jpg 244w, https:\/\/www.bertoli.fr\/wp-content\/uploads\/2023\/03\/porte-paliere-tiercee-EI30-haussmannienne-BERTOLI-122x150.jpg 122w\" sizes=\"auto, (max-width: 650px) 100vw, 650px\" \/>\t\t\t\t<\/div>\n\t\t\t\t\t\t\t\t\t\t\t<\/div>\n\t<\/div>\n  [\/vc_column][\/vc_row][vc_row][vc_column][vc_separator][\/vc_column][\/vc_row][vc_row][vc_column width=&#8221;1\/2&#8243;]\t<div class=\"et-image-285 et-image aligncenter    et_image_link\">\n\t\t<div class=\"et-image-inner \">\n\t\t\t\t\t\t\t<div class=\"et-image-thumb \">\n\t\t\t\t\t<img loading=\"lazy\" decoding=\"async\" width=\"1024\" height=\"683\" src=\"https:\/\/www.bertoli.fr\/wp-content\/uploads\/2023\/03\/porte-paliere-et-boiseries-1024x683.jpg\" class=\"attachment-large\" alt=\"porte pali\u00e8re et boiseries\" title=\"porte pali\u00e8re et boiseries\" srcset=\"https:\/\/www.bertoli.fr\/wp-content\/uploads\/2023\/03\/porte-paliere-et-boiseries-1024x683.jpg 1024w, https:\/\/www.bertoli.fr\/wp-content\/uploads\/2023\/03\/porte-paliere-et-boiseries-300x200.jpg 300w, https:\/\/www.bertoli.fr\/wp-content\/uploads\/2023\/03\/porte-paliere-et-boiseries-768x512.jpg 768w, https:\/\/www.bertoli.fr\/wp-content\/uploads\/2023\/03\/porte-paliere-et-boiseries-1536x1024.jpg 1536w, https:\/\/www.bertoli.fr\/wp-content\/uploads\/2023\/03\/porte-paliere-et-boiseries-150x100.jpg 150w, https:\/\/www.bertoli.fr\/wp-content\/uploads\/2023\/03\/porte-paliere-et-boiseries-1000x667.jpg 1000w, https:\/\/www.bertoli.fr\/wp-content\/uploads\/2023\/03\/porte-paliere-et-boiseries.jpg 1920w\" sizes=\"auto, (max-width: 1024px) 100vw, 1024px\" \/>\t\t\t\t<\/div>\n\t\t\t\t\t\t\t\t\t\t\t<\/div>\n\t<\/div>\n  [\/vc_column][vc_column width=&#8221;1\/2&#8243;]\t<div class=\"et-image-624 et-image aligncenter    et_image_link\">\n\t\t<div class=\"et-image-inner \">\n\t\t\t\t\t\t\t<div class=\"et-image-thumb \">\n\t\t\t\t\t<img loading=\"lazy\" decoding=\"async\" width=\"1333\" height=\"1000\" src=\"https:\/\/www.bertoli.fr\/wp-content\/uploads\/2023\/03\/porte-coupe-feu-EI30-BERTOLI.jpg\" class=\"attachment-full\" alt=\"porte coupe feu EI30 BERTOLI\" title=\"porte coupe feu EI30 BERTOLI\" srcset=\"https:\/\/www.bertoli.fr\/wp-content\/uploads\/2023\/03\/porte-coupe-feu-EI30-BERTOLI.jpg 1333w, https:\/\/www.bertoli.fr\/wp-content\/uploads\/2023\/03\/porte-coupe-feu-EI30-BERTOLI-300x225.jpg 300w, https:\/\/www.bertoli.fr\/wp-content\/uploads\/2023\/03\/porte-coupe-feu-EI30-BERTOLI-1024x768.jpg 1024w, https:\/\/www.bertoli.fr\/wp-content\/uploads\/2023\/03\/porte-coupe-feu-EI30-BERTOLI-768x576.jpg 768w, https:\/\/www.bertoli.fr\/wp-content\/uploads\/2023\/03\/porte-coupe-feu-EI30-BERTOLI-150x113.jpg 150w, https:\/\/www.bertoli.fr\/wp-content\/uploads\/2023\/03\/porte-coupe-feu-EI30-BERTOLI-1000x750.jpg 1000w\" sizes=\"auto, (max-width: 1333px) 100vw, 1333px\" \/>\t\t\t\t<\/div>\n\t\t\t\t\t\t\t\t\t\t\t<\/div>\n\t<\/div>\n  [\/vc_column][\/vc_row][vc_row][vc_column][vc_empty_space][\/vc_column][\/vc_row]\n","protected":false},"excerpt":{"rendered":"<p>Pr\u00e9sent\u00e9e en 2250 x 930mm<\/p>\n<p><em><span style=\"vertical-align: inherit;\"><span style=\"vertical-align: inherit;\">*autres sur demande<\/span><\/span><\/em><\/p>\n","protected":false},"featured_media":21363,"template":"","meta":[],"product_brand":[],"product_cat":[211,177],"product_tag":[],"class_list":{"0":"post-21359","1":"product","2":"type-product","3":"status-publish","4":"has-post-thumbnail","6":"product_cat-blindees-coupe-feu","7":"product_cat-portes-dinterieur","9":"first","10":"instock","11":"shipping-taxable","12":"purchasable","13":"product-type-variable"},"_links":{"self":[{"href":"https:\/\/www.bertoli.fr\/en\/wp-json\/wp\/v2\/product\/21359","targetHints":{"allow":["GET"]}}],"collection":[{"href":"https:\/\/www.bertoli.fr\/en\/wp-json\/wp\/v2\/product"}],"about":[{"href":"https:\/\/www.bertoli.fr\/en\/wp-json\/wp\/v2\/types\/product"}],"wp:featuredmedia":[{"embeddable":true,"href":"https:\/\/www.bertoli.fr\/en\/wp-json\/wp\/v2\/media\/21363"}],"wp:attachment":[{"href":"https:\/\/www.bertoli.fr\/en\/wp-json\/wp\/v2\/media?parent=21359"}],"wp:term":[{"taxonomy":"product_brand","embeddable":true,"href":"https:\/\/www.bertoli.fr\/en\/wp-json\/wp\/v2\/product_brand?post=21359"},{"taxonomy":"product_cat","embeddable":true,"href":"https:\/\/www.bertoli.fr\/en\/wp-json\/wp\/v2\/product_cat?post=21359"},{"taxonomy":"product_tag","embeddable":true,"href":"https:\/\/www.bertoli.fr\/en\/wp-json\/wp\/v2\/product_tag?post=21359"}],"curies":[{"name":"wp","href":"https:\/\/api.w.org\/{rel}","templated":true}]}}