{"id":21379,"date":"2023-03-22T21:48:53","date_gmt":"2023-03-22T20:48:53","guid":{"rendered":"https:\/\/www.bertoli.fr\/?post_type=product&#038;p=21379"},"modified":"2026-04-13T12:01:12","modified_gmt":"2026-04-13T10:01:12","slug":"porte-paliere-porte-ei30-aixoise","status":"publish","type":"product","link":"https:\/\/www.bertoli.fr\/en\/portes\/porte-paliere-porte-ei30-aixoise\/","title":{"rendered":"Porte pali\u00e8re, porte EI30 AIXOISE"},"content":{"rendered":"[vc_row][vc_column][vc_separator][\/vc_column][\/vc_row][vc_row][vc_column width=&#8221;1\/2&#8243;][vc_column_text]\n<p>Nous vous proposons de fabriquer votre porte pali\u00e8re dans diff\u00e9rentes essences : bois \u00e0 peindre,\u00a0 Ch\u00eane de France, Noyer de France. (autres sur demande)<\/p>\n<p><span style=\"vertical-align: inherit;\">La porte pali\u00e8re Aixoise est r\u00e9alisable :<\/span><\/p>\n<ul>\n<li><span style=\"vertical-align: inherit;\">dans toutes les dimensions<\/span><\/li>\n<li><span style=\"vertical-align: inherit;\">en deux ou trois panneaux<\/span><\/li>\n<li><span style=\"vertical-align: inherit;\">en simple vantail, deux vantaux, en tierc\u00e9e&#8230;<\/span><\/li>\n<li><span style=\"vertical-align: inherit;\">en EI30, EI60, DAS, acoustique, blind\u00e9e, pare-balles &#8230;<\/span><\/li>\n<li>en portes d&#8217;int\u00e9rieur, placard assortis<\/li>\n<\/ul>\n[\/vc_column_text][\/vc_column][vc_column width=&#8221;1\/2&#8243;]\t<div class=\"et-image-433 et-image aligncenter    et_image_link\">\n\t\t<div class=\"et-image-inner \">\n\t\t\t\t\t\t\t<div class=\"et-image-thumb \">\n\t\t\t\t\t<img loading=\"lazy\" decoding=\"async\" width=\"199\" height=\"300\" src=\"https:\/\/www.bertoli.fr\/wp-content\/uploads\/2023\/03\/placard-Aixois-BERTOLI-199x300.jpg\" class=\"attachment-medium\" alt=\"placard Aixois BERTOLI\" title=\"placard Aixois BERTOLI\" srcset=\"https:\/\/www.bertoli.fr\/wp-content\/uploads\/2023\/03\/placard-Aixois-BERTOLI-199x300.jpg 199w, https:\/\/www.bertoli.fr\/wp-content\/uploads\/2023\/03\/placard-Aixois-BERTOLI-100x150.jpg 100w, https:\/\/www.bertoli.fr\/wp-content\/uploads\/2023\/03\/placard-Aixois-BERTOLI.jpg 664w\" sizes=\"auto, (max-width: 199px) 100vw, 199px\" \/>\t\t\t\t<\/div>\n\t\t\t\t\t\t\t\t\t\t\t<\/div>\n\t<\/div>\n  [\/vc_column][\/vc_row][vc_row][vc_column][vc_separator][\/vc_column][\/vc_row][vc_row][vc_column][vc_separator][\/vc_column][\/vc_row][vc_row][vc_column][\/vc_column][\/vc_row][vc_row][vc_column][vc_separator][\/vc_column][\/vc_row]\n","protected":false},"excerpt":{"rendered":"<p>Pr\u00e9sent\u00e9e en 2250 x 930mm<\/p>\n<p><em><span style=\"vertical-align: inherit;\"><span style=\"vertical-align: inherit;\">*autres sur demande<\/span><\/span><\/em><\/p>\n","protected":false},"featured_media":21389,"template":"","meta":[],"product_brand":[],"product_cat":[211,177],"product_tag":[],"class_list":{"0":"post-21379","1":"product","2":"type-product","3":"status-publish","4":"has-post-thumbnail","6":"product_cat-blindees-coupe-feu","7":"product_cat-portes-dinterieur","9":"first","10":"instock","11":"shipping-taxable","12":"purchasable","13":"product-type-variable"},"_links":{"self":[{"href":"https:\/\/www.bertoli.fr\/en\/wp-json\/wp\/v2\/product\/21379","targetHints":{"allow":["GET"]}}],"collection":[{"href":"https:\/\/www.bertoli.fr\/en\/wp-json\/wp\/v2\/product"}],"about":[{"href":"https:\/\/www.bertoli.fr\/en\/wp-json\/wp\/v2\/types\/product"}],"wp:featuredmedia":[{"embeddable":true,"href":"https:\/\/www.bertoli.fr\/en\/wp-json\/wp\/v2\/media\/21389"}],"wp:attachment":[{"href":"https:\/\/www.bertoli.fr\/en\/wp-json\/wp\/v2\/media?parent=21379"}],"wp:term":[{"taxonomy":"product_brand","embeddable":true,"href":"https:\/\/www.bertoli.fr\/en\/wp-json\/wp\/v2\/product_brand?post=21379"},{"taxonomy":"product_cat","embeddable":true,"href":"https:\/\/www.bertoli.fr\/en\/wp-json\/wp\/v2\/product_cat?post=21379"},{"taxonomy":"product_tag","embeddable":true,"href":"https:\/\/www.bertoli.fr\/en\/wp-json\/wp\/v2\/product_tag?post=21379"}],"curies":[{"name":"wp","href":"https:\/\/api.w.org\/{rel}","templated":true}]}}