{"id":21656,"date":"2023-04-13T15:32:19","date_gmt":"2023-04-13T13:32:19","guid":{"rendered":"https:\/\/www.bertoli.fr\/?post_type=product&#038;p=21656"},"modified":"2026-04-13T12:01:12","modified_gmt":"2026-04-13T10:01:12","slug":"porte-haussmanienne-sculptee","status":"publish","type":"product","link":"https:\/\/www.bertoli.fr\/en\/portes\/porte-haussmanienne-sculptee\/","title":{"rendered":"Porte HAUSSMANNIENNE Sculpt\u00e9e"},"content":{"rendered":"[vc_row][vc_column]\t<div class=\"et-image-555 et-image aligncenter    et_image_link\">\n\t\t<div class=\"et-image-inner \">\n\t\t\t\t\t\t\t<div class=\"et-image-thumb \">\n\t\t\t\t\t<img loading=\"lazy\" decoding=\"async\" width=\"1939\" height=\"1000\" src=\"https:\/\/www.bertoli.fr\/wp-content\/uploads\/2023\/04\/Porte-haussmannienne-sculptee-BERTOLI-1.jpg\" class=\"attachment-full\" alt=\"Porte haussmannienne sculpt\u00e9e BERTOLI\" title=\"Porte haussmannienne sculpt\u00e9e BERTOLI\" srcset=\"https:\/\/www.bertoli.fr\/wp-content\/uploads\/2023\/04\/Porte-haussmannienne-sculptee-BERTOLI-1.jpg 1939w, https:\/\/www.bertoli.fr\/wp-content\/uploads\/2023\/04\/Porte-haussmannienne-sculptee-BERTOLI-1-300x155.jpg 300w, https:\/\/www.bertoli.fr\/wp-content\/uploads\/2023\/04\/Porte-haussmannienne-sculptee-BERTOLI-1-1024x528.jpg 1024w, https:\/\/www.bertoli.fr\/wp-content\/uploads\/2023\/04\/Porte-haussmannienne-sculptee-BERTOLI-1-768x396.jpg 768w, https:\/\/www.bertoli.fr\/wp-content\/uploads\/2023\/04\/Porte-haussmannienne-sculptee-BERTOLI-1-1536x792.jpg 1536w, https:\/\/www.bertoli.fr\/wp-content\/uploads\/2023\/04\/Porte-haussmannienne-sculptee-BERTOLI-1-150x77.jpg 150w, https:\/\/www.bertoli.fr\/wp-content\/uploads\/2023\/04\/Porte-haussmannienne-sculptee-BERTOLI-1-1000x516.jpg 1000w\" sizes=\"auto, (max-width: 1939px) 100vw, 1939px\" \/>\t\t\t\t<\/div>\n\t\t\t\t\t\t\t\t\t\t\t<\/div>\n\t<\/div>\n  [\/vc_column][\/vc_row][vc_row][vc_column][vc_separator][\/vc_column][\/vc_row][vc_row][vc_column width=&#8221;1\/3&#8243;][vc_column_text]\n<h5 class=\"fancy-title accent-color postline-large\" style=\"text-align: center;\"><span style=\"vertical-align: inherit;\">ASSEMBLAGES \u00c0 TENONS ET MORTAISES COLL\u00c9S ET CHEVILL\u00c9S BOIS<\/span><\/h5>\n<h5><span style=\"vertical-align: inherit;\">MOULURATION \u00c0 GRAND CADRE A COUPES D&#8217;ONGLET 55mm<\/span><br \/>\n<em><span style=\"vertical-align: inherit;\">DOUBLES FACES IDENTIQUES<\/span><\/em><\/h5>\n<h5><span style=\"vertical-align: inherit;\">PANNEAUX \u00c0 PLATES-BANDES<\/span><br \/>\n<em><span style=\"vertical-align: inherit;\">DOUBLES FACES IDENTIQUES<\/span><\/em><\/h5>\n<h4 style=\"text-align: center;\"><strong><span style=\"vertical-align: inherit;\">Toutes nos portes sont fabriqu\u00e9es dans des essences de bois s\u00e9ch\u00e9es dans nos ateliers <\/span><br \/>\n<span style=\"vertical-align: inherit;\">(10 \u00e0 12% d&#8217;hygrom\u00e9trie)<\/span><\/strong><\/h4>\n[\/vc_column_text][\/vc_column][vc_column width=&#8221;1\/3&#8243;][vc_empty_space height=&#8221;100px&#8221;][vc_column_text]<span style=\"vertical-align: inherit;\">Nous vous proposons de fabriquer vos portes d&#8217;int\u00e9rieur dans diff\u00e9rentes essences\u00a0: bois \u00e0 peindre, Tilleul, Ch\u00e2taignier de France, Ch\u00eane de France, Merisier de France, Noyer de France. (autres sur demande)<\/span><\/p>\n<p><span style=\"vertical-align: inherit;\">Les mod\u00e8les de portes style Haussmann sont r\u00e9alisables :<\/span><\/p>\n<ul>\n<li><span style=\"vertical-align: inherit;\">dans toutes les dimensions<\/span><\/li>\n<li><span style=\"vertical-align: inherit;\">\u00e0 panneaux ou vitr\u00e9es<\/span><\/li>\n<li><span style=\"vertical-align: inherit;\">en deux ou trois panneaux<\/span><\/li>\n<li><span style=\"vertical-align: inherit;\">en simple vantail, deux vantaux, en tierc\u00e9e&#8230;<\/span><\/li>\n<li><span style=\"vertical-align: inherit;\">battante, coulissante \u00e0 galandage ou en applique (fourniture des ch\u00e2ssis ou rail)<\/span><\/li>\n<li><span style=\"vertical-align: inherit;\">en EI30, EI60, acoustique, blind\u00e9e, pare-balles &#8230;<\/span><\/li>\n<li>en placard, boiseries murales assortis<\/li>\n<\/ul>\n[\/vc_column_text][\/vc_column][vc_column width=&#8221;1\/3&#8243;][vc_empty_space height=&#8221;100px&#8221;][vc_column_text]<span style=\"vertical-align: inherit;\">Les cadres sont fabriqu\u00e9s de l&#8217;\u00e9paisseur de vos cloisons afin de permettre une pose parfaite des couvre-joints sur les deux faces. <\/span><br \/>\n<span style=\"vertical-align: inherit;\">Toutes nos portes sont \u00e9quip\u00e9es de paumelles entaill\u00e9es et d&#8217;une serrure \u00e0 larder NF, sur demande nous vous proposons :<\/span><\/p>\n<ul>\n<li><span style=\"vertical-align: inherit;\">des charni\u00e8res invisibles, serrure magn\u00e9tique<\/span><\/li>\n<li><span style=\"vertical-align: inherit;\">joint phonique, plinthe automatique en partie basse<\/span><\/li>\n<li><span style=\"vertical-align: inherit;\">Large choix de finitions, poign\u00e9es \u00e0 d\u00e9couvrir&#8230;<\/span><\/li>\n<\/ul>\n[\/vc_column_text][\/vc_column][\/vc_row][vc_row][vc_column][vc_separator][\/vc_column][\/vc_row][vc_row][vc_column width=&#8221;1\/3&#8243;]\t<div class=\"et-image-869 et-image aligncenter    et_image_link\">\n\t\t<div class=\"et-image-inner \">\n\t\t\t\t\t\t\t<div class=\"et-image-thumb \">\n\t\t\t\t\t<img loading=\"lazy\" decoding=\"async\" width=\"1199\" height=\"800\" src=\"https:\/\/www.bertoli.fr\/wp-content\/uploads\/2023\/04\/porte-haussmannienne-BERTOLI.jpg\" class=\"attachment-full\" alt=\"porte haussmannienne BERTOLI\" title=\"porte haussmannienne BERTOLI\" srcset=\"https:\/\/www.bertoli.fr\/wp-content\/uploads\/2023\/04\/porte-haussmannienne-BERTOLI.jpg 1199w, https:\/\/www.bertoli.fr\/wp-content\/uploads\/2023\/04\/porte-haussmannienne-BERTOLI-300x200.jpg 300w, https:\/\/www.bertoli.fr\/wp-content\/uploads\/2023\/04\/porte-haussmannienne-BERTOLI-1024x683.jpg 1024w, https:\/\/www.bertoli.fr\/wp-content\/uploads\/2023\/04\/porte-haussmannienne-BERTOLI-768x512.jpg 768w, https:\/\/www.bertoli.fr\/wp-content\/uploads\/2023\/04\/porte-haussmannienne-BERTOLI-150x100.jpg 150w, https:\/\/www.bertoli.fr\/wp-content\/uploads\/2023\/04\/porte-haussmannienne-BERTOLI-1000x667.jpg 1000w\" sizes=\"auto, (max-width: 1199px) 100vw, 1199px\" \/>\t\t\t\t<\/div>\n\t\t\t\t\t\t\t\t\t\t\t<\/div>\n\t<\/div>\n  [\/vc_column][vc_column width=&#8221;1\/3&#8243;]\t<div class=\"et-image-987 et-image aligncenter    et_image_link\">\n\t\t<div class=\"et-image-inner \">\n\t\t\t\t\t\t\t<div class=\"et-image-thumb \">\n\t\t\t\t\t<img loading=\"lazy\" decoding=\"async\" width=\"1199\" height=\"800\" src=\"https:\/\/www.bertoli.fr\/wp-content\/uploads\/2023\/04\/Poignee-marie-antoinette-porte-haussmannienne-BERTOLI-1-e1681825685743.jpg\" class=\"attachment-full\" alt=\"Poignee marie antoinette porte haussmannienne BERTOLI\" title=\"Poignee marie antoinette porte haussmannienne BERTOLI\" \/>\t\t\t\t<\/div>\n\t\t\t\t\t\t\t\t\t\t\t<\/div>\n\t<\/div>\n  [\/vc_column][vc_column width=&#8221;1\/3&#8243;]\t<div class=\"et-image-962 et-image aligncenter    et_image_link\">\n\t\t<div class=\"et-image-inner \">\n\t\t\t\t\t\t\t<div class=\"et-image-thumb \">\n\t\t\t\t\t<img loading=\"lazy\" decoding=\"async\" width=\"1199\" height=\"800\" src=\"https:\/\/www.bertoli.fr\/wp-content\/uploads\/2023\/04\/paumelle-laiton-porte-haussmannienne-BERTOLI.jpg\" class=\"attachment-full\" alt=\"paumelle laiton porte haussmannienne BERTOLI\" title=\"paumelle laiton porte haussmannienne BERTOLI\" srcset=\"https:\/\/www.bertoli.fr\/wp-content\/uploads\/2023\/04\/paumelle-laiton-porte-haussmannienne-BERTOLI.jpg 1199w, https:\/\/www.bertoli.fr\/wp-content\/uploads\/2023\/04\/paumelle-laiton-porte-haussmannienne-BERTOLI-300x200.jpg 300w, https:\/\/www.bertoli.fr\/wp-content\/uploads\/2023\/04\/paumelle-laiton-porte-haussmannienne-BERTOLI-1024x683.jpg 1024w, https:\/\/www.bertoli.fr\/wp-content\/uploads\/2023\/04\/paumelle-laiton-porte-haussmannienne-BERTOLI-768x512.jpg 768w, https:\/\/www.bertoli.fr\/wp-content\/uploads\/2023\/04\/paumelle-laiton-porte-haussmannienne-BERTOLI-150x100.jpg 150w, https:\/\/www.bertoli.fr\/wp-content\/uploads\/2023\/04\/paumelle-laiton-porte-haussmannienne-BERTOLI-1000x667.jpg 1000w\" sizes=\"auto, (max-width: 1199px) 100vw, 1199px\" \/>\t\t\t\t<\/div>\n\t\t\t\t\t\t\t\t\t\t\t<\/div>\n\t<\/div>\n  [\/vc_column][\/vc_row][vc_row][vc_column][vc_empty_space][vc_separator][\/vc_column][\/vc_row][vc_row][vc_column][vc_separator][\/vc_column][\/vc_row]\n","protected":false},"excerpt":{"rendered":"<p>Porte sculpt\u00e9e 3 panneaux Haussmannienne<br \/>\nChambranles 105mm, sculpt\u00e9s<\/p>\n<p>Finition laqu\u00e9e RAL au choix<br \/>\nSerrure &amp; Paumelles laiton<br \/>\nPoign\u00e9e MARIE-ANTOINETTE Enrico CASSINA<\/p>\n<p>Pr\u00e9sent\u00e9 en 2400 x 844mm<br \/>\n<em>*autres sur demande<\/em><\/p>\n<h5 class=\"fancy-title accent-color postline-large\">Mod\u00e8le visible dans notre show-room<\/h5>\n<h4><\/h4>\n","protected":false},"featured_media":21663,"template":"","meta":[],"product_brand":[],"product_cat":[151,177],"product_tag":[],"class_list":{"0":"post-21656","1":"product","2":"type-product","3":"status-publish","4":"has-post-thumbnail","6":"product_cat-haussmanniennes","7":"product_cat-portes-dinterieur","9":"first","10":"instock","11":"shipping-taxable","12":"purchasable","13":"product-type-variable"},"_links":{"self":[{"href":"https:\/\/www.bertoli.fr\/en\/wp-json\/wp\/v2\/product\/21656","targetHints":{"allow":["GET"]}}],"collection":[{"href":"https:\/\/www.bertoli.fr\/en\/wp-json\/wp\/v2\/product"}],"about":[{"href":"https:\/\/www.bertoli.fr\/en\/wp-json\/wp\/v2\/types\/product"}],"wp:featuredmedia":[{"embeddable":true,"href":"https:\/\/www.bertoli.fr\/en\/wp-json\/wp\/v2\/media\/21663"}],"wp:attachment":[{"href":"https:\/\/www.bertoli.fr\/en\/wp-json\/wp\/v2\/media?parent=21656"}],"wp:term":[{"taxonomy":"product_brand","embeddable":true,"href":"https:\/\/www.bertoli.fr\/en\/wp-json\/wp\/v2\/product_brand?post=21656"},{"taxonomy":"product_cat","embeddable":true,"href":"https:\/\/www.bertoli.fr\/en\/wp-json\/wp\/v2\/product_cat?post=21656"},{"taxonomy":"product_tag","embeddable":true,"href":"https:\/\/www.bertoli.fr\/en\/wp-json\/wp\/v2\/product_tag?post=21656"}],"curies":[{"name":"wp","href":"https:\/\/api.w.org\/{rel}","templated":true}]}}