{"id":21702,"date":"2023-04-18T12:59:01","date_gmt":"2023-04-18T10:59:01","guid":{"rendered":"https:\/\/www.bertoli.fr\/?post_type=product&#038;p=21702"},"modified":"2026-04-13T12:01:11","modified_gmt":"2026-04-13T10:01:11","slug":"porte-haussmannienne-sculptee-doree-laquee","status":"publish","type":"product","link":"https:\/\/www.bertoli.fr\/en\/portes\/porte-haussmannienne-sculptee-doree-laquee\/","title":{"rendered":"Porte HAUSSMANNIENNE Sculpt\u00e9e"},"content":{"rendered":"[vc_row][vc_column]\t<div class=\"et-image-322 et-image aligncenter    et_image_link\">\n\t\t<div class=\"et-image-inner \">\n\t\t\t\t\t\t\t<div class=\"et-image-thumb \">\n\t\t\t\t\t<img loading=\"lazy\" decoding=\"async\" width=\"1199\" height=\"800\" src=\"https:\/\/www.bertoli.fr\/wp-content\/uploads\/2023\/04\/Porte-3-panneaux-haussmannienne-or-sculptee-BERTOLI.jpg\" class=\"attachment-full\" alt=\"Porte 3 panneaux haussmannienne or sculptee BERTOLI\" title=\"Porte 3 panneaux haussmannienne or sculptee BERTOLI\" srcset=\"https:\/\/www.bertoli.fr\/wp-content\/uploads\/2023\/04\/Porte-3-panneaux-haussmannienne-or-sculptee-BERTOLI.jpg 1199w, https:\/\/www.bertoli.fr\/wp-content\/uploads\/2023\/04\/Porte-3-panneaux-haussmannienne-or-sculptee-BERTOLI-300x200.jpg 300w, https:\/\/www.bertoli.fr\/wp-content\/uploads\/2023\/04\/Porte-3-panneaux-haussmannienne-or-sculptee-BERTOLI-1024x683.jpg 1024w, https:\/\/www.bertoli.fr\/wp-content\/uploads\/2023\/04\/Porte-3-panneaux-haussmannienne-or-sculptee-BERTOLI-768x512.jpg 768w, https:\/\/www.bertoli.fr\/wp-content\/uploads\/2023\/04\/Porte-3-panneaux-haussmannienne-or-sculptee-BERTOLI-150x100.jpg 150w, https:\/\/www.bertoli.fr\/wp-content\/uploads\/2023\/04\/Porte-3-panneaux-haussmannienne-or-sculptee-BERTOLI-1000x667.jpg 1000w\" sizes=\"auto, (max-width: 1199px) 100vw, 1199px\" \/>\t\t\t\t<\/div>\n\t\t\t\t\t\t\t\t\t\t\t<\/div>\n\t<\/div>\n  [\/vc_column][\/vc_row][vc_row][vc_column][vc_separator][\/vc_column][\/vc_row][vc_row][vc_column width=\u201d1\/3\u2033][vc_column_text]\n<h5 class=\"fancy-title accent-color postline-large\" style=\"text-align: center;\"><span style=\"vertical-align: inherit;\">ASSEMBLAGES \u00c0 TENONS ET MORTAISES COLL\u00c9S ET CHEVILL\u00c9S BOIS<\/span><\/h5>\n<h5><span style=\"vertical-align: inherit;\">MOULURATION \u00c0 GRAND CADRE A COUPES D\u2019ONGLET 55mm<\/span><br \/>\n<em><span style=\"vertical-align: inherit;\">DOUBLES FACES IDENTIQUES<\/span><\/em><\/h5>\n<h5><span style=\"vertical-align: inherit;\">PANNEAUX \u00c0 PLATES-BANDES<\/span><br \/>\n<em><span style=\"vertical-align: inherit;\">DOUBLES FACES IDENTIQUES<\/span><\/em><\/h5>\n<h4 style=\"text-align: center;\"><strong><span style=\"vertical-align: inherit;\">Toutes nos portes sont fabriqu\u00e9es dans des essences de bois s\u00e9ch\u00e9es dans nos ateliers <\/span><br \/>\n<span style=\"vertical-align: inherit;\">(10 \u00e0 12% d\u2019hygrom\u00e9trie)<\/span><\/strong><\/h4>\n[\/vc_column_text][\/vc_column][vc_column width=\u201d1\/3\u2033][vc_empty_space height=\u201d100px\u201d][vc_column_text]<span style=\"vertical-align: inherit;\">Nous vous proposons de fabriquer vos portes d\u2019int\u00e9rieur dans diff\u00e9rentes essences\u00a0: bois \u00e0 peindre, Tilleul, Ch\u00e2taignier de France, Ch\u00eane de France, Merisier de France, Noyer de France. (autres sur demande)<\/span><\/p>\n<p><span style=\"vertical-align: inherit;\">Les mod\u00e8les de portes style Haussmann sont r\u00e9alisables :<\/span><\/p>\n<ul>\n<li><span style=\"vertical-align: inherit;\">dans toutes les dimensions<\/span><\/li>\n<li><span style=\"vertical-align: inherit;\">\u00e0 panneaux ou vitr\u00e9es<\/span><\/li>\n<li><span style=\"vertical-align: inherit;\">en deux ou trois panneaux<\/span><\/li>\n<li><span style=\"vertical-align: inherit;\">en simple vantail, deux vantaux, en tierc\u00e9e\u2026<\/span><\/li>\n<li><span style=\"vertical-align: inherit;\">battante, coulissante \u00e0 galandage ou en applique (fourniture des ch\u00e2ssis ou rail)<\/span><\/li>\n<li><span style=\"vertical-align: inherit;\">en EI30, EI60, acoustique, blind\u00e9e, pare-balles \u2026<\/span><\/li>\n<li>en placard, boiseries murales assortis<\/li>\n<\/ul>\n[\/vc_column_text][\/vc_column][vc_column width=\u201d1\/3\u2033][vc_empty_space height=\u201d100px\u201d][vc_column_text]<span style=\"vertical-align: inherit;\">Les cadres sont fabriqu\u00e9s de l\u2019\u00e9paisseur de vos cloisons afin de permettre une pose parfaite des couvre-joints sur les deux faces. <\/span><br \/>\n<span style=\"vertical-align: inherit;\">Toutes nos portes sont \u00e9quip\u00e9es de paumelles entaill\u00e9es et d\u2019une serrure \u00e0 larder NF, sur demande nous vous proposons :<\/span><\/p>\n<ul>\n<li><span style=\"vertical-align: inherit;\">des charni\u00e8res invisibles, serrure magn\u00e9tique<\/span><\/li>\n<li><span style=\"vertical-align: inherit;\">joint phonique, plinthe automatique en partie basse<\/span><\/li>\n<li><span style=\"vertical-align: inherit;\">Large choix de finitions, poign\u00e9es \u00e0 d\u00e9couvrir\u2026<\/span><\/li>\n<\/ul>\n[\/vc_column_text][\/vc_column][\/vc_row][vc_row][vc_column][vc_separator][\/vc_column][\/vc_row][vc_row][vc_column width=\u201d1\/2\u2033]\t<div class=\"et-image-624 et-image aligncenter    et_image_link\">\n\t\t<div class=\"et-image-inner \">\n\t\t\t\t\t\t\t<div class=\"et-image-thumb \">\n\t\t\t\t\t<img loading=\"lazy\" decoding=\"async\" width=\"1199\" height=\"800\" src=\"https:\/\/www.bertoli.fr\/wp-content\/uploads\/2023\/04\/details-porte-haussmannienne-or-sculptee-BERTOLI.jpg\" class=\"attachment-full\" alt=\"details porte haussmannienne or sculptee BERTOLI\" title=\"details porte haussmannienne or sculptee BERTOLI\" srcset=\"https:\/\/www.bertoli.fr\/wp-content\/uploads\/2023\/04\/details-porte-haussmannienne-or-sculptee-BERTOLI.jpg 1199w, https:\/\/www.bertoli.fr\/wp-content\/uploads\/2023\/04\/details-porte-haussmannienne-or-sculptee-BERTOLI-300x200.jpg 300w, https:\/\/www.bertoli.fr\/wp-content\/uploads\/2023\/04\/details-porte-haussmannienne-or-sculptee-BERTOLI-1024x683.jpg 1024w, https:\/\/www.bertoli.fr\/wp-content\/uploads\/2023\/04\/details-porte-haussmannienne-or-sculptee-BERTOLI-768x512.jpg 768w, https:\/\/www.bertoli.fr\/wp-content\/uploads\/2023\/04\/details-porte-haussmannienne-or-sculptee-BERTOLI-150x100.jpg 150w, https:\/\/www.bertoli.fr\/wp-content\/uploads\/2023\/04\/details-porte-haussmannienne-or-sculptee-BERTOLI-1000x667.jpg 1000w\" sizes=\"auto, (max-width: 1199px) 100vw, 1199px\" \/>\t\t\t\t<\/div>\n\t\t\t\t\t\t\t\t\t\t\t<\/div>\n\t<\/div>\n  [\/vc_column][vc_column width=\u201d1\/2\u2033]\t<div class=\"et-image-798 et-image aligncenter    et_image_link\">\n\t\t<div class=\"et-image-inner \">\n\t\t\t\t\t\t\t<div class=\"et-image-thumb \">\n\t\t\t\t\t<img loading=\"lazy\" decoding=\"async\" width=\"1199\" height=\"800\" src=\"https:\/\/www.bertoli.fr\/wp-content\/uploads\/2023\/04\/detail-porte-haussmannienne-or-sculptee-BERTOLI.jpg\" class=\"attachment-full\" alt=\"detail porte haussmannienne or sculptee BERTOLI\" title=\"detail porte haussmannienne or sculptee BERTOLI\" srcset=\"https:\/\/www.bertoli.fr\/wp-content\/uploads\/2023\/04\/detail-porte-haussmannienne-or-sculptee-BERTOLI.jpg 1199w, https:\/\/www.bertoli.fr\/wp-content\/uploads\/2023\/04\/detail-porte-haussmannienne-or-sculptee-BERTOLI-300x200.jpg 300w, https:\/\/www.bertoli.fr\/wp-content\/uploads\/2023\/04\/detail-porte-haussmannienne-or-sculptee-BERTOLI-1024x683.jpg 1024w, https:\/\/www.bertoli.fr\/wp-content\/uploads\/2023\/04\/detail-porte-haussmannienne-or-sculptee-BERTOLI-768x512.jpg 768w, https:\/\/www.bertoli.fr\/wp-content\/uploads\/2023\/04\/detail-porte-haussmannienne-or-sculptee-BERTOLI-150x100.jpg 150w, https:\/\/www.bertoli.fr\/wp-content\/uploads\/2023\/04\/detail-porte-haussmannienne-or-sculptee-BERTOLI-1000x667.jpg 1000w\" sizes=\"auto, (max-width: 1199px) 100vw, 1199px\" \/>\t\t\t\t<\/div>\n\t\t\t\t\t\t\t\t\t\t\t<\/div>\n\t<\/div>\n  [\/vc_column][\/vc_row][vc_row][vc_column][vc_empty_space][vc_separator][\/vc_column][\/vc_row][vc_row][vc_column][vc_separator][\/vc_column][\/vc_row]\n","protected":false},"excerpt":{"rendered":"<p>Porte Haussmannienne sculpt\u00e9e<br \/>\nChambranles 105mm, sculpt\u00e9s<\/p>\n<p>Dorure et Laque RAL au choix<br \/>\nSerrure &amp; Paumelles laiton<br \/>\nPoign\u00e9e LAVINIA\u00a0 Enrico CASSINA<\/p>\n<p>Pr\u00e9sent\u00e9 en 2400 x 844mm<br \/>\n<em>*autres sur demande<\/em><\/p>\n<h5 class=\"fancy-title accent-color postline-large\">Mod\u00e8le visible dans notre show-room<\/h5>\n<h4><\/h4>\n","protected":false},"featured_media":21711,"template":"","meta":[],"product_brand":[],"product_cat":[151,177],"product_tag":[],"class_list":{"0":"post-21702","1":"product","2":"type-product","3":"status-publish","4":"has-post-thumbnail","6":"product_cat-haussmanniennes","7":"product_cat-portes-dinterieur","9":"first","10":"instock","11":"shipping-taxable","12":"purchasable","13":"product-type-variable"},"_links":{"self":[{"href":"https:\/\/www.bertoli.fr\/en\/wp-json\/wp\/v2\/product\/21702","targetHints":{"allow":["GET"]}}],"collection":[{"href":"https:\/\/www.bertoli.fr\/en\/wp-json\/wp\/v2\/product"}],"about":[{"href":"https:\/\/www.bertoli.fr\/en\/wp-json\/wp\/v2\/types\/product"}],"wp:featuredmedia":[{"embeddable":true,"href":"https:\/\/www.bertoli.fr\/en\/wp-json\/wp\/v2\/media\/21711"}],"wp:attachment":[{"href":"https:\/\/www.bertoli.fr\/en\/wp-json\/wp\/v2\/media?parent=21702"}],"wp:term":[{"taxonomy":"product_brand","embeddable":true,"href":"https:\/\/www.bertoli.fr\/en\/wp-json\/wp\/v2\/product_brand?post=21702"},{"taxonomy":"product_cat","embeddable":true,"href":"https:\/\/www.bertoli.fr\/en\/wp-json\/wp\/v2\/product_cat?post=21702"},{"taxonomy":"product_tag","embeddable":true,"href":"https:\/\/www.bertoli.fr\/en\/wp-json\/wp\/v2\/product_tag?post=21702"}],"curies":[{"name":"wp","href":"https:\/\/api.w.org\/{rel}","templated":true}]}}