{"id":21807,"date":"2023-04-25T16:36:44","date_gmt":"2023-04-25T14:36:44","guid":{"rendered":"https:\/\/www.bertoli.fr\/?post_type=product&#038;p=21807"},"modified":"2026-04-13T11:59:34","modified_gmt":"2026-04-13T09:59:34","slug":"boiserie-toute-hauteur-sculptee","status":"publish","type":"product","link":"https:\/\/www.bertoli.fr\/en\/portes\/boiserie-toute-hauteur-sculptee\/","title":{"rendered":"Boiserie toute hauteur sculpt\u00e9e"},"content":{"rendered":"[vc_row et_column_align=&#8221;align-center&#8221; css=&#8221;.vc_custom_1579132110345{padding-top: 30px !important;padding-bottom: 60px !important;}&#8221;][vc_column][vc_row_inner content_placement=&#8221;middle&#8221;][vc_column_inner offset=&#8221;vc_col-lg-4&#8243;][vc_column_text]\n<h5 class=\"fancy-title accent-color postline-large\">BLACK SMOCKING<\/h5>\n<h3>Raffinement &amp; El\u00e9gance sont les ma\u00eetres mots de ce Bel Ouvrage !<\/h3>\n[\/vc_column_text][\/vc_column_inner][vc_column_inner offset=&#8221;vc_col-lg-offset-1 vc_col-lg-7&#8243;]\t<div class=\"et-image-110 et-image     et_image_link\">\n\t\t<div class=\"et-image-inner \">\n\t\t\t\t\t\t\t<div class=\"et-image-thumb \">\n\t\t\t\t\t<img loading=\"lazy\" decoding=\"async\" width=\"667\" height=\"1000\" src=\"https:\/\/www.bertoli.fr\/wp-content\/uploads\/2023\/04\/Detail-sculpture-boiserie-lambris-ATELIER-BERTOLI-1.jpg\" class=\"attachment-full\" alt=\"D\u00e9tail sculpture boiserie lambris ATELIER BERTOLI\" title=\"D\u00e9tail sculpture boiserie lambris ATELIER BERTOLI\" srcset=\"https:\/\/www.bertoli.fr\/wp-content\/uploads\/2023\/04\/Detail-sculpture-boiserie-lambris-ATELIER-BERTOLI-1.jpg 667w, https:\/\/www.bertoli.fr\/wp-content\/uploads\/2023\/04\/Detail-sculpture-boiserie-lambris-ATELIER-BERTOLI-1-200x300.jpg 200w, https:\/\/www.bertoli.fr\/wp-content\/uploads\/2023\/04\/Detail-sculpture-boiserie-lambris-ATELIER-BERTOLI-1-100x150.jpg 100w\" sizes=\"auto, (max-width: 667px) 100vw, 667px\" \/>\t\t\t\t<\/div>\n\t\t\t\t\t\t\t\t\t\t\t<\/div>\n\t<\/div>\n  [\/vc_column_inner][\/vc_row_inner][\/vc_column][\/vc_row][vc_row][vc_column][vc_separator][\/vc_column][\/vc_row][vc_row][vc_column][vc_column_text]Nous fabriquons sur-mesure des portes et boiseries murales moulur\u00e9es en bois, sculpt\u00e9es ou non ;\u00a0 principalement de style Haussmannien ou Art D\u00e9co, mais aussi dans les styles XVIe au XVIIIe si\u00e8cle.<\/p>\n<p>Si vous d\u00e9sirez un ensemble en proportion, en harmonie avec les volumes existants, seule la fabrication sur-mesure pourra vous donnez satisfaction. En effet, les murs ou les cloisons \u00e9tant de diff\u00e9rentes longueurs, les intervalles entre les panneaux moulur\u00e9s seront tous de la m\u00eame largeur.<br \/>\nLa fabrication sur-mesure permet \u00e9galement une mise en proportion dimensionnelle des lambris ou boiseries sur la hauteur ce qui ne permet pas d&#8217;autres types d&#8217;habillages d\u00e9coratifs muraux aux dimensions standardis\u00e9es.<\/p>\n<h4>Nous avons deux types de fabrication \u00e0 vous proposer :<\/h4>\n<ul>\n<li>BOISERIES MURALES &amp; LAMBRIS \u00e0 peindre\n<ul>\n<li>Les panneaux d\u00e9coratifs sont fabriqu\u00e9s en \u00e9l\u00e9ments s\u00e9par\u00e9s, ainsi que les plinthes, cimaises, corniches assorties. L&#8217;ensemble est pr\u00e9vu pour \u00eatre fix\u00e9 sur les murs et cloisons correspondants, de plan\u00e9it\u00e9 correcte.<\/li>\n<li>La peinture est appliqu\u00e9e apr\u00e8s la pose. Le m\u00eame type de fabrication mais sur b\u00e2ti \u00e0 peindre ou en bois massif de diff\u00e9rentes essences.<\/li>\n<\/ul>\n<\/li>\n<\/ul>\n[\/vc_column_text][\/vc_column][\/vc_row][vc_row][vc_column][vc_separator][\/vc_column][\/vc_row][vc_row][vc_column]\t<div class=\"et-image-172 et-image aligncenter    et_image_link\">\n\t\t<div class=\"et-image-inner \">\n\t\t\t\t\t\t\t<div class=\"et-image-thumb \">\n\t\t\t\t\t<img loading=\"lazy\" decoding=\"async\" width=\"1273\" height=\"1000\" src=\"https:\/\/www.bertoli.fr\/wp-content\/uploads\/2023\/04\/Boiserie-murale-sculptee-noire-smocking-ATELIER-BERTOLI.jpg\" class=\"attachment-full\" alt=\"boiserie atelier bertoli\" title=\"salon\" srcset=\"https:\/\/www.bertoli.fr\/wp-content\/uploads\/2023\/04\/Boiserie-murale-sculptee-noire-smocking-ATELIER-BERTOLI.jpg 1273w, https:\/\/www.bertoli.fr\/wp-content\/uploads\/2023\/04\/Boiserie-murale-sculptee-noire-smocking-ATELIER-BERTOLI-300x236.jpg 300w, https:\/\/www.bertoli.fr\/wp-content\/uploads\/2023\/04\/Boiserie-murale-sculptee-noire-smocking-ATELIER-BERTOLI-1024x804.jpg 1024w, https:\/\/www.bertoli.fr\/wp-content\/uploads\/2023\/04\/Boiserie-murale-sculptee-noire-smocking-ATELIER-BERTOLI-768x603.jpg 768w, https:\/\/www.bertoli.fr\/wp-content\/uploads\/2023\/04\/Boiserie-murale-sculptee-noire-smocking-ATELIER-BERTOLI-150x118.jpg 150w, https:\/\/www.bertoli.fr\/wp-content\/uploads\/2023\/04\/Boiserie-murale-sculptee-noire-smocking-ATELIER-BERTOLI-1000x786.jpg 1000w\" sizes=\"auto, (max-width: 1273px) 100vw, 1273px\" \/>\t\t\t\t<\/div>\n\t\t\t\t\t\t\t\t\t\t\t<\/div>\n\t<\/div>\n  [\/vc_column][\/vc_row][vc_row][vc_column][vc_separator][\/vc_column][\/vc_row]\n","protected":false},"excerpt":{"rendered":"<p>Boiserie int\u00e9rieure Murale sculpt\u00e9e toute hauteur<br \/>\navec corniche, cymaises et plinthes<br \/>\nFinition laqu\u00e9e noire SMOCKING, autre sur demande<\/p>\n<p><em>Fabrication sur-mesure toutes dimensions<\/em><\/p>\n<h5 class=\"fancy-title accent-color postline-large\">Mod\u00e8le visible dans notre show-room<\/h5>\n<p>&nbsp;<\/p>\n","protected":false},"featured_media":21812,"template":"","meta":[],"product_brand":[],"product_cat":[179,217],"product_tag":[],"class_list":{"0":"post-21807","1":"product","2":"type-product","3":"status-publish","4":"has-post-thumbnail","6":"product_cat-boiseries-et-lambris","7":"product_cat-boiseries-de-style","9":"first","10":"instock","11":"shipping-taxable","12":"purchasable","13":"product-type-variable"},"_links":{"self":[{"href":"https:\/\/www.bertoli.fr\/en\/wp-json\/wp\/v2\/product\/21807","targetHints":{"allow":["GET"]}}],"collection":[{"href":"https:\/\/www.bertoli.fr\/en\/wp-json\/wp\/v2\/product"}],"about":[{"href":"https:\/\/www.bertoli.fr\/en\/wp-json\/wp\/v2\/types\/product"}],"wp:featuredmedia":[{"embeddable":true,"href":"https:\/\/www.bertoli.fr\/en\/wp-json\/wp\/v2\/media\/21812"}],"wp:attachment":[{"href":"https:\/\/www.bertoli.fr\/en\/wp-json\/wp\/v2\/media?parent=21807"}],"wp:term":[{"taxonomy":"product_brand","embeddable":true,"href":"https:\/\/www.bertoli.fr\/en\/wp-json\/wp\/v2\/product_brand?post=21807"},{"taxonomy":"product_cat","embeddable":true,"href":"https:\/\/www.bertoli.fr\/en\/wp-json\/wp\/v2\/product_cat?post=21807"},{"taxonomy":"product_tag","embeddable":true,"href":"https:\/\/www.bertoli.fr\/en\/wp-json\/wp\/v2\/product_tag?post=21807"}],"curies":[{"name":"wp","href":"https:\/\/api.w.org\/{rel}","templated":true}]}}