{"id":23857,"date":"2024-08-07T16:21:27","date_gmt":"2024-08-07T14:21:27","guid":{"rendered":"https:\/\/www.bertoli.fr\/?post_type=product&#038;p=23857"},"modified":"2026-04-13T11:58:24","modified_gmt":"2026-04-13T09:58:24","slug":"sash","status":"publish","type":"product","link":"https:\/\/www.bertoli.fr\/en\/portes\/sash\/","title":{"rendered":"SASH"},"content":{"rendered":"[vc_row et_column_align=&#8221;align-center&#8221; css=&#8221;.vc_custom_1579132110345{padding-top: 30px !important;padding-bottom: 60px !important;}&#8221;][vc_column][vc_row_inner et_column_align=&#8221;align-center&#8221; content_placement=&#8221;middle&#8221;][vc_column_inner offset=&#8221;vc_col-lg-4&#8243;][vc_column_text]\n<p class=\"fancy-title accent-color postline-large\">SASH BCF design<br \/>\nNouvelle collection MINIMA<\/p>\n[\/vc_column_text][vc_btn title=&#8221;Catalogue Collection MINIMA&#8221; shape=&#8221;square&#8221; color=&#8221;black&#8221; css_animation=&#8221;fadeInRight&#8221; link=&#8221;url:https%3A%2F%2Fwww.bertoli.fr%2Fwp-content%2Fuploads%2F2025%2F10%2FFRASCIO-MINIMA-Collection-BERTOLI.pdf&#8221;][\/vc_column_inner][vc_column_inner offset=&#8221;vc_col-lg-offset-1 vc_col-lg-7&#8243;][vc_column_text]\n<p data-start=\"178\" data-end=\"220\"><strong data-start=\"178\" data-end=\"218\">MINIMA \u2013 POIGN\u00c9ES DESIGN ET DURABLES<\/strong><\/p>\n<p data-start=\"222\" data-end=\"603\">D\u00e9couvrez <em data-start=\"232\" data-end=\"240\">Minima<\/em>, la collection de Frascio : cinq poign\u00e9es au design \u00e9pur\u00e9 et aux dimensions compactes, avec une rosace int\u00e9gr\u00e9e de 30\u202fmm pour un rendu harmonieux sur toutes vos portes.<\/p>\n<p data-start=\"222\" data-end=\"603\"><br data-start=\"409\" data-end=\"412\" \/>Deux mod\u00e8les carr\u00e9s, trois mod\u00e8les ronds, pour s\u2019adapter \u00e0 tous les styles d\u2019int\u00e9rieur.<br data-start=\"499\" data-end=\"502\" \/>Fabriqu\u00e9es en aluminium recyclable, elles allient l\u00e9g\u00e8ret\u00e9, \u00e9l\u00e9gance et respect de l\u2019environnement.<\/p>\n[\/vc_column_text][\/vc_column_inner][\/vc_row_inner][\/vc_column][\/vc_row][vc_row][vc_column width=&#8221;1\/2&#8243;][vc_separator]\t<div class=\"et-image-688 et-image     et_image_link\">\n\t\t<div class=\"et-image-inner \">\n\t\t\t\t\t\t\t<div class=\"et-image-thumb \">\n\t\t\t\t\t<img loading=\"lazy\" decoding=\"async\" width=\"1053\" height=\"1000\" src=\"https:\/\/www.bertoli.fr\/wp-content\/uploads\/2025\/10\/sash-bronze-trend-bertoli.jpg\" class=\"attachment-full\" alt=\"\" title=\"sash bronze trend bertoli\" srcset=\"https:\/\/www.bertoli.fr\/wp-content\/uploads\/2025\/10\/sash-bronze-trend-bertoli.jpg 1053w, https:\/\/www.bertoli.fr\/wp-content\/uploads\/2025\/10\/sash-bronze-trend-bertoli-300x285.jpg 300w, https:\/\/www.bertoli.fr\/wp-content\/uploads\/2025\/10\/sash-bronze-trend-bertoli-1024x972.jpg 1024w, https:\/\/www.bertoli.fr\/wp-content\/uploads\/2025\/10\/sash-bronze-trend-bertoli-768x729.jpg 768w, https:\/\/www.bertoli.fr\/wp-content\/uploads\/2025\/10\/sash-bronze-trend-bertoli-150x142.jpg 150w, https:\/\/www.bertoli.fr\/wp-content\/uploads\/2025\/10\/sash-bronze-trend-bertoli-1000x950.jpg 1000w\" sizes=\"auto, (max-width: 1053px) 100vw, 1053px\" \/>\t\t\t\t<\/div>\n\t\t\t\t\t\t\t\t\t\t\t<\/div>\n\t<\/div>\n  [\/vc_column][vc_column width=&#8221;1\/2&#8243;][vc_separator]\t<div class=\"et-image-22 et-image alignright    et_image_link\">\n\t\t<div class=\"et-image-inner \">\n\t\t\t\t\t\t\t<div class=\"et-image-thumb \">\n\t\t\t\t\t<img loading=\"lazy\" decoding=\"async\" width=\"1610\" height=\"800\" src=\"https:\/\/www.bertoli.fr\/wp-content\/uploads\/2024\/08\/sash-dimensions-bertoli.png\" class=\"attachment-full\" alt=\"\" title=\"sash dimensions bertoli\" srcset=\"https:\/\/www.bertoli.fr\/wp-content\/uploads\/2024\/08\/sash-dimensions-bertoli.png 1610w, https:\/\/www.bertoli.fr\/wp-content\/uploads\/2024\/08\/sash-dimensions-bertoli-300x149.png 300w, https:\/\/www.bertoli.fr\/wp-content\/uploads\/2024\/08\/sash-dimensions-bertoli-1024x509.png 1024w, https:\/\/www.bertoli.fr\/wp-content\/uploads\/2024\/08\/sash-dimensions-bertoli-768x382.png 768w, https:\/\/www.bertoli.fr\/wp-content\/uploads\/2024\/08\/sash-dimensions-bertoli-1536x763.png 1536w, https:\/\/www.bertoli.fr\/wp-content\/uploads\/2024\/08\/sash-dimensions-bertoli-150x75.png 150w, https:\/\/www.bertoli.fr\/wp-content\/uploads\/2024\/08\/sash-dimensions-bertoli-1000x497.png 1000w\" sizes=\"auto, (max-width: 1610px) 100vw, 1610px\" \/>\t\t\t\t<\/div>\n\t\t\t\t\t\t\t\t\t\t\t<\/div>\n\t<\/div>\n  [\/vc_column][\/vc_row][vc_row][vc_column][vc_empty_space]\t<div class=\"et-image-101 et-image alignright    et_image_link\">\n\t\t<div class=\"et-image-inner \">\n\t\t\t\t\t\t\t<div class=\"et-image-thumb \">\n\t\t\t\t\t<img loading=\"lazy\" decoding=\"async\" width=\"1443\" height=\"1000\" src=\"https:\/\/www.bertoli.fr\/wp-content\/uploads\/2024\/08\/sash-chrome-satine-bertoli.jpg\" class=\"attachment-full\" alt=\"\" title=\"sash chrom\u00e9 satin\u00e9 bertoli\" srcset=\"https:\/\/www.bertoli.fr\/wp-content\/uploads\/2024\/08\/sash-chrome-satine-bertoli.jpg 1443w, https:\/\/www.bertoli.fr\/wp-content\/uploads\/2024\/08\/sash-chrome-satine-bertoli-300x208.jpg 300w, https:\/\/www.bertoli.fr\/wp-content\/uploads\/2024\/08\/sash-chrome-satine-bertoli-1024x710.jpg 1024w, https:\/\/www.bertoli.fr\/wp-content\/uploads\/2024\/08\/sash-chrome-satine-bertoli-768x532.jpg 768w, https:\/\/www.bertoli.fr\/wp-content\/uploads\/2024\/08\/sash-chrome-satine-bertoli-150x104.jpg 150w, https:\/\/www.bertoli.fr\/wp-content\/uploads\/2024\/08\/sash-chrome-satine-bertoli-1000x693.jpg 1000w\" sizes=\"auto, (max-width: 1443px) 100vw, 1443px\" \/>\t\t\t\t<\/div>\n\t\t\t\t\t\t\t\t\t\t\t<\/div>\n\t<\/div>\n  [vc_separator][\/vc_column][\/vc_row]\n","protected":false},"excerpt":{"rendered":"<p>4 Finitions au choix<\/p>\n<p>&nbsp;<\/p>\n","protected":false},"featured_media":24697,"template":"","meta":[],"product_brand":[],"product_cat":[178,154],"product_tag":[],"class_list":{"0":"post-23857","1":"product","2":"type-product","3":"status-publish","4":"has-post-thumbnail","6":"product_cat-accessoires","7":"product_cat-accessoires-design","9":"first","10":"instock","11":"shipping-taxable","12":"purchasable","13":"product-type-variable"},"_links":{"self":[{"href":"https:\/\/www.bertoli.fr\/en\/wp-json\/wp\/v2\/product\/23857","targetHints":{"allow":["GET"]}}],"collection":[{"href":"https:\/\/www.bertoli.fr\/en\/wp-json\/wp\/v2\/product"}],"about":[{"href":"https:\/\/www.bertoli.fr\/en\/wp-json\/wp\/v2\/types\/product"}],"wp:featuredmedia":[{"embeddable":true,"href":"https:\/\/www.bertoli.fr\/en\/wp-json\/wp\/v2\/media\/24697"}],"wp:attachment":[{"href":"https:\/\/www.bertoli.fr\/en\/wp-json\/wp\/v2\/media?parent=23857"}],"wp:term":[{"taxonomy":"product_brand","embeddable":true,"href":"https:\/\/www.bertoli.fr\/en\/wp-json\/wp\/v2\/product_brand?post=23857"},{"taxonomy":"product_cat","embeddable":true,"href":"https:\/\/www.bertoli.fr\/en\/wp-json\/wp\/v2\/product_cat?post=23857"},{"taxonomy":"product_tag","embeddable":true,"href":"https:\/\/www.bertoli.fr\/en\/wp-json\/wp\/v2\/product_tag?post=23857"}],"curies":[{"name":"wp","href":"https:\/\/api.w.org\/{rel}","templated":true}]}}