{"id":23964,"date":"2024-10-07T18:06:17","date_gmt":"2024-10-07T16:06:17","guid":{"rendered":"https:\/\/www.bertoli.fr\/?post_type=product&#038;p=23964"},"modified":"2026-04-13T12:01:13","modified_gmt":"2026-04-13T10:01:13","slug":"minia","status":"publish","type":"product","link":"https:\/\/www.bertoli.fr\/en\/portes\/minia\/","title":{"rendered":"MINIA"},"content":{"rendered":"[vc_row][vc_column][vc_column_text]<span style=\"vertical-align: inherit;\"><span style=\"vertical-align: inherit;\">[\/vc_column_text][\/vc_column][\/vc_row][vc_row css=&#8221;.vc_custom_1659617692709{padding-top : 30px !important;padding-bottom : 60px !important;}&#8221;][vc_column][vc_row_inner content_placement=&#8221;middle&#8221;][vc_column_inner offset=&#8221;vc_col-lg-4&#8243;][vc_column_text]\u00a0<\/span><\/span><\/p>\n<h5 class=\"fancy-title accent-color postline-large\"><span style=\"vertical-align: inherit;\"><span style=\"vertical-align: inherit;\">MINIA 1VT<\/span><\/span><\/h5>\n<p>Auminium &amp; Verre<br \/>\n<strong><span style=\"vertical-align: inherit;\">Collection G-Like<\/span><\/strong><br \/>\n<span style=\"vertical-align: inherit;\">large choix de mod\u00e8les vitr\u00e9s aux lignes \u00e9pur\u00e9es<\/span>[\/vc_column_text]\t\t<div id=\"et-button-69f75d6de934b\" class=\"et_btn_align_left \">\n\t\t\t<a href=\"https:\/\/www.bertoli.fr\/wp-content\/uploads\/2024\/10\/Collection-GLIKE-BERTOLI-GIDEA.pdf\" class=\" et_btn button et_btn_md solid color-   \" target=\"_blank\" role=\"button\" title=\"\" ><span>Catalogue G-Like<\/span><\/a>\n\t\t<\/div>\n\t\t\n\t[\/vc_column_inner][vc_column_inner offset=&#8221;vc_col-lg-offset-1 vc_col-lg-7&#8243;]\t<div class=\"et-image-330 et-image     et_image_link\">\n\t\t<div class=\"et-image-inner \">\n\t\t\t\t\t\t\t<div class=\"et-image-thumb \">\n\t\t\t\t\t<img loading=\"lazy\" decoding=\"async\" width=\"650\" height=\"800\" src=\"https:\/\/www.bertoli.fr\/wp-content\/uploads\/2024\/10\/MUNIA-1VT-Porte-vitree-verre-acidato-GIDEA-BERTOLI.jpg\" class=\"attachment-full\" alt=\"\" title=\"MUNIA 1VT Porte vitr\u00e9e verre acidato GIDEA BERTOLI\" srcset=\"https:\/\/www.bertoli.fr\/wp-content\/uploads\/2024\/10\/MUNIA-1VT-Porte-vitree-verre-acidato-GIDEA-BERTOLI.jpg 650w, https:\/\/www.bertoli.fr\/wp-content\/uploads\/2024\/10\/MUNIA-1VT-Porte-vitree-verre-acidato-GIDEA-BERTOLI-244x300.jpg 244w, https:\/\/www.bertoli.fr\/wp-content\/uploads\/2024\/10\/MUNIA-1VT-Porte-vitree-verre-acidato-GIDEA-BERTOLI-122x150.jpg 122w\" sizes=\"auto, (max-width: 650px) 100vw, 650px\" \/>\t\t\t\t<\/div>\n\t\t\t\t\t\t\t\t\t\t\t<\/div>\n\t<\/div>\n  [\/vc_column_inner][\/vc_row_inner][\/vc_column][\/vc_row][vc_row][vc_column][vc_separator][\/vc_column][\/vc_row][vc_row][vc_column][vc_column_text][\/vc_column_text]\t<div class=\"et-image-12 et-image aligncenter    et_image_link\">\n\t\t<div class=\"et-image-inner \">\n\t\t\t\t\t\t\t<div class=\"et-image-thumb \">\n\t\t\t\t\t<img loading=\"lazy\" decoding=\"async\" width=\"1234\" height=\"800\" src=\"https:\/\/www.bertoli.fr\/wp-content\/uploads\/2024\/10\/Collection-GLIKE-BERTOLI-GIDEA-verre-acidato.jpg\" class=\"attachment-full\" alt=\"\" title=\"Collection GLIKE BERTOLI GIDEA verre acidato\" srcset=\"https:\/\/www.bertoli.fr\/wp-content\/uploads\/2024\/10\/Collection-GLIKE-BERTOLI-GIDEA-verre-acidato.jpg 1234w, https:\/\/www.bertoli.fr\/wp-content\/uploads\/2024\/10\/Collection-GLIKE-BERTOLI-GIDEA-verre-acidato-300x194.jpg 300w, https:\/\/www.bertoli.fr\/wp-content\/uploads\/2024\/10\/Collection-GLIKE-BERTOLI-GIDEA-verre-acidato-1024x664.jpg 1024w, https:\/\/www.bertoli.fr\/wp-content\/uploads\/2024\/10\/Collection-GLIKE-BERTOLI-GIDEA-verre-acidato-768x498.jpg 768w, https:\/\/www.bertoli.fr\/wp-content\/uploads\/2024\/10\/Collection-GLIKE-BERTOLI-GIDEA-verre-acidato-150x97.jpg 150w, https:\/\/www.bertoli.fr\/wp-content\/uploads\/2024\/10\/Collection-GLIKE-BERTOLI-GIDEA-verre-acidato-1000x648.jpg 1000w\" sizes=\"auto, (max-width: 1234px) 100vw, 1234px\" \/>\t\t\t\t<\/div>\n\t\t\t\t\t\t\t\t\t\t\t<\/div>\n\t<\/div>\n  [\/vc_column][\/vc_row]\n","protected":false},"excerpt":{"rendered":"<p>Mod\u00e8le coulissant pr\u00e9sent\u00e9 dans un\u00a0 ch\u00e2ssis \u00e0 galandage mod\u00e8le ABSOLUTE que nous commercialisons avec nos portes.<\/p>\n<ul>\n<li>Pourtour du verre en aluminium Noir MAT, autres finitions possibles\u00a0 : aluminium, inox, bronze, or, or rose, blanc, ral sur demande &#8230;<\/li>\n<li>Verre ACIDATO<\/li>\n<\/ul>\n<p>Dimensions : 2600 x 1100mm, autres dimensions sur demande<\/p>\n<h5 class=\"fancy-title accent-color postline-large\">Mod\u00e8le visible dans notre show-room<\/h5>\n","protected":false},"featured_media":23974,"template":"","meta":[],"product_brand":[],"product_cat":[149,177],"product_tag":[],"class_list":{"0":"post-23964","1":"product","2":"type-product","3":"status-publish","4":"has-post-thumbnail","6":"product_cat-garofoli","7":"product_cat-portes-dinterieur","9":"first","10":"instock","11":"shipping-taxable","12":"purchasable","13":"product-type-variable"},"_links":{"self":[{"href":"https:\/\/www.bertoli.fr\/en\/wp-json\/wp\/v2\/product\/23964","targetHints":{"allow":["GET"]}}],"collection":[{"href":"https:\/\/www.bertoli.fr\/en\/wp-json\/wp\/v2\/product"}],"about":[{"href":"https:\/\/www.bertoli.fr\/en\/wp-json\/wp\/v2\/types\/product"}],"wp:featuredmedia":[{"embeddable":true,"href":"https:\/\/www.bertoli.fr\/en\/wp-json\/wp\/v2\/media\/23974"}],"wp:attachment":[{"href":"https:\/\/www.bertoli.fr\/en\/wp-json\/wp\/v2\/media?parent=23964"}],"wp:term":[{"taxonomy":"product_brand","embeddable":true,"href":"https:\/\/www.bertoli.fr\/en\/wp-json\/wp\/v2\/product_brand?post=23964"},{"taxonomy":"product_cat","embeddable":true,"href":"https:\/\/www.bertoli.fr\/en\/wp-json\/wp\/v2\/product_cat?post=23964"},{"taxonomy":"product_tag","embeddable":true,"href":"https:\/\/www.bertoli.fr\/en\/wp-json\/wp\/v2\/product_tag?post=23964"}],"curies":[{"name":"wp","href":"https:\/\/api.w.org\/{rel}","templated":true}]}}