{"id":24146,"date":"2024-11-05T16:06:10","date_gmt":"2024-11-05T15:06:10","guid":{"rendered":"https:\/\/www.bertoli.fr\/?post_type=product&#038;p=24146"},"modified":"2026-04-13T12:00:13","modified_gmt":"2026-04-13T10:00:13","slug":"smart2lock-bertoli","status":"publish","type":"product","link":"https:\/\/www.bertoli.fr\/en\/portes\/smart2lock-bertoli\/","title":{"rendered":"Poign\u00e9e SMART2LOCK"},"content":{"rendered":"[vc_row][vc_column width=\u201d1\/3\u2033]\t<div class=\"et-image-770 et-image     et_image_link\">\n\t\t<div class=\"et-image-inner animation right-to-left-3d\">\n\t\t\t\t\t\t\t<a href=\"https:\/\/www.griffwerk.de\/fr\/\" target=\"_blank\" title=\"\" rel=\"noopener\">\n\t\t\t\t\t\t\t<div class=\"et-image-thumb \">\n\t\t\t\t\t<img loading=\"lazy\" decoding=\"async\" width=\"257\" height=\"177\" src=\"https:\/\/www.bertoli.fr\/wp-content\/uploads\/2024\/11\/GW_Logo_schwarz_90x62mm.png\" class=\"attachment-medium\" alt=\"\" title=\"GW_Logo_schwarz_90x62mm\" srcset=\"https:\/\/www.bertoli.fr\/wp-content\/uploads\/2024\/11\/GW_Logo_schwarz_90x62mm.png 257w, https:\/\/www.bertoli.fr\/wp-content\/uploads\/2024\/11\/GW_Logo_schwarz_90x62mm-150x103.png 150w\" sizes=\"auto, (max-width: 257px) 100vw, 257px\" \/>\t\t\t\t<\/div>\n\t\t\t\t\t\t\t<\/a>\n\t\t\t\t\t\t\t\t\t\t\t<\/div>\n\t<\/div>\n  [\/vc_column][vc_column width=\u201d1\/3\u2033][vc_column_text]\n<h3>Une technique de fermeture unique<\/h3>\n[\/vc_column_text]\t<div class=\"et-image-361 et-image     et_image_link\">\n\t\t<div class=\"et-image-inner \">\n\t\t\t\t\t\t\t<div class=\"et-image-thumb \">\n\t\t\t\t\t<img loading=\"lazy\" decoding=\"async\" width=\"1092\" height=\"428\" src=\"https:\/\/www.bertoli.fr\/wp-content\/uploads\/2024\/11\/Griffwerk-Preisliste-14.jpg\" class=\"attachment-full\" alt=\"\" title=\"Griffwerk-Preisliste-14\" srcset=\"https:\/\/www.bertoli.fr\/wp-content\/uploads\/2024\/11\/Griffwerk-Preisliste-14.jpg 1092w, https:\/\/www.bertoli.fr\/wp-content\/uploads\/2024\/11\/Griffwerk-Preisliste-14-300x118.jpg 300w, https:\/\/www.bertoli.fr\/wp-content\/uploads\/2024\/11\/Griffwerk-Preisliste-14-1024x401.jpg 1024w, https:\/\/www.bertoli.fr\/wp-content\/uploads\/2024\/11\/Griffwerk-Preisliste-14-768x301.jpg 768w, https:\/\/www.bertoli.fr\/wp-content\/uploads\/2024\/11\/Griffwerk-Preisliste-14-150x59.jpg 150w, https:\/\/www.bertoli.fr\/wp-content\/uploads\/2024\/11\/Griffwerk-Preisliste-14-1000x392.jpg 1000w\" sizes=\"auto, (max-width: 1092px) 100vw, 1092px\" \/>\t\t\t\t<\/div>\n\t\t\t\t\t\t\t\t\t\t\t<\/div>\n\t<\/div>\n  [\/vc_column][vc_column width=\u201d1\/3\u2033][vc_column_text]\n<h3>Design & S\u00e9curit\u00e9<\/h3>\n<div class=\"ce-textpic ce-center ce-above\">\n<div class=\"ce-bodytext \">\n<p><span style=\"font-size: 16px;\">La condamnation smart2lock peut \u00eatre d\u00e9verrouill\u00e9e d\u2019urgence tr\u00e8s facilement \u00e0 l\u2019aide d\u2019un objet pointu.<\/span><\/p>\n<\/div>\n<\/div>\n[\/vc_column_text]\t<div class=\"et-image-892 et-image     et_image_link\">\n\t\t<div class=\"et-image-inner \">\n\t\t\t\t\t\t\t<div class=\"et-image-thumb \">\n\t\t\t\t\t<img loading=\"lazy\" decoding=\"async\" width=\"263\" height=\"263\" src=\"https:\/\/www.bertoli.fr\/wp-content\/uploads\/2024\/11\/csm_me-time-smart2lock-closeup-outside-graphite-black_c0af433086.jpg\" class=\"attachment-full\" alt=\"\" title=\"csm_me-time-smart2lock-closeup-outside-graphite-black_c0af433086\" srcset=\"https:\/\/www.bertoli.fr\/wp-content\/uploads\/2024\/11\/csm_me-time-smart2lock-closeup-outside-graphite-black_c0af433086.jpg 263w, https:\/\/www.bertoli.fr\/wp-content\/uploads\/2024\/11\/csm_me-time-smart2lock-closeup-outside-graphite-black_c0af433086-150x150.jpg 150w, https:\/\/www.bertoli.fr\/wp-content\/uploads\/2024\/11\/csm_me-time-smart2lock-closeup-outside-graphite-black_c0af433086-100x100.jpg 100w, https:\/\/www.bertoli.fr\/wp-content\/uploads\/2024\/11\/csm_me-time-smart2lock-closeup-outside-graphite-black_c0af433086-50x50.jpg 50w\" sizes=\"auto, (max-width: 263px) 100vw, 263px\" \/>\t\t\t\t<\/div>\n\t\t\t\t\t\t\t\t\t\t\t<\/div>\n\t<\/div>\n  [\/vc_column][\/vc_row][vc_row][vc_column][vc_btn title=\u201dPr\u00e9sentation vid\u00e9o\u201d color=\u201dblack\u201d css_animation=\u201dfadeInDown\u201d link=\u201durl:https%3A%2F%2Fwww.bertoli.fr%2Fwp-content%2Fuploads%2F2024%2F11%2Fgriffwerk-door-handle-smart2lock-me-time-video.mp4|target:_blank\u201d][vc_btn title=\u201d Vid\u00e9o dans notre show-room\u201d color=\u201dblack\u201d css_animation=\u201dfadeInDown\u201d link=\u201durl:https%3A%2F%2Fwww.bertoli.fr%2Fwp-content%2Fuploads%2F2025%2F10%2Fgriffwerk-smart2lock-BERTOLI-1.mp4|target:_blank\u201d][\/vc_column][\/vc_row][vc_row][vc_column][vc_btn title=\u201dCollection poign\u00e9es SMART2LOCK\u201d color=\u201dpeacoc\u201d link=\u201durl:https%3A%2F%2Fwww.bertoli.fr%2Fwp-content%2Fuploads%2F2024%2F11%2Fgriffwerk-magazine-smart2lock-790600107-fr.pdf|target:_blank\u201d css=\u201d.vc_custom_1732027289001{background-color: #264b6c !important;}\u201d][\/vc_column][\/vc_row]\n","protected":false},"excerpt":{"rendered":"<p>SMART2LOCK un m\u00e9canisme de fermeture int\u00e9gr\u00e9 dans la poign\u00e9e assure une facilit\u00e9 d&#8217;utilisation et un design \u00e9pur\u00e9.<br \/>\nFini les portes avec des syst\u00e8mes de fermeture vari\u00e9s, avec ce syst\u00e8me toutes les portes se ressemblent !<\/p>\n<p>C\u00f4t\u00e9 ext\u00e9rieur, un discret indicateur rouge signale &#8220;ne pas d\u00e9ranger&#8221;.<\/p>\n","protected":false},"featured_media":24769,"template":"","meta":[],"product_brand":[],"product_cat":[154,233],"product_tag":[],"class_list":{"0":"post-24146","1":"product","2":"type-product","3":"status-publish","4":"has-post-thumbnail","6":"product_cat-accessoires-design","7":"product_cat-nouveautes","9":"first","10":"instock","11":"shipping-taxable","12":"product-type-simple"},"_links":{"self":[{"href":"https:\/\/www.bertoli.fr\/en\/wp-json\/wp\/v2\/product\/24146","targetHints":{"allow":["GET"]}}],"collection":[{"href":"https:\/\/www.bertoli.fr\/en\/wp-json\/wp\/v2\/product"}],"about":[{"href":"https:\/\/www.bertoli.fr\/en\/wp-json\/wp\/v2\/types\/product"}],"wp:featuredmedia":[{"embeddable":true,"href":"https:\/\/www.bertoli.fr\/en\/wp-json\/wp\/v2\/media\/24769"}],"wp:attachment":[{"href":"https:\/\/www.bertoli.fr\/en\/wp-json\/wp\/v2\/media?parent=24146"}],"wp:term":[{"taxonomy":"product_brand","embeddable":true,"href":"https:\/\/www.bertoli.fr\/en\/wp-json\/wp\/v2\/product_brand?post=24146"},{"taxonomy":"product_cat","embeddable":true,"href":"https:\/\/www.bertoli.fr\/en\/wp-json\/wp\/v2\/product_cat?post=24146"},{"taxonomy":"product_tag","embeddable":true,"href":"https:\/\/www.bertoli.fr\/en\/wp-json\/wp\/v2\/product_tag?post=24146"}],"curies":[{"name":"wp","href":"https:\/\/api.w.org\/{rel}","templated":true}]}}