{"id":24290,"date":"2024-11-29T12:27:26","date_gmt":"2024-11-29T11:27:26","guid":{"rendered":"https:\/\/www.bertoli.fr\/?post_type=product&#038;p=24290"},"modified":"2026-04-13T12:00:44","modified_gmt":"2026-04-13T10:00:44","slug":"vagualame-portepivotante","status":"publish","type":"product","link":"https:\/\/www.bertoli.fr\/en\/portes\/vagualame-portepivotante\/","title":{"rendered":"VAGUALAME"},"content":{"rendered":"[vc_row et_column_align=&#8221;align-center&#8221; css=&#8221;.vc_custom_1579132110345{padding-top: 30px !important;padding-bottom: 60px !important;}&#8221;][vc_column][\/vc_column][\/vc_row][vc_row et_column_align=&#8221;align-center&#8221; css=&#8221;.vc_custom_1579132110345{padding-top: 30px !important;padding-bottom: 60px !important;}&#8221;][vc_column width=&#8221;1\/3&#8243;][vc_column_text]\n<h5 class=\"fancy-title accent-color postline-large\">BELLE DEMEURE POUR BELLE PORTE<\/h5>\n<p>Comme un \u00e9crin pour son joyau. L\u2019entr\u00e9e est la promesse du lieu, le premier regard pos\u00e9 sur une \u00e2me fa\u00e7onn\u00e9e par le temps et le go\u00fbt. La porte raconte l\u2019histoire de ceux qui l\u2019ont choisie&#8230; elle invite, elle prot\u00e8ge, elle \u00e9merveille. Car une demeure d\u2019exception m\u00e9rite un seuil \u00e0 sa mesure[\/vc_column_text][\/vc_column][vc_column width=&#8221;1\/3&#8243;]\t<div class=\"et-image-26 et-image     et_image_link\">\n\t\t<div class=\"et-image-inner \">\n\t\t\t\t\t\t\t<div class=\"et-image-thumb \">\n\t\t\t\t\t<img loading=\"lazy\" decoding=\"async\" width=\"1280\" height=\"800\" src=\"https:\/\/www.bertoli.fr\/wp-content\/uploads\/2024\/11\/PORTE-VAGUALAME-BERTOLI-MACO-EKEY.jpg\" class=\"attachment-full\" alt=\"\" title=\"PORTE VAGUALAME BERTOLI MACO EKEY\" srcset=\"https:\/\/www.bertoli.fr\/wp-content\/uploads\/2024\/11\/PORTE-VAGUALAME-BERTOLI-MACO-EKEY.jpg 1280w, https:\/\/www.bertoli.fr\/wp-content\/uploads\/2024\/11\/PORTE-VAGUALAME-BERTOLI-MACO-EKEY-300x188.jpg 300w, https:\/\/www.bertoli.fr\/wp-content\/uploads\/2024\/11\/PORTE-VAGUALAME-BERTOLI-MACO-EKEY-1024x640.jpg 1024w, https:\/\/www.bertoli.fr\/wp-content\/uploads\/2024\/11\/PORTE-VAGUALAME-BERTOLI-MACO-EKEY-768x480.jpg 768w, https:\/\/www.bertoli.fr\/wp-content\/uploads\/2024\/11\/PORTE-VAGUALAME-BERTOLI-MACO-EKEY-150x94.jpg 150w, https:\/\/www.bertoli.fr\/wp-content\/uploads\/2024\/11\/PORTE-VAGUALAME-BERTOLI-MACO-EKEY-1000x625.jpg 1000w\" sizes=\"auto, (max-width: 1280px) 100vw, 1280px\" \/>\t\t\t\t<\/div>\n\t\t\t\t\t\t\t\t\t\t\t<\/div>\n\t<\/div>\n  [\/vc_column][vc_column width=&#8221;1\/3&#8243;]\t<div class=\"et-image-44 et-image     et_image_link\">\n\t\t<div class=\"et-image-inner \">\n\t\t\t\t\t\t\t<div class=\"et-image-thumb \">\n\t\t\t\t\t<img loading=\"lazy\" decoding=\"async\" width=\"633\" height=\"800\" src=\"https:\/\/www.bertoli.fr\/wp-content\/uploads\/2024\/11\/Porte-VAGUALAME-pivotante-BERTOLI.jpg\" class=\"attachment-full\" alt=\"\" title=\"Porte VAGUALAME pivotante BERTOLI\" srcset=\"https:\/\/www.bertoli.fr\/wp-content\/uploads\/2024\/11\/Porte-VAGUALAME-pivotante-BERTOLI.jpg 633w, https:\/\/www.bertoli.fr\/wp-content\/uploads\/2024\/11\/Porte-VAGUALAME-pivotante-BERTOLI-237x300.jpg 237w, https:\/\/www.bertoli.fr\/wp-content\/uploads\/2024\/11\/Porte-VAGUALAME-pivotante-BERTOLI-119x150.jpg 119w\" sizes=\"auto, (max-width: 633px) 100vw, 633px\" \/>\t\t\t\t<\/div>\n\t\t\t\t\t\t\t\t\t\t\t<\/div>\n\t<\/div>\n  [\/vc_column][\/vc_row][vc_row et_column_align=&#8221;align-center&#8221; css=&#8221;.vc_custom_1579132110345{padding-top: 30px !important;padding-bottom: 60px !important;}&#8221;][vc_column][\/vc_column][\/vc_row][vc_row equal_height=&#8221;yes&#8221; css=&#8221;.vc_custom_1659104334828{padding-top: 60px !important;padding-bottom: 60px !important;}&#8221;][vc_column el_class=&#8221;imagesdetails&#8221;][vc_row_inner et_column_align=&#8221;align-center&#8221; equal_height=&#8221;yes&#8221;][vc_column_inner width=&#8221;1\/3&#8243; offset=&#8221;vc_col-lg-4&#8243;][vc_column_text]\n<h5 class=\"fancy-title accent-color postline-large\">Technique<\/h5>\n<h3>Fabrication sur-mesure<br \/>\nBois sec s\u00e9choir<\/h3>\n<ul>\n<li>\u00c9paisseur PORTE 85mm<\/li>\n<\/ul>\n<p>\ud83c\udf21\u00a0 Coefficient thermique Ud = 1.1 W\/(m2.K)<br \/>\n\ud83c\udf00\u00a0 Classement AIR A2 *<br \/>\n\ud83d\udca8\u00a0 Classement VENT VC3 *<br \/>\n<em>*essais r\u00e9alis\u00e9s sur porte pivotante<\/em>[\/vc_column_text][\/vc_column_inner][vc_column_inner width=&#8221;1\/3&#8243;][vc_column_text]\n<h5 class=\"fancy-title accent-color postline-large\">Descriptif<\/h5>\n<ul>\n<li><strong>B\u00e2ti central assembl\u00e9 \u00e0 tenons et mortaises<\/strong><\/li>\n<li>Face int\u00e9rieure \u00e0 lames verticales bouvet\u00e9es<\/li>\n<li>Cadre avec oreilles de finition, assembl\u00e9 \u00e0 enfourchement<\/li>\n<li style=\"text-align: left;\">Largeur du cadre suivant l\u2019\u00e9paisseur de vos cloisons et isolants<\/li>\n<li>Joint d&#8217;\u00e9tanch\u00e9it\u00e9 sur les 4 c\u00f4t\u00e9s<\/li>\n<li>Avec ou sans seuil plat en inox, sur la largeur de la porte<\/li>\n<li>Pivot haut et bas marque DORMA<br \/>\n(pivot hydraulique sur demande)<\/li>\n<li>Serrure 3 points mortais\u00e9e et cylindre A2P* marque VACHETTE<\/li>\n<li>G\u00e2che longue en inox retardateur d&#8217;effraction<\/li>\n<\/ul>\n[\/vc_column_text][\/vc_column_inner][vc_column_inner width=&#8221;1\/3&#8243;][vc_column_text]\n<h5 class=\"fancy-title accent-color postline-large\">Finition<\/h5>\n<ul>\n<li>Teinte au choix<\/li>\n<li>Lasure 3 couches\n<ul>\n<li>extra-mat, mat ou satin\u00e9e<\/li>\n<\/ul>\n<\/li>\n<\/ul>\n<h5 class=\"fancy-title accent-color postline-large\">Serrurerie d\u00e9corative<\/h5>\n<ul>\n<li>Sur la face ext\u00e9rieure :\n<ul>\n<li>Poign\u00e9e forg\u00e9e main sur demande<\/li>\n<li>Entr\u00e9e inox entaill\u00e9e \u00e0 fleur<\/li>\n<\/ul>\n<\/li>\n<li>Sur la face int\u00e9rieure :\n<ul>\n<li>Poign\u00e9e en inox, sur rosace carr\u00e9e<br \/>\n<em>Large choix de mod\u00e8les \u00e0 d\u00e9couvrir &#8230;<\/em><\/li>\n<\/ul>\n<\/li>\n<\/ul>\n[\/vc_column_text][\/vc_column_inner][\/vc_row_inner][\/vc_column][\/vc_row][vc_row][vc_column][vc_separator][\/vc_column][\/vc_row][vc_row et_column_align=&#8221;align-center&#8221; css=&#8221;.vc_custom_1579132139891{padding-bottom: 60px !important;}&#8221;][vc_column el_class=&#8221;imagesdetails&#8221;][vc_row_inner equal_height=&#8221;yes&#8221; content_placement=&#8221;middle&#8221;][vc_column_inner width=&#8221;1\/4&#8243;]\t<div class=\"et-image-148 et-image     et_image_link\">\n\t\t<div class=\"et-image-inner \">\n\t\t\t\t\t\t\t<div class=\"et-image-thumb \">\n\t\t\t\t\t<img loading=\"lazy\" decoding=\"async\" width=\"333\" height=\"500\" src=\"https:\/\/www.bertoli.fr\/wp-content\/uploads\/2021\/07\/seuilinox.jpg\" class=\"attachment-full\" alt=\"seuil inox\" title=\"seuilinox\" srcset=\"https:\/\/www.bertoli.fr\/wp-content\/uploads\/2021\/07\/seuilinox.jpg 333w, https:\/\/www.bertoli.fr\/wp-content\/uploads\/2021\/07\/seuilinox-200x300.jpg 200w, https:\/\/www.bertoli.fr\/wp-content\/uploads\/2021\/07\/seuilinox-100x150.jpg 100w\" sizes=\"auto, (max-width: 333px) 100vw, 333px\" \/>\t\t\t\t<\/div>\n\t\t\t\t\t\t\t\t\t\t\t\t\t<div class=\"et-image-content\">\n\t\t\t\t\t<p style=\"text-align: center;\"><strong>Seuil plat en INOX<\/strong><\/p>\n\t\t\t\t<\/div>\n\t\t\t\t\t<\/div>\n\t<\/div>\n  [\/vc_column_inner][vc_column_inner width=&#8221;1\/4&#8243;]\t<div class=\"et-image-810 et-image     et_image_link\">\n\t\t<div class=\"et-image-inner \">\n\t\t\t\t\t\t\t<div class=\"et-image-thumb \">\n\t\t\t\t\t<img loading=\"lazy\" decoding=\"async\" width=\"333\" height=\"500\" src=\"https:\/\/www.bertoli.fr\/wp-content\/uploads\/2021\/07\/gacheuniquerenforceeatelierbertoli-1.jpg\" class=\"attachment-full\" alt=\"gache unique renforcee atelier bertoli\" title=\"gacheuniquerenforceeatelierbertoli\" srcset=\"https:\/\/www.bertoli.fr\/wp-content\/uploads\/2021\/07\/gacheuniquerenforceeatelierbertoli-1.jpg 333w, https:\/\/www.bertoli.fr\/wp-content\/uploads\/2021\/07\/gacheuniquerenforceeatelierbertoli-1-200x300.jpg 200w, https:\/\/www.bertoli.fr\/wp-content\/uploads\/2021\/07\/gacheuniquerenforceeatelierbertoli-1-100x150.jpg 100w\" sizes=\"auto, (max-width: 333px) 100vw, 333px\" \/>\t\t\t\t<\/div>\n\t\t\t\t\t\t\t\t\t\t\t\t\t<div class=\"et-image-content\">\n\t\t\t\t\t<p style=\"text-align: center;\"><strong>G\u00e2che longue en inox retardateur d&#8217;effraction<br \/>\nCadre assembl\u00e9 \u00e0 enfourchement<br \/>\n<\/strong><\/p>\n\t\t\t\t<\/div>\n\t\t\t\t\t<\/div>\n\t<\/div>\n  [\/vc_column_inner][vc_column_inner width=&#8221;1\/4&#8243;]\t<div class=\"et-image-293 et-image     et_image_link\">\n\t\t<div class=\"et-image-inner \">\n\t\t\t\t\t\t\t<div class=\"et-image-thumb \">\n\t\t\t\t\t<img loading=\"lazy\" decoding=\"async\" width=\"333\" height=\"500\" src=\"https:\/\/www.bertoli.fr\/wp-content\/uploads\/2022\/08\/poigneemomentobertoli.png\" class=\"attachment-full\" alt=\"poignee momento bertoli\" title=\"poigneemomentobertoli\" srcset=\"https:\/\/www.bertoli.fr\/wp-content\/uploads\/2022\/08\/poigneemomentobertoli.png 333w, https:\/\/www.bertoli.fr\/wp-content\/uploads\/2022\/08\/poigneemomentobertoli-200x300.png 200w, https:\/\/www.bertoli.fr\/wp-content\/uploads\/2022\/08\/poigneemomentobertoli-100x150.png 100w\" sizes=\"auto, (max-width: 333px) 100vw, 333px\" \/>\t\t\t\t<\/div>\n\t\t\t\t\t\t\t\t\t\t\t\t\t<div class=\"et-image-content\">\n\t\t\t\t\t<p style=\"text-align: center;\"><strong><span style=\"color: #333333;\">Poign\u00e9e PARCHEMIN\u00a0<\/span><br \/>\nFer forg\u00e9 main<\/strong><\/p>\n\t\t\t\t<\/div>\n\t\t\t\t\t<\/div>\n\t<\/div>\n  [\/vc_column_inner][vc_column_inner width=&#8221;1\/4&#8243;]\t<div class=\"et-image-647 et-image     et_image_link\">\n\t\t<div class=\"et-image-inner \">\n\t\t\t\t\t\t\t<div class=\"et-image-thumb \">\n\t\t\t\t\t<img loading=\"lazy\" decoding=\"async\" width=\"333\" height=\"500\" src=\"https:\/\/www.bertoli.fr\/wp-content\/uploads\/2024\/11\/instinct-by-maco-et-lecteur-ekey-BERTOLI.png\" class=\"attachment-full\" alt=\"\" title=\"instinct by maco et lecteur ekey BERTOLI\" srcset=\"https:\/\/www.bertoli.fr\/wp-content\/uploads\/2024\/11\/instinct-by-maco-et-lecteur-ekey-BERTOLI.png 333w, https:\/\/www.bertoli.fr\/wp-content\/uploads\/2024\/11\/instinct-by-maco-et-lecteur-ekey-BERTOLI-200x300.png 200w, https:\/\/www.bertoli.fr\/wp-content\/uploads\/2024\/11\/instinct-by-maco-et-lecteur-ekey-BERTOLI-100x150.png 100w\" sizes=\"auto, (max-width: 333px) 100vw, 333px\" \/>\t\t\t\t<\/div>\n\t\t\t\t\t\t\t\t\t\t\t\t\t<div class=\"et-image-content\">\n\t\t\t\t\t<p style=\"text-align: center;\"><b>Instinct by MACO &amp; lecteur xLine EKEY<br \/>\n<\/b>Syst\u00e8me d&#8217;ouverture intelligent\u00a0 <strong>(option propos\u00e9e sur tous nos mod\u00e8les)<\/strong><\/p>\n\t\t\t\t<\/div>\n\t\t\t\t\t<\/div>\n\t<\/div>\n  [\/vc_column_inner][\/vc_row_inner][\/vc_column][\/vc_row][vc_row][vc_column][vc_separator][\/vc_column][\/vc_row][vc_row][vc_column][vc_separator][\/vc_column][\/vc_row][vc_row et_column_align=&#8221;align-center&#8221; css=&#8221;.vc_custom_1579132110345{padding-top: 30px !important;padding-bottom: 60px !important;}&#8221;][vc_column][vc_row_inner content_placement=&#8221;middle&#8221;][vc_column_inner offset=&#8221;vc_col-lg-4&#8243;][vc_column_text]\n<h5 class=\"fancy-title accent-color postline-large\">Poign\u00e9e<\/h5>\n<p>Mod\u00e8le unique forg\u00e9e \u00e0 la main<\/p>\n<h4><\/h4>\n[\/vc_column_text][\/vc_column_inner][vc_column_inner offset=&#8221;vc_col-lg-offset-1 vc_col-lg-7&#8243;]\t<div class=\"et-image-74 et-image     et_image_link\">\n\t\t<div class=\"et-image-inner \">\n\t\t\t\t\t\t\t<div class=\"et-image-thumb \">\n\t\t\t\t\t<img loading=\"lazy\" decoding=\"async\" width=\"600\" height=\"800\" src=\"https:\/\/www.bertoli.fr\/wp-content\/uploads\/2024\/11\/poignee-parchemin-BERTOLI.jpg\" class=\"attachment-full\" alt=\"\" title=\"poignee parchemin BERTOLI\" srcset=\"https:\/\/www.bertoli.fr\/wp-content\/uploads\/2024\/11\/poignee-parchemin-BERTOLI.jpg 600w, https:\/\/www.bertoli.fr\/wp-content\/uploads\/2024\/11\/poignee-parchemin-BERTOLI-225x300.jpg 225w, https:\/\/www.bertoli.fr\/wp-content\/uploads\/2024\/11\/poignee-parchemin-BERTOLI-113x150.jpg 113w\" sizes=\"auto, (max-width: 600px) 100vw, 600px\" \/>\t\t\t\t<\/div>\n\t\t\t\t\t\t\t\t\t\t\t<\/div>\n\t<\/div>\n  [\/vc_column_inner][\/vc_row_inner][\/vc_column][\/vc_row][vc_row][vc_column][vc_separator][\/vc_column][\/vc_row]\n","protected":false},"excerpt":{"rendered":"<p>Noyer de France fa\u00e7onn\u00e9 \u00e0 l&#8217;herminette<\/p>\n<p>Dimensions 28836 x 1598mm<br \/>\n(autres dimensions sur demande)<\/p>\n","protected":false},"featured_media":24300,"template":"","meta":[],"product_brand":[],"product_cat":[145,176],"product_tag":[],"class_list":{"0":"post-24290","1":"product","2":"type-product","3":"status-publish","4":"has-post-thumbnail","6":"product_cat-design","7":"product_cat-portes-dentree","9":"first","10":"instock","11":"shipping-taxable","12":"purchasable","13":"product-type-variable","14":"has-default-attributes"},"_links":{"self":[{"href":"https:\/\/www.bertoli.fr\/en\/wp-json\/wp\/v2\/product\/24290","targetHints":{"allow":["GET"]}}],"collection":[{"href":"https:\/\/www.bertoli.fr\/en\/wp-json\/wp\/v2\/product"}],"about":[{"href":"https:\/\/www.bertoli.fr\/en\/wp-json\/wp\/v2\/types\/product"}],"wp:featuredmedia":[{"embeddable":true,"href":"https:\/\/www.bertoli.fr\/en\/wp-json\/wp\/v2\/media\/24300"}],"wp:attachment":[{"href":"https:\/\/www.bertoli.fr\/en\/wp-json\/wp\/v2\/media?parent=24290"}],"wp:term":[{"taxonomy":"product_brand","embeddable":true,"href":"https:\/\/www.bertoli.fr\/en\/wp-json\/wp\/v2\/product_brand?post=24290"},{"taxonomy":"product_cat","embeddable":true,"href":"https:\/\/www.bertoli.fr\/en\/wp-json\/wp\/v2\/product_cat?post=24290"},{"taxonomy":"product_tag","embeddable":true,"href":"https:\/\/www.bertoli.fr\/en\/wp-json\/wp\/v2\/product_tag?post=24290"}],"curies":[{"name":"wp","href":"https:\/\/api.w.org\/{rel}","templated":true}]}}