{"id":24426,"date":"2025-03-07T17:59:03","date_gmt":"2025-03-07T16:59:03","guid":{"rendered":"https:\/\/www.bertoli.fr\/?post_type=product&#038;p=24426"},"modified":"2026-04-13T12:00:44","modified_gmt":"2026-04-13T10:00:44","slug":"atria-portepivotante","status":"publish","type":"product","link":"https:\/\/www.bertoli.fr\/en\/portes\/atria-portepivotante\/","title":{"rendered":"ATRIA"},"content":{"rendered":"[vc_row et_column_align=&#8221;align-center&#8221; css=&#8221;.vc_custom_1579132110345{padding-top: 30px !important;padding-bottom: 60px !important;}&#8221;][vc_column][\/vc_column][\/vc_row][vc_row et_column_align=&#8221;align-center&#8221; css=&#8221;.vc_custom_1579132110345{padding-top: 30px !important;padding-bottom: 60px !important;}&#8221;][vc_column width=&#8221;1\/3&#8243;][vc_column_text]\n<h5 class=\"fancy-title accent-color postline-large\">AVEZ-VOUS REMARQU\u00c9 ?<\/h5>\n<p data-start=\"144\" data-end=\"260\">ATRIA r\u00e9invente l\u2019exp\u00e9rience d\u2019entr\u00e9e en int\u00e9grant le syst\u00e8me de fermeture nouvelle g\u00e9n\u00e9ration <strong data-start=\"239\" data-end=\"259\">INSTINCT by MACO<\/strong>.<\/p>\n<p data-start=\"262\" data-end=\"332\">Ici, la cl\u00e9 dispara\u00eet.<br data-start=\"284\" data-end=\"287\" \/>Le geste devient intuitif, presque invisible.<\/p>\n<p data-start=\"334\" data-end=\"469\">D\u2019un simple contact, le <strong data-start=\"358\" data-end=\"390\">lecteur d\u2019empreinte digitale\u00a0 dLine EKEY<\/strong> reconna\u00eet instantan\u00e9ment son utilisateur et lib\u00e8re l\u2019acc\u00e8s, en toute fluidit\u00e9.<\/p>\n[\/vc_column_text][\/vc_column][vc_column width=&#8221;1\/3&#8243;]\t<div class=\"et-image-180 et-image     et_image_link\">\n\t\t<div class=\"et-image-inner \">\n\t\t\t\t\t\t\t<div class=\"et-image-thumb \">\n\t\t\t\t\t<img loading=\"lazy\" decoding=\"async\" width=\"1200\" height=\"800\" src=\"https:\/\/www.bertoli.fr\/wp-content\/uploads\/2025\/03\/INSTINCT-by-MACO-BERTOLI.png\" class=\"attachment-full\" alt=\"\" title=\"INSTINCT by MACO BERTOLI\" srcset=\"https:\/\/www.bertoli.fr\/wp-content\/uploads\/2025\/03\/INSTINCT-by-MACO-BERTOLI.png 1200w, https:\/\/www.bertoli.fr\/wp-content\/uploads\/2025\/03\/INSTINCT-by-MACO-BERTOLI-300x200.png 300w, https:\/\/www.bertoli.fr\/wp-content\/uploads\/2025\/03\/INSTINCT-by-MACO-BERTOLI-1024x683.png 1024w, https:\/\/www.bertoli.fr\/wp-content\/uploads\/2025\/03\/INSTINCT-by-MACO-BERTOLI-768x512.png 768w, https:\/\/www.bertoli.fr\/wp-content\/uploads\/2025\/03\/INSTINCT-by-MACO-BERTOLI-150x100.png 150w, https:\/\/www.bertoli.fr\/wp-content\/uploads\/2025\/03\/INSTINCT-by-MACO-BERTOLI-1000x667.png 1000w\" sizes=\"auto, (max-width: 1200px) 100vw, 1200px\" \/>\t\t\t\t<\/div>\n\t\t\t\t\t\t\t\t\t\t\t\t\t<div class=\"et-image-content\">\n\t\t\t\t\t<h3 data-section-id=\"12bz0q4\" data-start=\"476\" data-end=\"525\"><span role=\"text\"><strong data-start=\"480\" data-end=\"525\">Une technologie au service de l\u2019essentiel<\/strong><\/span><\/h3>\n<ul data-start=\"527\" data-end=\"690\">\n<li data-section-id=\"1f5aqoh\" data-start=\"527\" data-end=\"587\"><strong data-start=\"529\" data-end=\"549\">S\u00e9curit\u00e9 avanc\u00e9e<\/strong>, int\u00e9gr\u00e9e sans compromis esth\u00e9tique<\/li>\n<\/ul>\n\t\t\t\t<\/div>\n\t\t\t\t\t<\/div>\n\t<\/div>\n  [\/vc_column][vc_column width=&#8221;1\/3&#8243;]\t<div class=\"et-image-936 et-image     et_image_link\">\n\t\t<div class=\"et-image-inner \">\n\t\t\t\t\t\t\t<div class=\"et-image-thumb \">\n\t\t\t\t\t<img loading=\"lazy\" decoding=\"async\" width=\"1200\" height=\"800\" src=\"https:\/\/www.bertoli.fr\/wp-content\/uploads\/2025\/03\/Lecteur-EKEY-BERTOLI.jpg\" class=\"attachment-full\" alt=\"\" title=\"Lecteur EKEY BERTOLI\" srcset=\"https:\/\/www.bertoli.fr\/wp-content\/uploads\/2025\/03\/Lecteur-EKEY-BERTOLI.jpg 1200w, https:\/\/www.bertoli.fr\/wp-content\/uploads\/2025\/03\/Lecteur-EKEY-BERTOLI-300x200.jpg 300w, https:\/\/www.bertoli.fr\/wp-content\/uploads\/2025\/03\/Lecteur-EKEY-BERTOLI-1024x683.jpg 1024w, https:\/\/www.bertoli.fr\/wp-content\/uploads\/2025\/03\/Lecteur-EKEY-BERTOLI-768x512.jpg 768w, https:\/\/www.bertoli.fr\/wp-content\/uploads\/2025\/03\/Lecteur-EKEY-BERTOLI-150x100.jpg 150w, https:\/\/www.bertoli.fr\/wp-content\/uploads\/2025\/03\/Lecteur-EKEY-BERTOLI-1000x667.jpg 1000w\" sizes=\"auto, (max-width: 1200px) 100vw, 1200px\" \/>\t\t\t\t<\/div>\n\t\t\t\t\t\t\t\t\t\t\t\t\t<div class=\"et-image-content\">\n\t\t\t\t\t<ul>\n<li data-section-id=\"kopzho\" data-start=\"588\" data-end=\"641\"><strong data-start=\"590\" data-end=\"615\">Ouverture instantan\u00e9e<\/strong>, sans cl\u00e9 ni contrainte<\/li>\n<li data-section-id=\"1jvg6nd\" data-start=\"642\" data-end=\"690\"><strong data-start=\"644\" data-end=\"690\">Exp\u00e9rience utilisateur fluide et naturelle<\/strong><\/li>\n<\/ul>\n\t\t\t\t<\/div>\n\t\t\t\t\t<\/div>\n\t<\/div>\n  [\/vc_column][\/vc_row][vc_row et_column_align=&#8221;align-center&#8221; css=&#8221;.vc_custom_1579132110345{padding-top: 30px !important;padding-bottom: 60px !important;}&#8221;][vc_column][\/vc_column][\/vc_row][vc_row et_column_align=&#8221;align-center&#8221; css=&#8221;.vc_custom_1579132110345{padding-top: 30px !important;padding-bottom: 60px !important;}&#8221;][vc_column width=&#8221;2\/3&#8243;]\t<div class=\"et-image-911 et-image     et_image_link\">\n\t\t<div class=\"et-image-inner \">\n\t\t\t\t\t\t\t<div class=\"et-image-thumb \">\n\t\t\t\t\t<img loading=\"lazy\" decoding=\"async\" width=\"1200\" height=\"800\" src=\"https:\/\/www.bertoli.fr\/wp-content\/uploads\/2025\/03\/Finition-Chene-brule-BERTOLI.jpg\" class=\"attachment-full\" alt=\"\" title=\"Finition Ch\u00eane br\u00fbl\u00e9 BERTOLI\" srcset=\"https:\/\/www.bertoli.fr\/wp-content\/uploads\/2025\/03\/Finition-Chene-brule-BERTOLI.jpg 1200w, https:\/\/www.bertoli.fr\/wp-content\/uploads\/2025\/03\/Finition-Chene-brule-BERTOLI-300x200.jpg 300w, https:\/\/www.bertoli.fr\/wp-content\/uploads\/2025\/03\/Finition-Chene-brule-BERTOLI-1024x683.jpg 1024w, https:\/\/www.bertoli.fr\/wp-content\/uploads\/2025\/03\/Finition-Chene-brule-BERTOLI-768x512.jpg 768w, https:\/\/www.bertoli.fr\/wp-content\/uploads\/2025\/03\/Finition-Chene-brule-BERTOLI-150x100.jpg 150w, https:\/\/www.bertoli.fr\/wp-content\/uploads\/2025\/03\/Finition-Chene-brule-BERTOLI-1000x667.jpg 1000w\" sizes=\"auto, (max-width: 1200px) 100vw, 1200px\" \/>\t\t\t\t<\/div>\n\t\t\t\t\t\t\t\t\t\t\t<\/div>\n\t<\/div>\n  [\/vc_column][vc_column width=&#8221;1\/3&#8243;][vc_column_text]\n<h5 class=\"fancy-title accent-color postline-large\">Distinction<\/h5>\n<h3>Ch\u00eane teint\u00e9 \u00c9b\u00e8ne mais pas br\u00fbl\u00e9 &#8230;<\/h3>\n<p>A l&#8217;atelier BERTOLI nous ne carbonisons pas le bois &#8230; nous le sublimons parce que notre passion est n\u00e9e de ce que la nature nous offre de plus beau !<\/p>\n<p data-start=\"99\" data-end=\"242\">Nous r\u00e9v\u00e9lons ainsi toute la richesse du ch\u00eane gr\u00e2ce \u00e0 un brossage en profondeur, associ\u00e9 \u00e0 une teinte \u00e9b\u00e8ne intense et raffin\u00e9e.<\/p>\n<p data-start=\"375\" data-end=\"525\">Pens\u00e9e dans les moindres d\u00e9tails, ATRIA associe innovation et exigence architecturale pour offrir une entr\u00e9e \u00e0 la fois <strong data-start=\"816\" data-end=\"862\">s\u00fbre, \u00e9l\u00e9gante et r\u00e9solument contemporaine<\/strong>.<\/p>\n[\/vc_column_text][\/vc_column][\/vc_row][vc_row][vc_column][vc_separator][\/vc_column][\/vc_row][vc_row equal_height=&#8221;yes&#8221; css=&#8221;.vc_custom_1659104334828{padding-top: 60px !important;padding-bottom: 60px !important;}&#8221;][vc_column el_class=&#8221;imagesdetails&#8221;][vc_row_inner et_column_align=&#8221;align-center&#8221; equal_height=&#8221;yes&#8221;][vc_column_inner width=&#8221;1\/3&#8243; offset=&#8221;vc_col-lg-4&#8243;][vc_column_text]\n<h5 class=\"fancy-title accent-color postline-large\">Technique<\/h5>\n<h3>Fabrication sur-mesure<br \/>\nBois sec s\u00e9choir<\/h3>\n<ul>\n<li>\u00c9paisseur PORTE 85mm<\/li>\n<\/ul>\n<p>\ud83c\udf21\u00a0 Coefficient thermique Ud = 1.1 W\/(m2.K)<br \/>\n\ud83c\udf00\u00a0 Classement AIR A2 *<br \/>\n\ud83d\udca8\u00a0 Classement VENT VC3 *<br \/>\n<em>*essais r\u00e9alis\u00e9s sur porte pivotante<\/em>[\/vc_column_text][\/vc_column_inner][vc_column_inner width=&#8221;1\/3&#8243;][vc_column_text]\n<h5 class=\"fancy-title accent-color postline-large\">Descriptif<\/h5>\n<ul>\n<li><strong>B\u00e2ti central assembl\u00e9 \u00e0 tenons et mortaises<\/strong><\/li>\n<li>Face int\u00e9rieure \u00e0 lames verticales bouvet\u00e9es<\/li>\n<li>Cadre avec oreilles de finition, assembl\u00e9 \u00e0 enfourchement<\/li>\n<li style=\"text-align: left;\">Largeur du cadre suivant l\u2019\u00e9paisseur de vos cloisons et isolants<\/li>\n<li>Joint d&#8217;\u00e9tanch\u00e9it\u00e9 sur les 4 c\u00f4t\u00e9s<\/li>\n<li>Avec ou sans seuil plat en inox, sur la largeur de la porte<\/li>\n<li>Pivot haut et bas marque DORMA<br \/>\n(pivot hydraulique sur demande)<\/li>\n<li>Serrure 3 points mortais\u00e9e et cylindre A2P* marque VACHETTE<\/li>\n<li>G\u00e2che longue en inox retardateur d&#8217;effraction<\/li>\n<\/ul>\n[\/vc_column_text][\/vc_column_inner][vc_column_inner width=&#8221;1\/3&#8243;][vc_column_text]\n<h5 class=\"fancy-title accent-color postline-large\">Finition<\/h5>\n<ul>\n<li>Teinte au choix<\/li>\n<li>Lasure 3 couches\n<ul>\n<li>extra-mat, mat ou satin\u00e9e<\/li>\n<\/ul>\n<\/li>\n<\/ul>\n<h5 class=\"fancy-title accent-color postline-large\">Serrurerie d\u00e9corative<\/h5>\n<ul>\n<li>Sur la face ext\u00e9rieure :\n<ul>\n<li>Poign\u00e9e forg\u00e9e main sur demande<\/li>\n<li>Entr\u00e9e inox entaill\u00e9e \u00e0 fleur<\/li>\n<\/ul>\n<\/li>\n<li>Sur la face int\u00e9rieure :\n<ul>\n<li>Poign\u00e9e en inox, sur rosace carr\u00e9e<br \/>\n<em>Large choix de mod\u00e8les \u00e0 d\u00e9couvrir &#8230;<\/em><\/li>\n<\/ul>\n<\/li>\n<\/ul>\n[\/vc_column_text][\/vc_column_inner][\/vc_row_inner][\/vc_column][\/vc_row][vc_row][vc_column][vc_separator][\/vc_column][\/vc_row][vc_row et_column_align=&#8221;align-center&#8221; css=&#8221;.vc_custom_1579132139891{padding-bottom: 60px !important;}&#8221;][vc_column el_class=&#8221;imagesdetails&#8221;][vc_row_inner equal_height=&#8221;yes&#8221; content_placement=&#8221;middle&#8221;][vc_column_inner width=&#8221;1\/4&#8243;]\t<div class=\"et-image-131 et-image     et_image_link\">\n\t\t<div class=\"et-image-inner \">\n\t\t\t\t\t\t\t<div class=\"et-image-thumb \">\n\t\t\t\t\t<img loading=\"lazy\" decoding=\"async\" width=\"333\" height=\"500\" src=\"https:\/\/www.bertoli.fr\/wp-content\/uploads\/2021\/07\/seuilinox.jpg\" class=\"attachment-full\" alt=\"seuil inox\" title=\"seuilinox\" srcset=\"https:\/\/www.bertoli.fr\/wp-content\/uploads\/2021\/07\/seuilinox.jpg 333w, https:\/\/www.bertoli.fr\/wp-content\/uploads\/2021\/07\/seuilinox-200x300.jpg 200w, https:\/\/www.bertoli.fr\/wp-content\/uploads\/2021\/07\/seuilinox-100x150.jpg 100w\" sizes=\"auto, (max-width: 333px) 100vw, 333px\" \/>\t\t\t\t<\/div>\n\t\t\t\t\t\t\t\t\t\t\t\t\t<div class=\"et-image-content\">\n\t\t\t\t\t<p style=\"text-align: center;\"><strong>Seuil plat en INOX<\/strong><\/p>\n\t\t\t\t<\/div>\n\t\t\t\t\t<\/div>\n\t<\/div>\n  [\/vc_column_inner][vc_column_inner width=&#8221;1\/4&#8243;]\t<div class=\"et-image-504 et-image     et_image_link\">\n\t\t<div class=\"et-image-inner \">\n\t\t\t\t\t\t\t<div class=\"et-image-thumb \">\n\t\t\t\t\t<img loading=\"lazy\" decoding=\"async\" width=\"333\" height=\"500\" src=\"https:\/\/www.bertoli.fr\/wp-content\/uploads\/2021\/07\/gacheuniquerenforceeatelierbertoli-1.jpg\" class=\"attachment-full\" alt=\"gache unique renforcee atelier bertoli\" title=\"gacheuniquerenforceeatelierbertoli\" srcset=\"https:\/\/www.bertoli.fr\/wp-content\/uploads\/2021\/07\/gacheuniquerenforceeatelierbertoli-1.jpg 333w, https:\/\/www.bertoli.fr\/wp-content\/uploads\/2021\/07\/gacheuniquerenforceeatelierbertoli-1-200x300.jpg 200w, https:\/\/www.bertoli.fr\/wp-content\/uploads\/2021\/07\/gacheuniquerenforceeatelierbertoli-1-100x150.jpg 100w\" sizes=\"auto, (max-width: 333px) 100vw, 333px\" \/>\t\t\t\t<\/div>\n\t\t\t\t\t\t\t\t\t\t\t\t\t<div class=\"et-image-content\">\n\t\t\t\t\t<p style=\"text-align: center;\"><strong>G\u00e2che longue en inox retardateur d&#8217;effraction<br \/>\nCadre assembl\u00e9 \u00e0 enfourchement<br \/>\n<\/strong><\/p>\n\t\t\t\t<\/div>\n\t\t\t\t\t<\/div>\n\t<\/div>\n  [\/vc_column_inner][vc_column_inner width=&#8221;1\/4&#8243;]\t<div class=\"et-image-908 et-image     et_image_link\">\n\t\t<div class=\"et-image-inner \">\n\t\t\t\t\t\t\t<div class=\"et-image-thumb \">\n\t\t\t\t\t<img loading=\"lazy\" decoding=\"async\" width=\"333\" height=\"500\" src=\"https:\/\/www.bertoli.fr\/wp-content\/uploads\/2025\/03\/instinct-by-maco-BERTOLI.jpg\" class=\"attachment-full\" alt=\"\" title=\"instinct by maco BERTOLI\" srcset=\"https:\/\/www.bertoli.fr\/wp-content\/uploads\/2025\/03\/instinct-by-maco-BERTOLI.jpg 333w, https:\/\/www.bertoli.fr\/wp-content\/uploads\/2025\/03\/instinct-by-maco-BERTOLI-200x300.jpg 200w, https:\/\/www.bertoli.fr\/wp-content\/uploads\/2025\/03\/instinct-by-maco-BERTOLI-100x150.jpg 100w\" sizes=\"auto, (max-width: 333px) 100vw, 333px\" \/>\t\t\t\t<\/div>\n\t\t\t\t\t\t\t\t\t\t\t\t\t<div class=\"et-image-content\">\n\t\t\t\t\t<p style=\"text-align: center;\"><strong>Module de fermeture Instinct by MACO<br \/>\n(option propos\u00e9e sur tous nos mod\u00e8les)<br \/>\n<\/strong><\/p>\n\t\t\t\t<\/div>\n\t\t\t\t\t<\/div>\n\t<\/div>\n  [\/vc_column_inner][vc_column_inner width=&#8221;1\/4&#8243;]\t<div class=\"et-image-124 et-image     et_image_link\">\n\t\t<div class=\"et-image-inner \">\n\t\t\t\t\t\t\t<div class=\"et-image-thumb \">\n\t\t\t\t\t<img loading=\"lazy\" decoding=\"async\" width=\"333\" height=\"500\" src=\"https:\/\/www.bertoli.fr\/wp-content\/uploads\/2025\/03\/Lecteur-EKEY-xLine-BERTOLI.jpg\" class=\"attachment-full\" alt=\"\" title=\"Lecteur EKEY xLine BERTOLI\" srcset=\"https:\/\/www.bertoli.fr\/wp-content\/uploads\/2025\/03\/Lecteur-EKEY-xLine-BERTOLI.jpg 333w, https:\/\/www.bertoli.fr\/wp-content\/uploads\/2025\/03\/Lecteur-EKEY-xLine-BERTOLI-200x300.jpg 200w, https:\/\/www.bertoli.fr\/wp-content\/uploads\/2025\/03\/Lecteur-EKEY-xLine-BERTOLI-100x150.jpg 100w\" sizes=\"auto, (max-width: 333px) 100vw, 333px\" \/>\t\t\t\t<\/div>\n\t\t\t\t\t\t\t\t\t\t\t\t\t<div class=\"et-image-content\">\n\t\t\t\t\t<p style=\"text-align: center;\"><strong>Lecteur d&#8217;empreintes digitales EKEY xLine<br \/>\n(option propos\u00e9e sur tous nos mod\u00e8les)<br \/>\n<\/strong><\/p>\n\t\t\t\t<\/div>\n\t\t\t\t\t<\/div>\n\t<\/div>\n  [\/vc_column_inner][\/vc_row_inner][\/vc_column][\/vc_row][vc_row][vc_column][vc_separator][\/vc_column][\/vc_row][vc_row][vc_column]\t<div class=\"et-image-537 et-image aligncenter    et_image_link\">\n\t\t<div class=\"et-image-inner \">\n\t\t\t\t\t\t\t<div class=\"et-image-thumb \">\n\t\t\t\t\t<img loading=\"lazy\" decoding=\"async\" width=\"650\" height=\"800\" src=\"https:\/\/www.bertoli.fr\/wp-content\/uploads\/2025\/03\/ATRIA-porte-pivotante-Chene-ebene-BERTOLI.jpg\" class=\"attachment-full\" alt=\"\" title=\"ATRIA porte pivotante Ch\u00eane \u00e9b\u00e8ne BERTOLI\" srcset=\"https:\/\/www.bertoli.fr\/wp-content\/uploads\/2025\/03\/ATRIA-porte-pivotante-Chene-ebene-BERTOLI.jpg 650w, https:\/\/www.bertoli.fr\/wp-content\/uploads\/2025\/03\/ATRIA-porte-pivotante-Chene-ebene-BERTOLI-244x300.jpg 244w, https:\/\/www.bertoli.fr\/wp-content\/uploads\/2025\/03\/ATRIA-porte-pivotante-Chene-ebene-BERTOLI-122x150.jpg 122w\" sizes=\"auto, (max-width: 650px) 100vw, 650px\" \/>\t\t\t\t<\/div>\n\t\t\t\t\t\t\t\t\t\t\t<\/div>\n\t<\/div>\n  [\/vc_column][\/vc_row]\n","protected":false},"excerpt":{"rendered":"<p>Ch\u00eane de France Bross\u00e9<br \/>\npatine \u00c9b\u00e8ne<\/p>\n<p>Dimensions 2400 x 1400mm<br \/>\n(autre finitions et dimensions sur demande)<\/p>\n","protected":false},"featured_media":24435,"template":"","meta":[],"product_brand":[],"product_cat":[145,233,176],"product_tag":[],"class_list":{"0":"post-24426","1":"product","2":"type-product","3":"status-publish","4":"has-post-thumbnail","6":"product_cat-design","7":"product_cat-nouveautes","8":"product_cat-portes-dentree","10":"first","11":"instock","12":"shipping-taxable","13":"purchasable","14":"product-type-variable"},"_links":{"self":[{"href":"https:\/\/www.bertoli.fr\/en\/wp-json\/wp\/v2\/product\/24426","targetHints":{"allow":["GET"]}}],"collection":[{"href":"https:\/\/www.bertoli.fr\/en\/wp-json\/wp\/v2\/product"}],"about":[{"href":"https:\/\/www.bertoli.fr\/en\/wp-json\/wp\/v2\/types\/product"}],"wp:featuredmedia":[{"embeddable":true,"href":"https:\/\/www.bertoli.fr\/en\/wp-json\/wp\/v2\/media\/24435"}],"wp:attachment":[{"href":"https:\/\/www.bertoli.fr\/en\/wp-json\/wp\/v2\/media?parent=24426"}],"wp:term":[{"taxonomy":"product_brand","embeddable":true,"href":"https:\/\/www.bertoli.fr\/en\/wp-json\/wp\/v2\/product_brand?post=24426"},{"taxonomy":"product_cat","embeddable":true,"href":"https:\/\/www.bertoli.fr\/en\/wp-json\/wp\/v2\/product_cat?post=24426"},{"taxonomy":"product_tag","embeddable":true,"href":"https:\/\/www.bertoli.fr\/en\/wp-json\/wp\/v2\/product_tag?post=24426"}],"curies":[{"name":"wp","href":"https:\/\/api.w.org\/{rel}","templated":true}]}}