{"id":24477,"date":"2025-03-24T15:54:25","date_gmt":"2025-03-24T14:54:25","guid":{"rendered":"https:\/\/www.bertoli.fr\/?post_type=product&#038;p=24477"},"modified":"2026-04-13T12:00:13","modified_gmt":"2026-04-13T10:00:13","slug":"porte-haussmannienne-et-boiserie-murale","status":"publish","type":"product","link":"https:\/\/www.bertoli.fr\/en\/portes\/porte-haussmannienne-et-boiserie-murale\/","title":{"rendered":"Porte Haussmannienne sculpt\u00e9e et Boiserie murale"},"content":{"rendered":"[vc_row css=&#8221;.vc_custom_1579132226516{padding-bottom: 30px !important;}&#8221;][vc_column][vc_separator][\/vc_column][\/vc_row][vc_row et_column_align=&#8221;align-center&#8221; css=&#8221;.vc_custom_1579131817775{padding-top: 60px !important;padding-bottom: 60px !important;}&#8221;][vc_column][vc_row_inner et_column_align=&#8221;align-center&#8221;][vc_column_inner offset=&#8221;vc_col-lg-6&#8243;][vc_column_text]\n<h5 class=\"fancy-title accent-color postline-large\">BOISERIE COLLECTION<\/h5>\n<h3>\u00c0 l&#8217;atelier BERTOLI nous fabriquons dans les r\u00e9gles de l&#8217;Art<\/h3>\n<p class=\"\" data-start=\"77\" data-end=\"373\">Nous perp\u00e9tuons un savoir-faire artisanal o\u00f9 pr\u00e9cision, exigence et respect des traditions guident chacune de nos r\u00e9alisations. Du choix des mat\u00e9riaux \u00e0 la finesse des finitions, chaque d\u00e9tail est soigneusement travaill\u00e9 pour garantir des pi\u00e8ces d\u2019exception, alliant esth\u00e9tique et authenticit\u00e9.<\/p>\n<p class=\"\" data-start=\"375\" data-end=\"482\">Notre engagement : offrir des cr\u00e9ations sur mesure qui subliment les int\u00e9rieurs avec \u00e9l\u00e9gance et caract\u00e8re<\/p>\n[\/vc_column_text][vc_column_text]\n<blockquote>\n<h4>&#8220;C&#8217;est dans le d\u00e9tail que na\u00eet l&#8217;\u00e9l\u00e9gance.&#8221;<\/h4>\n<\/blockquote>\n[\/vc_column_text][\/vc_column_inner][\/vc_row_inner][vc_row_inner et_column_align=&#8221;align-center&#8221; css=&#8221;.vc_custom_1579132052355{padding-top: 40px !important;}&#8221;][vc_column_inner][vc_single_image image=&#8221;24485&#8243; img_size=&#8221;full&#8221;][\/vc_column_inner][\/vc_row_inner][\/vc_column][\/vc_row][vc_row et_column_align=&#8221;align-center&#8221; css=&#8221;.vc_custom_1579132110345{padding-top: 30px !important;padding-bottom: 60px !important;}&#8221;][vc_column][vc_row_inner content_placement=&#8221;middle&#8221;][vc_column_inner offset=&#8221;vc_col-lg-4&#8243;][vc_column_text]\n<h5 class=\"fancy-title accent-color postline-large\">Le sur-mesure<\/h5>\n<h3>&#8220;L\u2019art du d\u00e9tail&#8221; est ce qui donne du caract\u00e8re et de l\u2019authenticit\u00e9 \u00e0 un ouvrage<\/h3>\n<p>La fabrication sur mesure permet d\u2019adapter les proportions des lambris et boiseries en hauteur, ce qui n&#8217;est pas envisageable avec des habillages muraux aux dimensions standardis\u00e9es.[\/vc_column_text][\/vc_column_inner][vc_column_inner offset=&#8221;vc_col-lg-offset-1 vc_col-lg-7&#8243;]\t<div class=\"et-image-848 et-image     et_image_link\">\n\t\t<div class=\"et-image-inner \">\n\t\t\t\t\t\t\t<div class=\"et-image-thumb \">\n\t\t\t\t\t<img loading=\"lazy\" decoding=\"async\" width=\"1200\" height=\"800\" src=\"https:\/\/www.bertoli.fr\/wp-content\/uploads\/2025\/03\/detail-boiserie-mural-lambris-BERTOLI.jpg\" class=\"attachment-full\" alt=\"\" title=\"detail boiserie mural lambris BERTOLI\" srcset=\"https:\/\/www.bertoli.fr\/wp-content\/uploads\/2025\/03\/detail-boiserie-mural-lambris-BERTOLI.jpg 1200w, https:\/\/www.bertoli.fr\/wp-content\/uploads\/2025\/03\/detail-boiserie-mural-lambris-BERTOLI-300x200.jpg 300w, https:\/\/www.bertoli.fr\/wp-content\/uploads\/2025\/03\/detail-boiserie-mural-lambris-BERTOLI-1024x683.jpg 1024w, https:\/\/www.bertoli.fr\/wp-content\/uploads\/2025\/03\/detail-boiserie-mural-lambris-BERTOLI-768x512.jpg 768w, https:\/\/www.bertoli.fr\/wp-content\/uploads\/2025\/03\/detail-boiserie-mural-lambris-BERTOLI-150x100.jpg 150w, https:\/\/www.bertoli.fr\/wp-content\/uploads\/2025\/03\/detail-boiserie-mural-lambris-BERTOLI-1000x667.jpg 1000w\" sizes=\"auto, (max-width: 1200px) 100vw, 1200px\" \/>\t\t\t\t<\/div>\n\t\t\t\t\t\t\t\t\t\t\t<\/div>\n\t<\/div>\n  [\/vc_column_inner][\/vc_row_inner][\/vc_column][\/vc_row][vc_row css=&#8221;.vc_custom_1579132226516{padding-bottom: 30px !important;}&#8221;][vc_column][vc_separator][\/vc_column][\/vc_row][vc_row et_column_align=&#8221;align-center&#8221; css=&#8221;.vc_custom_1579132110345{padding-top: 30px !important;padding-bottom: 60px !important;}&#8221;][vc_column][vc_row_inner content_placement=&#8221;middle&#8221;][vc_column_inner offset=&#8221;vc_col-lg-4&#8243;][vc_column_text]\n<h5 class=\"fancy-title accent-color postline-large\">VARIANTE<\/h5>\n<p>Ensemble pr\u00e9sent\u00e9 avec la porte Haussmannienne \u00e0 deux panneaux, avec cimaise et plinthe[\/vc_column_text][\/vc_column_inner][vc_column_inner offset=&#8221;vc_col-lg-offset-1 vc_col-lg-7&#8243;]\t<div class=\"et-image-368 et-image     et_image_link\">\n\t\t<div class=\"et-image-inner \">\n\t\t\t\t\t\t\t<div class=\"et-image-thumb \">\n\t\t\t\t\t<img loading=\"lazy\" decoding=\"async\" width=\"534\" height=\"800\" src=\"https:\/\/www.bertoli.fr\/wp-content\/uploads\/2025\/03\/porte-haussmannienne-2-panneaux-lambris-et-parquet-BERTOLI.jpg\" class=\"attachment-full\" alt=\"\" title=\"porte haussmannienne 2 panneaux lambris et parquet BERTOLI\" srcset=\"https:\/\/www.bertoli.fr\/wp-content\/uploads\/2025\/03\/porte-haussmannienne-2-panneaux-lambris-et-parquet-BERTOLI.jpg 534w, https:\/\/www.bertoli.fr\/wp-content\/uploads\/2025\/03\/porte-haussmannienne-2-panneaux-lambris-et-parquet-BERTOLI-200x300.jpg 200w, https:\/\/www.bertoli.fr\/wp-content\/uploads\/2025\/03\/porte-haussmannienne-2-panneaux-lambris-et-parquet-BERTOLI-100x150.jpg 100w\" sizes=\"auto, (max-width: 534px) 100vw, 534px\" \/>\t\t\t\t<\/div>\n\t\t\t\t\t\t\t\t\t\t\t<\/div>\n\t<\/div>\n  [\/vc_column_inner][\/vc_row_inner][\/vc_column][\/vc_row][vc_row css=&#8221;.vc_custom_1579132226516{padding-bottom: 30px !important;}&#8221;][vc_column][vc_separator][\/vc_column][\/vc_row][vc_row][vc_column][vc_column_text]<strong>Nous fabriquons sur-mesure des portes et boiseries moulur\u00e9es, sculpt\u00e9es ou non ;\u00a0 principalement de style Haussmannien ou Art D\u00e9co, mais aussi dans les styles XVIe au XVIIIe si\u00e8cle.<\/strong><\/p>\n<p><strong>Si vous d\u00e9sirez un ensemble en proportion, en harmonie avec les volumes existants, seule la fabrication sur-mesure pourra vous donnez satisfaction. En effet, les murs ou les cloisons \u00e9tant de diff\u00e9rentes longueurs, les intervalles entre les panneaux moulur\u00e9s seront tous de la m\u00eame largeur.<\/strong><br \/>\n<strong>La fabrication sur-mesure permet \u00e9galement une mise en proportion dimensionnelle des lambris ou boiseries sur la hauteur ce qui ne permet pas d&#8217;autres types d&#8217;habillages muraux aux dimensions standardis\u00e9es.<\/strong>[\/vc_column_text][\/vc_column][\/vc_row][vc_row css=&#8221;.vc_custom_1579132226516{padding-bottom: 30px !important;}&#8221;][vc_column][vc_separator][\/vc_column][\/vc_row][vc_row][vc_column][vc_column_text]\n<p class=\"\" data-start=\"71\" data-end=\"120\">Nous vous proposons deux types de fabrication :<\/p>\n<p class=\"\" data-start=\"122\" data-end=\"361\"><strong data-start=\"125\" data-end=\"161\">Boiseries et lambris \u00e0 assembler<\/strong><br data-start=\"161\" data-end=\"164\" \/>Les panneaux d\u00e9coratifs, ainsi que les plinthes, cimaises et corniches assorties, sont r\u00e9alis\u00e9s en \u00e9l\u00e9ments s\u00e9par\u00e9s. Ils sont con\u00e7us pour \u00eatre fix\u00e9s sur des murs et cloisons de plan\u00e9it\u00e9 correcte.<\/p>\n<p class=\"\" data-start=\"363\" data-end=\"575\"><strong data-start=\"366\" data-end=\"406\">Boiseries sur b\u00e2ti ou en bois massif<\/strong><br data-start=\"406\" data-end=\"409\" \/>Ce m\u00eame principe de fabrication est d\u00e9clin\u00e9 sur b\u00e2ti \u00e0 peindre ou en bois massif, disponible dans diff\u00e9rentes essences, pour une finition plus noble et authentique<\/p>\n[\/vc_column_text][\/vc_column][\/vc_row][vc_row css=&#8221;.vc_custom_1579132226516{padding-bottom: 30px !important;}&#8221;][vc_column][vc_separator][\/vc_column][\/vc_row]\n","protected":false},"excerpt":{"rendered":"<p data-start=\"363\" data-end=\"575\"><em>Fabrication sur-mesure toutes dimensions<\/em><\/p>\n<p class=\"\" data-start=\"363\" data-end=\"575\">Ensemble finition laqu\u00e9e, RAL 9010<br \/>\nParquet point de hongrie en Ch\u00eane de France.<br \/>\nTableaux peints par Jean-Paul Corsi<\/p>\n<h5 class=\"fancy-title accent-color postline-large\">Mod\u00e8le visible dans notre show-room<\/h5>\n","protected":false},"featured_media":24490,"template":"","meta":[],"product_brand":[],"product_cat":[179,217,233],"product_tag":[],"class_list":{"0":"post-24477","1":"product","2":"type-product","3":"status-publish","4":"has-post-thumbnail","6":"product_cat-boiseries-et-lambris","7":"product_cat-boiseries-de-style","8":"product_cat-nouveautes","10":"first","11":"instock","12":"shipping-taxable","13":"purchasable","14":"product-type-variable"},"_links":{"self":[{"href":"https:\/\/www.bertoli.fr\/en\/wp-json\/wp\/v2\/product\/24477","targetHints":{"allow":["GET"]}}],"collection":[{"href":"https:\/\/www.bertoli.fr\/en\/wp-json\/wp\/v2\/product"}],"about":[{"href":"https:\/\/www.bertoli.fr\/en\/wp-json\/wp\/v2\/types\/product"}],"wp:featuredmedia":[{"embeddable":true,"href":"https:\/\/www.bertoli.fr\/en\/wp-json\/wp\/v2\/media\/24490"}],"wp:attachment":[{"href":"https:\/\/www.bertoli.fr\/en\/wp-json\/wp\/v2\/media?parent=24477"}],"wp:term":[{"taxonomy":"product_brand","embeddable":true,"href":"https:\/\/www.bertoli.fr\/en\/wp-json\/wp\/v2\/product_brand?post=24477"},{"taxonomy":"product_cat","embeddable":true,"href":"https:\/\/www.bertoli.fr\/en\/wp-json\/wp\/v2\/product_cat?post=24477"},{"taxonomy":"product_tag","embeddable":true,"href":"https:\/\/www.bertoli.fr\/en\/wp-json\/wp\/v2\/product_tag?post=24477"}],"curies":[{"name":"wp","href":"https:\/\/api.w.org\/{rel}","templated":true}]}}