{"id":24674,"date":"2025-10-02T17:48:09","date_gmt":"2025-10-02T15:48:09","guid":{"rendered":"https:\/\/www.bertoli.fr\/?post_type=product&#038;p=24674"},"modified":"2026-04-13T11:58:24","modified_gmt":"2026-04-13T09:58:24","slug":"sigmapoignee","status":"publish","type":"product","link":"https:\/\/www.bertoli.fr\/en\/portes\/sigmapoignee\/","title":{"rendered":"SIGMA"},"content":{"rendered":"[vc_row et_column_align=&#8221;align-center&#8221; css=&#8221;.vc_custom_1579132110345{padding-top: 30px !important;padding-bottom: 60px !important;}&#8221;][vc_column][vc_row_inner et_column_align=&#8221;align-center&#8221; content_placement=&#8221;middle&#8221;][vc_column_inner offset=&#8221;vc_col-lg-4&#8243;][vc_column_text]\n<p class=\"fancy-title accent-color postline-large\">SIGMA design by Lorenzo Rosa Fauzza<br \/>\nFRASCIO 1978\u00a0 Collection 23<\/p>\n[\/vc_column_text][vc_btn title=&#8221;VIDEO&#8221; shape=&#8221;square&#8221; color=&#8221;black&#8221; css_animation=&#8221;fadeInRight&#8221; link=&#8221;url:https%3A%2F%2Fyoutu.be%2FEdOV5WGiENg|target:_blank&#8221;][vc_column_text]<strong data-start=\"112\" data-end=\"156\">L\u2019\u00c9L\u00c9GANCE INTEMPORELLE<\/strong><br data-start=\"156\" data-end=\"159\" \/>Un design des ann\u00e9es 70 sign\u00e9 Frascio par Lorenzo Rosa Fauzza, un classique revisit\u00e9 pour s\u2019accorder aux tendances contemporaines[\/vc_column_text][\/vc_column_inner][vc_column_inner offset=&#8221;vc_col-lg-offset-1 vc_col-lg-7&#8243;]\t<div class=\"et-image-570 et-image     et_image_link\">\n\t\t<div class=\"et-image-inner \">\n\t\t\t\t\t\t\t<div class=\"et-image-thumb \">\n\t\t\t\t\t<img loading=\"lazy\" decoding=\"async\" width=\"550\" height=\"412\" src=\"https:\/\/www.bertoli.fr\/wp-content\/uploads\/2025\/10\/sigma-poignee-bertoli.jpg\" class=\"attachment-full\" alt=\"\" title=\"sigma poignee bertoli\" srcset=\"https:\/\/www.bertoli.fr\/wp-content\/uploads\/2025\/10\/sigma-poignee-bertoli.jpg 550w, https:\/\/www.bertoli.fr\/wp-content\/uploads\/2025\/10\/sigma-poignee-bertoli-300x225.jpg 300w, https:\/\/www.bertoli.fr\/wp-content\/uploads\/2025\/10\/sigma-poignee-bertoli-150x112.jpg 150w\" sizes=\"auto, (max-width: 550px) 100vw, 550px\" \/>\t\t\t\t<\/div>\n\t\t\t\t\t\t\t\t\t\t\t<\/div>\n\t<\/div>\n  [vc_separator][\/vc_column_inner][\/vc_row_inner][\/vc_column][\/vc_row][vc_row][vc_column width=&#8221;1\/2&#8243;][vc_separator]\t<div class=\"et-image-721 et-image     et_image_link\">\n\t\t<div class=\"et-image-inner \">\n\t\t\t\t\t\t\t<div class=\"et-image-thumb \">\n\t\t\t\t\t<img loading=\"lazy\" decoding=\"async\" width=\"900\" height=\"600\" src=\"https:\/\/www.bertoli.fr\/wp-content\/uploads\/2025\/10\/sigma-poignee-chrome-brillant-bertoli.jpg\" class=\"attachment-full\" alt=\"\" title=\"sigma poignee chrome brillant bertoli\" srcset=\"https:\/\/www.bertoli.fr\/wp-content\/uploads\/2025\/10\/sigma-poignee-chrome-brillant-bertoli.jpg 900w, https:\/\/www.bertoli.fr\/wp-content\/uploads\/2025\/10\/sigma-poignee-chrome-brillant-bertoli-300x200.jpg 300w, https:\/\/www.bertoli.fr\/wp-content\/uploads\/2025\/10\/sigma-poignee-chrome-brillant-bertoli-768x512.jpg 768w, https:\/\/www.bertoli.fr\/wp-content\/uploads\/2025\/10\/sigma-poignee-chrome-brillant-bertoli-150x100.jpg 150w\" sizes=\"auto, (max-width: 900px) 100vw, 900px\" \/>\t\t\t\t<\/div>\n\t\t\t\t\t\t\t\t\t\t\t<\/div>\n\t<\/div>\n  [\/vc_column][vc_column width=&#8221;1\/2&#8243;][vc_separator]\t<div class=\"et-image-556 et-image alignright    et_image_link\">\n\t\t<div class=\"et-image-inner \">\n\t\t\t\t\t\t\t<div class=\"et-image-thumb \">\n\t\t\t\t\t<img loading=\"lazy\" decoding=\"async\" width=\"650\" height=\"469\" src=\"https:\/\/www.bertoli.fr\/wp-content\/uploads\/2025\/10\/sigma-dimensions-bertoli.png\" class=\"attachment-full\" alt=\"\" title=\"sigma dimensions bertoli\" srcset=\"https:\/\/www.bertoli.fr\/wp-content\/uploads\/2025\/10\/sigma-dimensions-bertoli.png 650w, https:\/\/www.bertoli.fr\/wp-content\/uploads\/2025\/10\/sigma-dimensions-bertoli-300x216.png 300w, https:\/\/www.bertoli.fr\/wp-content\/uploads\/2025\/10\/sigma-dimensions-bertoli-150x108.png 150w\" sizes=\"auto, (max-width: 650px) 100vw, 650px\" \/>\t\t\t\t<\/div>\n\t\t\t\t\t\t\t\t\t\t\t<\/div>\n\t<\/div>\n  [\/vc_column][\/vc_row][vc_row][vc_column][vc_empty_space][vc_separator][\/vc_column][\/vc_row]\n","protected":false},"excerpt":{"rendered":"<p>7 Finitions au choix<\/p>\n<p>&nbsp;<\/p>\n","protected":false},"featured_media":24707,"template":"","meta":[],"product_brand":[],"product_cat":[178,154],"product_tag":[],"class_list":{"0":"post-24674","1":"product","2":"type-product","3":"status-publish","4":"has-post-thumbnail","6":"product_cat-accessoires","7":"product_cat-accessoires-design","9":"first","10":"instock","11":"shipping-taxable","12":"purchasable","13":"product-type-variable"},"_links":{"self":[{"href":"https:\/\/www.bertoli.fr\/en\/wp-json\/wp\/v2\/product\/24674","targetHints":{"allow":["GET"]}}],"collection":[{"href":"https:\/\/www.bertoli.fr\/en\/wp-json\/wp\/v2\/product"}],"about":[{"href":"https:\/\/www.bertoli.fr\/en\/wp-json\/wp\/v2\/types\/product"}],"wp:featuredmedia":[{"embeddable":true,"href":"https:\/\/www.bertoli.fr\/en\/wp-json\/wp\/v2\/media\/24707"}],"wp:attachment":[{"href":"https:\/\/www.bertoli.fr\/en\/wp-json\/wp\/v2\/media?parent=24674"}],"wp:term":[{"taxonomy":"product_brand","embeddable":true,"href":"https:\/\/www.bertoli.fr\/en\/wp-json\/wp\/v2\/product_brand?post=24674"},{"taxonomy":"product_cat","embeddable":true,"href":"https:\/\/www.bertoli.fr\/en\/wp-json\/wp\/v2\/product_cat?post=24674"},{"taxonomy":"product_tag","embeddable":true,"href":"https:\/\/www.bertoli.fr\/en\/wp-json\/wp\/v2\/product_tag?post=24674"}],"curies":[{"name":"wp","href":"https:\/\/api.w.org\/{rel}","templated":true}]}}