{"id":24709,"date":"2025-10-03T12:28:27","date_gmt":"2025-10-03T10:28:27","guid":{"rendered":"https:\/\/www.bertoli.fr\/?post_type=product&#038;p=24709"},"modified":"2026-04-13T11:58:24","modified_gmt":"2026-04-13T09:58:24","slug":"quarto","status":"publish","type":"product","link":"https:\/\/www.bertoli.fr\/en\/portes\/quarto\/","title":{"rendered":"QUARTO"},"content":{"rendered":"[vc_row et_column_align=&#8221;align-center&#8221; css=&#8221;.vc_custom_1579132110345{padding-top: 30px !important;padding-bottom: 60px !important;}&#8221;][vc_column][vc_row_inner et_column_align=&#8221;align-center&#8221; content_placement=&#8221;middle&#8221;][vc_column_inner offset=&#8221;vc_col-lg-4&#8243;][vc_column_text]\n<p class=\"fancy-title accent-color postline-large\">QUARTO BCF design<br \/>\nNouvelle collection MINIMA<\/p>\n[\/vc_column_text][vc_btn title=&#8221;Catalogue Collection MINIMA&#8221; shape=&#8221;square&#8221; color=&#8221;black&#8221; css_animation=&#8221;fadeInRight&#8221; link=&#8221;url:https%3A%2F%2Fwww.bertoli.fr%2Fwp-content%2Fuploads%2F2025%2F10%2FFRASCIO-MINIMA-Collection-BERTOLI.pdf&#8221;][\/vc_column_inner][vc_column_inner offset=&#8221;vc_col-lg-offset-1 vc_col-lg-7&#8243;][vc_column_text]\n<p data-start=\"178\" data-end=\"220\"><strong data-start=\"178\" data-end=\"218\">MINIMA \u2013 POIGN\u00c9ES DESIGN ET DURABLES<\/strong><\/p>\n<p data-start=\"222\" data-end=\"603\">D\u00e9couvrez <em data-start=\"232\" data-end=\"240\">Minima<\/em>, la collection de Frascio : cinq poign\u00e9es au design \u00e9pur\u00e9 et aux dimensions compactes, avec une rosace int\u00e9gr\u00e9e de 30\u202fmm pour un rendu harmonieux sur toutes vos portes.<\/p>\n<p data-start=\"222\" data-end=\"603\"><br data-start=\"409\" data-end=\"412\" \/>Deux mod\u00e8les carr\u00e9s, trois mod\u00e8les ronds, pour s\u2019adapter \u00e0 tous les styles d\u2019int\u00e9rieur.<br data-start=\"499\" data-end=\"502\" \/>Fabriqu\u00e9es en aluminium recyclable, elles allient l\u00e9g\u00e8ret\u00e9, \u00e9l\u00e9gance et respect de l\u2019environnement.<\/p>\n[\/vc_column_text][\/vc_column_inner][\/vc_row_inner][\/vc_column][\/vc_row][vc_row][vc_column width=&#8221;1\/2&#8243;][vc_separator]\t<div class=\"et-image-771 et-image     et_image_link\">\n\t\t<div class=\"et-image-inner \">\n\t\t\t\t\t\t\t<div class=\"et-image-thumb \">\n\t\t\t\t\t<img loading=\"lazy\" decoding=\"async\" width=\"842\" height=\"800\" src=\"https:\/\/www.bertoli.fr\/wp-content\/uploads\/2025\/10\/quarto-frascio-bertoli.jpg\" class=\"attachment-full\" alt=\"\" title=\"quarto frascio bertoli\" srcset=\"https:\/\/www.bertoli.fr\/wp-content\/uploads\/2025\/10\/quarto-frascio-bertoli.jpg 842w, https:\/\/www.bertoli.fr\/wp-content\/uploads\/2025\/10\/quarto-frascio-bertoli-300x285.jpg 300w, https:\/\/www.bertoli.fr\/wp-content\/uploads\/2025\/10\/quarto-frascio-bertoli-768x730.jpg 768w, https:\/\/www.bertoli.fr\/wp-content\/uploads\/2025\/10\/quarto-frascio-bertoli-150x143.jpg 150w\" sizes=\"auto, (max-width: 842px) 100vw, 842px\" \/>\t\t\t\t<\/div>\n\t\t\t\t\t\t\t\t\t\t\t<\/div>\n\t<\/div>\n  [\/vc_column][vc_column width=&#8221;1\/2&#8243;][vc_separator]\t<div class=\"et-image-256 et-image alignright    et_image_link\">\n\t\t<div class=\"et-image-inner \">\n\t\t\t\t\t\t\t<div class=\"et-image-thumb \">\n\t\t\t\t\t<img loading=\"lazy\" decoding=\"async\" width=\"1682\" height=\"800\" src=\"https:\/\/www.bertoli.fr\/wp-content\/uploads\/2025\/10\/quarto-dimensions-bertoli.png\" class=\"attachment-full\" alt=\"\" title=\"quarto dimensions bertoli\" srcset=\"https:\/\/www.bertoli.fr\/wp-content\/uploads\/2025\/10\/quarto-dimensions-bertoli.png 1682w, https:\/\/www.bertoli.fr\/wp-content\/uploads\/2025\/10\/quarto-dimensions-bertoli-300x143.png 300w, https:\/\/www.bertoli.fr\/wp-content\/uploads\/2025\/10\/quarto-dimensions-bertoli-1024x487.png 1024w, https:\/\/www.bertoli.fr\/wp-content\/uploads\/2025\/10\/quarto-dimensions-bertoli-768x365.png 768w, https:\/\/www.bertoli.fr\/wp-content\/uploads\/2025\/10\/quarto-dimensions-bertoli-1536x731.png 1536w, https:\/\/www.bertoli.fr\/wp-content\/uploads\/2025\/10\/quarto-dimensions-bertoli-150x71.png 150w, https:\/\/www.bertoli.fr\/wp-content\/uploads\/2025\/10\/quarto-dimensions-bertoli-1000x476.png 1000w\" sizes=\"auto, (max-width: 1682px) 100vw, 1682px\" \/>\t\t\t\t<\/div>\n\t\t\t\t\t\t\t\t\t\t\t<\/div>\n\t<\/div>\n  [\/vc_column][\/vc_row][vc_row][vc_column][vc_empty_space][vc_separator][\/vc_column][\/vc_row]\n","protected":false},"excerpt":{"rendered":"<p>4 Finitions au choix<\/p>\n<p>&nbsp;<\/p>\n","protected":false},"featured_media":24713,"template":"","meta":[],"product_brand":[],"product_cat":[178,154],"product_tag":[],"class_list":{"0":"post-24709","1":"product","2":"type-product","3":"status-publish","4":"has-post-thumbnail","6":"product_cat-accessoires","7":"product_cat-accessoires-design","9":"first","10":"instock","11":"shipping-taxable","12":"purchasable","13":"product-type-variable"},"_links":{"self":[{"href":"https:\/\/www.bertoli.fr\/en\/wp-json\/wp\/v2\/product\/24709","targetHints":{"allow":["GET"]}}],"collection":[{"href":"https:\/\/www.bertoli.fr\/en\/wp-json\/wp\/v2\/product"}],"about":[{"href":"https:\/\/www.bertoli.fr\/en\/wp-json\/wp\/v2\/types\/product"}],"wp:featuredmedia":[{"embeddable":true,"href":"https:\/\/www.bertoli.fr\/en\/wp-json\/wp\/v2\/media\/24713"}],"wp:attachment":[{"href":"https:\/\/www.bertoli.fr\/en\/wp-json\/wp\/v2\/media?parent=24709"}],"wp:term":[{"taxonomy":"product_brand","embeddable":true,"href":"https:\/\/www.bertoli.fr\/en\/wp-json\/wp\/v2\/product_brand?post=24709"},{"taxonomy":"product_cat","embeddable":true,"href":"https:\/\/www.bertoli.fr\/en\/wp-json\/wp\/v2\/product_cat?post=24709"},{"taxonomy":"product_tag","embeddable":true,"href":"https:\/\/www.bertoli.fr\/en\/wp-json\/wp\/v2\/product_tag?post=24709"}],"curies":[{"name":"wp","href":"https:\/\/api.w.org\/{rel}","templated":true}]}}