{"id":24775,"date":"2025-10-07T11:44:59","date_gmt":"2025-10-07T09:44:59","guid":{"rendered":"https:\/\/www.bertoli.fr\/?post_type=product&#038;p=24775"},"modified":"2026-04-13T12:01:11","modified_gmt":"2026-04-13T10:01:11","slug":"porte-noa-1l-caffe","status":"publish","type":"product","link":"https:\/\/www.bertoli.fr\/en\/portes\/porte-noa-1l-caffe\/","title":{"rendered":"NOA 1L  Caff\u00e9"},"content":{"rendered":"[vc_row et_column_align=&#8221;align-center&#8221; css=&#8221;.vc_custom_1579132110345{padding-top: 30px !important;padding-bottom: 60px !important;}&#8221;][vc_column][vc_row_inner content_placement=&#8221;middle&#8221;][vc_column_inner offset=&#8221;vc_col-lg-4&#8243;][vc_column_text]\n<h5 class=\"fancy-title accent-color postline-large\">Poign\u00e9e smart2lock by GRIFFWERK<\/h5>\n<p>Fini les poign\u00e9es d\u00e9pareill\u00e9es &#8230;\u00a0D\u2019un simple clic, le m\u00e9canisme de verrouillage int\u00e9gr\u00e9 \u00e0 la poign\u00e9e s\u00e9curise la pi\u00e8ce et garantit votre intimit\u00e9. Un discret indicateur rouge signale \u00ab\u202fNe pas d\u00e9ranger\u202f\u00bb \u00e0 l\u2019ext\u00e9rieur[\/vc_column_text][\/vc_column_inner][vc_column_inner offset=&#8221;vc_col-lg-offset-1 vc_col-lg-7&#8243;][vc_btn title=&#8221;D\u00e9couvrez la fonctionnalit\u00e9 SMART2LOCK&#8221; shape=&#8221;square&#8221; color=&#8221;black&#8221; size=&#8221;sm&#8221; link=&#8221;url:https%3A%2F%2Fwww.bertoli.fr%2Fwp-content%2Fuploads%2F2025%2F10%2Fgriffwerk-smart2lock-BERTOLI.pdf|target:_blank&#8221;][vc_separator][vc_btn title=&#8221;Vid\u00e9o SMART2LOCK&#8221; shape=&#8221;square&#8221; color=&#8221;inverse&#8221; size=&#8221;sm&#8221; link=&#8221;url:https%3A%2F%2Fwww.bertoli.fr%2Fwp-content%2Fuploads%2F2025%2F10%2Fpoignee-smart2lock-BERTOLI.mp4|target:_blank&#8221;][\/vc_column_inner][\/vc_row_inner][\/vc_column][\/vc_row][vc_row et_column_align=&#8221;align-center&#8221; css=&#8221;.vc_custom_1579132139891{padding-bottom: 60px !important;}&#8221;][vc_column][vc_separator][vc_row_inner content_placement=&#8221;middle&#8221;][vc_column_inner offset=&#8221;vc_col-lg-7&#8243;]\t<div class=\"et-image-309 et-image     et_image_link\">\n\t\t<div class=\"et-image-inner \">\n\t\t\t\t\t\t\t<div class=\"et-image-thumb \">\n\t\t\t\t\t<img loading=\"lazy\" decoding=\"async\" class=\"\" src=\"https:\/\/www.bertoli.fr\/wp-content\/uploads\/2021\/10\/finitionsclimb1-copie.jpg\" width=\"983\" height=\"600\" alt=\"finitions climb\" title=\"\" \/>\t\t\t\t<\/div>\n\t\t\t\t\t\t\t\t\t\t\t<\/div>\n\t<\/div>\n  [vc_column_text]\n<h5 class=\"fancy-title accent-color postline-large\">Choix des finitions<\/h5>\n<p>Des couleurs tendances pour une int\u00e9rieur pas comme les autres &#8230;[\/vc_column_text][\/vc_column_inner][vc_column_inner offset=&#8221;vc_col-lg-offset-1 vc_col-lg-4&#8243;][vc_column_text]\n<h5 class=\"fancy-title accent-color postline-large\">CLIMB<\/h5>\n<p>La collection CLIMB de la gamme GIDEA, s&#8217;inscrit dans la tendance en vous proposant des mod\u00e8les simples, des finitions actuelles avec l&#8217;effet &#8220;Claustra&#8221; &#8230;<br \/>\nun large choix de mod\u00e8les pour vous s\u00e9duire ![\/vc_column_text]\t\t<div id=\"et-button-69e3f97016bad\" class=\"et_btn_align_center \">\n\t\t\t<a href=\"https:\/\/new.bertoli.fr\/wp-content\/uploads\/2022\/07\/GIDEA-Collection-CLIMB.pdf\" class=\" et_btn button et_btn_md solid color-  arrow-enabled \"  role=\"button\" title=\"\" ><span>D\u00e9couvrez la collection CLIMB<\/span><svg xmlns=\"http:\/\/www.w3.org\/2000\/svg\" xmlns:xlink=\"http:\/\/www.w3.org\/1999\/xlink\" x=\"0px\" y=\"0px\"\r\n\t width=\"30px\" height=\"18px\" viewBox=\"0 0 30 18\" enable-background=\"new 0 0 30 18\" xml:space=\"preserve\">\r\n<path class=\"handle\" d=\"M20.305,16.212c-0.407,0.409-0.407,1.071,0,1.479s1.068,0.408,1.476,0l7.914-7.952c0.408-0.409,0.408-1.071,0-1.481\r\n\tl-7.914-7.952c-0.407-0.409-1.068-0.409-1.476,0s-0.407,1.071,0,1.48l7.185,7.221L20.305,16.212z\"\/>\r\n<path class=\"bar\" fill-rule=\"evenodd\" clip-rule=\"evenodd\" d=\"M1,8h28.001c0.551,0,1,0.448,1,1c0,0.553-0.449,1-1,1H1c-0.553,0-1-0.447-1-1\r\n\tC0,8.448,0.447,8,1,8z\"\/>\r\n<\/svg>\r\n<\/a>\n\t\t<\/div>\n\t\t\n\t[\/vc_column_inner][\/vc_row_inner][\/vc_column][\/vc_row][vc_row][vc_column][vc_empty_space][\/vc_column][\/vc_row][vc_row et_column_align=&#8221;align-center&#8221; css=&#8221;.vc_custom_1579131817775{padding-top: 60px !important;padding-bottom: 60px !important;}&#8221;][vc_column][vc_separator][\/vc_column][\/vc_row]\n","protected":false},"excerpt":{"rendered":"<p>Porte d&#8217;int\u00e9rieur battante ou coulissante<\/p>\n<p>Finition MANDORLO CAFF\u00c9,\u00a0 Cadre, chambranles et contre-chambranles assortis<br \/>\nPoign\u00e9es R8 ONE SMART2LOCK<\/p>\n<h5 class=\"fancy-title accent-color postline-large\">Mod\u00e8le visible dans notre show-room<\/h5>\n","protected":false},"featured_media":24778,"template":"","meta":[],"product_brand":[],"product_cat":[149,177],"product_tag":[],"class_list":{"0":"post-24775","1":"product","2":"type-product","3":"status-publish","4":"has-post-thumbnail","6":"product_cat-garofoli","7":"product_cat-portes-dinterieur","9":"first","10":"instock","11":"shipping-taxable","12":"purchasable","13":"product-type-simple"},"_links":{"self":[{"href":"https:\/\/www.bertoli.fr\/en\/wp-json\/wp\/v2\/product\/24775","targetHints":{"allow":["GET"]}}],"collection":[{"href":"https:\/\/www.bertoli.fr\/en\/wp-json\/wp\/v2\/product"}],"about":[{"href":"https:\/\/www.bertoli.fr\/en\/wp-json\/wp\/v2\/types\/product"}],"wp:featuredmedia":[{"embeddable":true,"href":"https:\/\/www.bertoli.fr\/en\/wp-json\/wp\/v2\/media\/24778"}],"wp:attachment":[{"href":"https:\/\/www.bertoli.fr\/en\/wp-json\/wp\/v2\/media?parent=24775"}],"wp:term":[{"taxonomy":"product_brand","embeddable":true,"href":"https:\/\/www.bertoli.fr\/en\/wp-json\/wp\/v2\/product_brand?post=24775"},{"taxonomy":"product_cat","embeddable":true,"href":"https:\/\/www.bertoli.fr\/en\/wp-json\/wp\/v2\/product_cat?post=24775"},{"taxonomy":"product_tag","embeddable":true,"href":"https:\/\/www.bertoli.fr\/en\/wp-json\/wp\/v2\/product_tag?post=24775"}],"curies":[{"name":"wp","href":"https:\/\/api.w.org\/{rel}","templated":true}]}}