{"id":24894,"date":"2025-11-24T09:20:54","date_gmt":"2025-11-24T08:20:54","guid":{"rendered":"https:\/\/www.bertoli.fr\/?post_type=product&#038;p=24894"},"modified":"2026-04-13T11:58:27","modified_gmt":"2026-04-13T09:58:27","slug":"poigneeinfinity","status":"publish","type":"product","link":"https:\/\/www.bertoli.fr\/en\/portes\/poigneeinfinity\/","title":{"rendered":"INFINITY"},"content":{"rendered":"[vc_row et_column_align=&#8221;align-center&#8221; css=&#8221;.vc_custom_1579132110345{padding-top: 30px !important;padding-bottom: 60px !important;}&#8221;][vc_column][vc_row_inner content_placement=&#8221;middle&#8221;][vc_column_inner offset=&#8221;vc_col-lg-4&#8243;][vc_column_text]\n<h3>Par Ciani Billi Design<\/h3>\n<p><em>Infinity recouvre la rosace du cylindre massif, tandis que la poign\u00e9e glisse avec \u00e9l\u00e9gance, telle une note port\u00e9e par les ailes de l\u2019infini.<\/em><\/p>\n<p>Fabrication Italienne[\/vc_column_text]\t\t<div id=\"et-button-69f46af67359d\" class=\"et_btn_align_left \">\n\t\t\t<a href=\"https:\/\/www.bertoli.fr\/wp-content\/uploads\/2025\/10\/Icon-Groove-FORME-chez-BERTOLI.pdf\" class=\" et_btn button et_btn_md solid color-   \" target=\"_blank\" role=\"button\" title=\"\" ><span>D\u00e9couvrez le mod\u00e8le ICON GROOVE<\/span><\/a>\n\t\t<\/div>\n\t\t\n\t[\/vc_column_inner][vc_column_inner offset=&#8221;vc_col-lg-offset-1 vc_col-lg-7&#8243;][vc_empty_space]\t<div class=\"et-image-332 et-image aligncenter    et_image_link\">\n\t\t<div class=\"et-image-inner \">\n\t\t\t\t\t\t\t<div class=\"et-image-thumb \">\n\t\t\t\t\t<img loading=\"lazy\" decoding=\"async\" width=\"300\" height=\"82\" src=\"https:\/\/www.bertoli.fr\/wp-content\/uploads\/2025\/10\/FORME-chez-bertoli-300x82.png\" class=\"attachment-medium\" alt=\"\" title=\"FORME chez bertoli\" srcset=\"https:\/\/www.bertoli.fr\/wp-content\/uploads\/2025\/10\/FORME-chez-bertoli-300x82.png 300w, https:\/\/www.bertoli.fr\/wp-content\/uploads\/2025\/10\/FORME-chez-bertoli-150x41.png 150w, https:\/\/www.bertoli.fr\/wp-content\/uploads\/2025\/10\/FORME-chez-bertoli.png 500w\" sizes=\"auto, (max-width: 300px) 100vw, 300px\" \/>\t\t\t\t<\/div>\n\t\t\t\t\t\t\t\t\t\t\t<\/div>\n\t<\/div>\n  [\/vc_column_inner][\/vc_row_inner][vc_separator][\/vc_column][\/vc_row][vc_row][vc_column]\t<div class=\"et-image-150 et-image aligncenter    et_image_link\">\n\t\t<div class=\"et-image-inner \">\n\t\t\t\t\t\t\t<div class=\"et-image-thumb \">\n\t\t\t\t\t<img loading=\"lazy\" decoding=\"async\" width=\"1231\" height=\"1000\" src=\"https:\/\/www.bertoli.fr\/wp-content\/uploads\/2025\/11\/INFINITY-FORME-BERTOLI.jpg\" class=\"attachment-full\" alt=\"\" title=\"INFINITY FORME BERTOLI\" srcset=\"https:\/\/www.bertoli.fr\/wp-content\/uploads\/2025\/11\/INFINITY-FORME-BERTOLI.jpg 1231w, https:\/\/www.bertoli.fr\/wp-content\/uploads\/2025\/11\/INFINITY-FORME-BERTOLI-300x244.jpg 300w, https:\/\/www.bertoli.fr\/wp-content\/uploads\/2025\/11\/INFINITY-FORME-BERTOLI-1024x832.jpg 1024w, https:\/\/www.bertoli.fr\/wp-content\/uploads\/2025\/11\/INFINITY-FORME-BERTOLI-768x624.jpg 768w, https:\/\/www.bertoli.fr\/wp-content\/uploads\/2025\/11\/INFINITY-FORME-BERTOLI-150x122.jpg 150w, https:\/\/www.bertoli.fr\/wp-content\/uploads\/2025\/11\/INFINITY-FORME-BERTOLI-1000x812.jpg 1000w\" sizes=\"auto, (max-width: 1231px) 100vw, 1231px\" \/>\t\t\t\t<\/div>\n\t\t\t\t\t\t\t\t\t\t\t<\/div>\n\t<\/div>\n  [\/vc_column][\/vc_row][vc_row][vc_column][vc_separator][\/vc_column][\/vc_row]\n","protected":false},"excerpt":{"rendered":"<p>4\u00a0 finitions au choix &#8211;\u00a0 zamak<br \/>\nLongueur b\u00e9quille : 153mm<br \/>\nDiam\u00e8tre rosace :\u00a0 \u00a0 \u00a0 56mm<\/p>\n","protected":false},"featured_media":25143,"template":"","meta":[],"product_brand":[],"product_cat":[178,154],"product_tag":[],"class_list":{"0":"post-24894","1":"product","2":"type-product","3":"status-publish","4":"has-post-thumbnail","6":"product_cat-accessoires","7":"product_cat-accessoires-design","9":"first","10":"instock","11":"shipping-taxable","12":"purchasable","13":"product-type-variable"},"_links":{"self":[{"href":"https:\/\/www.bertoli.fr\/en\/wp-json\/wp\/v2\/product\/24894","targetHints":{"allow":["GET"]}}],"collection":[{"href":"https:\/\/www.bertoli.fr\/en\/wp-json\/wp\/v2\/product"}],"about":[{"href":"https:\/\/www.bertoli.fr\/en\/wp-json\/wp\/v2\/types\/product"}],"wp:featuredmedia":[{"embeddable":true,"href":"https:\/\/www.bertoli.fr\/en\/wp-json\/wp\/v2\/media\/25143"}],"wp:attachment":[{"href":"https:\/\/www.bertoli.fr\/en\/wp-json\/wp\/v2\/media?parent=24894"}],"wp:term":[{"taxonomy":"product_brand","embeddable":true,"href":"https:\/\/www.bertoli.fr\/en\/wp-json\/wp\/v2\/product_brand?post=24894"},{"taxonomy":"product_cat","embeddable":true,"href":"https:\/\/www.bertoli.fr\/en\/wp-json\/wp\/v2\/product_cat?post=24894"},{"taxonomy":"product_tag","embeddable":true,"href":"https:\/\/www.bertoli.fr\/en\/wp-json\/wp\/v2\/product_tag?post=24894"}],"curies":[{"name":"wp","href":"https:\/\/api.w.org\/{rel}","templated":true}]}}