{"id":24899,"date":"2025-10-08T09:25:55","date_gmt":"2025-10-08T07:25:55","guid":{"rendered":"https:\/\/www.bertoli.fr\/?post_type=product&#038;p=24899"},"modified":"2026-04-13T11:58:27","modified_gmt":"2026-04-13T09:58:27","slug":"penta","status":"publish","type":"product","link":"https:\/\/www.bertoli.fr\/en\/portes\/penta\/","title":{"rendered":"PENTA"},"content":{"rendered":"[vc_row et_column_align=&#8221;align-center&#8221; css=&#8221;.vc_custom_1579132110345{padding-top: 30px !important;padding-bottom: 60px !important;}&#8221;][vc_column][vc_row_inner content_placement=&#8221;middle&#8221;][vc_column_inner offset=&#8221;vc_col-lg-4&#8243;][vc_column_text]\n<h5 class=\"fancy-title accent-color postline-large\">PENTA<\/h5>\n<h3>DESIGN qui surprend dans le bon sens !<\/h3>\n<p>Fabrication Italienne[\/vc_column_text]\t\t<div id=\"et-button-69e40f4a1e519\" class=\"et_btn_align_left \">\n\t\t\t<a href=\"https:\/\/www.bertoli.fr\/wp-content\/uploads\/2025\/10\/Penta-poignee-FORME-chez-BERTOLI.pdf\" class=\" et_btn button et_btn_md solid color-   \" target=\"_blank\" role=\"button\" title=\"\" ><span>D\u00e9couvrez le mod\u00e8le PENTA<\/span><\/a>\n\t\t<\/div>\n\t\t\n\t[\/vc_column_inner][vc_column_inner offset=&#8221;vc_col-lg-offset-1 vc_col-lg-7&#8243;]\t<div class=\"et-image-367 et-image aligncenter    et_image_link\">\n\t\t<div class=\"et-image-inner \">\n\t\t\t\t\t\t\t<div class=\"et-image-thumb \">\n\t\t\t\t\t<img loading=\"lazy\" decoding=\"async\" width=\"244\" height=\"300\" src=\"https:\/\/www.bertoli.fr\/wp-content\/uploads\/2025\/10\/PENTA-FORME-graphite-BERTOLI-244x300.png\" class=\"attachment-medium\" alt=\"\" title=\"PENTA FORME graphite BERTOLI\" srcset=\"https:\/\/www.bertoli.fr\/wp-content\/uploads\/2025\/10\/PENTA-FORME-graphite-BERTOLI-244x300.png 244w, https:\/\/www.bertoli.fr\/wp-content\/uploads\/2025\/10\/PENTA-FORME-graphite-BERTOLI-122x150.png 122w, https:\/\/www.bertoli.fr\/wp-content\/uploads\/2025\/10\/PENTA-FORME-graphite-BERTOLI.png 650w\" sizes=\"auto, (max-width: 244px) 100vw, 244px\" \/>\t\t\t\t<\/div>\n\t\t\t\t\t\t\t\t\t\t\t<\/div>\n\t<\/div>\n  \t<div class=\"et-testimonial \">\n\t\t\t\t<blockquote><p>N\u00e9 de l\u2019alliance entre Francesca Ciani, artiste, et Renzo Billi, ing\u00e9nieur, Ciani Billi Design con\u00e7oit des cr\u00e9ations alliant \u00e9l\u00e9gance, innovation et fonctionnalit\u00e9. Le duo d\u00e9veloppe des objets et \u00e9l\u00e9ments d\u2019ameublement au design contemporain, aujourd\u2019hui reconnus et diffus\u00e9s en Italie et \u00e0 l\u2019international<\/p>\n<\/blockquote>\n\t\t\t\t\t<div class=\"et-testimonial-image\"><\/div>\n\t\t\t<div class=\"et-testimonial-author\">\n\t\t\t\t<cite>Ciani Billi Design<\/cite>\t\t\t<\/div>\n\t\t\t<\/div>\n\n\t[\/vc_column_inner][\/vc_row_inner][vc_separator][\/vc_column][\/vc_row][vc_row][vc_column][vc_separator][\/vc_column][\/vc_row]\n","protected":false},"excerpt":{"rendered":"<p>4\u00a0 finitions au choix &#8211;\u00a0 zamak<br \/>\nLongueur b\u00e9quille : 155mm<br \/>\nDiam\u00e8tre rosace :\u00a0 \u00a0 \u00a0 35x50mm<\/p>\n","protected":false},"featured_media":24912,"template":"","meta":[],"product_brand":[],"product_cat":[178,154],"product_tag":[],"class_list":{"0":"post-24899","1":"product","2":"type-product","3":"status-publish","4":"has-post-thumbnail","6":"product_cat-accessoires","7":"product_cat-accessoires-design","9":"first","10":"instock","11":"shipping-taxable","12":"purchasable","13":"product-type-variable"},"_links":{"self":[{"href":"https:\/\/www.bertoli.fr\/en\/wp-json\/wp\/v2\/product\/24899","targetHints":{"allow":["GET"]}}],"collection":[{"href":"https:\/\/www.bertoli.fr\/en\/wp-json\/wp\/v2\/product"}],"about":[{"href":"https:\/\/www.bertoli.fr\/en\/wp-json\/wp\/v2\/types\/product"}],"wp:featuredmedia":[{"embeddable":true,"href":"https:\/\/www.bertoli.fr\/en\/wp-json\/wp\/v2\/media\/24912"}],"wp:attachment":[{"href":"https:\/\/www.bertoli.fr\/en\/wp-json\/wp\/v2\/media?parent=24899"}],"wp:term":[{"taxonomy":"product_brand","embeddable":true,"href":"https:\/\/www.bertoli.fr\/en\/wp-json\/wp\/v2\/product_brand?post=24899"},{"taxonomy":"product_cat","embeddable":true,"href":"https:\/\/www.bertoli.fr\/en\/wp-json\/wp\/v2\/product_cat?post=24899"},{"taxonomy":"product_tag","embeddable":true,"href":"https:\/\/www.bertoli.fr\/en\/wp-json\/wp\/v2\/product_tag?post=24899"}],"curies":[{"name":"wp","href":"https:\/\/api.w.org\/{rel}","templated":true}]}}