{"id":24917,"date":"2025-10-08T10:25:16","date_gmt":"2025-10-08T08:25:16","guid":{"rendered":"https:\/\/www.bertoli.fr\/?post_type=product&#038;p=24917"},"modified":"2026-04-13T11:58:28","modified_gmt":"2026-04-13T09:58:28","slug":"veronica","status":"publish","type":"product","link":"https:\/\/www.bertoli.fr\/en\/portes\/veronica\/","title":{"rendered":"VERONICA"},"content":{"rendered":"[vc_row et_column_align=&#8221;align-center&#8221; css=&#8221;.vc_custom_1579132110345{padding-top: 30px !important;padding-bottom: 60px !important;}&#8221;][vc_column][vc_row_inner content_placement=&#8221;middle&#8221;][vc_column_inner offset=&#8221;vc_col-lg-4&#8243;][vc_column_text]\n<h5 class=\"fancy-title accent-color postline-large\">VERONICA<\/h5>\n<h3>Mod\u00e8le \u00c9L\u00c9GANT en laiton<\/h3>\n<p>Fabrication Italienne[\/vc_column_text]\t\t<div id=\"et-button-69e3dfaee61c8\" class=\"et_btn_align_left \">\n\t\t\t<a href=\"https:\/\/www.bertoli.fr\/wp-content\/uploads\/2025\/10\/Veronica-poignee-FORME-chez-BERTOLI-1.pdf\" class=\" et_btn button et_btn_md solid color-   \" target=\"_blank\" role=\"button\" title=\"\" ><span>D\u00e9couvrez le mod\u00e8le VERONICA<\/span><\/a>\n\t\t<\/div>\n\t\t\n\t[\/vc_column_inner][vc_column_inner offset=&#8221;vc_col-lg-offset-1 vc_col-lg-7&#8243;]\t<div class=\"et-image-377 et-image     et_image_link\">\n\t\t<div class=\"et-image-inner \">\n\t\t\t\t\t\t\t<div class=\"et-image-thumb \">\n\t\t\t\t\t<img loading=\"lazy\" decoding=\"async\" width=\"642\" height=\"800\" src=\"https:\/\/www.bertoli.fr\/wp-content\/uploads\/2025\/10\/Veronica-poignee-sur-plaque-FORME.jpg\" class=\"attachment-large\" alt=\"\" title=\"Veronica poign\u00e9e sur plaque FORME\" srcset=\"https:\/\/www.bertoli.fr\/wp-content\/uploads\/2025\/10\/Veronica-poignee-sur-plaque-FORME.jpg 642w, https:\/\/www.bertoli.fr\/wp-content\/uploads\/2025\/10\/Veronica-poignee-sur-plaque-FORME-241x300.jpg 241w, https:\/\/www.bertoli.fr\/wp-content\/uploads\/2025\/10\/Veronica-poignee-sur-plaque-FORME-120x150.jpg 120w\" sizes=\"auto, (max-width: 642px) 100vw, 642px\" \/>\t\t\t\t<\/div>\n\t\t\t\t\t\t\t\t\t\t\t<\/div>\n\t<\/div>\n  [\/vc_column_inner][\/vc_row_inner][vc_separator][vc_separator][\/vc_column][\/vc_row][vc_row][vc_column]\t<div class=\"et-image-592 et-image aligncenter    et_image_link\">\n\t\t<div class=\"et-image-inner \">\n\t\t\t\t\t\t\t<div class=\"et-image-thumb \">\n\t\t\t\t\t<img loading=\"lazy\" decoding=\"async\" width=\"600\" height=\"600\" src=\"https:\/\/www.bertoli.fr\/wp-content\/uploads\/2025\/10\/VERONICA-poignee-sur-plaque-et-fenetre-FORME-BERTOLI.png\" class=\"attachment-full\" alt=\"\" title=\"VERONICA poign\u00e9e sur plaque et fen\u00eatre FORME BERTOLI\" srcset=\"https:\/\/www.bertoli.fr\/wp-content\/uploads\/2025\/10\/VERONICA-poignee-sur-plaque-et-fenetre-FORME-BERTOLI.png 600w, https:\/\/www.bertoli.fr\/wp-content\/uploads\/2025\/10\/VERONICA-poignee-sur-plaque-et-fenetre-FORME-BERTOLI-300x300.png 300w, https:\/\/www.bertoli.fr\/wp-content\/uploads\/2025\/10\/VERONICA-poignee-sur-plaque-et-fenetre-FORME-BERTOLI-150x150.png 150w, https:\/\/www.bertoli.fr\/wp-content\/uploads\/2025\/10\/VERONICA-poignee-sur-plaque-et-fenetre-FORME-BERTOLI-100x100.png 100w, https:\/\/www.bertoli.fr\/wp-content\/uploads\/2025\/10\/VERONICA-poignee-sur-plaque-et-fenetre-FORME-BERTOLI-50x50.png 50w\" sizes=\"auto, (max-width: 600px) 100vw, 600px\" \/>\t\t\t\t<\/div>\n\t\t\t\t\t\t\t\t\t\t\t<\/div>\n\t<\/div>\n  [\/vc_column][\/vc_row][vc_row][vc_column][vc_separator][\/vc_column][\/vc_row]\n","protected":false},"excerpt":{"rendered":"<p>4\u00a0 finitions au choix en LAITON<br \/>\nLongueur b\u00e9quille : 140mm<br \/>\nDiam\u00e8tre rosace :\u00a0 \u00a0 \u00a0 55mm<\/p>\n","protected":false},"featured_media":24922,"template":"","meta":[],"product_brand":[],"product_cat":[178,155],"product_tag":[],"class_list":{"0":"post-24917","1":"product","2":"type-product","3":"status-publish","4":"has-post-thumbnail","6":"product_cat-accessoires","7":"product_cat-accessoires-de-style","9":"first","10":"instock","11":"shipping-taxable","12":"purchasable","13":"product-type-variable"},"_links":{"self":[{"href":"https:\/\/www.bertoli.fr\/en\/wp-json\/wp\/v2\/product\/24917","targetHints":{"allow":["GET"]}}],"collection":[{"href":"https:\/\/www.bertoli.fr\/en\/wp-json\/wp\/v2\/product"}],"about":[{"href":"https:\/\/www.bertoli.fr\/en\/wp-json\/wp\/v2\/types\/product"}],"wp:featuredmedia":[{"embeddable":true,"href":"https:\/\/www.bertoli.fr\/en\/wp-json\/wp\/v2\/media\/24922"}],"wp:attachment":[{"href":"https:\/\/www.bertoli.fr\/en\/wp-json\/wp\/v2\/media?parent=24917"}],"wp:term":[{"taxonomy":"product_brand","embeddable":true,"href":"https:\/\/www.bertoli.fr\/en\/wp-json\/wp\/v2\/product_brand?post=24917"},{"taxonomy":"product_cat","embeddable":true,"href":"https:\/\/www.bertoli.fr\/en\/wp-json\/wp\/v2\/product_cat?post=24917"},{"taxonomy":"product_tag","embeddable":true,"href":"https:\/\/www.bertoli.fr\/en\/wp-json\/wp\/v2\/product_tag?post=24917"}],"curies":[{"name":"wp","href":"https:\/\/api.w.org\/{rel}","templated":true}]}}