{"id":25272,"date":"2026-01-30T17:29:11","date_gmt":"2026-01-30T16:29:11","guid":{"rendered":"https:\/\/www.bertoli.fr\/?post_type=product&#038;p=25272"},"modified":"2026-04-13T12:01:11","modified_gmt":"2026-04-13T10:01:11","slug":"porte-haussmannienne-a-3-panneaux-noyer","status":"publish","type":"product","link":"https:\/\/www.bertoli.fr\/en\/portes\/porte-haussmannienne-a-3-panneaux-noyer\/","title":{"rendered":"Porte Haussmannienne Noyer de France"},"content":{"rendered":"[vc_row][vc_column width=&#8221;1\/2&#8243;]\t<div class=\"et-image-977 et-image alignright  small  et_image_link\">\n\t\t<div class=\"et-image-inner \">\n\t\t\t\t\t\t\t<div class=\"et-image-thumb \">\n\t\t\t\t\t<img loading=\"lazy\" decoding=\"async\" width=\"406\" height=\"500\" src=\"https:\/\/www.bertoli.fr\/wp-content\/uploads\/2026\/01\/poignee-luck-forme-pour-porte-Haussmannienne-BERTOLI.png\" class=\"attachment-full\" alt=\"\" title=\"poign\u00e9e luck forme pour porte Haussmannienne BERTOLI\" srcset=\"https:\/\/www.bertoli.fr\/wp-content\/uploads\/2026\/01\/poignee-luck-forme-pour-porte-Haussmannienne-BERTOLI.png 406w, https:\/\/www.bertoli.fr\/wp-content\/uploads\/2026\/01\/poignee-luck-forme-pour-porte-Haussmannienne-BERTOLI-244x300.png 244w, https:\/\/www.bertoli.fr\/wp-content\/uploads\/2026\/01\/poignee-luck-forme-pour-porte-Haussmannienne-BERTOLI-122x150.png 122w\" sizes=\"auto, (max-width: 406px) 100vw, 406px\" \/>\t\t\t\t<\/div>\n\t\t\t\t\t\t\t\t\t\t\t<\/div>\n\t<\/div>\n  [\/vc_column][vc_column width=&#8221;1\/2&#8243;]\t<div class=\"et-image-243 et-image aligncenter    et_image_link\">\n\t\t<div class=\"et-image-inner \">\n\t\t\t\t\t\t\t<div class=\"et-image-thumb \">\n\t\t\t\t\t<img loading=\"lazy\" decoding=\"async\" width=\"800\" height=\"600\" src=\"https:\/\/www.bertoli.fr\/wp-content\/uploads\/2026\/01\/poignee-LUCK-FORME-BERTOLI.png\" class=\"attachment-full\" alt=\"\" title=\"poign\u00e9e LUCK FORME BERTOLI\" srcset=\"https:\/\/www.bertoli.fr\/wp-content\/uploads\/2026\/01\/poignee-LUCK-FORME-BERTOLI.png 800w, https:\/\/www.bertoli.fr\/wp-content\/uploads\/2026\/01\/poignee-LUCK-FORME-BERTOLI-300x225.png 300w, https:\/\/www.bertoli.fr\/wp-content\/uploads\/2026\/01\/poignee-LUCK-FORME-BERTOLI-768x576.png 768w, https:\/\/www.bertoli.fr\/wp-content\/uploads\/2026\/01\/poignee-LUCK-FORME-BERTOLI-150x113.png 150w\" sizes=\"auto, (max-width: 800px) 100vw, 800px\" \/>\t\t\t\t<\/div>\n\t\t\t\t\t\t\t\t\t\t\t<\/div>\n\t<\/div>\n  \t\t<div id=\"et-button-69f75f2c3cd45\" class=\"et_btn_align_center animation right-to-left-3d\">\n\t\t\t<a href=\"https:\/\/www.bertoli.fr\/wp-content\/uploads\/2026\/01\/Luck-poignee-FORME-chez-BERTOLI.pdf\" class=\" et_btn button et_btn_md solid rounded color-   \" target=\"_blank\" role=\"button\" title=\"\" ><span>LUCK Poign\u00e9e Forme<\/span><\/a>\n\t\t<\/div>\n\t\t\n\t[\/vc_column][\/vc_row][vc_row][vc_column][vc_separator][\/vc_column][\/vc_row][vc_row][vc_column width=&#8221;1\/3&#8243;][vc_column_text]\n<h5 class=\"fancy-title accent-color postline-large\" style=\"text-align: center;\"><span style=\"vertical-align: inherit;\">ASSEMBLAGES \u00c0 TENONS ET MORTAISES COLL\u00c9S ET CHEVILL\u00c9S BOIS<\/span><\/h5>\n<h5><span style=\"vertical-align: inherit;\">MOULURATION \u00c0 GRAND CADRE A COUPES D&#8217;ONGLET 55mm<\/span><br \/>\n<em><span style=\"vertical-align: inherit;\">DOUBLES FACES IDENTIQUES<\/span><\/em><\/h5>\n<h5><span style=\"vertical-align: inherit;\">PANNEAUX \u00c0 PLATES-BANDES<\/span><br \/>\n<em><span style=\"vertical-align: inherit;\">DOUBLES FACES IDENTIQUES<\/span><\/em><\/h5>\n<h4 style=\"text-align: center;\"><strong><span style=\"vertical-align: inherit;\">Toutes nos portes sont fabriqu\u00e9es dans des essences de bois s\u00e9ch\u00e9es dans nos ateliers <\/span><br \/>\n<span style=\"vertical-align: inherit;\">(10 \u00e0 12% d&#8217;hygrom\u00e9trie)<\/span><\/strong><\/h4>\n[\/vc_column_text][\/vc_column][vc_column width=&#8221;1\/3&#8243;][vc_empty_space height=&#8221;100px&#8221;][vc_column_text]<span style=\"vertical-align: inherit;\">Nous vous proposons de fabriquer vos portes haussmanniennes dans diff\u00e9rentes essences : bois \u00e0 peindre, Tilleul, Ch\u00e2taignier de France, Ch\u00eane de France, Merisier de France, Noyer de France. (autres sur demande)<\/span><\/p>\n<p><span style=\"vertical-align: inherit;\">Les mod\u00e8les de portes style Haussmannien sont r\u00e9alisables :<\/span><\/p>\n<ul>\n<li><span style=\"vertical-align: inherit;\">dans toutes les dimensions<\/span><\/li>\n<li><span style=\"vertical-align: inherit;\">\u00e0 panneaux ou vitr\u00e9es<\/span><\/li>\n<li><span style=\"vertical-align: inherit;\">en deux ou trois panneaux<\/span><\/li>\n<li><span style=\"vertical-align: inherit;\">en simple vantail, double porte haussmannienne, en tierc\u00e9e&#8230;<\/span><\/li>\n<li><span style=\"vertical-align: inherit;\">battante, coulissante \u00e0 galandage ou en applique (fourniture des ch\u00e2ssis ou rail)<\/span><\/li>\n<li><span style=\"vertical-align: inherit;\">en EI30, EI60, acoustique, blind\u00e9e, pare-balles &#8230;<\/span><\/li>\n<li>en placard, boiseries murales assortis<\/li>\n<\/ul>\n[\/vc_column_text][\/vc_column][vc_column width=&#8221;1\/3&#8243;][vc_empty_space height=&#8221;100px&#8221;][vc_column_text]<span style=\"vertical-align: inherit;\">Les cadres sont fabriqu\u00e9s de l&#8217;\u00e9paisseur de vos cloisons afin de permettre une pose parfaite des couvre-joints sur les deux faces. <\/span><br \/>\n<span style=\"vertical-align: inherit;\">Toutes nos portes sont \u00e9quip\u00e9es de paumelles entaill\u00e9es et d&#8217;une serrure \u00e0 larder NF, sur demande nous vous proposons :<\/span><\/p>\n<ul>\n<li><span style=\"vertical-align: inherit;\">des charni\u00e8res invisibles, serrure magn\u00e9tique<\/span><\/li>\n<li><span style=\"vertical-align: inherit;\">joint phonique, plinthe automatique en partie basse<\/span><\/li>\n<li><span style=\"vertical-align: inherit;\">Large choix de finitions, poign\u00e9es \u00e0 d\u00e9couvrir&#8230;<\/span><\/li>\n<\/ul>\n[\/vc_column_text][\/vc_column][\/vc_row][vc_row][vc_column][vc_separator][\/vc_column][\/vc_row][vc_row][vc_column][vc_empty_space][vc_separator][\/vc_column][\/vc_row][vc_row][vc_column][vc_separator][\/vc_column][\/vc_row]\n","protected":false},"excerpt":{"rendered":"<p>Porte Haussmannienne \u00e0 3 panneaux<br \/>\nEnsemble chambranles et socles, moulure de 80x22mm<\/p>\n<p>Poign\u00e9e en laiton LUCK by FORME fabrication Italienne<\/p>\n<p>Pr\u00e9sent\u00e9 en 2300 x 830mm<br \/>\n<em>*autres sur demande<\/em><\/p>\n<h5 class=\"fancy-title accent-color postline-large\">Mod\u00e8le visible dans notre show-room<\/h5>\n<h4><\/h4>\n","protected":false},"featured_media":25309,"template":"","meta":[],"product_brand":[],"product_cat":[151,177],"product_tag":[],"class_list":{"0":"post-25272","1":"product","2":"type-product","3":"status-publish","4":"has-post-thumbnail","6":"product_cat-haussmanniennes","7":"product_cat-portes-dinterieur","9":"first","10":"instock","11":"shipping-taxable","12":"purchasable","13":"product-type-variable"},"_links":{"self":[{"href":"https:\/\/www.bertoli.fr\/en\/wp-json\/wp\/v2\/product\/25272","targetHints":{"allow":["GET"]}}],"collection":[{"href":"https:\/\/www.bertoli.fr\/en\/wp-json\/wp\/v2\/product"}],"about":[{"href":"https:\/\/www.bertoli.fr\/en\/wp-json\/wp\/v2\/types\/product"}],"wp:featuredmedia":[{"embeddable":true,"href":"https:\/\/www.bertoli.fr\/en\/wp-json\/wp\/v2\/media\/25309"}],"wp:attachment":[{"href":"https:\/\/www.bertoli.fr\/en\/wp-json\/wp\/v2\/media?parent=25272"}],"wp:term":[{"taxonomy":"product_brand","embeddable":true,"href":"https:\/\/www.bertoli.fr\/en\/wp-json\/wp\/v2\/product_brand?post=25272"},{"taxonomy":"product_cat","embeddable":true,"href":"https:\/\/www.bertoli.fr\/en\/wp-json\/wp\/v2\/product_cat?post=25272"},{"taxonomy":"product_tag","embeddable":true,"href":"https:\/\/www.bertoli.fr\/en\/wp-json\/wp\/v2\/product_tag?post=25272"}],"curies":[{"name":"wp","href":"https:\/\/api.w.org\/{rel}","templated":true}]}}