{"id":25380,"date":"2026-02-26T15:29:08","date_gmt":"2026-02-26T14:29:08","guid":{"rendered":"https:\/\/www.bertoli.fr\/?post_type=product&#038;p=25380"},"modified":"2026-04-13T12:01:11","modified_gmt":"2026-04-13T10:01:11","slug":"ottanta","status":"publish","type":"product","link":"https:\/\/www.bertoli.fr\/en\/portes\/ottanta\/","title":{"rendered":"OTTANTA 1V"},"content":{"rendered":"[vc_row et_column_align=&#8221;align-center&#8221; css=&#8221;.vc_custom_1579132110345{padding-top: 30px !important;padding-bottom: 60px !important;}&#8221;][vc_column][vc_row_inner content_placement=&#8221;middle&#8221;][vc_column_inner offset=&#8221;vc_col-lg-4&#8243;][vc_column_text]\n<h5 class=\"fancy-title accent-color postline-large\">ACTUALIT\u00c9 PORTE<\/h5>\n<p><strong>Nouvelle Collection OTTANTA<\/strong><br \/>\ndes lignes simples, naturelles et actuelles pour votre int\u00e9rieur!<\/p>\n<p>choix du CHENE FIL VERTICAL ou HORIZONTAL<br \/>\n3 finitions au choix Ch\u00eane laqu\u00e9 blanc, Ch\u00eane soie ou Ch\u00eane Terre[\/vc_column_text][\/vc_column_inner][vc_column_inner offset=&#8221;vc_col-lg-offset-1 vc_col-lg-7&#8243;]\t<div class=\"et-image-40 et-image     et_image_link\">\n\t\t<div class=\"et-image-inner \">\n\t\t\t\t\t\t\t<div class=\"et-image-thumb \">\n\t\t\t\t\t<img loading=\"lazy\" decoding=\"async\" width=\"650\" height=\"800\" src=\"https:\/\/www.bertoli.fr\/wp-content\/uploads\/2026\/02\/OTTANTA-1LV-Garofoli-BERTOLI.jpg\" class=\"attachment-full\" alt=\"\" title=\"OTTANTA 1LV Garofoli BERTOLI\" srcset=\"https:\/\/www.bertoli.fr\/wp-content\/uploads\/2026\/02\/OTTANTA-1LV-Garofoli-BERTOLI.jpg 650w, https:\/\/www.bertoli.fr\/wp-content\/uploads\/2026\/02\/OTTANTA-1LV-Garofoli-BERTOLI-244x300.jpg 244w, https:\/\/www.bertoli.fr\/wp-content\/uploads\/2026\/02\/OTTANTA-1LV-Garofoli-BERTOLI-122x150.jpg 122w\" sizes=\"auto, (max-width: 650px) 100vw, 650px\" \/>\t\t\t\t<\/div>\n\t\t\t\t\t\t\t\t\t\t\t<\/div>\n\t<\/div>\n  [\/vc_column_inner][\/vc_row_inner][\/vc_column][\/vc_row][vc_row][vc_column][vc_separator][\/vc_column][\/vc_row][vc_row et_column_align=&#8221;align-center&#8221; css=&#8221;.vc_custom_1579132139891{padding-bottom: 60px !important;}&#8221;][vc_column][vc_row_inner content_placement=&#8221;middle&#8221;][vc_column_inner offset=&#8221;vc_col-lg-7&#8243;]\t<div class=\"et-image-192 et-image     et_image_link\">\n\t\t<div class=\"et-image-inner \">\n\t\t\t\t\t\t\t<div class=\"et-image-thumb \">\n\t\t\t\t\t<img loading=\"lazy\" decoding=\"async\" width=\"701\" height=\"1000\" src=\"https:\/\/www.bertoli.fr\/wp-content\/uploads\/2026\/02\/OTTANTA-1LO-Garofoli-BERTOLI.jpg\" class=\"attachment-full\" alt=\"\" title=\"OTTANTA 1LO Garofoli BERTOLI\" srcset=\"https:\/\/www.bertoli.fr\/wp-content\/uploads\/2026\/02\/OTTANTA-1LO-Garofoli-BERTOLI.jpg 701w, https:\/\/www.bertoli.fr\/wp-content\/uploads\/2026\/02\/OTTANTA-1LO-Garofoli-BERTOLI-210x300.jpg 210w, https:\/\/www.bertoli.fr\/wp-content\/uploads\/2026\/02\/OTTANTA-1LO-Garofoli-BERTOLI-105x150.jpg 105w\" sizes=\"auto, (max-width: 701px) 100vw, 701px\" \/>\t\t\t\t<\/div>\n\t\t\t\t\t\t\t\t\t\t\t<\/div>\n\t<\/div>\n  [\/vc_column_inner][vc_column_inner offset=&#8221;vc_col-lg-offset-1 vc_col-lg-4&#8243;][vc_column_text]\n<h5 class=\"fancy-title accent-color postline-large\">FIL HORIZONTAL<\/h5>\n<p><strong>rythme du bois au choix &#8230;<\/strong><br \/>\nCh\u00eane Soie, poign\u00e9e Luce noire[\/vc_column_text][\/vc_column_inner][\/vc_row_inner][\/vc_column][\/vc_row][vc_row][vc_column][vc_separator][\/vc_column][\/vc_row][vc_row et_column_align=&#8221;align-center&#8221; css=&#8221;.vc_custom_1579131817775{padding-top: 60px !important;padding-bottom: 60px !important;}&#8221;][vc_column][vc_row_inner et_column_align=&#8221;align-center&#8221;][vc_column_inner offset=&#8221;vc_col-lg-6&#8243;][vc_column_text]\n<h5 class=\"fancy-title accent-color postline-large\"><strong>OTTANTA\u00a0<\/strong><\/h5>\n<p data-start=\"68\" data-end=\"326\"><strong data-start=\"68\" data-end=\"99\">\u00c9l\u00e9gance et fonctionnalit\u00e9.<\/strong><br data-start=\"99\" data-end=\"102\" \/>Ottanta est une collection de portes en bois v\u00e9ritable, un mat\u00e9riau vivant au caract\u00e8re affirm\u00e9. Garofoli en ma\u00eetrise toute la noblesse : il le fa\u00e7onne avec respect, en r\u00e9v\u00e9lant son histoire, sa richesse et son authenticit\u00e9.<\/p>\n<p data-start=\"328\" data-end=\"638\">Con\u00e7ue pour ceux qui recherchent une porte \u00e0 la fois authentique, raffin\u00e9e et pratique, la collection propose des vantaux en bois plaqu\u00e9, avec un veinage disponible en pose verticale ou horizontale. Cette flexibilit\u00e9 offre une grande libert\u00e9 de cr\u00e9ation et sublime chaque int\u00e9rieur avec naturel et distinction.<\/p>\n<p data-start=\"640\" data-end=\"853\">Disponible en stock et livrable sur palettes, Ottanta r\u00e9pond parfaitement aux exigences du march\u00e9 B2B, notamment pour les professionnels souhaitant des solutions fiables, polyvalentes et imm\u00e9diatement disponibles.<\/p>\n<p data-start=\"855\" data-end=\"1176\" data-is-last-node=\"\" data-is-only-node=\"\">Dot\u00e9e d\u2019un vantail r\u00e9versible \u2014 gr\u00e2ce \u00e0 l\u2019inversion des montants du cadre \u2014 et d\u2019une structure pens\u00e9e pour s\u2019adapter \u00e0 diff\u00e9rentes \u00e9paisseurs de murs, la collection repr\u00e9sente une alternative astucieuse aux portes en bois massif. Elle offre une solution plus accessible, sans compromis sur la qualit\u00e9 ni sur l\u2019esth\u00e9tique.<\/p>\n[\/vc_column_text]\t\t<div id=\"et-button-69e3dfaf7c448\" class=\"et_btn_align_center \">\n\t\t\t<a href=\"https:\/\/www.bertoli.fr\/wp-content\/uploads\/2026\/02\/OTTANTA-Garofoli-BERTOLI.pdf\" class=\" et_btn button et_btn_md solid color-  arrow-enabled \" target=\"_blank\" role=\"button\" title=\"\" ><span>D\u00e9couvrez la collection OTTANTA<\/span><svg xmlns=\"http:\/\/www.w3.org\/2000\/svg\" xmlns:xlink=\"http:\/\/www.w3.org\/1999\/xlink\" x=\"0px\" y=\"0px\"\r\n\t width=\"30px\" height=\"18px\" viewBox=\"0 0 30 18\" enable-background=\"new 0 0 30 18\" xml:space=\"preserve\">\r\n<path class=\"handle\" d=\"M20.305,16.212c-0.407,0.409-0.407,1.071,0,1.479s1.068,0.408,1.476,0l7.914-7.952c0.408-0.409,0.408-1.071,0-1.481\r\n\tl-7.914-7.952c-0.407-0.409-1.068-0.409-1.476,0s-0.407,1.071,0,1.48l7.185,7.221L20.305,16.212z\"\/>\r\n<path class=\"bar\" fill-rule=\"evenodd\" clip-rule=\"evenodd\" d=\"M1,8h28.001c0.551,0,1,0.448,1,1c0,0.553-0.449,1-1,1H1c-0.553,0-1-0.447-1-1\r\n\tC0,8.448,0.447,8,1,8z\"\/>\r\n<\/svg>\r\n<\/a>\n\t\t<\/div>\n\t\t\n\t[\/vc_column_inner][\/vc_row_inner][\/vc_column][\/vc_row][vc_row][vc_column][vc_empty_space][vc_separator][\/vc_column][\/vc_row][vc_row][vc_column]\t<div class=\"et-image-868 et-image aligncenter    et_image_link\">\n\t\t<div class=\"et-image-inner \">\n\t\t\t\t\t\t\t<div class=\"et-image-thumb \">\n\t\t\t\t\t<img loading=\"lazy\" decoding=\"async\" width=\"1600\" height=\"1000\" src=\"https:\/\/www.bertoli.fr\/wp-content\/uploads\/2026\/02\/OTTANTA-1LV-CHENE-SOIE-Garofoli-BERTOLI.jpg\" class=\"attachment-full\" alt=\"\" title=\"OTTANTA 1LV CHENE SOIE Garofoli BERTOLI\" srcset=\"https:\/\/www.bertoli.fr\/wp-content\/uploads\/2026\/02\/OTTANTA-1LV-CHENE-SOIE-Garofoli-BERTOLI.jpg 1600w, https:\/\/www.bertoli.fr\/wp-content\/uploads\/2026\/02\/OTTANTA-1LV-CHENE-SOIE-Garofoli-BERTOLI-300x188.jpg 300w, https:\/\/www.bertoli.fr\/wp-content\/uploads\/2026\/02\/OTTANTA-1LV-CHENE-SOIE-Garofoli-BERTOLI-1024x640.jpg 1024w, https:\/\/www.bertoli.fr\/wp-content\/uploads\/2026\/02\/OTTANTA-1LV-CHENE-SOIE-Garofoli-BERTOLI-768x480.jpg 768w, https:\/\/www.bertoli.fr\/wp-content\/uploads\/2026\/02\/OTTANTA-1LV-CHENE-SOIE-Garofoli-BERTOLI-1536x960.jpg 1536w, https:\/\/www.bertoli.fr\/wp-content\/uploads\/2026\/02\/OTTANTA-1LV-CHENE-SOIE-Garofoli-BERTOLI-150x94.jpg 150w, https:\/\/www.bertoli.fr\/wp-content\/uploads\/2026\/02\/OTTANTA-1LV-CHENE-SOIE-Garofoli-BERTOLI-1000x625.jpg 1000w\" sizes=\"auto, (max-width: 1600px) 100vw, 1600px\" \/>\t\t\t\t<\/div>\n\t\t\t\t\t\t\t\t\t\t\t<\/div>\n\t<\/div>\n  [\/vc_column][\/vc_row][vc_row][vc_column][vc_empty_space][vc_separator][\/vc_column][\/vc_row]\n","protected":false},"excerpt":{"rendered":"<p>Porte vitr\u00e9e 1V, Ch\u00eane terre<br \/>\nverre transparent r\u00e9fl\u00e9chissant<br \/>\nPoign\u00e9e LUCE<\/p>\n<h5 class=\"fancy-title accent-color postline-large\">Bient\u00f4t visible dans notre show-room : le mod\u00e8le 1LV en Ch\u00eane terre !<\/h5>\n","protected":false},"featured_media":25388,"template":"","meta":[],"product_brand":[],"product_cat":[149,177],"product_tag":[],"class_list":{"0":"post-25380","1":"product","2":"type-product","3":"status-publish","4":"has-post-thumbnail","6":"product_cat-garofoli","7":"product_cat-portes-dinterieur","9":"first","10":"instock","11":"shipping-taxable","12":"purchasable","13":"product-type-simple"},"_links":{"self":[{"href":"https:\/\/www.bertoli.fr\/en\/wp-json\/wp\/v2\/product\/25380","targetHints":{"allow":["GET"]}}],"collection":[{"href":"https:\/\/www.bertoli.fr\/en\/wp-json\/wp\/v2\/product"}],"about":[{"href":"https:\/\/www.bertoli.fr\/en\/wp-json\/wp\/v2\/types\/product"}],"wp:featuredmedia":[{"embeddable":true,"href":"https:\/\/www.bertoli.fr\/en\/wp-json\/wp\/v2\/media\/25388"}],"wp:attachment":[{"href":"https:\/\/www.bertoli.fr\/en\/wp-json\/wp\/v2\/media?parent=25380"}],"wp:term":[{"taxonomy":"product_brand","embeddable":true,"href":"https:\/\/www.bertoli.fr\/en\/wp-json\/wp\/v2\/product_brand?post=25380"},{"taxonomy":"product_cat","embeddable":true,"href":"https:\/\/www.bertoli.fr\/en\/wp-json\/wp\/v2\/product_cat?post=25380"},{"taxonomy":"product_tag","embeddable":true,"href":"https:\/\/www.bertoli.fr\/en\/wp-json\/wp\/v2\/product_tag?post=25380"}],"curies":[{"name":"wp","href":"https:\/\/api.w.org\/{rel}","templated":true}]}}